{"id":425,"date":"2017-07-28T14:31:29","date_gmt":"2017-07-28T12:31:29","guid":{"rendered":"https:\/\/iste.yhello.co\/product\/les-moteurs-et-systemes-de-recommandation\/"},"modified":"2024-01-03T13:40:00","modified_gmt":"2024-01-03T13:40:00","slug":"les-moteurs-et-systemes-de-recommandation","status":"publish","type":"product","link":"https:\/\/www.istegroup.com\/en\/produit\/les-moteurs-et-systemes-de-recommandation\/","title":{"rendered":"Les moteurs et syst\u00e8mes de recommandation"},"content":{"rendered":"<p>Pl\u00e9biscit\u00e9s par les diff\u00e9rentes plateformes de contenus (livres, musiques, films) et par les sites de ventes en ligne, les syst\u00e8mes de recommandation sont des \u00e9l\u00e9ments-cl\u00e9s des strat\u00e9gies num\u00e9riques. Si leur d\u00e9veloppement visait \u00e0 l\u2019origine la performance des syst\u00e8mes d\u2019information, les enjeux se sont aujourd&#8217;hui massivement d\u00e9plac\u00e9s sur des logiques d\u2019optimisation de la relation client, avec comme objectif principal de maximiser les ventes potentielles.<\/p>\n<p>D\u2019approche transdisciplinaire, <em>Les moteurs et syst\u00e8mes de recommandation<\/em> r\u00e9unit des contributions liant sciences de l\u2019information et de la communication, marketing, sociologie, math\u00e9matiques et informatique. Il traite de la compr\u00e9hension des mod\u00e8les sous-jacents aux syst\u00e8mes de recommandation et d\u00e9taille leur mise en perspective historique. Il analyse \u00e9galement leur d\u00e9veloppement dans les offres de contenus et \u00e9value leur impact sur le comportement des usagers.<\/p>\n","protected":false},"excerpt":{"rendered":"<p>Pl\u00e9biscit\u00e9s par les diff\u00e9rentes plateformes de contenus (livres, musiques, films) et par les sites de ventes en ligne, les syst\u00e8mes de recommandation sont des \u00e9l\u00e9ments-cl\u00e9s des strat\u00e9gies num\u00e9riques. Si leur d\u00e9veloppement visait \u00e0 l\u2019origine la performance des syst\u00e8mes d\u2019information, les enjeux se sont aujourd&#8217;hui massivement d\u00e9plac\u00e9s sur des logiques d\u2019optimisation de la relation client, avec [&hellip;]<\/p>\n","protected":false},"featured_media":426,"template":"","meta":{"_acf_changed":false,"_links_to":"","_links_to_target":""},"product_brand":[],"product_cat":[707],"product_tag":[31,196,410,1761,143,197,198,199,21,200,22,201,1762,203,204,63,25,172,209,1763,1530,212,38,192,145,28,1764,1765],"class_list":{"0":"post-425","1":"product","2":"type-product","3":"status-publish","4":"has-post-thumbnail","6":"product_cat-systmes-dinformation-web-et-socit-12506570","7":"product_tag-ebook","8":"product_tag-ebooks","9":"product_tag-gerald-kembellec","10":"product_tag-ghislaine-chartron","11":"product_tag-imad-saleh","12":"product_tag-iste","13":"product_tag-iste-edition","14":"product_tag-iste-editions","15":"product_tag-iste-group","16":"product_tag-isteedition","17":"product_tag-istegroup","18":"product_tag-kindle","19":"product_tag-les-moteurs-et-systemes-de-recommandation","20":"product_tag-liseuse","21":"product_tag-livre","22":"product_tag-livre-electronique","23":"product_tag-livre-numerique","24":"product_tag-livre-scientifique","25":"product_tag-livres-scientifiques","26":"product_tag-moteurs","27":"product_tag-numeriques","28":"product_tag-ouvrage","29":"product_tag-ouvrage-numerique","30":"product_tag-ouvrage-science","31":"product_tag-ouvrage-scientifique","32":"product_tag-ouvrage-scientifique-francais","33":"product_tag-strategies-numeriques","34":"product_tag-systemes-de-recommandation","36":"first","37":"instock","38":"shipping-taxable","39":"purchasable","40":"product-type-variable"},"acf":[],"yoast_head":"<!-- This site is optimized with the Yoast SEO plugin v27.2 - https:\/\/yoast.com\/product\/yoast-seo-wordpress\/ -->\n<title>Les moteurs et syst\u00e8mes de recommandation - ISTE Group<\/title>\n<meta name=\"description\" content=\"L&#039;ouvrage traite de la compr\u00e9hension des mod\u00e8les sous-jacents aux syst\u00e8mes de recommandation et d\u00e9taille leur d\u00e9veloppement dans les offres de contenus.\" \/>\n<meta name=\"robots\" content=\"index, follow, max-snippet:-1, max-image-preview:large, max-video-preview:-1\" \/>\n<link rel=\"canonical\" href=\"https:\/\/www.istegroup.com\/fr\/produit\/les-moteurs-et-systemes-de-recommandation\/\" \/>\n<meta property=\"og:locale\" content=\"en_US\" \/>\n<meta property=\"og:type\" content=\"article\" \/>\n<meta property=\"og:title\" content=\"Les moteurs et syst\u00e8mes de recommandation - ISTE Group\" \/>\n<meta property=\"og:description\" content=\"L&#039;ouvrage traite de la compr\u00e9hension des mod\u00e8les sous-jacents aux syst\u00e8mes de recommandation et d\u00e9taille leur d\u00e9veloppement dans les offres de contenus.\" \/>\n<meta property=\"og:url\" content=\"https:\/\/www.istegroup.com\/fr\/produit\/les-moteurs-et-systemes-de-recommandation\/\" \/>\n<meta property=\"og:site_name\" content=\"ISTE Group\" \/>\n<meta property=\"article:modified_time\" content=\"2024-01-03T13:40:00+00:00\" \/>\n<meta property=\"og:image\" content=\"https:\/\/www.istegroup.com\/wp-content\/uploads\/2017\/07\/994521209_353988845-1.jpg\" \/>\n\t<meta property=\"og:image:width\" content=\"300\" \/>\n\t<meta property=\"og:image:height\" content=\"450\" \/>\n\t<meta property=\"og:image:type\" content=\"image\/jpeg\" \/>\n<meta name=\"twitter:card\" content=\"summary_large_image\" \/>\n<meta name=\"twitter:label1\" content=\"Est. reading time\" \/>\n\t<meta name=\"twitter:data1\" content=\"1 minute\" \/>\n<script type=\"application\/ld+json\" class=\"yoast-schema-graph\">{\"@context\":\"https:\/\/schema.org\",\"@graph\":[{\"@type\":\"WebPage\",\"@id\":\"https:\/\/www.istegroup.com\/fr\/produit\/les-moteurs-et-systemes-de-recommandation\/\",\"url\":\"https:\/\/www.istegroup.com\/fr\/produit\/les-moteurs-et-systemes-de-recommandation\/\",\"name\":\"Les moteurs et syst\u00e8mes de recommandation - ISTE Group\",\"isPartOf\":{\"@id\":\"https:\/\/www.istegroup.com\/#website\"},\"primaryImageOfPage\":{\"@id\":\"https:\/\/www.istegroup.com\/fr\/produit\/les-moteurs-et-systemes-de-recommandation\/#primaryimage\"},\"image\":{\"@id\":\"https:\/\/www.istegroup.com\/fr\/produit\/les-moteurs-et-systemes-de-recommandation\/#primaryimage\"},\"thumbnailUrl\":\"https:\/\/www.istegroup.com\/wp-content\/uploads\/2017\/07\/994521209_353988845-1.jpg\",\"datePublished\":\"2017-07-28T12:31:29+00:00\",\"dateModified\":\"2024-01-03T13:40:00+00:00\",\"description\":\"L'ouvrage traite de la compr\u00e9hension des mod\u00e8les sous-jacents aux syst\u00e8mes de recommandation et d\u00e9taille leur d\u00e9veloppement dans les offres de contenus.\",\"breadcrumb\":{\"@id\":\"https:\/\/www.istegroup.com\/fr\/produit\/les-moteurs-et-systemes-de-recommandation\/#breadcrumb\"},\"inLanguage\":\"en-US\",\"potentialAction\":[{\"@type\":\"ReadAction\",\"target\":[\"https:\/\/www.istegroup.com\/fr\/produit\/les-moteurs-et-systemes-de-recommandation\/\"]}]},{\"@type\":\"ImageObject\",\"inLanguage\":\"en-US\",\"@id\":\"https:\/\/www.istegroup.com\/fr\/produit\/les-moteurs-et-systemes-de-recommandation\/#primaryimage\",\"url\":\"https:\/\/www.istegroup.com\/wp-content\/uploads\/2017\/07\/994521209_353988845-1.jpg\",\"contentUrl\":\"https:\/\/www.istegroup.com\/wp-content\/uploads\/2017\/07\/994521209_353988845-1.jpg\",\"width\":300,\"height\":450,\"caption\":\"Les moteurs et syst\u00e8mes de recommandation\"},{\"@type\":\"BreadcrumbList\",\"@id\":\"https:\/\/www.istegroup.com\/fr\/produit\/les-moteurs-et-systemes-de-recommandation\/#breadcrumb\",\"itemListElement\":[{\"@type\":\"ListItem\",\"position\":1,\"name\":\"Home\",\"item\":\"https:\/\/www.istegroup.com\/\"},{\"@type\":\"ListItem\",\"position\":2,\"name\":\"Shop\",\"item\":\"https:\/\/www.istegroup.com\/fr\/nouveautes\/\"},{\"@type\":\"ListItem\",\"position\":3,\"name\":\"Les moteurs et syst\u00e8mes de recommandation\"}]},{\"@type\":\"WebSite\",\"@id\":\"https:\/\/www.istegroup.com\/#website\",\"url\":\"https:\/\/www.istegroup.com\/\",\"name\":\"ISTE Group\",\"description\":\"Publishing Knowledge\",\"potentialAction\":[{\"@type\":\"SearchAction\",\"target\":{\"@type\":\"EntryPoint\",\"urlTemplate\":\"https:\/\/www.istegroup.com\/?s={search_term_string}\"},\"query-input\":{\"@type\":\"PropertyValueSpecification\",\"valueRequired\":true,\"valueName\":\"search_term_string\"}}],\"inLanguage\":\"en-US\"}]}<\/script>\n<!-- \/ Yoast SEO plugin. -->","yoast_head_json":{"title":"Les moteurs et syst\u00e8mes de recommandation - ISTE Group","description":"L'ouvrage traite de la compr\u00e9hension des mod\u00e8les sous-jacents aux syst\u00e8mes de recommandation et d\u00e9taille leur d\u00e9veloppement dans les offres de contenus.","robots":{"index":"index","follow":"follow","max-snippet":"max-snippet:-1","max-image-preview":"max-image-preview:large","max-video-preview":"max-video-preview:-1"},"canonical":"https:\/\/www.istegroup.com\/fr\/produit\/les-moteurs-et-systemes-de-recommandation\/","og_locale":"en_US","og_type":"article","og_title":"Les moteurs et syst\u00e8mes de recommandation - ISTE Group","og_description":"L'ouvrage traite de la compr\u00e9hension des mod\u00e8les sous-jacents aux syst\u00e8mes de recommandation et d\u00e9taille leur d\u00e9veloppement dans les offres de contenus.","og_url":"https:\/\/www.istegroup.com\/fr\/produit\/les-moteurs-et-systemes-de-recommandation\/","og_site_name":"ISTE Group","article_modified_time":"2024-01-03T13:40:00+00:00","og_image":[{"width":300,"height":450,"url":"https:\/\/www.istegroup.com\/wp-content\/uploads\/2017\/07\/994521209_353988845-1.jpg","type":"image\/jpeg"}],"twitter_card":"summary_large_image","twitter_misc":{"Est. reading time":"1 minute"},"schema":{"@context":"https:\/\/schema.org","@graph":[{"@type":"WebPage","@id":"https:\/\/www.istegroup.com\/fr\/produit\/les-moteurs-et-systemes-de-recommandation\/","url":"https:\/\/www.istegroup.com\/fr\/produit\/les-moteurs-et-systemes-de-recommandation\/","name":"Les moteurs et syst\u00e8mes de recommandation - ISTE Group","isPartOf":{"@id":"https:\/\/www.istegroup.com\/#website"},"primaryImageOfPage":{"@id":"https:\/\/www.istegroup.com\/fr\/produit\/les-moteurs-et-systemes-de-recommandation\/#primaryimage"},"image":{"@id":"https:\/\/www.istegroup.com\/fr\/produit\/les-moteurs-et-systemes-de-recommandation\/#primaryimage"},"thumbnailUrl":"https:\/\/www.istegroup.com\/wp-content\/uploads\/2017\/07\/994521209_353988845-1.jpg","datePublished":"2017-07-28T12:31:29+00:00","dateModified":"2024-01-03T13:40:00+00:00","description":"L'ouvrage traite de la compr\u00e9hension des mod\u00e8les sous-jacents aux syst\u00e8mes de recommandation et d\u00e9taille leur d\u00e9veloppement dans les offres de contenus.","breadcrumb":{"@id":"https:\/\/www.istegroup.com\/fr\/produit\/les-moteurs-et-systemes-de-recommandation\/#breadcrumb"},"inLanguage":"en-US","potentialAction":[{"@type":"ReadAction","target":["https:\/\/www.istegroup.com\/fr\/produit\/les-moteurs-et-systemes-de-recommandation\/"]}]},{"@type":"ImageObject","inLanguage":"en-US","@id":"https:\/\/www.istegroup.com\/fr\/produit\/les-moteurs-et-systemes-de-recommandation\/#primaryimage","url":"https:\/\/www.istegroup.com\/wp-content\/uploads\/2017\/07\/994521209_353988845-1.jpg","contentUrl":"https:\/\/www.istegroup.com\/wp-content\/uploads\/2017\/07\/994521209_353988845-1.jpg","width":300,"height":450,"caption":"Les moteurs et syst\u00e8mes de recommandation"},{"@type":"BreadcrumbList","@id":"https:\/\/www.istegroup.com\/fr\/produit\/les-moteurs-et-systemes-de-recommandation\/#breadcrumb","itemListElement":[{"@type":"ListItem","position":1,"name":"Home","item":"https:\/\/www.istegroup.com\/"},{"@type":"ListItem","position":2,"name":"Shop","item":"https:\/\/www.istegroup.com\/fr\/nouveautes\/"},{"@type":"ListItem","position":3,"name":"Les moteurs et syst\u00e8mes de recommandation"}]},{"@type":"WebSite","@id":"https:\/\/www.istegroup.com\/#website","url":"https:\/\/www.istegroup.com\/","name":"ISTE Group","description":"Publishing Knowledge","potentialAction":[{"@type":"SearchAction","target":{"@type":"EntryPoint","urlTemplate":"https:\/\/www.istegroup.com\/?s={search_term_string}"},"query-input":{"@type":"PropertyValueSpecification","valueRequired":true,"valueName":"search_term_string"}}],"inLanguage":"en-US"}]}},"_links":{"self":[{"href":"https:\/\/www.istegroup.com\/en\/wp-json\/wp\/v2\/product\/425","targetHints":{"allow":["GET"]}}],"collection":[{"href":"https:\/\/www.istegroup.com\/en\/wp-json\/wp\/v2\/product"}],"about":[{"href":"https:\/\/www.istegroup.com\/en\/wp-json\/wp\/v2\/types\/product"}],"wp:featuredmedia":[{"embeddable":true,"href":"https:\/\/www.istegroup.com\/en\/wp-json\/wp\/v2\/media\/426"}],"wp:attachment":[{"href":"https:\/\/www.istegroup.com\/en\/wp-json\/wp\/v2\/media?parent=425"}],"wp:term":[{"taxonomy":"product_brand","embeddable":true,"href":"https:\/\/www.istegroup.com\/en\/wp-json\/wp\/v2\/product_brand?post=425"},{"taxonomy":"product_cat","embeddable":true,"href":"https:\/\/www.istegroup.com\/en\/wp-json\/wp\/v2\/product_cat?post=425"},{"taxonomy":"product_tag","embeddable":true,"href":"https:\/\/www.istegroup.com\/en\/wp-json\/wp\/v2\/product_tag?post=425"}],"curies":[{"name":"wp","href":"https:\/\/api.w.org\/{rel}","templated":true}]}}