{"id":421,"date":"2017-07-28T14:31:18","date_gmt":"2017-07-28T12:31:18","guid":{"rendered":"https:\/\/iste.yhello.co\/product\/les-interfaces-cerveau-ordinateur-1\/"},"modified":"2024-01-03T13:40:00","modified_gmt":"2024-01-03T13:40:00","slug":"les-interfaces-cerveau-ordinateur-1","status":"publish","type":"product","link":"https:\/\/www.istegroup.com\/en\/produit\/les-interfaces-cerveau-ordinateur-1\/","title":{"rendered":"Les interfaces cerveau-ordinateur 1"},"content":{"rendered":"<p>Les interfaces cerveau-ordinateur (<em>Brain-Computer Interfaces<\/em>, BCI) sont des dispositifs qui mesurent l\u2019activit\u00e9 c\u00e9r\u00e9brale et la convertissent en messages ou commandes, offrant ainsi de nombreuses possibilit\u00e9s d\u2019investigation et d\u2019application.<\/p>\n<p>Pluridisciplinaire, cet ouvrage donne les cl\u00e9s pour comprendre et concevoir ces interfaces qui font appel \u00e0 des connaissances relevant de nombreux domaines tels que les neurosciences, les statistiques, l\u2019informatique et la psychologie.<\/p>\n<p>Le premier volume,\u00a0<em>Fondements et m\u00e9thodes<\/em>, apporte les bases n\u00e9cessaires \u00e0 la compr\u00e9hension du fonctionnement des BCI. Il pr\u00e9sente d\u2019abord les principes anatomiques et physiologiques qui permettent d\u2019appr\u00e9hender l\u2019activit\u00e9 c\u00e9r\u00e9brale intervenant dans les interfaces cerveau-ordinateur, puis d\u00e9taille les m\u00e9thodes de traitement du signal et d\u2019apprentissage automatique. L\u2019utilisation des BCI est ensuite \u00e9tudi\u00e9e, notamment au travers des probl\u00e9matiques de l\u2019apprentissage humain et de l\u2019interaction entre l\u2019homme et la machine.<\/p>\n<p>Les notions essentielles d\u00e9velopp\u00e9es dans cet ouvrage sont accessibles \u00e0 toute personne s\u2019int\u00e9ressant aux interfaces cerveau-ordinateur. Des parcours th\u00e9matiques proposent d\u2019approfondir plus en d\u00e9tail les connaissances par discipline.<\/p>\n","protected":false},"excerpt":{"rendered":"<p>Les interfaces cerveau-ordinateur (Brain-Computer Interfaces, BCI) sont des dispositifs qui mesurent l\u2019activit\u00e9 c\u00e9r\u00e9brale et la convertissent en messages ou commandes, offrant ainsi de nombreuses possibilit\u00e9s d\u2019investigation et d\u2019application. Pluridisciplinaire, cet ouvrage donne les cl\u00e9s pour comprendre et concevoir ces interfaces qui font appel \u00e0 des connaissances relevant de nombreux domaines tels que les neurosciences, les [&hellip;]<\/p>\n","protected":false},"featured_media":422,"template":"","meta":{"_acf_changed":false,"_links_to":"","_links_to_target":""},"product_brand":[],"product_cat":[675,682],"product_tag":[1746,1747,1748,1749,31,196,1750,608,1751,197,198,199,21,200,22,201,1752,1753,203,204,63,25,172,209,1754,762,1755,212,38,192,145,28,1756,1757],"class_list":{"0":"post-421","1":"product","2":"type-product","3":"status-publish","4":"has-post-thumbnail","6":"product_cat-nouveauts-12519446","7":"product_cat-sciences-cognitives-12506546","8":"product_tag-activite-cerebrale","9":"product_tag-bci","10":"product_tag-cerveau-ordinateur","11":"product_tag-cerveaux","12":"product_tag-ebook","13":"product_tag-ebooks","14":"product_tag-fabien-lotte","15":"product_tag-informatique","16":"product_tag-interfaces","17":"product_tag-iste","18":"product_tag-iste-edition","19":"product_tag-iste-editions","20":"product_tag-iste-group","21":"product_tag-isteedition","22":"product_tag-istegroup","23":"product_tag-kindle","24":"product_tag-laurent-bougrain","25":"product_tag-les-interfaces-cerveau-ordinateur","26":"product_tag-liseuse","27":"product_tag-livre","28":"product_tag-livre-electronique","29":"product_tag-livre-numerique","30":"product_tag-livre-scientifique","31":"product_tag-livres-scientifiques","32":"product_tag-maureen-clerc","33":"product_tag-neurosciences","34":"product_tag-ordinateur","35":"product_tag-ouvrage","36":"product_tag-ouvrage-numerique","37":"product_tag-ouvrage-science","38":"product_tag-ouvrage-scientifique","39":"product_tag-ouvrage-scientifique-francais","40":"product_tag-psychologie","41":"product_tag-statistiques","43":"first","44":"instock","45":"shipping-taxable","46":"purchasable","47":"product-type-variable"},"acf":[],"yoast_head":"<!-- This site is optimized with the Yoast SEO plugin v27.2 - https:\/\/yoast.com\/product\/yoast-seo-wordpress\/ -->\n<title>Les interfaces cerveau-ordinateur 1 - ISTE Group<\/title>\n<meta name=\"description\" content=\"Cet ouvrage apporte les bases n\u00e9cessaires \u00e0 la compr\u00e9hension du fonctionnement des BCI (Brain-Computer Interfaces) et \u00e0 leur utilisation.\" \/>\n<meta name=\"robots\" content=\"index, follow, max-snippet:-1, max-image-preview:large, max-video-preview:-1\" \/>\n<link rel=\"canonical\" href=\"https:\/\/www.istegroup.com\/en\/produit\/les-interfaces-cerveau-ordinateur-1\/\" \/>\n<meta property=\"og:locale\" content=\"en_US\" \/>\n<meta property=\"og:type\" content=\"article\" \/>\n<meta property=\"og:title\" content=\"Les interfaces cerveau-ordinateur 1 - ISTE Group\" \/>\n<meta property=\"og:description\" content=\"Cet ouvrage apporte les bases n\u00e9cessaires \u00e0 la compr\u00e9hension du fonctionnement des BCI (Brain-Computer Interfaces) et \u00e0 leur utilisation.\" \/>\n<meta property=\"og:url\" content=\"https:\/\/www.istegroup.com\/en\/produit\/les-interfaces-cerveau-ordinateur-1\/\" \/>\n<meta property=\"og:site_name\" content=\"ISTE Group\" \/>\n<meta property=\"article:modified_time\" content=\"2024-01-03T13:40:00+00:00\" \/>\n<meta property=\"og:image\" content=\"https:\/\/www.istegroup.com\/wp-content\/uploads\/2017\/07\/13606619588_6211141764-1.jpg\" \/>\n\t<meta property=\"og:image:width\" content=\"1361\" \/>\n\t<meta property=\"og:image:height\" content=\"2048\" \/>\n\t<meta property=\"og:image:type\" content=\"image\/jpeg\" \/>\n<meta name=\"twitter:card\" content=\"summary_large_image\" \/>\n<meta name=\"twitter:label1\" content=\"Est. reading time\" \/>\n\t<meta name=\"twitter:data1\" content=\"1 minute\" \/>\n<script type=\"application\/ld+json\" class=\"yoast-schema-graph\">{\"@context\":\"https:\/\/schema.org\",\"@graph\":[{\"@type\":\"WebPage\",\"@id\":\"https:\/\/www.istegroup.com\/en\/produit\/les-interfaces-cerveau-ordinateur-1\/\",\"url\":\"https:\/\/www.istegroup.com\/en\/produit\/les-interfaces-cerveau-ordinateur-1\/\",\"name\":\"Les interfaces cerveau-ordinateur 1 - ISTE Group\",\"isPartOf\":{\"@id\":\"https:\/\/www.istegroup.com\/#website\"},\"primaryImageOfPage\":{\"@id\":\"https:\/\/www.istegroup.com\/en\/produit\/les-interfaces-cerveau-ordinateur-1\/#primaryimage\"},\"image\":{\"@id\":\"https:\/\/www.istegroup.com\/en\/produit\/les-interfaces-cerveau-ordinateur-1\/#primaryimage\"},\"thumbnailUrl\":\"https:\/\/www.istegroup.com\/wp-content\/uploads\/2017\/07\/13606619588_6211141764-1.jpg\",\"datePublished\":\"2017-07-28T12:31:18+00:00\",\"dateModified\":\"2024-01-03T13:40:00+00:00\",\"description\":\"Cet ouvrage apporte les bases n\u00e9cessaires \u00e0 la compr\u00e9hension du fonctionnement des BCI (Brain-Computer Interfaces) et \u00e0 leur utilisation.\",\"breadcrumb\":{\"@id\":\"https:\/\/www.istegroup.com\/en\/produit\/les-interfaces-cerveau-ordinateur-1\/#breadcrumb\"},\"inLanguage\":\"en-US\",\"potentialAction\":[{\"@type\":\"ReadAction\",\"target\":[\"https:\/\/www.istegroup.com\/en\/produit\/les-interfaces-cerveau-ordinateur-1\/\"]}]},{\"@type\":\"ImageObject\",\"inLanguage\":\"en-US\",\"@id\":\"https:\/\/www.istegroup.com\/en\/produit\/les-interfaces-cerveau-ordinateur-1\/#primaryimage\",\"url\":\"https:\/\/www.istegroup.com\/wp-content\/uploads\/2017\/07\/13606619588_6211141764-1.jpg\",\"contentUrl\":\"https:\/\/www.istegroup.com\/wp-content\/uploads\/2017\/07\/13606619588_6211141764-1.jpg\",\"width\":1361,\"height\":2048,\"caption\":\"Fondements et m\u00e9thodes\"},{\"@type\":\"BreadcrumbList\",\"@id\":\"https:\/\/www.istegroup.com\/en\/produit\/les-interfaces-cerveau-ordinateur-1\/#breadcrumb\",\"itemListElement\":[{\"@type\":\"ListItem\",\"position\":1,\"name\":\"Home\",\"item\":\"https:\/\/www.istegroup.com\/\"},{\"@type\":\"ListItem\",\"position\":2,\"name\":\"Shop\",\"item\":\"https:\/\/www.istegroup.com\/fr\/nouveautes\/\"},{\"@type\":\"ListItem\",\"position\":3,\"name\":\"Les interfaces cerveau-ordinateur 1\"}]},{\"@type\":\"WebSite\",\"@id\":\"https:\/\/www.istegroup.com\/#website\",\"url\":\"https:\/\/www.istegroup.com\/\",\"name\":\"ISTE Group\",\"description\":\"Publishing Knowledge\",\"potentialAction\":[{\"@type\":\"SearchAction\",\"target\":{\"@type\":\"EntryPoint\",\"urlTemplate\":\"https:\/\/www.istegroup.com\/?s={search_term_string}\"},\"query-input\":{\"@type\":\"PropertyValueSpecification\",\"valueRequired\":true,\"valueName\":\"search_term_string\"}}],\"inLanguage\":\"en-US\"}]}<\/script>\n<!-- \/ Yoast SEO plugin. -->","yoast_head_json":{"title":"Les interfaces cerveau-ordinateur 1 - ISTE Group","description":"Cet ouvrage apporte les bases n\u00e9cessaires \u00e0 la compr\u00e9hension du fonctionnement des BCI (Brain-Computer Interfaces) et \u00e0 leur utilisation.","robots":{"index":"index","follow":"follow","max-snippet":"max-snippet:-1","max-image-preview":"max-image-preview:large","max-video-preview":"max-video-preview:-1"},"canonical":"https:\/\/www.istegroup.com\/en\/produit\/les-interfaces-cerveau-ordinateur-1\/","og_locale":"en_US","og_type":"article","og_title":"Les interfaces cerveau-ordinateur 1 - ISTE Group","og_description":"Cet ouvrage apporte les bases n\u00e9cessaires \u00e0 la compr\u00e9hension du fonctionnement des BCI (Brain-Computer Interfaces) et \u00e0 leur utilisation.","og_url":"https:\/\/www.istegroup.com\/en\/produit\/les-interfaces-cerveau-ordinateur-1\/","og_site_name":"ISTE Group","article_modified_time":"2024-01-03T13:40:00+00:00","og_image":[{"width":1361,"height":2048,"url":"https:\/\/www.istegroup.com\/wp-content\/uploads\/2017\/07\/13606619588_6211141764-1.jpg","type":"image\/jpeg"}],"twitter_card":"summary_large_image","twitter_misc":{"Est. reading time":"1 minute"},"schema":{"@context":"https:\/\/schema.org","@graph":[{"@type":"WebPage","@id":"https:\/\/www.istegroup.com\/en\/produit\/les-interfaces-cerveau-ordinateur-1\/","url":"https:\/\/www.istegroup.com\/en\/produit\/les-interfaces-cerveau-ordinateur-1\/","name":"Les interfaces cerveau-ordinateur 1 - ISTE Group","isPartOf":{"@id":"https:\/\/www.istegroup.com\/#website"},"primaryImageOfPage":{"@id":"https:\/\/www.istegroup.com\/en\/produit\/les-interfaces-cerveau-ordinateur-1\/#primaryimage"},"image":{"@id":"https:\/\/www.istegroup.com\/en\/produit\/les-interfaces-cerveau-ordinateur-1\/#primaryimage"},"thumbnailUrl":"https:\/\/www.istegroup.com\/wp-content\/uploads\/2017\/07\/13606619588_6211141764-1.jpg","datePublished":"2017-07-28T12:31:18+00:00","dateModified":"2024-01-03T13:40:00+00:00","description":"Cet ouvrage apporte les bases n\u00e9cessaires \u00e0 la compr\u00e9hension du fonctionnement des BCI (Brain-Computer Interfaces) et \u00e0 leur utilisation.","breadcrumb":{"@id":"https:\/\/www.istegroup.com\/en\/produit\/les-interfaces-cerveau-ordinateur-1\/#breadcrumb"},"inLanguage":"en-US","potentialAction":[{"@type":"ReadAction","target":["https:\/\/www.istegroup.com\/en\/produit\/les-interfaces-cerveau-ordinateur-1\/"]}]},{"@type":"ImageObject","inLanguage":"en-US","@id":"https:\/\/www.istegroup.com\/en\/produit\/les-interfaces-cerveau-ordinateur-1\/#primaryimage","url":"https:\/\/www.istegroup.com\/wp-content\/uploads\/2017\/07\/13606619588_6211141764-1.jpg","contentUrl":"https:\/\/www.istegroup.com\/wp-content\/uploads\/2017\/07\/13606619588_6211141764-1.jpg","width":1361,"height":2048,"caption":"Fondements et m\u00e9thodes"},{"@type":"BreadcrumbList","@id":"https:\/\/www.istegroup.com\/en\/produit\/les-interfaces-cerveau-ordinateur-1\/#breadcrumb","itemListElement":[{"@type":"ListItem","position":1,"name":"Home","item":"https:\/\/www.istegroup.com\/"},{"@type":"ListItem","position":2,"name":"Shop","item":"https:\/\/www.istegroup.com\/fr\/nouveautes\/"},{"@type":"ListItem","position":3,"name":"Les interfaces cerveau-ordinateur 1"}]},{"@type":"WebSite","@id":"https:\/\/www.istegroup.com\/#website","url":"https:\/\/www.istegroup.com\/","name":"ISTE Group","description":"Publishing Knowledge","potentialAction":[{"@type":"SearchAction","target":{"@type":"EntryPoint","urlTemplate":"https:\/\/www.istegroup.com\/?s={search_term_string}"},"query-input":{"@type":"PropertyValueSpecification","valueRequired":true,"valueName":"search_term_string"}}],"inLanguage":"en-US"}]}},"_links":{"self":[{"href":"https:\/\/www.istegroup.com\/en\/wp-json\/wp\/v2\/product\/421","targetHints":{"allow":["GET"]}}],"collection":[{"href":"https:\/\/www.istegroup.com\/en\/wp-json\/wp\/v2\/product"}],"about":[{"href":"https:\/\/www.istegroup.com\/en\/wp-json\/wp\/v2\/types\/product"}],"wp:featuredmedia":[{"embeddable":true,"href":"https:\/\/www.istegroup.com\/en\/wp-json\/wp\/v2\/media\/422"}],"wp:attachment":[{"href":"https:\/\/www.istegroup.com\/en\/wp-json\/wp\/v2\/media?parent=421"}],"wp:term":[{"taxonomy":"product_brand","embeddable":true,"href":"https:\/\/www.istegroup.com\/en\/wp-json\/wp\/v2\/product_brand?post=421"},{"taxonomy":"product_cat","embeddable":true,"href":"https:\/\/www.istegroup.com\/en\/wp-json\/wp\/v2\/product_cat?post=421"},{"taxonomy":"product_tag","embeddable":true,"href":"https:\/\/www.istegroup.com\/en\/wp-json\/wp\/v2\/product_tag?post=421"}],"curies":[{"name":"wp","href":"https:\/\/api.w.org\/{rel}","templated":true}]}}