{"id":411,"date":"2017-07-28T13:55:03","date_gmt":"2017-07-28T11:55:03","guid":{"rendered":"https:\/\/iste.yhello.co\/product\/les-instruments-optiques-dobservation-de-la-terre\/"},"modified":"2024-01-03T13:39:54","modified_gmt":"2024-01-03T13:39:54","slug":"les-instruments-optiques-dobservation-de-la-terre","status":"publish","type":"product","link":"https:\/\/www.istegroup.com\/en\/produit\/les-instruments-optiques-dobservation-de-la-terre\/","title":{"rendered":"Les instruments optiques d\u2019observation de la Terre"},"content":{"rendered":"<p>Les instruments optiques perfectionn\u00e9s qui se trouvent \u00e0 bord des satellites et des v\u00e9hicules spatiaux permettent d\u2019acc\u00e9der \u00e0 une connaissance chaque jour plus fine des complexit\u00e9s physiques de l\u2019univers et de notre plan\u00e8te.<\/p>\n<p>Cet ouvrage expose en d\u00e9tail les bases de l\u2019optique spatiale et \u00e9tudie les diverses \u00e9tapes du d\u00e9veloppement instrumental, notamment celles de faisabilit\u00e9 et de pr\u00e9-dimensionnement en prenant compte les contraintes li\u00e9es \u00e0 l\u2019environnement spatial. Par son approche p\u00e9dagogique, il propose une initiation \u00e0 la conception et \u00e0 la r\u00e9alisation d\u2019instruments spatiaux, puis pr\u00e9sente un large choix de missions et d\u2019instruments optiques s\u00e9lectionn\u00e9s en fonction de leur originalit\u00e9 et de leur usage dans des syst\u00e8mes op\u00e9rationnels. Les mesures de performances avant lancement, pendant les op\u00e9rations en orbite et \u00e0 l&#8217;issue de l&#8217;exploitation des donn\u00e9es apr\u00e8s r\u00e9ception au sol sont d\u00e9velopp\u00e9es par les concepteurs eux-m\u00eames, responsables de programmes spatiaux internationaux de grande renomm\u00e9e.<\/p>\n","protected":false},"excerpt":{"rendered":"<p>Les instruments optiques perfectionn\u00e9s qui se trouvent \u00e0 bord des satellites et des v\u00e9hicules spatiaux permettent d\u2019acc\u00e9der \u00e0 une connaissance chaque jour plus fine des complexit\u00e9s physiques de l\u2019univers et de notre plan\u00e8te. Cet ouvrage expose en d\u00e9tail les bases de l\u2019optique spatiale et \u00e9tudie les diverses \u00e9tapes du d\u00e9veloppement instrumental, notamment celles de faisabilit\u00e9 [&hellip;]<\/p>\n","protected":false},"featured_media":412,"template":"","meta":{"_acf_changed":false,"_links_to":"","_links_to_target":""},"product_brand":[],"product_cat":[677],"product_tag":[31,196,1725,1726,197,198,199,21,200,22,201,1727,203,204,63,25,172,209,1728,1729,212,38,192,145,28,1730,1731,1132,1732,262,1467],"class_list":{"0":"post-411","1":"product","2":"type-product","3":"status-publish","4":"has-post-thumbnail","6":"product_cat-ondes-12506522","7":"product_tag-ebook","8":"product_tag-ebooks","9":"product_tag-environnement-spatial","10":"product_tag-instruments-optiques","11":"product_tag-iste","12":"product_tag-iste-edition","13":"product_tag-iste-editions","14":"product_tag-iste-group","15":"product_tag-isteedition","16":"product_tag-istegroup","17":"product_tag-kindle","18":"product_tag-les-instruments-optiques-dobservation-de-la-terre","19":"product_tag-liseuse","20":"product_tag-livre","21":"product_tag-livre-electronique","22":"product_tag-livre-numerique","23":"product_tag-livre-scientifique","24":"product_tag-livres-scientifiques","25":"product_tag-observation-de-la-terre","26":"product_tag-obsrervation","27":"product_tag-ouvrage","28":"product_tag-ouvrage-numerique","29":"product_tag-ouvrage-science","30":"product_tag-ouvrage-scientifique","31":"product_tag-ouvrage-scientifique-francais","32":"product_tag-programmes-spatiaux","33":"product_tag-satellites","34":"product_tag-spatial","35":"product_tag-spectre-solaire","36":"product_tag-technologies","37":"product_tag-terre","39":"first","40":"instock","41":"shipping-taxable","42":"purchasable","43":"product-type-variable"},"acf":[],"yoast_head":"<!-- This site is optimized with the Yoast SEO plugin v27.2 - https:\/\/yoast.com\/product\/yoast-seo-wordpress\/ -->\n<title>Les instruments optiques d\u2019observation de la Terre - ISTE Group<\/title>\n<meta name=\"description\" content=\"Cet ouvrage expose en d\u00e9tail les bases de l\u2019optique spatiale et \u00e9tudie les diverses \u00e9tapes du d\u00e9veloppement instrumental (faisabilit\u00e9 et pr\u00e9-dimensionnement).\" \/>\n<meta name=\"robots\" content=\"index, follow, max-snippet:-1, max-image-preview:large, max-video-preview:-1\" \/>\n<link rel=\"canonical\" href=\"https:\/\/www.istegroup.com\/fr\/produit\/les-instruments-optiques-dobservation-de-la-terre\/\" \/>\n<meta property=\"og:locale\" content=\"en_US\" \/>\n<meta property=\"og:type\" content=\"article\" \/>\n<meta property=\"og:title\" content=\"Les instruments optiques d\u2019observation de la Terre - ISTE Group\" \/>\n<meta property=\"og:description\" content=\"Cet ouvrage expose en d\u00e9tail les bases de l\u2019optique spatiale et \u00e9tudie les diverses \u00e9tapes du d\u00e9veloppement instrumental (faisabilit\u00e9 et pr\u00e9-dimensionnement).\" \/>\n<meta property=\"og:url\" content=\"https:\/\/www.istegroup.com\/fr\/produit\/les-instruments-optiques-dobservation-de-la-terre\/\" \/>\n<meta property=\"og:site_name\" content=\"ISTE Group\" \/>\n<meta property=\"article:modified_time\" content=\"2024-01-03T13:39:54+00:00\" \/>\n<meta property=\"og:image\" content=\"https:\/\/www.istegroup.com\/wp-content\/uploads\/2017\/07\/1196767760_415966984-1.jpg\" \/>\n\t<meta property=\"og:image:width\" content=\"300\" \/>\n\t<meta property=\"og:image:height\" content=\"453\" \/>\n\t<meta property=\"og:image:type\" content=\"image\/jpeg\" \/>\n<meta name=\"twitter:card\" content=\"summary_large_image\" \/>\n<meta name=\"twitter:label1\" content=\"Est. reading time\" \/>\n\t<meta name=\"twitter:data1\" content=\"1 minute\" \/>\n<script type=\"application\/ld+json\" class=\"yoast-schema-graph\">{\"@context\":\"https:\/\/schema.org\",\"@graph\":[{\"@type\":\"WebPage\",\"@id\":\"https:\/\/www.istegroup.com\/fr\/produit\/les-instruments-optiques-dobservation-de-la-terre\/\",\"url\":\"https:\/\/www.istegroup.com\/fr\/produit\/les-instruments-optiques-dobservation-de-la-terre\/\",\"name\":\"Les instruments optiques d\u2019observation de la Terre - ISTE Group\",\"isPartOf\":{\"@id\":\"https:\/\/www.istegroup.com\/#website\"},\"primaryImageOfPage\":{\"@id\":\"https:\/\/www.istegroup.com\/fr\/produit\/les-instruments-optiques-dobservation-de-la-terre\/#primaryimage\"},\"image\":{\"@id\":\"https:\/\/www.istegroup.com\/fr\/produit\/les-instruments-optiques-dobservation-de-la-terre\/#primaryimage\"},\"thumbnailUrl\":\"https:\/\/www.istegroup.com\/wp-content\/uploads\/2017\/07\/1196767760_415966984-1.jpg\",\"datePublished\":\"2017-07-28T11:55:03+00:00\",\"dateModified\":\"2024-01-03T13:39:54+00:00\",\"description\":\"Cet ouvrage expose en d\u00e9tail les bases de l\u2019optique spatiale et \u00e9tudie les diverses \u00e9tapes du d\u00e9veloppement instrumental (faisabilit\u00e9 et pr\u00e9-dimensionnement).\",\"breadcrumb\":{\"@id\":\"https:\/\/www.istegroup.com\/fr\/produit\/les-instruments-optiques-dobservation-de-la-terre\/#breadcrumb\"},\"inLanguage\":\"en-US\",\"potentialAction\":[{\"@type\":\"ReadAction\",\"target\":[\"https:\/\/www.istegroup.com\/fr\/produit\/les-instruments-optiques-dobservation-de-la-terre\/\"]}]},{\"@type\":\"ImageObject\",\"inLanguage\":\"en-US\",\"@id\":\"https:\/\/www.istegroup.com\/fr\/produit\/les-instruments-optiques-dobservation-de-la-terre\/#primaryimage\",\"url\":\"https:\/\/www.istegroup.com\/wp-content\/uploads\/2017\/07\/1196767760_415966984-1.jpg\",\"contentUrl\":\"https:\/\/www.istegroup.com\/wp-content\/uploads\/2017\/07\/1196767760_415966984-1.jpg\",\"width\":300,\"height\":453,\"caption\":\"Les instruments optiques d\u2019observation de la Terre\"},{\"@type\":\"BreadcrumbList\",\"@id\":\"https:\/\/www.istegroup.com\/fr\/produit\/les-instruments-optiques-dobservation-de-la-terre\/#breadcrumb\",\"itemListElement\":[{\"@type\":\"ListItem\",\"position\":1,\"name\":\"Home\",\"item\":\"https:\/\/www.istegroup.com\/\"},{\"@type\":\"ListItem\",\"position\":2,\"name\":\"Shop\",\"item\":\"https:\/\/www.istegroup.com\/fr\/nouveautes\/\"},{\"@type\":\"ListItem\",\"position\":3,\"name\":\"Les instruments optiques d\u2019observation de la Terre\"}]},{\"@type\":\"WebSite\",\"@id\":\"https:\/\/www.istegroup.com\/#website\",\"url\":\"https:\/\/www.istegroup.com\/\",\"name\":\"ISTE Group\",\"description\":\"Publishing Knowledge\",\"potentialAction\":[{\"@type\":\"SearchAction\",\"target\":{\"@type\":\"EntryPoint\",\"urlTemplate\":\"https:\/\/www.istegroup.com\/?s={search_term_string}\"},\"query-input\":{\"@type\":\"PropertyValueSpecification\",\"valueRequired\":true,\"valueName\":\"search_term_string\"}}],\"inLanguage\":\"en-US\"}]}<\/script>\n<!-- \/ Yoast SEO plugin. -->","yoast_head_json":{"title":"Les instruments optiques d\u2019observation de la Terre - ISTE Group","description":"Cet ouvrage expose en d\u00e9tail les bases de l\u2019optique spatiale et \u00e9tudie les diverses \u00e9tapes du d\u00e9veloppement instrumental (faisabilit\u00e9 et pr\u00e9-dimensionnement).","robots":{"index":"index","follow":"follow","max-snippet":"max-snippet:-1","max-image-preview":"max-image-preview:large","max-video-preview":"max-video-preview:-1"},"canonical":"https:\/\/www.istegroup.com\/fr\/produit\/les-instruments-optiques-dobservation-de-la-terre\/","og_locale":"en_US","og_type":"article","og_title":"Les instruments optiques d\u2019observation de la Terre - ISTE Group","og_description":"Cet ouvrage expose en d\u00e9tail les bases de l\u2019optique spatiale et \u00e9tudie les diverses \u00e9tapes du d\u00e9veloppement instrumental (faisabilit\u00e9 et pr\u00e9-dimensionnement).","og_url":"https:\/\/www.istegroup.com\/fr\/produit\/les-instruments-optiques-dobservation-de-la-terre\/","og_site_name":"ISTE Group","article_modified_time":"2024-01-03T13:39:54+00:00","og_image":[{"width":300,"height":453,"url":"https:\/\/www.istegroup.com\/wp-content\/uploads\/2017\/07\/1196767760_415966984-1.jpg","type":"image\/jpeg"}],"twitter_card":"summary_large_image","twitter_misc":{"Est. reading time":"1 minute"},"schema":{"@context":"https:\/\/schema.org","@graph":[{"@type":"WebPage","@id":"https:\/\/www.istegroup.com\/fr\/produit\/les-instruments-optiques-dobservation-de-la-terre\/","url":"https:\/\/www.istegroup.com\/fr\/produit\/les-instruments-optiques-dobservation-de-la-terre\/","name":"Les instruments optiques d\u2019observation de la Terre - ISTE Group","isPartOf":{"@id":"https:\/\/www.istegroup.com\/#website"},"primaryImageOfPage":{"@id":"https:\/\/www.istegroup.com\/fr\/produit\/les-instruments-optiques-dobservation-de-la-terre\/#primaryimage"},"image":{"@id":"https:\/\/www.istegroup.com\/fr\/produit\/les-instruments-optiques-dobservation-de-la-terre\/#primaryimage"},"thumbnailUrl":"https:\/\/www.istegroup.com\/wp-content\/uploads\/2017\/07\/1196767760_415966984-1.jpg","datePublished":"2017-07-28T11:55:03+00:00","dateModified":"2024-01-03T13:39:54+00:00","description":"Cet ouvrage expose en d\u00e9tail les bases de l\u2019optique spatiale et \u00e9tudie les diverses \u00e9tapes du d\u00e9veloppement instrumental (faisabilit\u00e9 et pr\u00e9-dimensionnement).","breadcrumb":{"@id":"https:\/\/www.istegroup.com\/fr\/produit\/les-instruments-optiques-dobservation-de-la-terre\/#breadcrumb"},"inLanguage":"en-US","potentialAction":[{"@type":"ReadAction","target":["https:\/\/www.istegroup.com\/fr\/produit\/les-instruments-optiques-dobservation-de-la-terre\/"]}]},{"@type":"ImageObject","inLanguage":"en-US","@id":"https:\/\/www.istegroup.com\/fr\/produit\/les-instruments-optiques-dobservation-de-la-terre\/#primaryimage","url":"https:\/\/www.istegroup.com\/wp-content\/uploads\/2017\/07\/1196767760_415966984-1.jpg","contentUrl":"https:\/\/www.istegroup.com\/wp-content\/uploads\/2017\/07\/1196767760_415966984-1.jpg","width":300,"height":453,"caption":"Les instruments optiques d\u2019observation de la Terre"},{"@type":"BreadcrumbList","@id":"https:\/\/www.istegroup.com\/fr\/produit\/les-instruments-optiques-dobservation-de-la-terre\/#breadcrumb","itemListElement":[{"@type":"ListItem","position":1,"name":"Home","item":"https:\/\/www.istegroup.com\/"},{"@type":"ListItem","position":2,"name":"Shop","item":"https:\/\/www.istegroup.com\/fr\/nouveautes\/"},{"@type":"ListItem","position":3,"name":"Les instruments optiques d\u2019observation de la Terre"}]},{"@type":"WebSite","@id":"https:\/\/www.istegroup.com\/#website","url":"https:\/\/www.istegroup.com\/","name":"ISTE Group","description":"Publishing Knowledge","potentialAction":[{"@type":"SearchAction","target":{"@type":"EntryPoint","urlTemplate":"https:\/\/www.istegroup.com\/?s={search_term_string}"},"query-input":{"@type":"PropertyValueSpecification","valueRequired":true,"valueName":"search_term_string"}}],"inLanguage":"en-US"}]}},"_links":{"self":[{"href":"https:\/\/www.istegroup.com\/en\/wp-json\/wp\/v2\/product\/411","targetHints":{"allow":["GET"]}}],"collection":[{"href":"https:\/\/www.istegroup.com\/en\/wp-json\/wp\/v2\/product"}],"about":[{"href":"https:\/\/www.istegroup.com\/en\/wp-json\/wp\/v2\/types\/product"}],"wp:featuredmedia":[{"embeddable":true,"href":"https:\/\/www.istegroup.com\/en\/wp-json\/wp\/v2\/media\/412"}],"wp:attachment":[{"href":"https:\/\/www.istegroup.com\/en\/wp-json\/wp\/v2\/media?parent=411"}],"wp:term":[{"taxonomy":"product_brand","embeddable":true,"href":"https:\/\/www.istegroup.com\/en\/wp-json\/wp\/v2\/product_brand?post=411"},{"taxonomy":"product_cat","embeddable":true,"href":"https:\/\/www.istegroup.com\/en\/wp-json\/wp\/v2\/product_cat?post=411"},{"taxonomy":"product_tag","embeddable":true,"href":"https:\/\/www.istegroup.com\/en\/wp-json\/wp\/v2\/product_tag?post=411"}],"curies":[{"name":"wp","href":"https:\/\/api.w.org\/{rel}","templated":true}]}}