{"id":409,"date":"2017-02-10T13:54:57","date_gmt":"2017-02-10T12:54:57","guid":{"rendered":"https:\/\/iste.yhello.co\/product\/les-extracteurs-liquide-liquide-et-liquide-solide\/"},"modified":"2024-01-03T13:39:54","modified_gmt":"2024-01-03T13:39:54","slug":"les-extracteurs-liquide-liquide-et-liquide-solide","status":"publish","type":"product","link":"https:\/\/www.istegroup.com\/en\/produit\/les-extracteurs-liquide-liquide-et-liquide-solide\/","title":{"rendered":"Les extracteurs liquide-liquide et liquide-solide"},"content":{"rendered":"<p>Cet ouvrage est le troisi\u00e8me volume de la s\u00e9rie\u00a0<em>Equipements industriels pour le g\u00e9nie des proc\u00e9d\u00e9s<\/em>. Il propose une \u00e9tude approfondie et diversifi\u00e9e de cette discipline.<\/p>\n<p><em>Les extracteurs liquide-liquide et liquide-solide<\/em>\u00a0pr\u00e9sente la th\u00e9orie et les m\u00e9thodes analytiques ou graphiques n\u00e9cessaires \u00e0 l\u2019op\u00e9ration d\u2019extraction. Les extractions liquide-liquide ainsi que liquide-solide n\u00e9cessitent des appareils diff\u00e9rentiels ou \u00e0 \u00e9tages s\u00e9par\u00e9s.<\/p>\n<p>Riche de nombreux exemples pratiques ce livre d\u00e9veloppe des expressions utiles pour cr\u00e9er des logiciels. Les annexes et les r\u00e9f\u00e9rences bibliographiques facilitent le calcul des mat\u00e9riels et sont une aide au lecteur pour approfondir les questions de son choix.<\/p>\n","protected":false},"excerpt":{"rendered":"<p>Cet ouvrage est le troisi\u00e8me volume de la s\u00e9rie\u00a0Equipements industriels pour le g\u00e9nie des proc\u00e9d\u00e9s. Il propose une \u00e9tude approfondie et diversifi\u00e9e de cette discipline. Les extracteurs liquide-liquide et liquide-solide\u00a0pr\u00e9sente la th\u00e9orie et les m\u00e9thodes analytiques ou graphiques n\u00e9cessaires \u00e0 l\u2019op\u00e9ration d\u2019extraction. Les extractions liquide-liquide ainsi que liquide-solide n\u00e9cessitent des appareils diff\u00e9rentiels ou \u00e0 \u00e9tages [&hellip;]<\/p>\n","protected":false},"featured_media":29761,"template":"","meta":{"_acf_changed":false,"_links_to":"","_links_to_target":""},"product_brand":[],"product_cat":[663,675,691],"product_tag":[424,31,196,433,425,426,248,197,198,199,21,200,22,201,427,346,428,429,203,204,63,25,172,209,430,431,212,38,192,145,28,369,342,432],"class_list":{"0":"post-409","1":"product","2":"type-product","3":"status-publish","4":"has-post-thumbnail","6":"product_cat-gnie-des-procds-12506436","7":"product_cat-nouveauts-12519446","8":"product_cat-srie-equipements-industriels-pour-le-gnie-des-procds-408089489","9":"product_tag-appareils-differentiels","10":"product_tag-ebook","11":"product_tag-ebooks","12":"product_tag-equipement","13":"product_tag-extracteurs","14":"product_tag-extraction","15":"product_tag-industriel","16":"product_tag-iste","17":"product_tag-iste-edition","18":"product_tag-iste-editions","19":"product_tag-iste-group","20":"product_tag-isteedition","21":"product_tag-istegroup","22":"product_tag-kindle","23":"product_tag-les-extracteurs-liquide-liquide-et-liquide-solide","24":"product_tag-liquide","25":"product_tag-liquide-liquide","26":"product_tag-liquide-solide","27":"product_tag-liseuse","28":"product_tag-livre","29":"product_tag-livre-electronique","30":"product_tag-livre-numerique","31":"product_tag-livre-scientifique","32":"product_tag-livres-scientifiques","33":"product_tag-logiciels","34":"product_tag-methode","35":"product_tag-ouvrage","36":"product_tag-ouvrage-numerique","37":"product_tag-ouvrage-science","38":"product_tag-ouvrage-scientifique","39":"product_tag-ouvrage-scientifique-francais","40":"product_tag-procedes","41":"product_tag-solide","42":"product_tag-theorie","44":"first","45":"instock","46":"shipping-taxable","47":"purchasable","48":"product-type-variable"},"acf":[],"yoast_head":"<!-- This site is optimized with the Yoast SEO plugin v27.2 - https:\/\/yoast.com\/product\/yoast-seo-wordpress\/ -->\n<title>Les extracteurs liquide-liquide et liquide-solide - ISTE Group<\/title>\n<meta name=\"description\" content=\"Les extracteurs liquide-liquide et liquide-solide\u00a0pr\u00e9sente la th\u00e9orie et les m\u00e9thodes analytiques ou graphiques n\u00e9cessaires \u00e0 l\u2019op\u00e9ration d\u2019extraction.\" \/>\n<meta name=\"robots\" content=\"index, follow, max-snippet:-1, max-image-preview:large, max-video-preview:-1\" \/>\n<link rel=\"canonical\" href=\"https:\/\/www.istegroup.com\/fr\/produit\/les-extracteurs-liquide-liquide-et-liquide-solide\/\" \/>\n<meta property=\"og:locale\" content=\"en_US\" \/>\n<meta property=\"og:type\" content=\"article\" \/>\n<meta property=\"og:title\" content=\"Les extracteurs liquide-liquide et liquide-solide - ISTE Group\" \/>\n<meta property=\"og:description\" content=\"Les extracteurs liquide-liquide et liquide-solide\u00a0pr\u00e9sente la th\u00e9orie et les m\u00e9thodes analytiques ou graphiques n\u00e9cessaires \u00e0 l\u2019op\u00e9ration d\u2019extraction.\" \/>\n<meta property=\"og:url\" content=\"https:\/\/www.istegroup.com\/fr\/produit\/les-extracteurs-liquide-liquide-et-liquide-solide\/\" \/>\n<meta property=\"og:site_name\" content=\"ISTE Group\" \/>\n<meta property=\"article:modified_time\" content=\"2024-01-03T13:39:54+00:00\" \/>\n<meta property=\"og:image\" content=\"https:\/\/www.istegroup.com\/wp-content\/uploads\/2020\/05\/Les-extracteurs-liquide-liquide-et-liquide-solide.jpg\" \/>\n\t<meta property=\"og:image:width\" content=\"300\" \/>\n\t<meta property=\"og:image:height\" content=\"451\" \/>\n\t<meta property=\"og:image:type\" content=\"image\/jpeg\" \/>\n<meta name=\"twitter:card\" content=\"summary_large_image\" \/>\n<meta name=\"twitter:label1\" content=\"Est. reading time\" \/>\n\t<meta name=\"twitter:data1\" content=\"1 minute\" \/>\n<script type=\"application\/ld+json\" class=\"yoast-schema-graph\">{\"@context\":\"https:\/\/schema.org\",\"@graph\":[{\"@type\":\"WebPage\",\"@id\":\"https:\/\/www.istegroup.com\/fr\/produit\/les-extracteurs-liquide-liquide-et-liquide-solide\/\",\"url\":\"https:\/\/www.istegroup.com\/fr\/produit\/les-extracteurs-liquide-liquide-et-liquide-solide\/\",\"name\":\"Les extracteurs liquide-liquide et liquide-solide - ISTE Group\",\"isPartOf\":{\"@id\":\"https:\/\/www.istegroup.com\/#website\"},\"primaryImageOfPage\":{\"@id\":\"https:\/\/www.istegroup.com\/fr\/produit\/les-extracteurs-liquide-liquide-et-liquide-solide\/#primaryimage\"},\"image\":{\"@id\":\"https:\/\/www.istegroup.com\/fr\/produit\/les-extracteurs-liquide-liquide-et-liquide-solide\/#primaryimage\"},\"thumbnailUrl\":\"https:\/\/www.istegroup.com\/wp-content\/uploads\/2020\/05\/Les-extracteurs-liquide-liquide-et-liquide-solide.jpg\",\"datePublished\":\"2017-02-10T12:54:57+00:00\",\"dateModified\":\"2024-01-03T13:39:54+00:00\",\"description\":\"Les extracteurs liquide-liquide et liquide-solide\u00a0pr\u00e9sente la th\u00e9orie et les m\u00e9thodes analytiques ou graphiques n\u00e9cessaires \u00e0 l\u2019op\u00e9ration d\u2019extraction.\",\"breadcrumb\":{\"@id\":\"https:\/\/www.istegroup.com\/fr\/produit\/les-extracteurs-liquide-liquide-et-liquide-solide\/#breadcrumb\"},\"inLanguage\":\"en-US\",\"potentialAction\":[{\"@type\":\"ReadAction\",\"target\":[\"https:\/\/www.istegroup.com\/fr\/produit\/les-extracteurs-liquide-liquide-et-liquide-solide\/\"]}]},{\"@type\":\"ImageObject\",\"inLanguage\":\"en-US\",\"@id\":\"https:\/\/www.istegroup.com\/fr\/produit\/les-extracteurs-liquide-liquide-et-liquide-solide\/#primaryimage\",\"url\":\"https:\/\/www.istegroup.com\/wp-content\/uploads\/2020\/05\/Les-extracteurs-liquide-liquide-et-liquide-solide.jpg\",\"contentUrl\":\"https:\/\/www.istegroup.com\/wp-content\/uploads\/2020\/05\/Les-extracteurs-liquide-liquide-et-liquide-solide.jpg\",\"width\":300,\"height\":451,\"caption\":\"Les extracteurs liquide-liquide et liquide-solide\"},{\"@type\":\"BreadcrumbList\",\"@id\":\"https:\/\/www.istegroup.com\/fr\/produit\/les-extracteurs-liquide-liquide-et-liquide-solide\/#breadcrumb\",\"itemListElement\":[{\"@type\":\"ListItem\",\"position\":1,\"name\":\"Home\",\"item\":\"https:\/\/www.istegroup.com\/\"},{\"@type\":\"ListItem\",\"position\":2,\"name\":\"Shop\",\"item\":\"https:\/\/www.istegroup.com\/fr\/nouveautes\/\"},{\"@type\":\"ListItem\",\"position\":3,\"name\":\"Les extracteurs liquide-liquide et liquide-solide\"}]},{\"@type\":\"WebSite\",\"@id\":\"https:\/\/www.istegroup.com\/#website\",\"url\":\"https:\/\/www.istegroup.com\/\",\"name\":\"ISTE Group\",\"description\":\"Publishing Knowledge\",\"potentialAction\":[{\"@type\":\"SearchAction\",\"target\":{\"@type\":\"EntryPoint\",\"urlTemplate\":\"https:\/\/www.istegroup.com\/?s={search_term_string}\"},\"query-input\":{\"@type\":\"PropertyValueSpecification\",\"valueRequired\":true,\"valueName\":\"search_term_string\"}}],\"inLanguage\":\"en-US\"}]}<\/script>\n<!-- \/ Yoast SEO plugin. -->","yoast_head_json":{"title":"Les extracteurs liquide-liquide et liquide-solide - ISTE Group","description":"Les extracteurs liquide-liquide et liquide-solide\u00a0pr\u00e9sente la th\u00e9orie et les m\u00e9thodes analytiques ou graphiques n\u00e9cessaires \u00e0 l\u2019op\u00e9ration d\u2019extraction.","robots":{"index":"index","follow":"follow","max-snippet":"max-snippet:-1","max-image-preview":"max-image-preview:large","max-video-preview":"max-video-preview:-1"},"canonical":"https:\/\/www.istegroup.com\/fr\/produit\/les-extracteurs-liquide-liquide-et-liquide-solide\/","og_locale":"en_US","og_type":"article","og_title":"Les extracteurs liquide-liquide et liquide-solide - ISTE Group","og_description":"Les extracteurs liquide-liquide et liquide-solide\u00a0pr\u00e9sente la th\u00e9orie et les m\u00e9thodes analytiques ou graphiques n\u00e9cessaires \u00e0 l\u2019op\u00e9ration d\u2019extraction.","og_url":"https:\/\/www.istegroup.com\/fr\/produit\/les-extracteurs-liquide-liquide-et-liquide-solide\/","og_site_name":"ISTE Group","article_modified_time":"2024-01-03T13:39:54+00:00","og_image":[{"width":300,"height":451,"url":"https:\/\/www.istegroup.com\/wp-content\/uploads\/2020\/05\/Les-extracteurs-liquide-liquide-et-liquide-solide.jpg","type":"image\/jpeg"}],"twitter_card":"summary_large_image","twitter_misc":{"Est. reading time":"1 minute"},"schema":{"@context":"https:\/\/schema.org","@graph":[{"@type":"WebPage","@id":"https:\/\/www.istegroup.com\/fr\/produit\/les-extracteurs-liquide-liquide-et-liquide-solide\/","url":"https:\/\/www.istegroup.com\/fr\/produit\/les-extracteurs-liquide-liquide-et-liquide-solide\/","name":"Les extracteurs liquide-liquide et liquide-solide - ISTE Group","isPartOf":{"@id":"https:\/\/www.istegroup.com\/#website"},"primaryImageOfPage":{"@id":"https:\/\/www.istegroup.com\/fr\/produit\/les-extracteurs-liquide-liquide-et-liquide-solide\/#primaryimage"},"image":{"@id":"https:\/\/www.istegroup.com\/fr\/produit\/les-extracteurs-liquide-liquide-et-liquide-solide\/#primaryimage"},"thumbnailUrl":"https:\/\/www.istegroup.com\/wp-content\/uploads\/2020\/05\/Les-extracteurs-liquide-liquide-et-liquide-solide.jpg","datePublished":"2017-02-10T12:54:57+00:00","dateModified":"2024-01-03T13:39:54+00:00","description":"Les extracteurs liquide-liquide et liquide-solide\u00a0pr\u00e9sente la th\u00e9orie et les m\u00e9thodes analytiques ou graphiques n\u00e9cessaires \u00e0 l\u2019op\u00e9ration d\u2019extraction.","breadcrumb":{"@id":"https:\/\/www.istegroup.com\/fr\/produit\/les-extracteurs-liquide-liquide-et-liquide-solide\/#breadcrumb"},"inLanguage":"en-US","potentialAction":[{"@type":"ReadAction","target":["https:\/\/www.istegroup.com\/fr\/produit\/les-extracteurs-liquide-liquide-et-liquide-solide\/"]}]},{"@type":"ImageObject","inLanguage":"en-US","@id":"https:\/\/www.istegroup.com\/fr\/produit\/les-extracteurs-liquide-liquide-et-liquide-solide\/#primaryimage","url":"https:\/\/www.istegroup.com\/wp-content\/uploads\/2020\/05\/Les-extracteurs-liquide-liquide-et-liquide-solide.jpg","contentUrl":"https:\/\/www.istegroup.com\/wp-content\/uploads\/2020\/05\/Les-extracteurs-liquide-liquide-et-liquide-solide.jpg","width":300,"height":451,"caption":"Les extracteurs liquide-liquide et liquide-solide"},{"@type":"BreadcrumbList","@id":"https:\/\/www.istegroup.com\/fr\/produit\/les-extracteurs-liquide-liquide-et-liquide-solide\/#breadcrumb","itemListElement":[{"@type":"ListItem","position":1,"name":"Home","item":"https:\/\/www.istegroup.com\/"},{"@type":"ListItem","position":2,"name":"Shop","item":"https:\/\/www.istegroup.com\/fr\/nouveautes\/"},{"@type":"ListItem","position":3,"name":"Les extracteurs liquide-liquide et liquide-solide"}]},{"@type":"WebSite","@id":"https:\/\/www.istegroup.com\/#website","url":"https:\/\/www.istegroup.com\/","name":"ISTE Group","description":"Publishing Knowledge","potentialAction":[{"@type":"SearchAction","target":{"@type":"EntryPoint","urlTemplate":"https:\/\/www.istegroup.com\/?s={search_term_string}"},"query-input":{"@type":"PropertyValueSpecification","valueRequired":true,"valueName":"search_term_string"}}],"inLanguage":"en-US"}]}},"_links":{"self":[{"href":"https:\/\/www.istegroup.com\/en\/wp-json\/wp\/v2\/product\/409","targetHints":{"allow":["GET"]}}],"collection":[{"href":"https:\/\/www.istegroup.com\/en\/wp-json\/wp\/v2\/product"}],"about":[{"href":"https:\/\/www.istegroup.com\/en\/wp-json\/wp\/v2\/types\/product"}],"wp:featuredmedia":[{"embeddable":true,"href":"https:\/\/www.istegroup.com\/en\/wp-json\/wp\/v2\/media\/29761"}],"wp:attachment":[{"href":"https:\/\/www.istegroup.com\/en\/wp-json\/wp\/v2\/media?parent=409"}],"wp:term":[{"taxonomy":"product_brand","embeddable":true,"href":"https:\/\/www.istegroup.com\/en\/wp-json\/wp\/v2\/product_brand?post=409"},{"taxonomy":"product_cat","embeddable":true,"href":"https:\/\/www.istegroup.com\/en\/wp-json\/wp\/v2\/product_cat?post=409"},{"taxonomy":"product_tag","embeddable":true,"href":"https:\/\/www.istegroup.com\/en\/wp-json\/wp\/v2\/product_tag?post=409"}],"curies":[{"name":"wp","href":"https:\/\/api.w.org\/{rel}","templated":true}]}}