{"id":39850,"date":"2021-05-23T12:05:07","date_gmt":"2021-05-23T11:05:07","guid":{"rendered":"https:\/\/www.istegroup.com\/?post_type=product&#038;p=39850"},"modified":"2024-01-03T13:44:43","modified_gmt":"2024-01-03T13:44:43","slug":"les-systemes-dinformation-des-micro-organismes-marins","status":"publish","type":"product","link":"https:\/\/www.istegroup.com\/en\/produit\/les-systemes-dinformation-des-micro-organismes-marins\/","title":{"rendered":"Les syst\u00e8mes d\u2019information des micro-organismes marins"},"content":{"rendered":"<p class=\"qtranxs-available-languages-message qtranxs-available-languages-message-en\">Sorry, this entry is only available in <a href=\"https:\/\/www.istegroup.com\/fr\/wp-json\/wp\/v2\/product\/39850\" class=\"qtranxs-available-language-link qtranxs-available-language-link-fr\" title=\"FR\">FR<\/a>.<\/p>","protected":false},"excerpt":{"rendered":"<p>Sorry, this entry is only available in FR.<\/p>\n","protected":false},"featured_media":39855,"template":"","meta":{"_acf_changed":false,"_links_to":"","_links_to_target":""},"product_brand":[],"product_cat":[3262],"product_tag":[],"class_list":{"0":"post-39850","1":"product","2":"type-product","3":"status-publish","4":"has-post-thumbnail","6":"product_cat-non-classe","8":"first","9":"instock","10":"shipping-taxable","11":"purchasable","12":"product-type-variable"},"acf":[],"yoast_head":"<!-- This site is optimized with the Yoast SEO plugin v27.2 - https:\/\/yoast.com\/product\/yoast-seo-wordpress\/ -->\n<title>Les syst\u00e8mes d\u2019information des micro-organismes marins - ISTE Group<\/title>\n<meta name=\"description\" content=\"Cet ouvrage pr\u00e9sente une vue d\u2019ensemble des syst\u00e8mes d\u2019information des micro-organismes marins et leurs m\u00e9canismes de transmissions physico-chimiques d\u00e9finis comme \u00ab t\u00e9l\u00e9-m\u00e9diateurs \u00bb.\" \/>\n<meta name=\"robots\" content=\"index, follow, max-snippet:-1, max-image-preview:large, max-video-preview:-1\" \/>\n<link rel=\"canonical\" href=\"https:\/\/www.istegroup.com\/produit\/les-systemes-dinformation-des-micro-organismes-marins\/\" \/>\n<meta property=\"og:locale\" content=\"en_US\" \/>\n<meta property=\"og:type\" content=\"article\" \/>\n<meta property=\"og:title\" content=\"Les syst\u00e8mes d\u2019information des micro-organismes marins - ISTE Group\" \/>\n<meta property=\"og:description\" content=\"Cet ouvrage pr\u00e9sente une vue d\u2019ensemble des syst\u00e8mes d\u2019information des micro-organismes marins et leurs m\u00e9canismes de transmissions physico-chimiques d\u00e9finis comme \u00ab t\u00e9l\u00e9-m\u00e9diateurs \u00bb.\" \/>\n<meta property=\"og:url\" content=\"https:\/\/www.istegroup.com\/produit\/les-systemes-dinformation-des-micro-organismes-marins\/\" \/>\n<meta property=\"og:site_name\" content=\"ISTE Group\" \/>\n<meta property=\"article:modified_time\" content=\"2024-01-03T13:44:43+00:00\" \/>\n<meta property=\"og:image\" content=\"https:\/\/www.istegroup.com\/wp-content\/uploads\/2021\/03\/Les-syst\u00e8mes-d\u2019information-des-micro-organismes-marins.jpg\" \/>\n\t<meta property=\"og:image:width\" content=\"300\" \/>\n\t<meta property=\"og:image:height\" content=\"452\" \/>\n\t<meta property=\"og:image:type\" content=\"image\/jpeg\" \/>\n<meta name=\"twitter:card\" content=\"summary_large_image\" \/>\n<meta name=\"twitter:label1\" content=\"Est. reading time\" \/>\n\t<meta name=\"twitter:data1\" content=\"1 minute\" \/>\n<script type=\"application\/ld+json\" class=\"yoast-schema-graph\">{\"@context\":\"https:\/\/schema.org\",\"@graph\":[{\"@type\":\"WebPage\",\"@id\":\"https:\/\/www.istegroup.com\/produit\/les-systemes-dinformation-des-micro-organismes-marins\/\",\"url\":\"https:\/\/www.istegroup.com\/produit\/les-systemes-dinformation-des-micro-organismes-marins\/\",\"name\":\"Les syst\u00e8mes d\u2019information des micro-organismes marins - ISTE Group\",\"isPartOf\":{\"@id\":\"https:\/\/www.istegroup.com\/#website\"},\"primaryImageOfPage\":{\"@id\":\"https:\/\/www.istegroup.com\/produit\/les-systemes-dinformation-des-micro-organismes-marins\/#primaryimage\"},\"image\":{\"@id\":\"https:\/\/www.istegroup.com\/produit\/les-systemes-dinformation-des-micro-organismes-marins\/#primaryimage\"},\"thumbnailUrl\":\"https:\/\/www.istegroup.com\/wp-content\/uploads\/2021\/03\/Les-syst\u00e8mes-d\u2019information-des-micro-organismes-marins.jpg\",\"datePublished\":\"2021-05-23T11:05:07+00:00\",\"dateModified\":\"2024-01-03T13:44:43+00:00\",\"description\":\"Cet ouvrage pr\u00e9sente une vue d\u2019ensemble des syst\u00e8mes d\u2019information des micro-organismes marins et leurs m\u00e9canismes de transmissions physico-chimiques d\u00e9finis comme \u00ab t\u00e9l\u00e9-m\u00e9diateurs \u00bb.\",\"breadcrumb\":{\"@id\":\"https:\/\/www.istegroup.com\/produit\/les-systemes-dinformation-des-micro-organismes-marins\/#breadcrumb\"},\"inLanguage\":\"en-US\",\"potentialAction\":[{\"@type\":\"ReadAction\",\"target\":[\"https:\/\/www.istegroup.com\/produit\/les-systemes-dinformation-des-micro-organismes-marins\/\"]}]},{\"@type\":\"ImageObject\",\"inLanguage\":\"en-US\",\"@id\":\"https:\/\/www.istegroup.com\/produit\/les-systemes-dinformation-des-micro-organismes-marins\/#primaryimage\",\"url\":\"https:\/\/www.istegroup.com\/wp-content\/uploads\/2021\/03\/Les-syst\u00e8mes-d\u2019information-des-micro-organismes-marins.jpg\",\"contentUrl\":\"https:\/\/www.istegroup.com\/wp-content\/uploads\/2021\/03\/Les-syst\u00e8mes-d\u2019information-des-micro-organismes-marins.jpg\",\"width\":300,\"height\":452,\"caption\":\"Livre scientifique - Les syst\u00e8mes d\u2019information des micro-organismes marins - Maurice Aubert et Jean-\u00c9ric Aubert\"},{\"@type\":\"BreadcrumbList\",\"@id\":\"https:\/\/www.istegroup.com\/produit\/les-systemes-dinformation-des-micro-organismes-marins\/#breadcrumb\",\"itemListElement\":[{\"@type\":\"ListItem\",\"position\":1,\"name\":\"Home\",\"item\":\"https:\/\/www.istegroup.com\/\"},{\"@type\":\"ListItem\",\"position\":2,\"name\":\"Shop\",\"item\":\"https:\/\/www.istegroup.com\/fr\/nouveautes\/\"},{\"@type\":\"ListItem\",\"position\":3,\"name\":\"Les syst\u00e8mes d\u2019information des micro-organismes marins\"}]},{\"@type\":\"WebSite\",\"@id\":\"https:\/\/www.istegroup.com\/#website\",\"url\":\"https:\/\/www.istegroup.com\/\",\"name\":\"ISTE Group\",\"description\":\"Publishing Knowledge\",\"potentialAction\":[{\"@type\":\"SearchAction\",\"target\":{\"@type\":\"EntryPoint\",\"urlTemplate\":\"https:\/\/www.istegroup.com\/?s={search_term_string}\"},\"query-input\":{\"@type\":\"PropertyValueSpecification\",\"valueRequired\":true,\"valueName\":\"search_term_string\"}}],\"inLanguage\":\"en-US\"}]}<\/script>\n<!-- \/ Yoast SEO plugin. -->","yoast_head_json":{"title":"Les syst\u00e8mes d\u2019information des micro-organismes marins - ISTE Group","description":"Cet ouvrage pr\u00e9sente une vue d\u2019ensemble des syst\u00e8mes d\u2019information des micro-organismes marins et leurs m\u00e9canismes de transmissions physico-chimiques d\u00e9finis comme \u00ab t\u00e9l\u00e9-m\u00e9diateurs \u00bb.","robots":{"index":"index","follow":"follow","max-snippet":"max-snippet:-1","max-image-preview":"max-image-preview:large","max-video-preview":"max-video-preview:-1"},"canonical":"https:\/\/www.istegroup.com\/produit\/les-systemes-dinformation-des-micro-organismes-marins\/","og_locale":"en_US","og_type":"article","og_title":"Les syst\u00e8mes d\u2019information des micro-organismes marins - ISTE Group","og_description":"Cet ouvrage pr\u00e9sente une vue d\u2019ensemble des syst\u00e8mes d\u2019information des micro-organismes marins et leurs m\u00e9canismes de transmissions physico-chimiques d\u00e9finis comme \u00ab t\u00e9l\u00e9-m\u00e9diateurs \u00bb.","og_url":"https:\/\/www.istegroup.com\/produit\/les-systemes-dinformation-des-micro-organismes-marins\/","og_site_name":"ISTE Group","article_modified_time":"2024-01-03T13:44:43+00:00","og_image":[{"width":300,"height":452,"url":"https:\/\/www.istegroup.com\/wp-content\/uploads\/2021\/03\/Les-syst\u00e8mes-d\u2019information-des-micro-organismes-marins.jpg","type":"image\/jpeg"}],"twitter_card":"summary_large_image","twitter_misc":{"Est. reading time":"1 minute"},"schema":{"@context":"https:\/\/schema.org","@graph":[{"@type":"WebPage","@id":"https:\/\/www.istegroup.com\/produit\/les-systemes-dinformation-des-micro-organismes-marins\/","url":"https:\/\/www.istegroup.com\/produit\/les-systemes-dinformation-des-micro-organismes-marins\/","name":"Les syst\u00e8mes d\u2019information des micro-organismes marins - ISTE Group","isPartOf":{"@id":"https:\/\/www.istegroup.com\/#website"},"primaryImageOfPage":{"@id":"https:\/\/www.istegroup.com\/produit\/les-systemes-dinformation-des-micro-organismes-marins\/#primaryimage"},"image":{"@id":"https:\/\/www.istegroup.com\/produit\/les-systemes-dinformation-des-micro-organismes-marins\/#primaryimage"},"thumbnailUrl":"https:\/\/www.istegroup.com\/wp-content\/uploads\/2021\/03\/Les-syst\u00e8mes-d\u2019information-des-micro-organismes-marins.jpg","datePublished":"2021-05-23T11:05:07+00:00","dateModified":"2024-01-03T13:44:43+00:00","description":"Cet ouvrage pr\u00e9sente une vue d\u2019ensemble des syst\u00e8mes d\u2019information des micro-organismes marins et leurs m\u00e9canismes de transmissions physico-chimiques d\u00e9finis comme \u00ab t\u00e9l\u00e9-m\u00e9diateurs \u00bb.","breadcrumb":{"@id":"https:\/\/www.istegroup.com\/produit\/les-systemes-dinformation-des-micro-organismes-marins\/#breadcrumb"},"inLanguage":"en-US","potentialAction":[{"@type":"ReadAction","target":["https:\/\/www.istegroup.com\/produit\/les-systemes-dinformation-des-micro-organismes-marins\/"]}]},{"@type":"ImageObject","inLanguage":"en-US","@id":"https:\/\/www.istegroup.com\/produit\/les-systemes-dinformation-des-micro-organismes-marins\/#primaryimage","url":"https:\/\/www.istegroup.com\/wp-content\/uploads\/2021\/03\/Les-syst\u00e8mes-d\u2019information-des-micro-organismes-marins.jpg","contentUrl":"https:\/\/www.istegroup.com\/wp-content\/uploads\/2021\/03\/Les-syst\u00e8mes-d\u2019information-des-micro-organismes-marins.jpg","width":300,"height":452,"caption":"Livre scientifique - Les syst\u00e8mes d\u2019information des micro-organismes marins - Maurice Aubert et Jean-\u00c9ric Aubert"},{"@type":"BreadcrumbList","@id":"https:\/\/www.istegroup.com\/produit\/les-systemes-dinformation-des-micro-organismes-marins\/#breadcrumb","itemListElement":[{"@type":"ListItem","position":1,"name":"Home","item":"https:\/\/www.istegroup.com\/"},{"@type":"ListItem","position":2,"name":"Shop","item":"https:\/\/www.istegroup.com\/fr\/nouveautes\/"},{"@type":"ListItem","position":3,"name":"Les syst\u00e8mes d\u2019information des micro-organismes marins"}]},{"@type":"WebSite","@id":"https:\/\/www.istegroup.com\/#website","url":"https:\/\/www.istegroup.com\/","name":"ISTE Group","description":"Publishing Knowledge","potentialAction":[{"@type":"SearchAction","target":{"@type":"EntryPoint","urlTemplate":"https:\/\/www.istegroup.com\/?s={search_term_string}"},"query-input":{"@type":"PropertyValueSpecification","valueRequired":true,"valueName":"search_term_string"}}],"inLanguage":"en-US"}]}},"_links":{"self":[{"href":"https:\/\/www.istegroup.com\/en\/wp-json\/wp\/v2\/product\/39850","targetHints":{"allow":["GET"]}}],"collection":[{"href":"https:\/\/www.istegroup.com\/en\/wp-json\/wp\/v2\/product"}],"about":[{"href":"https:\/\/www.istegroup.com\/en\/wp-json\/wp\/v2\/types\/product"}],"wp:featuredmedia":[{"embeddable":true,"href":"https:\/\/www.istegroup.com\/en\/wp-json\/wp\/v2\/media\/39855"}],"wp:attachment":[{"href":"https:\/\/www.istegroup.com\/en\/wp-json\/wp\/v2\/media?parent=39850"}],"wp:term":[{"taxonomy":"product_brand","embeddable":true,"href":"https:\/\/www.istegroup.com\/en\/wp-json\/wp\/v2\/product_brand?post=39850"},{"taxonomy":"product_cat","embeddable":true,"href":"https:\/\/www.istegroup.com\/en\/wp-json\/wp\/v2\/product_cat?post=39850"},{"taxonomy":"product_tag","embeddable":true,"href":"https:\/\/www.istegroup.com\/en\/wp-json\/wp\/v2\/product_tag?post=39850"}],"curies":[{"name":"wp","href":"https:\/\/api.w.org\/{rel}","templated":true}]}}