{"id":397,"date":"2017-07-28T12:36:57","date_gmt":"2017-07-28T10:36:57","guid":{"rendered":"https:\/\/iste.yhello.co\/product\/les-dynamiques-de-la-rencontre\/"},"modified":"2024-01-03T13:39:52","modified_gmt":"2024-01-03T13:39:52","slug":"les-dynamiques-de-la-rencontre","status":"publish","type":"product","link":"https:\/\/www.istegroup.com\/en\/produit\/les-dynamiques-de-la-rencontre\/","title":{"rendered":"Les dynamiques de la rencontre"},"content":{"rendered":"<p>A l\u2019heure o\u00f9 les rencontres virtuelles tendent \u00e0 se d\u00e9velopper et \u00e0 envahir notre vie, il semble urgent de proposer un nouveau regard sur les processus qui accompagnent toute rencontre en face \u00e0 face, o\u00f9 la confiance joue un r\u00f4le central.<\/p>\n<p><em>Les dynamiques de la rencontre<\/em>\u00a0offre un mod\u00e8le qui d\u00e9crit et int\u00e8gre de mani\u00e8re interactive les processus li\u00e9s \u00e0 la communication interpersonnelle, les processus cognitifs et les processus d\u2019individuation de la personne humaine. Ce mod\u00e8le fait appara\u00eetre une compr\u00e9hension nouvelle des enjeux multiples d\u2019une rencontre.<\/p>\n<p>Cette d\u00e9marche permet de poser un diagnostic, de se former en vue d\u2019une am\u00e9lioration des relations humaines et d\u2019avoir une attitude constructive dans les conflits. Le mod\u00e8le final permet d\u2019identifier et de g\u00e9rer les diff\u00e9rences irr\u00e9ductibles qui s\u2019y r\u00e9v\u00e8lent, et d\u00e9bouche sur une \u00e9thique de la rencontre qui propose un ensemble de conditions n\u00e9cessaires \u00e0 sa r\u00e9ussite.<\/p>\n","protected":false},"excerpt":{"rendered":"<p>A l\u2019heure o\u00f9 les rencontres virtuelles tendent \u00e0 se d\u00e9velopper et \u00e0 envahir notre vie, il semble urgent de proposer un nouveau regard sur les processus qui accompagnent toute rencontre en face \u00e0 face, o\u00f9 la confiance joue un r\u00f4le central. Les dynamiques de la rencontre\u00a0offre un mod\u00e8le qui d\u00e9crit et int\u00e8gre de mani\u00e8re interactive [&hellip;]<\/p>\n","protected":false},"featured_media":398,"template":"","meta":{"_acf_changed":false,"_links_to":"","_links_to_target":""},"product_brand":[],"product_cat":[684],"product_tag":[1326,31,196,1687,1688,1689,197,198,199,21,200,22,1690,1691,201,1692,1693,1330,203,204,63,25,172,209,212,38,192,145,28,1694],"class_list":{"0":"post-397","1":"product","2":"type-product","3":"status-publish","4":"has-post-thumbnail","6":"product_cat-sciences-socit-et-nouvelles-technologies-188422468","7":"product_tag-cognition","8":"product_tag-ebook","9":"product_tag-ebooks","10":"product_tag-fouille-de-donnees","11":"product_tag-gilles-le-cardinal","12":"product_tag-interface-et-interactivite","13":"product_tag-iste","14":"product_tag-iste-edition","15":"product_tag-iste-editions","16":"product_tag-iste-group","17":"product_tag-isteedition","18":"product_tag-istegroup","19":"product_tag-jeux-serieux","20":"product_tag-jeux-simulation","21":"product_tag-kindle","22":"product_tag-les-dynamiques-de-la-rencontre","23":"product_tag-les-rencontres-virtuelles","24":"product_tag-linguistique-computationnelle","25":"product_tag-liseuse","26":"product_tag-livre","27":"product_tag-livre-electronique","28":"product_tag-livre-numerique","29":"product_tag-livre-scientifique","30":"product_tag-livres-scientifiques","31":"product_tag-ouvrage","32":"product_tag-ouvrage-numerique","33":"product_tag-ouvrage-science","34":"product_tag-ouvrage-scientifique","35":"product_tag-ouvrage-scientifique-francais","36":"product_tag-rencontres-humaines","38":"first","39":"instock","40":"shipping-taxable","41":"purchasable","42":"product-type-variable"},"acf":[],"yoast_head":"<!-- This site is optimized with the Yoast SEO plugin v27.2 - https:\/\/yoast.com\/product\/yoast-seo-wordpress\/ -->\n<title>Les dynamiques de la rencontre - ISTE Group<\/title>\n<meta name=\"description\" content=\"L&#039;ouvrage offre un mod\u00e8le qui d\u00e9crit et int\u00e8gre de mani\u00e8re interactive les processus li\u00e9s \u00e0 la communication interpersonnelle ainsi que les processus cognitifs.\" \/>\n<meta name=\"robots\" content=\"index, follow, max-snippet:-1, max-image-preview:large, max-video-preview:-1\" \/>\n<link rel=\"canonical\" href=\"https:\/\/www.istegroup.com\/fr\/produit\/les-dynamiques-de-la-rencontre\/\" \/>\n<meta property=\"og:locale\" content=\"en_US\" \/>\n<meta property=\"og:type\" content=\"article\" \/>\n<meta property=\"og:title\" content=\"Les dynamiques de la rencontre - ISTE Group\" \/>\n<meta property=\"og:description\" content=\"L&#039;ouvrage offre un mod\u00e8le qui d\u00e9crit et int\u00e8gre de mani\u00e8re interactive les processus li\u00e9s \u00e0 la communication interpersonnelle ainsi que les processus cognitifs.\" \/>\n<meta property=\"og:url\" content=\"https:\/\/www.istegroup.com\/fr\/produit\/les-dynamiques-de-la-rencontre\/\" \/>\n<meta property=\"og:site_name\" content=\"ISTE Group\" \/>\n<meta property=\"article:modified_time\" content=\"2024-01-03T13:39:52+00:00\" \/>\n<meta property=\"og:image\" content=\"https:\/\/www.istegroup.com\/wp-content\/uploads\/2017\/07\/540331193_251545237-1.jpg\" \/>\n\t<meta property=\"og:image:width\" content=\"300\" \/>\n\t<meta property=\"og:image:height\" content=\"450\" \/>\n\t<meta property=\"og:image:type\" content=\"image\/jpeg\" \/>\n<meta name=\"twitter:card\" content=\"summary_large_image\" \/>\n<meta name=\"twitter:label1\" content=\"Est. reading time\" \/>\n\t<meta name=\"twitter:data1\" content=\"1 minute\" \/>\n<script type=\"application\/ld+json\" class=\"yoast-schema-graph\">{\"@context\":\"https:\/\/schema.org\",\"@graph\":[{\"@type\":\"WebPage\",\"@id\":\"https:\/\/www.istegroup.com\/fr\/produit\/les-dynamiques-de-la-rencontre\/\",\"url\":\"https:\/\/www.istegroup.com\/fr\/produit\/les-dynamiques-de-la-rencontre\/\",\"name\":\"Les dynamiques de la rencontre - ISTE Group\",\"isPartOf\":{\"@id\":\"https:\/\/www.istegroup.com\/#website\"},\"primaryImageOfPage\":{\"@id\":\"https:\/\/www.istegroup.com\/fr\/produit\/les-dynamiques-de-la-rencontre\/#primaryimage\"},\"image\":{\"@id\":\"https:\/\/www.istegroup.com\/fr\/produit\/les-dynamiques-de-la-rencontre\/#primaryimage\"},\"thumbnailUrl\":\"https:\/\/www.istegroup.com\/wp-content\/uploads\/2017\/07\/540331193_251545237-1.jpg\",\"datePublished\":\"2017-07-28T10:36:57+00:00\",\"dateModified\":\"2024-01-03T13:39:52+00:00\",\"description\":\"L'ouvrage offre un mod\u00e8le qui d\u00e9crit et int\u00e8gre de mani\u00e8re interactive les processus li\u00e9s \u00e0 la communication interpersonnelle ainsi que les processus cognitifs.\",\"breadcrumb\":{\"@id\":\"https:\/\/www.istegroup.com\/fr\/produit\/les-dynamiques-de-la-rencontre\/#breadcrumb\"},\"inLanguage\":\"en-US\",\"potentialAction\":[{\"@type\":\"ReadAction\",\"target\":[\"https:\/\/www.istegroup.com\/fr\/produit\/les-dynamiques-de-la-rencontre\/\"]}]},{\"@type\":\"ImageObject\",\"inLanguage\":\"en-US\",\"@id\":\"https:\/\/www.istegroup.com\/fr\/produit\/les-dynamiques-de-la-rencontre\/#primaryimage\",\"url\":\"https:\/\/www.istegroup.com\/wp-content\/uploads\/2017\/07\/540331193_251545237-1.jpg\",\"contentUrl\":\"https:\/\/www.istegroup.com\/wp-content\/uploads\/2017\/07\/540331193_251545237-1.jpg\",\"width\":300,\"height\":450,\"caption\":\"Les dynamiques de la rencontre\"},{\"@type\":\"BreadcrumbList\",\"@id\":\"https:\/\/www.istegroup.com\/fr\/produit\/les-dynamiques-de-la-rencontre\/#breadcrumb\",\"itemListElement\":[{\"@type\":\"ListItem\",\"position\":1,\"name\":\"Home\",\"item\":\"https:\/\/www.istegroup.com\/\"},{\"@type\":\"ListItem\",\"position\":2,\"name\":\"Shop\",\"item\":\"https:\/\/www.istegroup.com\/fr\/nouveautes\/\"},{\"@type\":\"ListItem\",\"position\":3,\"name\":\"Les dynamiques de la rencontre\"}]},{\"@type\":\"WebSite\",\"@id\":\"https:\/\/www.istegroup.com\/#website\",\"url\":\"https:\/\/www.istegroup.com\/\",\"name\":\"ISTE Group\",\"description\":\"Publishing Knowledge\",\"potentialAction\":[{\"@type\":\"SearchAction\",\"target\":{\"@type\":\"EntryPoint\",\"urlTemplate\":\"https:\/\/www.istegroup.com\/?s={search_term_string}\"},\"query-input\":{\"@type\":\"PropertyValueSpecification\",\"valueRequired\":true,\"valueName\":\"search_term_string\"}}],\"inLanguage\":\"en-US\"}]}<\/script>\n<!-- \/ Yoast SEO plugin. -->","yoast_head_json":{"title":"Les dynamiques de la rencontre - ISTE Group","description":"L'ouvrage offre un mod\u00e8le qui d\u00e9crit et int\u00e8gre de mani\u00e8re interactive les processus li\u00e9s \u00e0 la communication interpersonnelle ainsi que les processus cognitifs.","robots":{"index":"index","follow":"follow","max-snippet":"max-snippet:-1","max-image-preview":"max-image-preview:large","max-video-preview":"max-video-preview:-1"},"canonical":"https:\/\/www.istegroup.com\/fr\/produit\/les-dynamiques-de-la-rencontre\/","og_locale":"en_US","og_type":"article","og_title":"Les dynamiques de la rencontre - ISTE Group","og_description":"L'ouvrage offre un mod\u00e8le qui d\u00e9crit et int\u00e8gre de mani\u00e8re interactive les processus li\u00e9s \u00e0 la communication interpersonnelle ainsi que les processus cognitifs.","og_url":"https:\/\/www.istegroup.com\/fr\/produit\/les-dynamiques-de-la-rencontre\/","og_site_name":"ISTE Group","article_modified_time":"2024-01-03T13:39:52+00:00","og_image":[{"width":300,"height":450,"url":"https:\/\/www.istegroup.com\/wp-content\/uploads\/2017\/07\/540331193_251545237-1.jpg","type":"image\/jpeg"}],"twitter_card":"summary_large_image","twitter_misc":{"Est. reading time":"1 minute"},"schema":{"@context":"https:\/\/schema.org","@graph":[{"@type":"WebPage","@id":"https:\/\/www.istegroup.com\/fr\/produit\/les-dynamiques-de-la-rencontre\/","url":"https:\/\/www.istegroup.com\/fr\/produit\/les-dynamiques-de-la-rencontre\/","name":"Les dynamiques de la rencontre - ISTE Group","isPartOf":{"@id":"https:\/\/www.istegroup.com\/#website"},"primaryImageOfPage":{"@id":"https:\/\/www.istegroup.com\/fr\/produit\/les-dynamiques-de-la-rencontre\/#primaryimage"},"image":{"@id":"https:\/\/www.istegroup.com\/fr\/produit\/les-dynamiques-de-la-rencontre\/#primaryimage"},"thumbnailUrl":"https:\/\/www.istegroup.com\/wp-content\/uploads\/2017\/07\/540331193_251545237-1.jpg","datePublished":"2017-07-28T10:36:57+00:00","dateModified":"2024-01-03T13:39:52+00:00","description":"L'ouvrage offre un mod\u00e8le qui d\u00e9crit et int\u00e8gre de mani\u00e8re interactive les processus li\u00e9s \u00e0 la communication interpersonnelle ainsi que les processus cognitifs.","breadcrumb":{"@id":"https:\/\/www.istegroup.com\/fr\/produit\/les-dynamiques-de-la-rencontre\/#breadcrumb"},"inLanguage":"en-US","potentialAction":[{"@type":"ReadAction","target":["https:\/\/www.istegroup.com\/fr\/produit\/les-dynamiques-de-la-rencontre\/"]}]},{"@type":"ImageObject","inLanguage":"en-US","@id":"https:\/\/www.istegroup.com\/fr\/produit\/les-dynamiques-de-la-rencontre\/#primaryimage","url":"https:\/\/www.istegroup.com\/wp-content\/uploads\/2017\/07\/540331193_251545237-1.jpg","contentUrl":"https:\/\/www.istegroup.com\/wp-content\/uploads\/2017\/07\/540331193_251545237-1.jpg","width":300,"height":450,"caption":"Les dynamiques de la rencontre"},{"@type":"BreadcrumbList","@id":"https:\/\/www.istegroup.com\/fr\/produit\/les-dynamiques-de-la-rencontre\/#breadcrumb","itemListElement":[{"@type":"ListItem","position":1,"name":"Home","item":"https:\/\/www.istegroup.com\/"},{"@type":"ListItem","position":2,"name":"Shop","item":"https:\/\/www.istegroup.com\/fr\/nouveautes\/"},{"@type":"ListItem","position":3,"name":"Les dynamiques de la rencontre"}]},{"@type":"WebSite","@id":"https:\/\/www.istegroup.com\/#website","url":"https:\/\/www.istegroup.com\/","name":"ISTE Group","description":"Publishing Knowledge","potentialAction":[{"@type":"SearchAction","target":{"@type":"EntryPoint","urlTemplate":"https:\/\/www.istegroup.com\/?s={search_term_string}"},"query-input":{"@type":"PropertyValueSpecification","valueRequired":true,"valueName":"search_term_string"}}],"inLanguage":"en-US"}]}},"_links":{"self":[{"href":"https:\/\/www.istegroup.com\/en\/wp-json\/wp\/v2\/product\/397","targetHints":{"allow":["GET"]}}],"collection":[{"href":"https:\/\/www.istegroup.com\/en\/wp-json\/wp\/v2\/product"}],"about":[{"href":"https:\/\/www.istegroup.com\/en\/wp-json\/wp\/v2\/types\/product"}],"wp:featuredmedia":[{"embeddable":true,"href":"https:\/\/www.istegroup.com\/en\/wp-json\/wp\/v2\/media\/398"}],"wp:attachment":[{"href":"https:\/\/www.istegroup.com\/en\/wp-json\/wp\/v2\/media?parent=397"}],"wp:term":[{"taxonomy":"product_brand","embeddable":true,"href":"https:\/\/www.istegroup.com\/en\/wp-json\/wp\/v2\/product_brand?post=397"},{"taxonomy":"product_cat","embeddable":true,"href":"https:\/\/www.istegroup.com\/en\/wp-json\/wp\/v2\/product_cat?post=397"},{"taxonomy":"product_tag","embeddable":true,"href":"https:\/\/www.istegroup.com\/en\/wp-json\/wp\/v2\/product_tag?post=397"}],"curies":[{"name":"wp","href":"https:\/\/api.w.org\/{rel}","templated":true}]}}