{"id":39387,"date":"2021-05-21T13:58:03","date_gmt":"2021-05-21T12:58:03","guid":{"rendered":"https:\/\/www.istegroup.com\/?post_type=product&#038;p=39387"},"modified":"2024-01-03T13:44:36","modified_gmt":"2024-01-03T13:44:36","slug":"les-enjeux-de-la-securite-au-xxie-siecle","status":"publish","type":"product","link":"https:\/\/www.istegroup.com\/en\/produit\/les-enjeux-de-la-securite-au-xxie-siecle\/","title":{"rendered":"Les enjeux de la s\u00e9curit\u00e9 au XXIe si\u00e8cle"},"content":{"rendered":"<p class=\"qtranxs-available-languages-message qtranxs-available-languages-message-en\">Sorry, this entry is only available in <a href=\"https:\/\/www.istegroup.com\/fr\/wp-json\/wp\/v2\/product\/39387\" class=\"qtranxs-available-language-link qtranxs-available-language-link-fr\" title=\"FR\">FR<\/a>.<\/p>","protected":false},"excerpt":{"rendered":"<p>Sorry, this entry is only available in FR.<\/p>\n","protected":false},"featured_media":39390,"template":"","meta":{"_acf_changed":false,"_links_to":"","_links_to_target":""},"product_brand":[],"product_cat":[3262],"product_tag":[],"class_list":{"0":"post-39387","1":"product","2":"type-product","3":"status-publish","4":"has-post-thumbnail","6":"product_cat-non-classe","8":"first","9":"instock","10":"shipping-taxable","11":"purchasable","12":"product-type-variable"},"acf":[],"yoast_head":"<!-- This site is optimized with the Yoast SEO plugin v27.2 - https:\/\/yoast.com\/product\/yoast-seo-wordpress\/ -->\n<title>Les enjeux de la s\u00e9curit\u00e9 au XXIe si\u00e8cle - ISTE Group<\/title>\n<meta name=\"description\" content=\"Les enjeux de la s\u00e9curit\u00e9 au XXIe si\u00e8cle pr\u00e9sente une analyse juridique et g\u00e9opolitique internationale destin\u00e9e aux \u00e9tudiants et aux chercheurs, mais \u00e9galement \u00e0 tous ceux qui s\u2019int\u00e9ressent au devenir social, \u00e0 l\u2019intelligence artificielle, aux villes intelligentes ou \u00e0 la cryptologie quantique.\" \/>\n<meta name=\"robots\" content=\"index, follow, max-snippet:-1, max-image-preview:large, max-video-preview:-1\" \/>\n<link rel=\"canonical\" href=\"https:\/\/www.istegroup.com\/produit\/les-enjeux-de-la-securite-au-xxie-siecle\/\" \/>\n<meta property=\"og:locale\" content=\"en_US\" \/>\n<meta property=\"og:type\" content=\"article\" \/>\n<meta property=\"og:title\" content=\"Les enjeux de la s\u00e9curit\u00e9 au XXIe si\u00e8cle - ISTE Group\" \/>\n<meta property=\"og:description\" content=\"Les enjeux de la s\u00e9curit\u00e9 au XXIe si\u00e8cle pr\u00e9sente une analyse juridique et g\u00e9opolitique internationale destin\u00e9e aux \u00e9tudiants et aux chercheurs, mais \u00e9galement \u00e0 tous ceux qui s\u2019int\u00e9ressent au devenir social, \u00e0 l\u2019intelligence artificielle, aux villes intelligentes ou \u00e0 la cryptologie quantique.\" \/>\n<meta property=\"og:url\" content=\"https:\/\/www.istegroup.com\/produit\/les-enjeux-de-la-securite-au-xxie-siecle\/\" \/>\n<meta property=\"og:site_name\" content=\"ISTE Group\" \/>\n<meta property=\"article:modified_time\" content=\"2024-01-03T13:44:36+00:00\" \/>\n<meta property=\"og:image\" content=\"https:\/\/www.istegroup.com\/wp-content\/uploads\/2021\/03\/Les-enjeux-de-la-s\u00e9curit\u00e9-au-XXIe-si\u00e8cle.jpg\" \/>\n\t<meta property=\"og:image:width\" content=\"300\" \/>\n\t<meta property=\"og:image:height\" content=\"453\" \/>\n\t<meta property=\"og:image:type\" content=\"image\/jpeg\" \/>\n<meta name=\"twitter:card\" content=\"summary_large_image\" \/>\n<meta name=\"twitter:label1\" content=\"Est. reading time\" \/>\n\t<meta name=\"twitter:data1\" content=\"1 minute\" \/>\n<script type=\"application\/ld+json\" class=\"yoast-schema-graph\">{\"@context\":\"https:\/\/schema.org\",\"@graph\":[{\"@type\":\"WebPage\",\"@id\":\"https:\/\/www.istegroup.com\/produit\/les-enjeux-de-la-securite-au-xxie-siecle\/\",\"url\":\"https:\/\/www.istegroup.com\/produit\/les-enjeux-de-la-securite-au-xxie-siecle\/\",\"name\":\"Les enjeux de la s\u00e9curit\u00e9 au XXIe si\u00e8cle - ISTE Group\",\"isPartOf\":{\"@id\":\"https:\/\/www.istegroup.com\/#website\"},\"primaryImageOfPage\":{\"@id\":\"https:\/\/www.istegroup.com\/produit\/les-enjeux-de-la-securite-au-xxie-siecle\/#primaryimage\"},\"image\":{\"@id\":\"https:\/\/www.istegroup.com\/produit\/les-enjeux-de-la-securite-au-xxie-siecle\/#primaryimage\"},\"thumbnailUrl\":\"https:\/\/www.istegroup.com\/wp-content\/uploads\/2021\/03\/Les-enjeux-de-la-s\u00e9curit\u00e9-au-XXIe-si\u00e8cle.jpg\",\"datePublished\":\"2021-05-21T12:58:03+00:00\",\"dateModified\":\"2024-01-03T13:44:36+00:00\",\"description\":\"Les enjeux de la s\u00e9curit\u00e9 au XXIe si\u00e8cle pr\u00e9sente une analyse juridique et g\u00e9opolitique internationale destin\u00e9e aux \u00e9tudiants et aux chercheurs, mais \u00e9galement \u00e0 tous ceux qui s\u2019int\u00e9ressent au devenir social, \u00e0 l\u2019intelligence artificielle, aux villes intelligentes ou \u00e0 la cryptologie quantique.\",\"breadcrumb\":{\"@id\":\"https:\/\/www.istegroup.com\/produit\/les-enjeux-de-la-securite-au-xxie-siecle\/#breadcrumb\"},\"inLanguage\":\"en-US\",\"potentialAction\":[{\"@type\":\"ReadAction\",\"target\":[\"https:\/\/www.istegroup.com\/produit\/les-enjeux-de-la-securite-au-xxie-siecle\/\"]}]},{\"@type\":\"ImageObject\",\"inLanguage\":\"en-US\",\"@id\":\"https:\/\/www.istegroup.com\/produit\/les-enjeux-de-la-securite-au-xxie-siecle\/#primaryimage\",\"url\":\"https:\/\/www.istegroup.com\/wp-content\/uploads\/2021\/03\/Les-enjeux-de-la-s\u00e9curit\u00e9-au-XXIe-si\u00e8cle.jpg\",\"contentUrl\":\"https:\/\/www.istegroup.com\/wp-content\/uploads\/2021\/03\/Les-enjeux-de-la-s\u00e9curit\u00e9-au-XXIe-si\u00e8cle.jpg\",\"width\":300,\"height\":453,\"caption\":\"Livre scientifique - Les enjeux de la s\u00e9curit\u00e9 au XXIe si\u00e8cle - Claudine Guerrier\"},{\"@type\":\"BreadcrumbList\",\"@id\":\"https:\/\/www.istegroup.com\/produit\/les-enjeux-de-la-securite-au-xxie-siecle\/#breadcrumb\",\"itemListElement\":[{\"@type\":\"ListItem\",\"position\":1,\"name\":\"Home\",\"item\":\"https:\/\/www.istegroup.com\/\"},{\"@type\":\"ListItem\",\"position\":2,\"name\":\"Shop\",\"item\":\"https:\/\/www.istegroup.com\/fr\/nouveautes\/\"},{\"@type\":\"ListItem\",\"position\":3,\"name\":\"Les enjeux de la s\u00e9curit\u00e9 au XXIe si\u00e8cle\"}]},{\"@type\":\"WebSite\",\"@id\":\"https:\/\/www.istegroup.com\/#website\",\"url\":\"https:\/\/www.istegroup.com\/\",\"name\":\"ISTE Group\",\"description\":\"Publishing Knowledge\",\"potentialAction\":[{\"@type\":\"SearchAction\",\"target\":{\"@type\":\"EntryPoint\",\"urlTemplate\":\"https:\/\/www.istegroup.com\/?s={search_term_string}\"},\"query-input\":{\"@type\":\"PropertyValueSpecification\",\"valueRequired\":true,\"valueName\":\"search_term_string\"}}],\"inLanguage\":\"en-US\"}]}<\/script>\n<!-- \/ Yoast SEO plugin. -->","yoast_head_json":{"title":"Les enjeux de la s\u00e9curit\u00e9 au XXIe si\u00e8cle - ISTE Group","description":"Les enjeux de la s\u00e9curit\u00e9 au XXIe si\u00e8cle pr\u00e9sente une analyse juridique et g\u00e9opolitique internationale destin\u00e9e aux \u00e9tudiants et aux chercheurs, mais \u00e9galement \u00e0 tous ceux qui s\u2019int\u00e9ressent au devenir social, \u00e0 l\u2019intelligence artificielle, aux villes intelligentes ou \u00e0 la cryptologie quantique.","robots":{"index":"index","follow":"follow","max-snippet":"max-snippet:-1","max-image-preview":"max-image-preview:large","max-video-preview":"max-video-preview:-1"},"canonical":"https:\/\/www.istegroup.com\/produit\/les-enjeux-de-la-securite-au-xxie-siecle\/","og_locale":"en_US","og_type":"article","og_title":"Les enjeux de la s\u00e9curit\u00e9 au XXIe si\u00e8cle - ISTE Group","og_description":"Les enjeux de la s\u00e9curit\u00e9 au XXIe si\u00e8cle pr\u00e9sente une analyse juridique et g\u00e9opolitique internationale destin\u00e9e aux \u00e9tudiants et aux chercheurs, mais \u00e9galement \u00e0 tous ceux qui s\u2019int\u00e9ressent au devenir social, \u00e0 l\u2019intelligence artificielle, aux villes intelligentes ou \u00e0 la cryptologie quantique.","og_url":"https:\/\/www.istegroup.com\/produit\/les-enjeux-de-la-securite-au-xxie-siecle\/","og_site_name":"ISTE Group","article_modified_time":"2024-01-03T13:44:36+00:00","og_image":[{"width":300,"height":453,"url":"https:\/\/www.istegroup.com\/wp-content\/uploads\/2021\/03\/Les-enjeux-de-la-s\u00e9curit\u00e9-au-XXIe-si\u00e8cle.jpg","type":"image\/jpeg"}],"twitter_card":"summary_large_image","twitter_misc":{"Est. reading time":"1 minute"},"schema":{"@context":"https:\/\/schema.org","@graph":[{"@type":"WebPage","@id":"https:\/\/www.istegroup.com\/produit\/les-enjeux-de-la-securite-au-xxie-siecle\/","url":"https:\/\/www.istegroup.com\/produit\/les-enjeux-de-la-securite-au-xxie-siecle\/","name":"Les enjeux de la s\u00e9curit\u00e9 au XXIe si\u00e8cle - ISTE Group","isPartOf":{"@id":"https:\/\/www.istegroup.com\/#website"},"primaryImageOfPage":{"@id":"https:\/\/www.istegroup.com\/produit\/les-enjeux-de-la-securite-au-xxie-siecle\/#primaryimage"},"image":{"@id":"https:\/\/www.istegroup.com\/produit\/les-enjeux-de-la-securite-au-xxie-siecle\/#primaryimage"},"thumbnailUrl":"https:\/\/www.istegroup.com\/wp-content\/uploads\/2021\/03\/Les-enjeux-de-la-s\u00e9curit\u00e9-au-XXIe-si\u00e8cle.jpg","datePublished":"2021-05-21T12:58:03+00:00","dateModified":"2024-01-03T13:44:36+00:00","description":"Les enjeux de la s\u00e9curit\u00e9 au XXIe si\u00e8cle pr\u00e9sente une analyse juridique et g\u00e9opolitique internationale destin\u00e9e aux \u00e9tudiants et aux chercheurs, mais \u00e9galement \u00e0 tous ceux qui s\u2019int\u00e9ressent au devenir social, \u00e0 l\u2019intelligence artificielle, aux villes intelligentes ou \u00e0 la cryptologie quantique.","breadcrumb":{"@id":"https:\/\/www.istegroup.com\/produit\/les-enjeux-de-la-securite-au-xxie-siecle\/#breadcrumb"},"inLanguage":"en-US","potentialAction":[{"@type":"ReadAction","target":["https:\/\/www.istegroup.com\/produit\/les-enjeux-de-la-securite-au-xxie-siecle\/"]}]},{"@type":"ImageObject","inLanguage":"en-US","@id":"https:\/\/www.istegroup.com\/produit\/les-enjeux-de-la-securite-au-xxie-siecle\/#primaryimage","url":"https:\/\/www.istegroup.com\/wp-content\/uploads\/2021\/03\/Les-enjeux-de-la-s\u00e9curit\u00e9-au-XXIe-si\u00e8cle.jpg","contentUrl":"https:\/\/www.istegroup.com\/wp-content\/uploads\/2021\/03\/Les-enjeux-de-la-s\u00e9curit\u00e9-au-XXIe-si\u00e8cle.jpg","width":300,"height":453,"caption":"Livre scientifique - Les enjeux de la s\u00e9curit\u00e9 au XXIe si\u00e8cle - Claudine Guerrier"},{"@type":"BreadcrumbList","@id":"https:\/\/www.istegroup.com\/produit\/les-enjeux-de-la-securite-au-xxie-siecle\/#breadcrumb","itemListElement":[{"@type":"ListItem","position":1,"name":"Home","item":"https:\/\/www.istegroup.com\/"},{"@type":"ListItem","position":2,"name":"Shop","item":"https:\/\/www.istegroup.com\/fr\/nouveautes\/"},{"@type":"ListItem","position":3,"name":"Les enjeux de la s\u00e9curit\u00e9 au XXIe si\u00e8cle"}]},{"@type":"WebSite","@id":"https:\/\/www.istegroup.com\/#website","url":"https:\/\/www.istegroup.com\/","name":"ISTE Group","description":"Publishing Knowledge","potentialAction":[{"@type":"SearchAction","target":{"@type":"EntryPoint","urlTemplate":"https:\/\/www.istegroup.com\/?s={search_term_string}"},"query-input":{"@type":"PropertyValueSpecification","valueRequired":true,"valueName":"search_term_string"}}],"inLanguage":"en-US"}]}},"_links":{"self":[{"href":"https:\/\/www.istegroup.com\/en\/wp-json\/wp\/v2\/product\/39387","targetHints":{"allow":["GET"]}}],"collection":[{"href":"https:\/\/www.istegroup.com\/en\/wp-json\/wp\/v2\/product"}],"about":[{"href":"https:\/\/www.istegroup.com\/en\/wp-json\/wp\/v2\/types\/product"}],"wp:featuredmedia":[{"embeddable":true,"href":"https:\/\/www.istegroup.com\/en\/wp-json\/wp\/v2\/media\/39390"}],"wp:attachment":[{"href":"https:\/\/www.istegroup.com\/en\/wp-json\/wp\/v2\/media?parent=39387"}],"wp:term":[{"taxonomy":"product_brand","embeddable":true,"href":"https:\/\/www.istegroup.com\/en\/wp-json\/wp\/v2\/product_brand?post=39387"},{"taxonomy":"product_cat","embeddable":true,"href":"https:\/\/www.istegroup.com\/en\/wp-json\/wp\/v2\/product_cat?post=39387"},{"taxonomy":"product_tag","embeddable":true,"href":"https:\/\/www.istegroup.com\/en\/wp-json\/wp\/v2\/product_tag?post=39387"}],"curies":[{"name":"wp","href":"https:\/\/api.w.org\/{rel}","templated":true}]}}