{"id":39357,"date":"2021-05-20T11:33:04","date_gmt":"2021-05-20T10:33:04","guid":{"rendered":"https:\/\/www.istegroup.com\/?post_type=product&#038;p=39357"},"modified":"2024-01-03T13:44:35","modified_gmt":"2024-01-03T13:44:35","slug":"arts-de-la-scene-et-humanites-numeriques","status":"publish","type":"product","link":"https:\/\/www.istegroup.com\/en\/produit\/arts-de-la-scene-et-humanites-numeriques\/","title":{"rendered":"Arts de la sc\u00e8ne et humanit\u00e9s num\u00e9riques"},"content":{"rendered":"<p class=\"qtranxs-available-languages-message qtranxs-available-languages-message-en\">Sorry, this entry is only available in <a href=\"https:\/\/www.istegroup.com\/fr\/wp-json\/wp\/v2\/product\/39357\" class=\"qtranxs-available-language-link qtranxs-available-language-link-fr\" title=\"FR\">FR<\/a>.<\/p>","protected":false},"excerpt":{"rendered":"<p>Sorry, this entry is only available in FR.<\/p>\n","protected":false},"featured_media":39361,"template":"","meta":{"_acf_changed":false,"_links_to":"","_links_to_target":""},"product_brand":[],"product_cat":[3262],"product_tag":[],"class_list":{"0":"post-39357","1":"product","2":"type-product","3":"status-publish","4":"has-post-thumbnail","6":"product_cat-non-classe","8":"first","9":"instock","10":"shipping-taxable","11":"purchasable","12":"product-type-variable"},"acf":[],"yoast_head":"<!-- This site is optimized with the Yoast SEO plugin v27.2 - https:\/\/yoast.com\/product\/yoast-seo-wordpress\/ -->\n<title>Arts de la sc\u00e8ne et humanit\u00e9s num\u00e9riques - ISTE Group<\/title>\n<meta name=\"description\" content=\"Avec pour fil conducteur l\u2019analyse des traces num\u00e9riques de Merce Cunningham, et au travers de nombreux autres exemples, cet ouvrage s\u2019adresse autant aux chercheurs et aux archivistes qu\u2019aux artistes et aux institutions culturelles.\" \/>\n<meta name=\"robots\" content=\"index, follow, max-snippet:-1, max-image-preview:large, max-video-preview:-1\" \/>\n<link rel=\"canonical\" href=\"https:\/\/www.istegroup.com\/produit\/arts-de-la-scene-et-humanites-numeriques\/\" \/>\n<meta property=\"og:locale\" content=\"en_US\" \/>\n<meta property=\"og:type\" content=\"article\" \/>\n<meta property=\"og:title\" content=\"Arts de la sc\u00e8ne et humanit\u00e9s num\u00e9riques - ISTE Group\" \/>\n<meta property=\"og:description\" content=\"Avec pour fil conducteur l\u2019analyse des traces num\u00e9riques de Merce Cunningham, et au travers de nombreux autres exemples, cet ouvrage s\u2019adresse autant aux chercheurs et aux archivistes qu\u2019aux artistes et aux institutions culturelles.\" \/>\n<meta property=\"og:url\" content=\"https:\/\/www.istegroup.com\/produit\/arts-de-la-scene-et-humanites-numeriques\/\" \/>\n<meta property=\"og:site_name\" content=\"ISTE Group\" \/>\n<meta property=\"article:modified_time\" content=\"2024-01-03T13:44:35+00:00\" \/>\n<meta property=\"og:image\" content=\"https:\/\/www.istegroup.com\/wp-content\/uploads\/2021\/03\/Arts-de-la-sc\u00e8ne-et-humanit\u00e9s-num\u00e9riques.jpg\" \/>\n\t<meta property=\"og:image:width\" content=\"300\" \/>\n\t<meta property=\"og:image:height\" content=\"453\" \/>\n\t<meta property=\"og:image:type\" content=\"image\/jpeg\" \/>\n<meta name=\"twitter:card\" content=\"summary_large_image\" \/>\n<meta name=\"twitter:label1\" content=\"Est. reading time\" \/>\n\t<meta name=\"twitter:data1\" content=\"1 minute\" \/>\n<script type=\"application\/ld+json\" class=\"yoast-schema-graph\">{\"@context\":\"https:\/\/schema.org\",\"@graph\":[{\"@type\":\"WebPage\",\"@id\":\"https:\/\/www.istegroup.com\/produit\/arts-de-la-scene-et-humanites-numeriques\/\",\"url\":\"https:\/\/www.istegroup.com\/produit\/arts-de-la-scene-et-humanites-numeriques\/\",\"name\":\"Arts de la sc\u00e8ne et humanit\u00e9s num\u00e9riques - ISTE Group\",\"isPartOf\":{\"@id\":\"https:\/\/www.istegroup.com\/#website\"},\"primaryImageOfPage\":{\"@id\":\"https:\/\/www.istegroup.com\/produit\/arts-de-la-scene-et-humanites-numeriques\/#primaryimage\"},\"image\":{\"@id\":\"https:\/\/www.istegroup.com\/produit\/arts-de-la-scene-et-humanites-numeriques\/#primaryimage\"},\"thumbnailUrl\":\"https:\/\/www.istegroup.com\/wp-content\/uploads\/2021\/03\/Arts-de-la-sc\u00e8ne-et-humanit\u00e9s-num\u00e9riques.jpg\",\"datePublished\":\"2021-05-20T10:33:04+00:00\",\"dateModified\":\"2024-01-03T13:44:35+00:00\",\"description\":\"Avec pour fil conducteur l\u2019analyse des traces num\u00e9riques de Merce Cunningham, et au travers de nombreux autres exemples, cet ouvrage s\u2019adresse autant aux chercheurs et aux archivistes qu\u2019aux artistes et aux institutions culturelles.\",\"breadcrumb\":{\"@id\":\"https:\/\/www.istegroup.com\/produit\/arts-de-la-scene-et-humanites-numeriques\/#breadcrumb\"},\"inLanguage\":\"en-US\",\"potentialAction\":[{\"@type\":\"ReadAction\",\"target\":[\"https:\/\/www.istegroup.com\/produit\/arts-de-la-scene-et-humanites-numeriques\/\"]}]},{\"@type\":\"ImageObject\",\"inLanguage\":\"en-US\",\"@id\":\"https:\/\/www.istegroup.com\/produit\/arts-de-la-scene-et-humanites-numeriques\/#primaryimage\",\"url\":\"https:\/\/www.istegroup.com\/wp-content\/uploads\/2021\/03\/Arts-de-la-sc\u00e8ne-et-humanit\u00e9s-num\u00e9riques.jpg\",\"contentUrl\":\"https:\/\/www.istegroup.com\/wp-content\/uploads\/2021\/03\/Arts-de-la-sc\u00e8ne-et-humanit\u00e9s-num\u00e9riques.jpg\",\"width\":300,\"height\":453,\"caption\":\"Livre scientifique - Arts de la sc\u00e8ne et humanit\u00e9s num\u00e9riques - Clarisse Bardiot\"},{\"@type\":\"BreadcrumbList\",\"@id\":\"https:\/\/www.istegroup.com\/produit\/arts-de-la-scene-et-humanites-numeriques\/#breadcrumb\",\"itemListElement\":[{\"@type\":\"ListItem\",\"position\":1,\"name\":\"Home\",\"item\":\"https:\/\/www.istegroup.com\/\"},{\"@type\":\"ListItem\",\"position\":2,\"name\":\"Shop\",\"item\":\"https:\/\/www.istegroup.com\/fr\/nouveautes\/\"},{\"@type\":\"ListItem\",\"position\":3,\"name\":\"Arts de la sc\u00e8ne et humanit\u00e9s num\u00e9riques\"}]},{\"@type\":\"WebSite\",\"@id\":\"https:\/\/www.istegroup.com\/#website\",\"url\":\"https:\/\/www.istegroup.com\/\",\"name\":\"ISTE Group\",\"description\":\"Publishing Knowledge\",\"potentialAction\":[{\"@type\":\"SearchAction\",\"target\":{\"@type\":\"EntryPoint\",\"urlTemplate\":\"https:\/\/www.istegroup.com\/?s={search_term_string}\"},\"query-input\":{\"@type\":\"PropertyValueSpecification\",\"valueRequired\":true,\"valueName\":\"search_term_string\"}}],\"inLanguage\":\"en-US\"}]}<\/script>\n<!-- \/ Yoast SEO plugin. -->","yoast_head_json":{"title":"Arts de la sc\u00e8ne et humanit\u00e9s num\u00e9riques - ISTE Group","description":"Avec pour fil conducteur l\u2019analyse des traces num\u00e9riques de Merce Cunningham, et au travers de nombreux autres exemples, cet ouvrage s\u2019adresse autant aux chercheurs et aux archivistes qu\u2019aux artistes et aux institutions culturelles.","robots":{"index":"index","follow":"follow","max-snippet":"max-snippet:-1","max-image-preview":"max-image-preview:large","max-video-preview":"max-video-preview:-1"},"canonical":"https:\/\/www.istegroup.com\/produit\/arts-de-la-scene-et-humanites-numeriques\/","og_locale":"en_US","og_type":"article","og_title":"Arts de la sc\u00e8ne et humanit\u00e9s num\u00e9riques - ISTE Group","og_description":"Avec pour fil conducteur l\u2019analyse des traces num\u00e9riques de Merce Cunningham, et au travers de nombreux autres exemples, cet ouvrage s\u2019adresse autant aux chercheurs et aux archivistes qu\u2019aux artistes et aux institutions culturelles.","og_url":"https:\/\/www.istegroup.com\/produit\/arts-de-la-scene-et-humanites-numeriques\/","og_site_name":"ISTE Group","article_modified_time":"2024-01-03T13:44:35+00:00","og_image":[{"width":300,"height":453,"url":"https:\/\/www.istegroup.com\/wp-content\/uploads\/2021\/03\/Arts-de-la-sc\u00e8ne-et-humanit\u00e9s-num\u00e9riques.jpg","type":"image\/jpeg"}],"twitter_card":"summary_large_image","twitter_misc":{"Est. reading time":"1 minute"},"schema":{"@context":"https:\/\/schema.org","@graph":[{"@type":"WebPage","@id":"https:\/\/www.istegroup.com\/produit\/arts-de-la-scene-et-humanites-numeriques\/","url":"https:\/\/www.istegroup.com\/produit\/arts-de-la-scene-et-humanites-numeriques\/","name":"Arts de la sc\u00e8ne et humanit\u00e9s num\u00e9riques - ISTE Group","isPartOf":{"@id":"https:\/\/www.istegroup.com\/#website"},"primaryImageOfPage":{"@id":"https:\/\/www.istegroup.com\/produit\/arts-de-la-scene-et-humanites-numeriques\/#primaryimage"},"image":{"@id":"https:\/\/www.istegroup.com\/produit\/arts-de-la-scene-et-humanites-numeriques\/#primaryimage"},"thumbnailUrl":"https:\/\/www.istegroup.com\/wp-content\/uploads\/2021\/03\/Arts-de-la-sc\u00e8ne-et-humanit\u00e9s-num\u00e9riques.jpg","datePublished":"2021-05-20T10:33:04+00:00","dateModified":"2024-01-03T13:44:35+00:00","description":"Avec pour fil conducteur l\u2019analyse des traces num\u00e9riques de Merce Cunningham, et au travers de nombreux autres exemples, cet ouvrage s\u2019adresse autant aux chercheurs et aux archivistes qu\u2019aux artistes et aux institutions culturelles.","breadcrumb":{"@id":"https:\/\/www.istegroup.com\/produit\/arts-de-la-scene-et-humanites-numeriques\/#breadcrumb"},"inLanguage":"en-US","potentialAction":[{"@type":"ReadAction","target":["https:\/\/www.istegroup.com\/produit\/arts-de-la-scene-et-humanites-numeriques\/"]}]},{"@type":"ImageObject","inLanguage":"en-US","@id":"https:\/\/www.istegroup.com\/produit\/arts-de-la-scene-et-humanites-numeriques\/#primaryimage","url":"https:\/\/www.istegroup.com\/wp-content\/uploads\/2021\/03\/Arts-de-la-sc\u00e8ne-et-humanit\u00e9s-num\u00e9riques.jpg","contentUrl":"https:\/\/www.istegroup.com\/wp-content\/uploads\/2021\/03\/Arts-de-la-sc\u00e8ne-et-humanit\u00e9s-num\u00e9riques.jpg","width":300,"height":453,"caption":"Livre scientifique - Arts de la sc\u00e8ne et humanit\u00e9s num\u00e9riques - Clarisse Bardiot"},{"@type":"BreadcrumbList","@id":"https:\/\/www.istegroup.com\/produit\/arts-de-la-scene-et-humanites-numeriques\/#breadcrumb","itemListElement":[{"@type":"ListItem","position":1,"name":"Home","item":"https:\/\/www.istegroup.com\/"},{"@type":"ListItem","position":2,"name":"Shop","item":"https:\/\/www.istegroup.com\/fr\/nouveautes\/"},{"@type":"ListItem","position":3,"name":"Arts de la sc\u00e8ne et humanit\u00e9s num\u00e9riques"}]},{"@type":"WebSite","@id":"https:\/\/www.istegroup.com\/#website","url":"https:\/\/www.istegroup.com\/","name":"ISTE Group","description":"Publishing Knowledge","potentialAction":[{"@type":"SearchAction","target":{"@type":"EntryPoint","urlTemplate":"https:\/\/www.istegroup.com\/?s={search_term_string}"},"query-input":{"@type":"PropertyValueSpecification","valueRequired":true,"valueName":"search_term_string"}}],"inLanguage":"en-US"}]}},"_links":{"self":[{"href":"https:\/\/www.istegroup.com\/en\/wp-json\/wp\/v2\/product\/39357","targetHints":{"allow":["GET"]}}],"collection":[{"href":"https:\/\/www.istegroup.com\/en\/wp-json\/wp\/v2\/product"}],"about":[{"href":"https:\/\/www.istegroup.com\/en\/wp-json\/wp\/v2\/types\/product"}],"wp:featuredmedia":[{"embeddable":true,"href":"https:\/\/www.istegroup.com\/en\/wp-json\/wp\/v2\/media\/39361"}],"wp:attachment":[{"href":"https:\/\/www.istegroup.com\/en\/wp-json\/wp\/v2\/media?parent=39357"}],"wp:term":[{"taxonomy":"product_brand","embeddable":true,"href":"https:\/\/www.istegroup.com\/en\/wp-json\/wp\/v2\/product_brand?post=39357"},{"taxonomy":"product_cat","embeddable":true,"href":"https:\/\/www.istegroup.com\/en\/wp-json\/wp\/v2\/product_cat?post=39357"},{"taxonomy":"product_tag","embeddable":true,"href":"https:\/\/www.istegroup.com\/en\/wp-json\/wp\/v2\/product_tag?post=39357"}],"curies":[{"name":"wp","href":"https:\/\/api.w.org\/{rel}","templated":true}]}}