{"id":39335,"date":"2021-05-21T14:08:48","date_gmt":"2021-05-21T13:08:48","guid":{"rendered":"https:\/\/www.istegroup.com\/?post_type=product&#038;p=39335"},"modified":"2024-01-03T13:44:35","modified_gmt":"2024-01-03T13:44:35","slug":"linnovation-au-service-de-la-societe","status":"publish","type":"product","link":"https:\/\/www.istegroup.com\/en\/produit\/linnovation-au-service-de-la-societe\/","title":{"rendered":"L\u2019innovation au service de la soci\u00e9t\u00e9"},"content":{"rendered":"<p class=\"qtranxs-available-languages-message qtranxs-available-languages-message-en\">Sorry, this entry is only available in <a href=\"https:\/\/www.istegroup.com\/fr\/wp-json\/wp\/v2\/product\/39335\" class=\"qtranxs-available-language-link qtranxs-available-language-link-fr\" title=\"FR\">FR<\/a>.<\/p>","protected":false},"excerpt":{"rendered":"<p>Sorry, this entry is only available in FR.<\/p>\n","protected":false},"featured_media":39349,"template":"","meta":{"_acf_changed":false,"_links_to":"","_links_to_target":""},"product_brand":[],"product_cat":[3262],"product_tag":[],"class_list":{"0":"post-39335","1":"product","2":"type-product","3":"status-publish","4":"has-post-thumbnail","6":"product_cat-non-classe","8":"first","9":"instock","10":"shipping-taxable","11":"purchasable","12":"product-type-variable"},"acf":[],"yoast_head":"<!-- This site is optimized with the Yoast SEO plugin v27.2 - https:\/\/yoast.com\/product\/yoast-seo-wordpress\/ -->\n<title>L\u2019innovation au service de la soci\u00e9t\u00e9 - ISTE Group<\/title>\n<meta name=\"description\" content=\"Cet ouvrage introduit ainsi une approche appel\u00e9e \u00ab Penser le sens de l\u2019innovation \u00bb (P.S.I.) comprenant un ensemble d\u2019outils issus des sciences humaines et sociales comme l\u2019observation, la cartographie, la cr\u00e9ativit\u00e9, la narration, etc.\" \/>\n<meta name=\"robots\" content=\"index, follow, max-snippet:-1, max-image-preview:large, max-video-preview:-1\" \/>\n<link rel=\"canonical\" href=\"https:\/\/www.istegroup.com\/produit\/linnovation-au-service-de-la-societe\/\" \/>\n<meta property=\"og:locale\" content=\"en_US\" \/>\n<meta property=\"og:type\" content=\"article\" \/>\n<meta property=\"og:title\" content=\"L\u2019innovation au service de la soci\u00e9t\u00e9 - ISTE Group\" \/>\n<meta property=\"og:description\" content=\"Cet ouvrage introduit ainsi une approche appel\u00e9e \u00ab Penser le sens de l\u2019innovation \u00bb (P.S.I.) comprenant un ensemble d\u2019outils issus des sciences humaines et sociales comme l\u2019observation, la cartographie, la cr\u00e9ativit\u00e9, la narration, etc.\" \/>\n<meta property=\"og:url\" content=\"https:\/\/www.istegroup.com\/produit\/linnovation-au-service-de-la-societe\/\" \/>\n<meta property=\"og:site_name\" content=\"ISTE Group\" \/>\n<meta property=\"article:modified_time\" content=\"2024-01-03T13:44:35+00:00\" \/>\n<meta property=\"og:image\" content=\"https:\/\/www.istegroup.com\/wp-content\/uploads\/2021\/03\/Linnovation-au-service-de-la-soci\u00e9t\u00e9.jpg\" \/>\n\t<meta property=\"og:image:width\" content=\"300\" \/>\n\t<meta property=\"og:image:height\" content=\"452\" \/>\n\t<meta property=\"og:image:type\" content=\"image\/jpeg\" \/>\n<meta name=\"twitter:card\" content=\"summary_large_image\" \/>\n<meta name=\"twitter:label1\" content=\"Est. reading time\" \/>\n\t<meta name=\"twitter:data1\" content=\"1 minute\" \/>\n<script type=\"application\/ld+json\" class=\"yoast-schema-graph\">{\"@context\":\"https:\/\/schema.org\",\"@graph\":[{\"@type\":\"WebPage\",\"@id\":\"https:\/\/www.istegroup.com\/produit\/linnovation-au-service-de-la-societe\/\",\"url\":\"https:\/\/www.istegroup.com\/produit\/linnovation-au-service-de-la-societe\/\",\"name\":\"L\u2019innovation au service de la soci\u00e9t\u00e9 - ISTE Group\",\"isPartOf\":{\"@id\":\"https:\/\/www.istegroup.com\/#website\"},\"primaryImageOfPage\":{\"@id\":\"https:\/\/www.istegroup.com\/produit\/linnovation-au-service-de-la-societe\/#primaryimage\"},\"image\":{\"@id\":\"https:\/\/www.istegroup.com\/produit\/linnovation-au-service-de-la-societe\/#primaryimage\"},\"thumbnailUrl\":\"https:\/\/www.istegroup.com\/wp-content\/uploads\/2021\/03\/Linnovation-au-service-de-la-soci\u00e9t\u00e9.jpg\",\"datePublished\":\"2021-05-21T13:08:48+00:00\",\"dateModified\":\"2024-01-03T13:44:35+00:00\",\"description\":\"Cet ouvrage introduit ainsi une approche appel\u00e9e \u00ab Penser le sens de l\u2019innovation \u00bb (P.S.I.) comprenant un ensemble d\u2019outils issus des sciences humaines et sociales comme l\u2019observation, la cartographie, la cr\u00e9ativit\u00e9, la narration, etc.\",\"breadcrumb\":{\"@id\":\"https:\/\/www.istegroup.com\/produit\/linnovation-au-service-de-la-societe\/#breadcrumb\"},\"inLanguage\":\"en-US\",\"potentialAction\":[{\"@type\":\"ReadAction\",\"target\":[\"https:\/\/www.istegroup.com\/produit\/linnovation-au-service-de-la-societe\/\"]}]},{\"@type\":\"ImageObject\",\"inLanguage\":\"en-US\",\"@id\":\"https:\/\/www.istegroup.com\/produit\/linnovation-au-service-de-la-societe\/#primaryimage\",\"url\":\"https:\/\/www.istegroup.com\/wp-content\/uploads\/2021\/03\/Linnovation-au-service-de-la-soci\u00e9t\u00e9.jpg\",\"contentUrl\":\"https:\/\/www.istegroup.com\/wp-content\/uploads\/2021\/03\/Linnovation-au-service-de-la-soci\u00e9t\u00e9.jpg\",\"width\":300,\"height\":452,\"caption\":\"Livre scientifique - L'innovation au service de la soci\u00e9t\u00e9 - Marianne Chouteau, Jo\u00eblle Forest et C\u00e9line Nguyen\"},{\"@type\":\"BreadcrumbList\",\"@id\":\"https:\/\/www.istegroup.com\/produit\/linnovation-au-service-de-la-societe\/#breadcrumb\",\"itemListElement\":[{\"@type\":\"ListItem\",\"position\":1,\"name\":\"Home\",\"item\":\"https:\/\/www.istegroup.com\/\"},{\"@type\":\"ListItem\",\"position\":2,\"name\":\"Shop\",\"item\":\"https:\/\/www.istegroup.com\/fr\/nouveautes\/\"},{\"@type\":\"ListItem\",\"position\":3,\"name\":\"L\u2019innovation au service de la soci\u00e9t\u00e9\"}]},{\"@type\":\"WebSite\",\"@id\":\"https:\/\/www.istegroup.com\/#website\",\"url\":\"https:\/\/www.istegroup.com\/\",\"name\":\"ISTE Group\",\"description\":\"Publishing Knowledge\",\"potentialAction\":[{\"@type\":\"SearchAction\",\"target\":{\"@type\":\"EntryPoint\",\"urlTemplate\":\"https:\/\/www.istegroup.com\/?s={search_term_string}\"},\"query-input\":{\"@type\":\"PropertyValueSpecification\",\"valueRequired\":true,\"valueName\":\"search_term_string\"}}],\"inLanguage\":\"en-US\"}]}<\/script>\n<!-- \/ Yoast SEO plugin. -->","yoast_head_json":{"title":"L\u2019innovation au service de la soci\u00e9t\u00e9 - ISTE Group","description":"Cet ouvrage introduit ainsi une approche appel\u00e9e \u00ab Penser le sens de l\u2019innovation \u00bb (P.S.I.) comprenant un ensemble d\u2019outils issus des sciences humaines et sociales comme l\u2019observation, la cartographie, la cr\u00e9ativit\u00e9, la narration, etc.","robots":{"index":"index","follow":"follow","max-snippet":"max-snippet:-1","max-image-preview":"max-image-preview:large","max-video-preview":"max-video-preview:-1"},"canonical":"https:\/\/www.istegroup.com\/produit\/linnovation-au-service-de-la-societe\/","og_locale":"en_US","og_type":"article","og_title":"L\u2019innovation au service de la soci\u00e9t\u00e9 - ISTE Group","og_description":"Cet ouvrage introduit ainsi une approche appel\u00e9e \u00ab Penser le sens de l\u2019innovation \u00bb (P.S.I.) comprenant un ensemble d\u2019outils issus des sciences humaines et sociales comme l\u2019observation, la cartographie, la cr\u00e9ativit\u00e9, la narration, etc.","og_url":"https:\/\/www.istegroup.com\/produit\/linnovation-au-service-de-la-societe\/","og_site_name":"ISTE Group","article_modified_time":"2024-01-03T13:44:35+00:00","og_image":[{"width":300,"height":452,"url":"https:\/\/www.istegroup.com\/wp-content\/uploads\/2021\/03\/Linnovation-au-service-de-la-soci\u00e9t\u00e9.jpg","type":"image\/jpeg"}],"twitter_card":"summary_large_image","twitter_misc":{"Est. reading time":"1 minute"},"schema":{"@context":"https:\/\/schema.org","@graph":[{"@type":"WebPage","@id":"https:\/\/www.istegroup.com\/produit\/linnovation-au-service-de-la-societe\/","url":"https:\/\/www.istegroup.com\/produit\/linnovation-au-service-de-la-societe\/","name":"L\u2019innovation au service de la soci\u00e9t\u00e9 - ISTE Group","isPartOf":{"@id":"https:\/\/www.istegroup.com\/#website"},"primaryImageOfPage":{"@id":"https:\/\/www.istegroup.com\/produit\/linnovation-au-service-de-la-societe\/#primaryimage"},"image":{"@id":"https:\/\/www.istegroup.com\/produit\/linnovation-au-service-de-la-societe\/#primaryimage"},"thumbnailUrl":"https:\/\/www.istegroup.com\/wp-content\/uploads\/2021\/03\/Linnovation-au-service-de-la-soci\u00e9t\u00e9.jpg","datePublished":"2021-05-21T13:08:48+00:00","dateModified":"2024-01-03T13:44:35+00:00","description":"Cet ouvrage introduit ainsi une approche appel\u00e9e \u00ab Penser le sens de l\u2019innovation \u00bb (P.S.I.) comprenant un ensemble d\u2019outils issus des sciences humaines et sociales comme l\u2019observation, la cartographie, la cr\u00e9ativit\u00e9, la narration, etc.","breadcrumb":{"@id":"https:\/\/www.istegroup.com\/produit\/linnovation-au-service-de-la-societe\/#breadcrumb"},"inLanguage":"en-US","potentialAction":[{"@type":"ReadAction","target":["https:\/\/www.istegroup.com\/produit\/linnovation-au-service-de-la-societe\/"]}]},{"@type":"ImageObject","inLanguage":"en-US","@id":"https:\/\/www.istegroup.com\/produit\/linnovation-au-service-de-la-societe\/#primaryimage","url":"https:\/\/www.istegroup.com\/wp-content\/uploads\/2021\/03\/Linnovation-au-service-de-la-soci\u00e9t\u00e9.jpg","contentUrl":"https:\/\/www.istegroup.com\/wp-content\/uploads\/2021\/03\/Linnovation-au-service-de-la-soci\u00e9t\u00e9.jpg","width":300,"height":452,"caption":"Livre scientifique - L'innovation au service de la soci\u00e9t\u00e9 - Marianne Chouteau, Jo\u00eblle Forest et C\u00e9line Nguyen"},{"@type":"BreadcrumbList","@id":"https:\/\/www.istegroup.com\/produit\/linnovation-au-service-de-la-societe\/#breadcrumb","itemListElement":[{"@type":"ListItem","position":1,"name":"Home","item":"https:\/\/www.istegroup.com\/"},{"@type":"ListItem","position":2,"name":"Shop","item":"https:\/\/www.istegroup.com\/fr\/nouveautes\/"},{"@type":"ListItem","position":3,"name":"L\u2019innovation au service de la soci\u00e9t\u00e9"}]},{"@type":"WebSite","@id":"https:\/\/www.istegroup.com\/#website","url":"https:\/\/www.istegroup.com\/","name":"ISTE Group","description":"Publishing Knowledge","potentialAction":[{"@type":"SearchAction","target":{"@type":"EntryPoint","urlTemplate":"https:\/\/www.istegroup.com\/?s={search_term_string}"},"query-input":{"@type":"PropertyValueSpecification","valueRequired":true,"valueName":"search_term_string"}}],"inLanguage":"en-US"}]}},"_links":{"self":[{"href":"https:\/\/www.istegroup.com\/en\/wp-json\/wp\/v2\/product\/39335","targetHints":{"allow":["GET"]}}],"collection":[{"href":"https:\/\/www.istegroup.com\/en\/wp-json\/wp\/v2\/product"}],"about":[{"href":"https:\/\/www.istegroup.com\/en\/wp-json\/wp\/v2\/types\/product"}],"wp:featuredmedia":[{"embeddable":true,"href":"https:\/\/www.istegroup.com\/en\/wp-json\/wp\/v2\/media\/39349"}],"wp:attachment":[{"href":"https:\/\/www.istegroup.com\/en\/wp-json\/wp\/v2\/media?parent=39335"}],"wp:term":[{"taxonomy":"product_brand","embeddable":true,"href":"https:\/\/www.istegroup.com\/en\/wp-json\/wp\/v2\/product_brand?post=39335"},{"taxonomy":"product_cat","embeddable":true,"href":"https:\/\/www.istegroup.com\/en\/wp-json\/wp\/v2\/product_cat?post=39335"},{"taxonomy":"product_tag","embeddable":true,"href":"https:\/\/www.istegroup.com\/en\/wp-json\/wp\/v2\/product_tag?post=39335"}],"curies":[{"name":"wp","href":"https:\/\/api.w.org\/{rel}","templated":true}]}}