{"id":389,"date":"2017-07-28T12:36:37","date_gmt":"2017-07-28T10:36:37","guid":{"rendered":"https:\/\/iste.yhello.co\/product\/les-actionneurs-aeronautiques-1\/"},"modified":"2026-05-07T15:37:53","modified_gmt":"2026-05-07T14:37:53","slug":"les-actionneurs-aeronautiques-1","status":"publish","type":"product","link":"https:\/\/www.istegroup.com\/en\/produit\/les-actionneurs-aeronautiques-1\/","title":{"rendered":"Les actionneurs a\u00e9ronautiques 1"},"content":{"rendered":"<p>Cette s\u00e9rie de trois ouvrages traite des actionneurs a\u00e9ronautiques selon une vision syst\u00e8me centr\u00e9e sur les besoins et les architectures (fonctionnelles, conceptuelles et technologiques). Au-del\u00e0 des concepts et de leur mise en \u0153uvre, l\u2019accent est mis sur les imperfections technologiques, la fiabilit\u00e9 et les ordres de grandeur num\u00e9riques.<\/p>\n<p>Ce premier volume fait tout d\u2019abord le point sur des consid\u00e9rations g\u00e9n\u00e9rales li\u00e9es aux actionneurs, en particulier les besoins et les applications, et s\u2019int\u00e9resse \u00e0 la fiabilit\u00e9, qui impacte fortement les choix d\u2019architectures. Il se concentre ensuite sur les actionneurs \u00e0 source de puissance hydraulique, passant successivement en revue la fonction de vecteur d\u2019\u00e9nergie r\u00e9alis\u00e9e par le fluide hydraulique et son conditionnement, les fonctions de transformation, de dosage et de gestion de la puissance, et enfin l\u2019int\u00e9gration de ces syst\u00e8mes hydrauliques. Les exemples concernent les commandes de vol, les atterrisseurs et les moteurs des avions, des h\u00e9licopt\u00e8res et des lanceurs pour les applications commerciales, civiles ou militaires.<\/p>\n","protected":false},"excerpt":{"rendered":"<p class=\"qtranxs-available-languages-message qtranxs-available-languages-message-en\">Sorry, this entry is only available in <a href=\"https:\/\/www.istegroup.com\/fr\/wp-json\/wp\/v2\/product\/389\" class=\"qtranxs-available-language-link qtranxs-available-language-link-fr\" title=\"FR\">FR<\/a>.<\/p>\n","protected":false},"featured_media":390,"template":"","meta":{"_acf_changed":false,"_links_to":"","_links_to_target":""},"product_brand":[],"product_cat":[675,708],"product_tag":[1671,1672,1674,1675,1673,31,196,299,1676,1677,1678,197,198,199,21,200,22,46,201,1679,203,204,63,25,172,209,161,212,38,192,145,28,1159,1680,1681,253,262],"class_list":{"0":"post-389","1":"product","2":"type-product","3":"status-publish","4":"has-post-thumbnail","6":"product_cat-nouveauts-12519446","7":"product_cat-systmes-et-gnie-industriel-11476925","8":"product_tag-actionneurs","9":"product_tag-actionneurs-aeronautiques","10":"product_tag-aeronautique","11":"product_tag-aeronautiques","12":"product_tag-architecture","13":"product_tag-ebook","14":"product_tag-ebooks","15":"product_tag-fluides","16":"product_tag-hydraulique","17":"product_tag-hydromecanique","18":"product_tag-integration-geometrique","19":"product_tag-iste","20":"product_tag-iste-edition","21":"product_tag-iste-editions","22":"product_tag-iste-group","23":"product_tag-isteedition","24":"product_tag-istegroup","25":"product_tag-jean-charles-mare","26":"product_tag-kindle","27":"product_tag-les-actionneurs-aeronautiques","28":"product_tag-liseuse","29":"product_tag-livre","30":"product_tag-livre-electronique","31":"product_tag-livre-numerique","32":"product_tag-livre-scientifique","33":"product_tag-livres-scientifiques","34":"product_tag-mecanique","35":"product_tag-ouvrage","36":"product_tag-ouvrage-numerique","37":"product_tag-ouvrage-science","38":"product_tag-ouvrage-scientifique","39":"product_tag-ouvrage-scientifique-francais","40":"product_tag-puissance","41":"product_tag-systeme","42":"product_tag-systemes-hydrauliques","43":"product_tag-technologie","44":"product_tag-technologies","46":"first","47":"instock","48":"shipping-taxable","49":"purchasable","50":"product-type-variable"},"acf":[],"yoast_head":"<!-- This site is optimized with the Yoast SEO plugin v27.2 - https:\/\/yoast.com\/product\/yoast-seo-wordpress\/ -->\n<title>Les actionneurs a\u00e9ronautiques 1 - ISTE Group<\/title>\n<meta name=\"description\" content=\"L&#039;ouvrage fait le point sur des consid\u00e9rations g\u00e9n\u00e9rales li\u00e9es aux actionneurs et s\u2019int\u00e9resse \u00e0 la fiabilit\u00e9 qui impacte les choix d\u2019architectures.\" \/>\n<meta name=\"robots\" content=\"index, follow, max-snippet:-1, max-image-preview:large, max-video-preview:-1\" \/>\n<link rel=\"canonical\" href=\"https:\/\/www.istegroup.com\/produit\/les-actionneurs-aeronautiques-1\/\" \/>\n<meta property=\"og:locale\" content=\"en_US\" \/>\n<meta property=\"og:type\" content=\"article\" \/>\n<meta property=\"og:title\" content=\"Les actionneurs a\u00e9ronautiques 1 - ISTE Group\" \/>\n<meta property=\"og:description\" content=\"L&#039;ouvrage fait le point sur des consid\u00e9rations g\u00e9n\u00e9rales li\u00e9es aux actionneurs et s\u2019int\u00e9resse \u00e0 la fiabilit\u00e9 qui impacte les choix d\u2019architectures.\" \/>\n<meta property=\"og:url\" content=\"https:\/\/www.istegroup.com\/produit\/les-actionneurs-aeronautiques-1\/\" \/>\n<meta property=\"og:site_name\" content=\"ISTE Group\" \/>\n<meta property=\"article:modified_time\" content=\"2026-05-07T14:37:53+00:00\" \/>\n<meta property=\"og:image\" content=\"https:\/\/www.istegroup.com\/wp-content\/uploads\/2017\/07\/11493975556_4642674884-1.jpg\" \/>\n\t<meta property=\"og:image:width\" content=\"1362\" \/>\n\t<meta property=\"og:image:height\" content=\"2048\" \/>\n\t<meta property=\"og:image:type\" content=\"image\/jpeg\" \/>\n<meta name=\"twitter:card\" content=\"summary_large_image\" \/>\n<meta name=\"twitter:label1\" content=\"Est. reading time\" \/>\n\t<meta name=\"twitter:data1\" content=\"1 minute\" \/>\n<script type=\"application\/ld+json\" class=\"yoast-schema-graph\">{\"@context\":\"https:\/\/schema.org\",\"@graph\":[{\"@type\":\"WebPage\",\"@id\":\"https:\/\/www.istegroup.com\/produit\/les-actionneurs-aeronautiques-1\/\",\"url\":\"https:\/\/www.istegroup.com\/produit\/les-actionneurs-aeronautiques-1\/\",\"name\":\"Les actionneurs a\u00e9ronautiques 1 - ISTE Group\",\"isPartOf\":{\"@id\":\"https:\/\/www.istegroup.com\/#website\"},\"primaryImageOfPage\":{\"@id\":\"https:\/\/www.istegroup.com\/produit\/les-actionneurs-aeronautiques-1\/#primaryimage\"},\"image\":{\"@id\":\"https:\/\/www.istegroup.com\/produit\/les-actionneurs-aeronautiques-1\/#primaryimage\"},\"thumbnailUrl\":\"https:\/\/www.istegroup.com\/wp-content\/uploads\/2017\/07\/11493975556_4642674884-1.jpg\",\"datePublished\":\"2017-07-28T10:36:37+00:00\",\"dateModified\":\"2026-05-07T14:37:53+00:00\",\"description\":\"L'ouvrage fait le point sur des consid\u00e9rations g\u00e9n\u00e9rales li\u00e9es aux actionneurs et s\u2019int\u00e9resse \u00e0 la fiabilit\u00e9 qui impacte les choix d\u2019architectures.\",\"breadcrumb\":{\"@id\":\"https:\/\/www.istegroup.com\/produit\/les-actionneurs-aeronautiques-1\/#breadcrumb\"},\"inLanguage\":\"en-US\",\"potentialAction\":[{\"@type\":\"ReadAction\",\"target\":[\"https:\/\/www.istegroup.com\/produit\/les-actionneurs-aeronautiques-1\/\"]}]},{\"@type\":\"ImageObject\",\"inLanguage\":\"en-US\",\"@id\":\"https:\/\/www.istegroup.com\/produit\/les-actionneurs-aeronautiques-1\/#primaryimage\",\"url\":\"https:\/\/www.istegroup.com\/wp-content\/uploads\/2017\/07\/11493975556_4642674884-1.jpg\",\"contentUrl\":\"https:\/\/www.istegroup.com\/wp-content\/uploads\/2017\/07\/11493975556_4642674884-1.jpg\",\"width\":1362,\"height\":2048,\"caption\":\"Besoins, fiabilit\u00e9 et solutions \u00e0 puissance hydraulique\"},{\"@type\":\"BreadcrumbList\",\"@id\":\"https:\/\/www.istegroup.com\/produit\/les-actionneurs-aeronautiques-1\/#breadcrumb\",\"itemListElement\":[{\"@type\":\"ListItem\",\"position\":1,\"name\":\"Home\",\"item\":\"https:\/\/www.istegroup.com\/\"},{\"@type\":\"ListItem\",\"position\":2,\"name\":\"Shop\",\"item\":\"https:\/\/www.istegroup.com\/fr\/nouveautes\/\"},{\"@type\":\"ListItem\",\"position\":3,\"name\":\"Les actionneurs a\u00e9ronautiques 1\"}]},{\"@type\":\"WebSite\",\"@id\":\"https:\/\/www.istegroup.com\/#website\",\"url\":\"https:\/\/www.istegroup.com\/\",\"name\":\"ISTE Group\",\"description\":\"Publishing Knowledge\",\"potentialAction\":[{\"@type\":\"SearchAction\",\"target\":{\"@type\":\"EntryPoint\",\"urlTemplate\":\"https:\/\/www.istegroup.com\/?s={search_term_string}\"},\"query-input\":{\"@type\":\"PropertyValueSpecification\",\"valueRequired\":true,\"valueName\":\"search_term_string\"}}],\"inLanguage\":\"en-US\"}]}<\/script>\n<!-- \/ Yoast SEO plugin. -->","yoast_head_json":{"title":"Les actionneurs a\u00e9ronautiques 1 - ISTE Group","description":"L'ouvrage fait le point sur des consid\u00e9rations g\u00e9n\u00e9rales li\u00e9es aux actionneurs et s\u2019int\u00e9resse \u00e0 la fiabilit\u00e9 qui impacte les choix d\u2019architectures.","robots":{"index":"index","follow":"follow","max-snippet":"max-snippet:-1","max-image-preview":"max-image-preview:large","max-video-preview":"max-video-preview:-1"},"canonical":"https:\/\/www.istegroup.com\/produit\/les-actionneurs-aeronautiques-1\/","og_locale":"en_US","og_type":"article","og_title":"Les actionneurs a\u00e9ronautiques 1 - ISTE Group","og_description":"L'ouvrage fait le point sur des consid\u00e9rations g\u00e9n\u00e9rales li\u00e9es aux actionneurs et s\u2019int\u00e9resse \u00e0 la fiabilit\u00e9 qui impacte les choix d\u2019architectures.","og_url":"https:\/\/www.istegroup.com\/produit\/les-actionneurs-aeronautiques-1\/","og_site_name":"ISTE Group","article_modified_time":"2026-05-07T14:37:53+00:00","og_image":[{"width":1362,"height":2048,"url":"https:\/\/www.istegroup.com\/wp-content\/uploads\/2017\/07\/11493975556_4642674884-1.jpg","type":"image\/jpeg"}],"twitter_card":"summary_large_image","twitter_misc":{"Est. reading time":"1 minute"},"schema":{"@context":"https:\/\/schema.org","@graph":[{"@type":"WebPage","@id":"https:\/\/www.istegroup.com\/produit\/les-actionneurs-aeronautiques-1\/","url":"https:\/\/www.istegroup.com\/produit\/les-actionneurs-aeronautiques-1\/","name":"Les actionneurs a\u00e9ronautiques 1 - ISTE Group","isPartOf":{"@id":"https:\/\/www.istegroup.com\/#website"},"primaryImageOfPage":{"@id":"https:\/\/www.istegroup.com\/produit\/les-actionneurs-aeronautiques-1\/#primaryimage"},"image":{"@id":"https:\/\/www.istegroup.com\/produit\/les-actionneurs-aeronautiques-1\/#primaryimage"},"thumbnailUrl":"https:\/\/www.istegroup.com\/wp-content\/uploads\/2017\/07\/11493975556_4642674884-1.jpg","datePublished":"2017-07-28T10:36:37+00:00","dateModified":"2026-05-07T14:37:53+00:00","description":"L'ouvrage fait le point sur des consid\u00e9rations g\u00e9n\u00e9rales li\u00e9es aux actionneurs et s\u2019int\u00e9resse \u00e0 la fiabilit\u00e9 qui impacte les choix d\u2019architectures.","breadcrumb":{"@id":"https:\/\/www.istegroup.com\/produit\/les-actionneurs-aeronautiques-1\/#breadcrumb"},"inLanguage":"en-US","potentialAction":[{"@type":"ReadAction","target":["https:\/\/www.istegroup.com\/produit\/les-actionneurs-aeronautiques-1\/"]}]},{"@type":"ImageObject","inLanguage":"en-US","@id":"https:\/\/www.istegroup.com\/produit\/les-actionneurs-aeronautiques-1\/#primaryimage","url":"https:\/\/www.istegroup.com\/wp-content\/uploads\/2017\/07\/11493975556_4642674884-1.jpg","contentUrl":"https:\/\/www.istegroup.com\/wp-content\/uploads\/2017\/07\/11493975556_4642674884-1.jpg","width":1362,"height":2048,"caption":"Besoins, fiabilit\u00e9 et solutions \u00e0 puissance hydraulique"},{"@type":"BreadcrumbList","@id":"https:\/\/www.istegroup.com\/produit\/les-actionneurs-aeronautiques-1\/#breadcrumb","itemListElement":[{"@type":"ListItem","position":1,"name":"Home","item":"https:\/\/www.istegroup.com\/"},{"@type":"ListItem","position":2,"name":"Shop","item":"https:\/\/www.istegroup.com\/fr\/nouveautes\/"},{"@type":"ListItem","position":3,"name":"Les actionneurs a\u00e9ronautiques 1"}]},{"@type":"WebSite","@id":"https:\/\/www.istegroup.com\/#website","url":"https:\/\/www.istegroup.com\/","name":"ISTE Group","description":"Publishing Knowledge","potentialAction":[{"@type":"SearchAction","target":{"@type":"EntryPoint","urlTemplate":"https:\/\/www.istegroup.com\/?s={search_term_string}"},"query-input":{"@type":"PropertyValueSpecification","valueRequired":true,"valueName":"search_term_string"}}],"inLanguage":"en-US"}]}},"_links":{"self":[{"href":"https:\/\/www.istegroup.com\/en\/wp-json\/wp\/v2\/product\/389","targetHints":{"allow":["GET"]}}],"collection":[{"href":"https:\/\/www.istegroup.com\/en\/wp-json\/wp\/v2\/product"}],"about":[{"href":"https:\/\/www.istegroup.com\/en\/wp-json\/wp\/v2\/types\/product"}],"wp:featuredmedia":[{"embeddable":true,"href":"https:\/\/www.istegroup.com\/en\/wp-json\/wp\/v2\/media\/390"}],"wp:attachment":[{"href":"https:\/\/www.istegroup.com\/en\/wp-json\/wp\/v2\/media?parent=389"}],"wp:term":[{"taxonomy":"product_brand","embeddable":true,"href":"https:\/\/www.istegroup.com\/en\/wp-json\/wp\/v2\/product_brand?post=389"},{"taxonomy":"product_cat","embeddable":true,"href":"https:\/\/www.istegroup.com\/en\/wp-json\/wp\/v2\/product_cat?post=389"},{"taxonomy":"product_tag","embeddable":true,"href":"https:\/\/www.istegroup.com\/en\/wp-json\/wp\/v2\/product_tag?post=389"}],"curies":[{"name":"wp","href":"https:\/\/api.w.org\/{rel}","templated":true}]}}