{"id":38879,"date":"2021-04-10T10:10:43","date_gmt":"2021-04-10T09:10:43","guid":{"rendered":"https:\/\/www.istegroup.com\/?post_type=product&#038;p=38879"},"modified":"2024-01-03T13:44:05","modified_gmt":"2024-01-03T13:44:05","slug":"communications-numeriques-en-sante","status":"publish","type":"product","link":"https:\/\/www.istegroup.com\/en\/produit\/communications-numeriques-en-sante\/","title":{"rendered":"Communications num\u00e9riques en sant\u00e9"},"content":{"rendered":"<p class=\"qtranxs-available-languages-message qtranxs-available-languages-message-en\">Sorry, this entry is only available in <a href=\"https:\/\/www.istegroup.com\/fr\/wp-json\/wp\/v2\/product\/38879\" class=\"qtranxs-available-language-link qtranxs-available-language-link-fr\" title=\"FR\">FR<\/a>.<\/p>","protected":false},"excerpt":{"rendered":"<p>Sorry, this entry is only available in FR.<\/p>\n","protected":false},"featured_media":38886,"template":"","meta":{"_acf_changed":false,"_links_to":"","_links_to_target":""},"product_brand":[],"product_cat":[3262],"product_tag":[],"class_list":{"0":"post-38879","1":"product","2":"type-product","3":"status-publish","4":"has-post-thumbnail","6":"product_cat-non-classe","8":"first","9":"instock","10":"shipping-taxable","11":"purchasable","12":"product-type-variable"},"acf":[],"yoast_head":"<!-- This site is optimized with the Yoast SEO plugin v27.2 - https:\/\/yoast.com\/product\/yoast-seo-wordpress\/ -->\n<title>Communications num\u00e9riques en sant\u00e9 - ISTE Group<\/title>\n<meta name=\"description\" content=\"Apr\u00e8s un tour d\u2019horizon des enjeux du num\u00e9rique en sant\u00e9, cet ouvrage offre un regard critique sur les limites organisationnelles et professionnelles des usages des TIC pour les malades, leurs aidants et les professionnels du soin.\" \/>\n<meta name=\"robots\" content=\"index, follow, max-snippet:-1, max-image-preview:large, max-video-preview:-1\" \/>\n<link rel=\"canonical\" href=\"https:\/\/www.istegroup.com\/produit\/communications-numeriques-en-sante\/\" \/>\n<meta property=\"og:locale\" content=\"en_US\" \/>\n<meta property=\"og:type\" content=\"article\" \/>\n<meta property=\"og:title\" content=\"Communications num\u00e9riques en sant\u00e9 - ISTE Group\" \/>\n<meta property=\"og:description\" content=\"Apr\u00e8s un tour d\u2019horizon des enjeux du num\u00e9rique en sant\u00e9, cet ouvrage offre un regard critique sur les limites organisationnelles et professionnelles des usages des TIC pour les malades, leurs aidants et les professionnels du soin.\" \/>\n<meta property=\"og:url\" content=\"https:\/\/www.istegroup.com\/produit\/communications-numeriques-en-sante\/\" \/>\n<meta property=\"og:site_name\" content=\"ISTE Group\" \/>\n<meta property=\"article:modified_time\" content=\"2024-01-03T13:44:05+00:00\" \/>\n<meta property=\"og:image\" content=\"https:\/\/www.istegroup.com\/wp-content\/uploads\/2021\/02\/Communications-numeriques-en-sante.jpg\" \/>\n\t<meta property=\"og:image:width\" content=\"300\" \/>\n\t<meta property=\"og:image:height\" content=\"454\" \/>\n\t<meta property=\"og:image:type\" content=\"image\/jpeg\" \/>\n<meta name=\"twitter:card\" content=\"summary_large_image\" \/>\n<meta name=\"twitter:label1\" content=\"Est. reading time\" \/>\n\t<meta name=\"twitter:data1\" content=\"1 minute\" \/>\n<script type=\"application\/ld+json\" class=\"yoast-schema-graph\">{\"@context\":\"https:\/\/schema.org\",\"@graph\":[{\"@type\":\"WebPage\",\"@id\":\"https:\/\/www.istegroup.com\/produit\/communications-numeriques-en-sante\/\",\"url\":\"https:\/\/www.istegroup.com\/produit\/communications-numeriques-en-sante\/\",\"name\":\"Communications num\u00e9riques en sant\u00e9 - ISTE Group\",\"isPartOf\":{\"@id\":\"https:\/\/www.istegroup.com\/#website\"},\"primaryImageOfPage\":{\"@id\":\"https:\/\/www.istegroup.com\/produit\/communications-numeriques-en-sante\/#primaryimage\"},\"image\":{\"@id\":\"https:\/\/www.istegroup.com\/produit\/communications-numeriques-en-sante\/#primaryimage\"},\"thumbnailUrl\":\"https:\/\/www.istegroup.com\/wp-content\/uploads\/2021\/02\/Communications-numeriques-en-sante.jpg\",\"datePublished\":\"2021-04-10T09:10:43+00:00\",\"dateModified\":\"2024-01-03T13:44:05+00:00\",\"description\":\"Apr\u00e8s un tour d\u2019horizon des enjeux du num\u00e9rique en sant\u00e9, cet ouvrage offre un regard critique sur les limites organisationnelles et professionnelles des usages des TIC pour les malades, leurs aidants et les professionnels du soin.\",\"breadcrumb\":{\"@id\":\"https:\/\/www.istegroup.com\/produit\/communications-numeriques-en-sante\/#breadcrumb\"},\"inLanguage\":\"en-US\",\"potentialAction\":[{\"@type\":\"ReadAction\",\"target\":[\"https:\/\/www.istegroup.com\/produit\/communications-numeriques-en-sante\/\"]}]},{\"@type\":\"ImageObject\",\"inLanguage\":\"en-US\",\"@id\":\"https:\/\/www.istegroup.com\/produit\/communications-numeriques-en-sante\/#primaryimage\",\"url\":\"https:\/\/www.istegroup.com\/wp-content\/uploads\/2021\/02\/Communications-numeriques-en-sante.jpg\",\"contentUrl\":\"https:\/\/www.istegroup.com\/wp-content\/uploads\/2021\/02\/Communications-numeriques-en-sante.jpg\",\"width\":300,\"height\":454,\"caption\":\"Livre scientifique - Communications num\u00e9riques en sant\u00e9 - Benoit Cordelier, Olivier Galibert\"},{\"@type\":\"BreadcrumbList\",\"@id\":\"https:\/\/www.istegroup.com\/produit\/communications-numeriques-en-sante\/#breadcrumb\",\"itemListElement\":[{\"@type\":\"ListItem\",\"position\":1,\"name\":\"Home\",\"item\":\"https:\/\/www.istegroup.com\/\"},{\"@type\":\"ListItem\",\"position\":2,\"name\":\"Shop\",\"item\":\"https:\/\/www.istegroup.com\/fr\/nouveautes\/\"},{\"@type\":\"ListItem\",\"position\":3,\"name\":\"Communications num\u00e9riques en sant\u00e9\"}]},{\"@type\":\"WebSite\",\"@id\":\"https:\/\/www.istegroup.com\/#website\",\"url\":\"https:\/\/www.istegroup.com\/\",\"name\":\"ISTE Group\",\"description\":\"Publishing Knowledge\",\"potentialAction\":[{\"@type\":\"SearchAction\",\"target\":{\"@type\":\"EntryPoint\",\"urlTemplate\":\"https:\/\/www.istegroup.com\/?s={search_term_string}\"},\"query-input\":{\"@type\":\"PropertyValueSpecification\",\"valueRequired\":true,\"valueName\":\"search_term_string\"}}],\"inLanguage\":\"en-US\"}]}<\/script>\n<!-- \/ Yoast SEO plugin. -->","yoast_head_json":{"title":"Communications num\u00e9riques en sant\u00e9 - ISTE Group","description":"Apr\u00e8s un tour d\u2019horizon des enjeux du num\u00e9rique en sant\u00e9, cet ouvrage offre un regard critique sur les limites organisationnelles et professionnelles des usages des TIC pour les malades, leurs aidants et les professionnels du soin.","robots":{"index":"index","follow":"follow","max-snippet":"max-snippet:-1","max-image-preview":"max-image-preview:large","max-video-preview":"max-video-preview:-1"},"canonical":"https:\/\/www.istegroup.com\/produit\/communications-numeriques-en-sante\/","og_locale":"en_US","og_type":"article","og_title":"Communications num\u00e9riques en sant\u00e9 - ISTE Group","og_description":"Apr\u00e8s un tour d\u2019horizon des enjeux du num\u00e9rique en sant\u00e9, cet ouvrage offre un regard critique sur les limites organisationnelles et professionnelles des usages des TIC pour les malades, leurs aidants et les professionnels du soin.","og_url":"https:\/\/www.istegroup.com\/produit\/communications-numeriques-en-sante\/","og_site_name":"ISTE Group","article_modified_time":"2024-01-03T13:44:05+00:00","og_image":[{"width":300,"height":454,"url":"https:\/\/www.istegroup.com\/wp-content\/uploads\/2021\/02\/Communications-numeriques-en-sante.jpg","type":"image\/jpeg"}],"twitter_card":"summary_large_image","twitter_misc":{"Est. reading time":"1 minute"},"schema":{"@context":"https:\/\/schema.org","@graph":[{"@type":"WebPage","@id":"https:\/\/www.istegroup.com\/produit\/communications-numeriques-en-sante\/","url":"https:\/\/www.istegroup.com\/produit\/communications-numeriques-en-sante\/","name":"Communications num\u00e9riques en sant\u00e9 - ISTE Group","isPartOf":{"@id":"https:\/\/www.istegroup.com\/#website"},"primaryImageOfPage":{"@id":"https:\/\/www.istegroup.com\/produit\/communications-numeriques-en-sante\/#primaryimage"},"image":{"@id":"https:\/\/www.istegroup.com\/produit\/communications-numeriques-en-sante\/#primaryimage"},"thumbnailUrl":"https:\/\/www.istegroup.com\/wp-content\/uploads\/2021\/02\/Communications-numeriques-en-sante.jpg","datePublished":"2021-04-10T09:10:43+00:00","dateModified":"2024-01-03T13:44:05+00:00","description":"Apr\u00e8s un tour d\u2019horizon des enjeux du num\u00e9rique en sant\u00e9, cet ouvrage offre un regard critique sur les limites organisationnelles et professionnelles des usages des TIC pour les malades, leurs aidants et les professionnels du soin.","breadcrumb":{"@id":"https:\/\/www.istegroup.com\/produit\/communications-numeriques-en-sante\/#breadcrumb"},"inLanguage":"en-US","potentialAction":[{"@type":"ReadAction","target":["https:\/\/www.istegroup.com\/produit\/communications-numeriques-en-sante\/"]}]},{"@type":"ImageObject","inLanguage":"en-US","@id":"https:\/\/www.istegroup.com\/produit\/communications-numeriques-en-sante\/#primaryimage","url":"https:\/\/www.istegroup.com\/wp-content\/uploads\/2021\/02\/Communications-numeriques-en-sante.jpg","contentUrl":"https:\/\/www.istegroup.com\/wp-content\/uploads\/2021\/02\/Communications-numeriques-en-sante.jpg","width":300,"height":454,"caption":"Livre scientifique - Communications num\u00e9riques en sant\u00e9 - Benoit Cordelier, Olivier Galibert"},{"@type":"BreadcrumbList","@id":"https:\/\/www.istegroup.com\/produit\/communications-numeriques-en-sante\/#breadcrumb","itemListElement":[{"@type":"ListItem","position":1,"name":"Home","item":"https:\/\/www.istegroup.com\/"},{"@type":"ListItem","position":2,"name":"Shop","item":"https:\/\/www.istegroup.com\/fr\/nouveautes\/"},{"@type":"ListItem","position":3,"name":"Communications num\u00e9riques en sant\u00e9"}]},{"@type":"WebSite","@id":"https:\/\/www.istegroup.com\/#website","url":"https:\/\/www.istegroup.com\/","name":"ISTE Group","description":"Publishing Knowledge","potentialAction":[{"@type":"SearchAction","target":{"@type":"EntryPoint","urlTemplate":"https:\/\/www.istegroup.com\/?s={search_term_string}"},"query-input":{"@type":"PropertyValueSpecification","valueRequired":true,"valueName":"search_term_string"}}],"inLanguage":"en-US"}]}},"_links":{"self":[{"href":"https:\/\/www.istegroup.com\/en\/wp-json\/wp\/v2\/product\/38879","targetHints":{"allow":["GET"]}}],"collection":[{"href":"https:\/\/www.istegroup.com\/en\/wp-json\/wp\/v2\/product"}],"about":[{"href":"https:\/\/www.istegroup.com\/en\/wp-json\/wp\/v2\/types\/product"}],"wp:featuredmedia":[{"embeddable":true,"href":"https:\/\/www.istegroup.com\/en\/wp-json\/wp\/v2\/media\/38886"}],"wp:attachment":[{"href":"https:\/\/www.istegroup.com\/en\/wp-json\/wp\/v2\/media?parent=38879"}],"wp:term":[{"taxonomy":"product_brand","embeddable":true,"href":"https:\/\/www.istegroup.com\/en\/wp-json\/wp\/v2\/product_brand?post=38879"},{"taxonomy":"product_cat","embeddable":true,"href":"https:\/\/www.istegroup.com\/en\/wp-json\/wp\/v2\/product_cat?post=38879"},{"taxonomy":"product_tag","embeddable":true,"href":"https:\/\/www.istegroup.com\/en\/wp-json\/wp\/v2\/product_tag?post=38879"}],"curies":[{"name":"wp","href":"https:\/\/api.w.org\/{rel}","templated":true}]}}