{"id":387,"date":"2016-01-15T12:36:33","date_gmt":"2016-01-15T11:36:33","guid":{"rendered":"https:\/\/iste.yhello.co\/product\/les-big-data-et-lethique\/"},"modified":"2024-01-03T13:39:51","modified_gmt":"2024-01-03T13:39:51","slug":"les-big-data-et-lethique","status":"publish","type":"product","link":"https:\/\/www.istegroup.com\/en\/produit\/les-big-data-et-lethique\/","title":{"rendered":"Les Big Data et l&#8217;\u00e9thique"},"content":{"rendered":"<p>Face au d\u00e9veloppement exponentiel des\u00a0<em>Big Data<\/em>\u00a0et de ses r\u00e9percussions tant juridiques qu\u2019\u00e9conomiques, un flou ambiant s\u2019est install\u00e9 autour de l\u2019exploitation des informations num\u00e9riques. En perp\u00e9tuel \u00e9quilibre entre confidentialit\u00e9 et transparence, ces donn\u00e9es vont jusqu\u2019\u00e0 remettre en question certains paradigmes, comme celui de la m\u00e9decine d\u2019Hippocrate telle que nous la connaissions. D\u00e8s lors, une r\u00e9flexion sur l\u2019\u00e9tude des risques associ\u00e9e aux enjeux \u00e9thiques autour de la conception et de la manipulation de ces \u00ab donn\u00e9es massives \u00bb s\u2019impose \u00e0 nous.<\/p>\n<p>Cet ouvrage a pour objectif de donner du sens et une valeur \u00e9thique \u00e0 ces importants volumes de donn\u00e9es. Il propose une mod\u00e9lisation d\u2019analyse \u00e9thique et des recommandations pour mieux les contr\u00f4ler. Cette approche empirique et \u00e9thicotechnique vise \u00e0 apporter les premiers \u00e9l\u00e9ments d\u2019un cadre moral orient\u00e9 vers la pens\u00e9e, la conscience et la responsabilit\u00e9 des citoyens concern\u00e9s par l\u2019usage de ces donn\u00e9es \u00e0 caract\u00e8re personnel.<\/p>\n<p>&nbsp;<\/p>\n<p><strong>La presse en parle<\/strong><\/p>\n<p><a style=\"color: #1e9691;\" href=\"https:\/\/www.contrepoints.org\/2019\/04\/17\/341839-big-data-et-ethique-le-cas-de-la-datasphere-medicale\"><em>Contrepoints, <\/em><em>17 avril 2019<\/em><\/a><\/p>\n","protected":false},"excerpt":{"rendered":"<p>Face au d\u00e9veloppement exponentiel des\u00a0Big Data\u00a0et de ses r\u00e9percussions tant juridiques qu\u2019\u00e9conomiques, un flou ambiant s\u2019est install\u00e9 autour de l\u2019exploitation des informations num\u00e9riques. En perp\u00e9tuel \u00e9quilibre entre confidentialit\u00e9 et transparence, ces donn\u00e9es vont jusqu\u2019\u00e0 remettre en question certains paradigmes, comme celui de la m\u00e9decine d\u2019Hippocrate telle que nous la connaissions. D\u00e8s lors, une r\u00e9flexion sur [&hellip;]<\/p>\n","protected":false},"featured_media":388,"template":"","meta":{"_acf_changed":false,"_links_to":"","_links_to_target":""},"product_brand":[],"product_cat":[668,695],"product_tag":[1655,865,866,1656,1657,31,196,1256,1670,1658,1659,1660,197,198,199,21,200,22,1661,201,1662,203,204,63,25,172,209,1663,1664,1665,292,212,38,192,145,28,1666,1667,1668,1669],"class_list":{"0":"post-387","1":"product","2":"type-product","3":"status-publish","4":"has-post-thumbnail","6":"product_cat-ingnierie-de-la-sant-et-socit-188418884","7":"product_cat-srie-industrialisation-de-la-sant-188422404","8":"product_tag-beranger","9":"product_tag-big-data","10":"product_tag-big-data-medicales","11":"product_tag-datasphere-medicale","12":"product_tag-donnees-massives","13":"product_tag-ebook","14":"product_tag-ebooks","15":"product_tag-ethique","16":"product_tag-ethique-algorithmique","17":"product_tag-exploitation-des-informations","18":"product_tag-guidage-technico-ethique","19":"product_tag-informations-numeriques","20":"product_tag-iste","21":"product_tag-iste-edition","22":"product_tag-iste-editions","23":"product_tag-iste-group","24":"product_tag-isteedition","25":"product_tag-istegroup","26":"product_tag-jerome-beranger","27":"product_tag-kindle","28":"product_tag-les-big-data-et-lethique","29":"product_tag-liseuse","30":"product_tag-livre","31":"product_tag-livre-electronique","32":"product_tag-livre-numerique","33":"product_tag-livre-scientifique","34":"product_tag-livres-scientifiques","35":"product_tag-medecine-4-0","36":"product_tag-medecine-connectee","37":"product_tag-medecine-dhippocrate","38":"product_tag-numerique","39":"product_tag-ouvrage","40":"product_tag-ouvrage-numerique","41":"product_tag-ouvrage-science","42":"product_tag-ouvrage-scientifique","43":"product_tag-ouvrage-scientifique-francais","44":"product_tag-paradigme-medical","45":"product_tag-responsabilite-des-citoyens","46":"product_tag-traitement-de-la-datasphere","47":"product_tag-victoria-keosys","49":"first","50":"instock","51":"shipping-taxable","52":"purchasable","53":"product-type-variable"},"acf":[],"yoast_head":"<!-- This site is optimized with the Yoast SEO plugin v27.2 - https:\/\/yoast.com\/product\/yoast-seo-wordpress\/ -->\n<title>Les Big Data et l&#039;\u00e9thique - ISTE Group<\/title>\n<meta name=\"robots\" content=\"index, follow, max-snippet:-1, max-image-preview:large, max-video-preview:-1\" \/>\n<link rel=\"canonical\" href=\"https:\/\/www.istegroup.com\/fr\/produit\/les-big-data-et-lethique\/\" \/>\n<meta property=\"og:locale\" content=\"en_US\" \/>\n<meta property=\"og:type\" content=\"article\" \/>\n<meta property=\"og:title\" content=\"Les Big Data et l&#039;\u00e9thique - ISTE Group\" \/>\n<meta property=\"og:description\" content=\"Face au d\u00e9veloppement exponentiel des\u00a0Big Data\u00a0et de ses r\u00e9percussions tant juridiques qu\u2019\u00e9conomiques, un flou ambiant s\u2019est install\u00e9 autour de l\u2019exploitation des informations num\u00e9riques. En perp\u00e9tuel \u00e9quilibre entre confidentialit\u00e9 et transparence, ces donn\u00e9es vont jusqu\u2019\u00e0 remettre en question certains paradigmes, comme celui de la m\u00e9decine d\u2019Hippocrate telle que nous la connaissions. D\u00e8s lors, une r\u00e9flexion sur [&hellip;]\" \/>\n<meta property=\"og:url\" content=\"https:\/\/www.istegroup.com\/fr\/produit\/les-big-data-et-lethique\/\" \/>\n<meta property=\"og:site_name\" content=\"ISTE Group\" \/>\n<meta property=\"article:modified_time\" content=\"2024-01-03T13:39:51+00:00\" \/>\n<meta property=\"og:image\" content=\"https:\/\/www.istegroup.com\/wp-content\/uploads\/2017\/07\/9094402180_4106650308-1.jpg\" \/>\n\t<meta property=\"og:image:width\" content=\"613\" \/>\n\t<meta property=\"og:image:height\" content=\"921\" \/>\n\t<meta property=\"og:image:type\" content=\"image\/jpeg\" \/>\n<meta name=\"twitter:card\" content=\"summary_large_image\" \/>\n<meta name=\"twitter:label1\" content=\"Est. reading time\" \/>\n\t<meta name=\"twitter:data1\" content=\"1 minute\" \/>\n<script type=\"application\/ld+json\" class=\"yoast-schema-graph\">{\"@context\":\"https:\/\/schema.org\",\"@graph\":[{\"@type\":\"WebPage\",\"@id\":\"https:\/\/www.istegroup.com\/fr\/produit\/les-big-data-et-lethique\/\",\"url\":\"https:\/\/www.istegroup.com\/fr\/produit\/les-big-data-et-lethique\/\",\"name\":\"Les Big Data et l'\u00e9thique - ISTE Group\",\"isPartOf\":{\"@id\":\"https:\/\/www.istegroup.com\/#website\"},\"primaryImageOfPage\":{\"@id\":\"https:\/\/www.istegroup.com\/fr\/produit\/les-big-data-et-lethique\/#primaryimage\"},\"image\":{\"@id\":\"https:\/\/www.istegroup.com\/fr\/produit\/les-big-data-et-lethique\/#primaryimage\"},\"thumbnailUrl\":\"https:\/\/www.istegroup.com\/wp-content\/uploads\/2017\/07\/9094402180_4106650308-1.jpg\",\"datePublished\":\"2016-01-15T11:36:33+00:00\",\"dateModified\":\"2024-01-03T13:39:51+00:00\",\"breadcrumb\":{\"@id\":\"https:\/\/www.istegroup.com\/fr\/produit\/les-big-data-et-lethique\/#breadcrumb\"},\"inLanguage\":\"en-US\",\"potentialAction\":[{\"@type\":\"ReadAction\",\"target\":[\"https:\/\/www.istegroup.com\/fr\/produit\/les-big-data-et-lethique\/\"]}]},{\"@type\":\"ImageObject\",\"inLanguage\":\"en-US\",\"@id\":\"https:\/\/www.istegroup.com\/fr\/produit\/les-big-data-et-lethique\/#primaryimage\",\"url\":\"https:\/\/www.istegroup.com\/wp-content\/uploads\/2017\/07\/9094402180_4106650308-1.jpg\",\"contentUrl\":\"https:\/\/www.istegroup.com\/wp-content\/uploads\/2017\/07\/9094402180_4106650308-1.jpg\",\"width\":613,\"height\":921,\"caption\":\"Le cas de la datasph\u00e8re m\u00e9dicale\"},{\"@type\":\"BreadcrumbList\",\"@id\":\"https:\/\/www.istegroup.com\/fr\/produit\/les-big-data-et-lethique\/#breadcrumb\",\"itemListElement\":[{\"@type\":\"ListItem\",\"position\":1,\"name\":\"Home\",\"item\":\"https:\/\/www.istegroup.com\/\"},{\"@type\":\"ListItem\",\"position\":2,\"name\":\"Shop\",\"item\":\"https:\/\/www.istegroup.com\/fr\/nouveautes\/\"},{\"@type\":\"ListItem\",\"position\":3,\"name\":\"Les Big Data et l&rsquo;\u00e9thique\"}]},{\"@type\":\"WebSite\",\"@id\":\"https:\/\/www.istegroup.com\/#website\",\"url\":\"https:\/\/www.istegroup.com\/\",\"name\":\"ISTE Group\",\"description\":\"Publishing Knowledge\",\"potentialAction\":[{\"@type\":\"SearchAction\",\"target\":{\"@type\":\"EntryPoint\",\"urlTemplate\":\"https:\/\/www.istegroup.com\/?s={search_term_string}\"},\"query-input\":{\"@type\":\"PropertyValueSpecification\",\"valueRequired\":true,\"valueName\":\"search_term_string\"}}],\"inLanguage\":\"en-US\"}]}<\/script>\n<!-- \/ Yoast SEO plugin. -->","yoast_head_json":{"title":"Les Big Data et l'\u00e9thique - ISTE Group","robots":{"index":"index","follow":"follow","max-snippet":"max-snippet:-1","max-image-preview":"max-image-preview:large","max-video-preview":"max-video-preview:-1"},"canonical":"https:\/\/www.istegroup.com\/fr\/produit\/les-big-data-et-lethique\/","og_locale":"en_US","og_type":"article","og_title":"Les Big Data et l'\u00e9thique - ISTE Group","og_description":"Face au d\u00e9veloppement exponentiel des\u00a0Big Data\u00a0et de ses r\u00e9percussions tant juridiques qu\u2019\u00e9conomiques, un flou ambiant s\u2019est install\u00e9 autour de l\u2019exploitation des informations num\u00e9riques. En perp\u00e9tuel \u00e9quilibre entre confidentialit\u00e9 et transparence, ces donn\u00e9es vont jusqu\u2019\u00e0 remettre en question certains paradigmes, comme celui de la m\u00e9decine d\u2019Hippocrate telle que nous la connaissions. D\u00e8s lors, une r\u00e9flexion sur [&hellip;]","og_url":"https:\/\/www.istegroup.com\/fr\/produit\/les-big-data-et-lethique\/","og_site_name":"ISTE Group","article_modified_time":"2024-01-03T13:39:51+00:00","og_image":[{"width":613,"height":921,"url":"https:\/\/www.istegroup.com\/wp-content\/uploads\/2017\/07\/9094402180_4106650308-1.jpg","type":"image\/jpeg"}],"twitter_card":"summary_large_image","twitter_misc":{"Est. reading time":"1 minute"},"schema":{"@context":"https:\/\/schema.org","@graph":[{"@type":"WebPage","@id":"https:\/\/www.istegroup.com\/fr\/produit\/les-big-data-et-lethique\/","url":"https:\/\/www.istegroup.com\/fr\/produit\/les-big-data-et-lethique\/","name":"Les Big Data et l'\u00e9thique - ISTE Group","isPartOf":{"@id":"https:\/\/www.istegroup.com\/#website"},"primaryImageOfPage":{"@id":"https:\/\/www.istegroup.com\/fr\/produit\/les-big-data-et-lethique\/#primaryimage"},"image":{"@id":"https:\/\/www.istegroup.com\/fr\/produit\/les-big-data-et-lethique\/#primaryimage"},"thumbnailUrl":"https:\/\/www.istegroup.com\/wp-content\/uploads\/2017\/07\/9094402180_4106650308-1.jpg","datePublished":"2016-01-15T11:36:33+00:00","dateModified":"2024-01-03T13:39:51+00:00","breadcrumb":{"@id":"https:\/\/www.istegroup.com\/fr\/produit\/les-big-data-et-lethique\/#breadcrumb"},"inLanguage":"en-US","potentialAction":[{"@type":"ReadAction","target":["https:\/\/www.istegroup.com\/fr\/produit\/les-big-data-et-lethique\/"]}]},{"@type":"ImageObject","inLanguage":"en-US","@id":"https:\/\/www.istegroup.com\/fr\/produit\/les-big-data-et-lethique\/#primaryimage","url":"https:\/\/www.istegroup.com\/wp-content\/uploads\/2017\/07\/9094402180_4106650308-1.jpg","contentUrl":"https:\/\/www.istegroup.com\/wp-content\/uploads\/2017\/07\/9094402180_4106650308-1.jpg","width":613,"height":921,"caption":"Le cas de la datasph\u00e8re m\u00e9dicale"},{"@type":"BreadcrumbList","@id":"https:\/\/www.istegroup.com\/fr\/produit\/les-big-data-et-lethique\/#breadcrumb","itemListElement":[{"@type":"ListItem","position":1,"name":"Home","item":"https:\/\/www.istegroup.com\/"},{"@type":"ListItem","position":2,"name":"Shop","item":"https:\/\/www.istegroup.com\/fr\/nouveautes\/"},{"@type":"ListItem","position":3,"name":"Les Big Data et l&rsquo;\u00e9thique"}]},{"@type":"WebSite","@id":"https:\/\/www.istegroup.com\/#website","url":"https:\/\/www.istegroup.com\/","name":"ISTE Group","description":"Publishing Knowledge","potentialAction":[{"@type":"SearchAction","target":{"@type":"EntryPoint","urlTemplate":"https:\/\/www.istegroup.com\/?s={search_term_string}"},"query-input":{"@type":"PropertyValueSpecification","valueRequired":true,"valueName":"search_term_string"}}],"inLanguage":"en-US"}]}},"_links":{"self":[{"href":"https:\/\/www.istegroup.com\/en\/wp-json\/wp\/v2\/product\/387","targetHints":{"allow":["GET"]}}],"collection":[{"href":"https:\/\/www.istegroup.com\/en\/wp-json\/wp\/v2\/product"}],"about":[{"href":"https:\/\/www.istegroup.com\/en\/wp-json\/wp\/v2\/types\/product"}],"wp:featuredmedia":[{"embeddable":true,"href":"https:\/\/www.istegroup.com\/en\/wp-json\/wp\/v2\/media\/388"}],"wp:attachment":[{"href":"https:\/\/www.istegroup.com\/en\/wp-json\/wp\/v2\/media?parent=387"}],"wp:term":[{"taxonomy":"product_brand","embeddable":true,"href":"https:\/\/www.istegroup.com\/en\/wp-json\/wp\/v2\/product_brand?post=387"},{"taxonomy":"product_cat","embeddable":true,"href":"https:\/\/www.istegroup.com\/en\/wp-json\/wp\/v2\/product_cat?post=387"},{"taxonomy":"product_tag","embeddable":true,"href":"https:\/\/www.istegroup.com\/en\/wp-json\/wp\/v2\/product_tag?post=387"}],"curies":[{"name":"wp","href":"https:\/\/api.w.org\/{rel}","templated":true}]}}