{"id":385,"date":"2017-07-28T12:36:27","date_gmt":"2017-07-28T10:36:27","guid":{"rendered":"https:\/\/iste.yhello.co\/product\/le-texte-et-le-terrain\/"},"modified":"2024-01-03T13:39:50","modified_gmt":"2024-01-03T13:39:50","slug":"le-texte-et-le-terrain","status":"publish","type":"product","link":"https:\/\/www.istegroup.com\/en\/produit\/le-texte-et-le-terrain\/","title":{"rendered":"Le texte et le terrain"},"content":{"rendered":"<p>Chaque discipline se fonde en principe \u00e0 travers son propre langage. Partag\u00e9e entre objectivit\u00e9 scientifique et subjectivit\u00e9 autobiographique, l\u2019ethnologie vit quant \u00e0 elle un dialogue complexe voire conflictuel avec la litt\u00e9rature.<\/p>\n<p>Les \u00e9crits des ethnologues de la premi\u00e8re g\u00e9n\u00e9ration \u2013 Marcel Griaule, Maurice Leenhardt, Claude L\u00e9vi-Strauss, Michel Leiris et Alfred M\u00e9traux \u2013 refl\u00e8tent ce d\u00e9doublement de l\u2019\u00e9criture o\u00f9 cohabitent textes classiques et productions plus exp\u00e9rimentales. Ces auteurs placent la r\u00e9alit\u00e9 du terrain au coeur de leurs r\u00e9cits \u00e0 un moment historique o\u00f9 l\u2019ethnologie fran\u00e7aise d\u00e9veloppe ce type de recherche.<\/p>\n<p><em>Le texte et le terrain<\/em>\u00a0analyse l\u2019\u00e9criture d\u00e9doubl\u00e9e comme un ph\u00e9nom\u00e8ne qui incarne \u00e0 lui seul la tension de cet \u00e9change disciplinaire, faisant na\u00eetre le besoin d\u2019\u00e9crire autrement afin de mieux se d\u00e9finir soi-m\u00eame et de renforcer ses propres bases identitaires. Il explore la fa\u00e7on dont le langage cherche \u00e0 garder l\u2019authenticit\u00e9 de l\u2019exp\u00e9rience en analysant les rapports du texte et du terrain.<\/p>\n","protected":false},"excerpt":{"rendered":"<p>Chaque discipline se fonde en principe \u00e0 travers son propre langage. Partag\u00e9e entre objectivit\u00e9 scientifique et subjectivit\u00e9 autobiographique, l\u2019ethnologie vit quant \u00e0 elle un dialogue complexe voire conflictuel avec la litt\u00e9rature. Les \u00e9crits des ethnologues de la premi\u00e8re g\u00e9n\u00e9ration \u2013 Marcel Griaule, Maurice Leenhardt, Claude L\u00e9vi-Strauss, Michel Leiris et Alfred M\u00e9traux \u2013 refl\u00e8tent ce d\u00e9doublement [&hellip;]<\/p>\n","protected":false},"featured_media":386,"template":"","meta":{"_acf_changed":false,"_links_to":"","_links_to_target":""},"product_brand":[],"product_cat":[675,682,703],"product_tag":[799,1644,1645,1646,1647,31,196,421,1654,1648,1649,197,198,199,21,200,22,201,271,1650,203,1651,204,63,25,172,209,212,38,192,145,28,1652,1653,419],"class_list":{"0":"post-385","1":"product","2":"type-product","3":"status-publish","4":"has-post-thumbnail","6":"product_cat-nouveauts-12519446","7":"product_cat-sciences-cognitives-12506546","8":"product_cat-srie-nonciation-et-syntaxe-en-discours-378289928","9":"product_tag-analyse","10":"product_tag-auteurs","11":"product_tag-authenticite","12":"product_tag-classiques","13":"product_tag-dialogue","14":"product_tag-ebook","15":"product_tag-ebooks","16":"product_tag-ecriture","17":"product_tag-ethnologie","18":"product_tag-herve-moelo","19":"product_tag-historique","20":"product_tag-iste","21":"product_tag-iste-edition","22":"product_tag-iste-editions","23":"product_tag-iste-group","24":"product_tag-isteedition","25":"product_tag-istegroup","26":"product_tag-kindle","27":"product_tag-langage","28":"product_tag-le-texte-et-le-terrain","29":"product_tag-liseuse","30":"product_tag-litterature","31":"product_tag-livre","32":"product_tag-livre-electronique","33":"product_tag-livre-numerique","34":"product_tag-livre-scientifique","35":"product_tag-livres-scientifiques","36":"product_tag-ouvrage","37":"product_tag-ouvrage-numerique","38":"product_tag-ouvrage-science","39":"product_tag-ouvrage-scientifique","40":"product_tag-ouvrage-scientifique-francais","41":"product_tag-realite","42":"product_tag-terrain","43":"product_tag-texte","45":"first","46":"instock","47":"shipping-taxable","48":"purchasable","49":"product-type-variable"},"acf":[],"yoast_head":"<!-- This site is optimized with the Yoast SEO plugin v27.2 - https:\/\/yoast.com\/product\/yoast-seo-wordpress\/ -->\n<title>Le texte et le terrain - ISTE Group<\/title>\n<meta name=\"description\" content=\"L&#039;ouvrage explore la fa\u00e7on dont le langage cherche \u00e0 garder l\u2019authenticit\u00e9 de l\u2019exp\u00e9rience en analysant les rapports du texte et du terrain.\" \/>\n<meta name=\"robots\" content=\"index, follow, max-snippet:-1, max-image-preview:large, max-video-preview:-1\" \/>\n<link rel=\"canonical\" href=\"https:\/\/www.istegroup.com\/fr\/produit\/le-texte-et-le-terrain\/\" \/>\n<meta property=\"og:locale\" content=\"en_US\" \/>\n<meta property=\"og:type\" content=\"article\" \/>\n<meta property=\"og:title\" content=\"Le texte et le terrain - ISTE Group\" \/>\n<meta property=\"og:description\" content=\"L&#039;ouvrage explore la fa\u00e7on dont le langage cherche \u00e0 garder l\u2019authenticit\u00e9 de l\u2019exp\u00e9rience en analysant les rapports du texte et du terrain.\" \/>\n<meta property=\"og:url\" content=\"https:\/\/www.istegroup.com\/fr\/produit\/le-texte-et-le-terrain\/\" \/>\n<meta property=\"og:site_name\" content=\"ISTE Group\" \/>\n<meta property=\"article:modified_time\" content=\"2024-01-03T13:39:50+00:00\" \/>\n<meta property=\"og:image\" content=\"https:\/\/www.istegroup.com\/wp-content\/uploads\/2017\/07\/16548810120_7930679752-1.jpg\" \/>\n\t<meta property=\"og:image:width\" content=\"1360\" \/>\n\t<meta property=\"og:image:height\" content=\"2048\" \/>\n\t<meta property=\"og:image:type\" content=\"image\/jpeg\" \/>\n<meta name=\"twitter:card\" content=\"summary_large_image\" \/>\n<meta name=\"twitter:label1\" content=\"Est. reading time\" \/>\n\t<meta name=\"twitter:data1\" content=\"1 minute\" \/>\n<script type=\"application\/ld+json\" class=\"yoast-schema-graph\">{\"@context\":\"https:\/\/schema.org\",\"@graph\":[{\"@type\":\"WebPage\",\"@id\":\"https:\/\/www.istegroup.com\/fr\/produit\/le-texte-et-le-terrain\/\",\"url\":\"https:\/\/www.istegroup.com\/fr\/produit\/le-texte-et-le-terrain\/\",\"name\":\"Le texte et le terrain - ISTE Group\",\"isPartOf\":{\"@id\":\"https:\/\/www.istegroup.com\/#website\"},\"primaryImageOfPage\":{\"@id\":\"https:\/\/www.istegroup.com\/fr\/produit\/le-texte-et-le-terrain\/#primaryimage\"},\"image\":{\"@id\":\"https:\/\/www.istegroup.com\/fr\/produit\/le-texte-et-le-terrain\/#primaryimage\"},\"thumbnailUrl\":\"https:\/\/www.istegroup.com\/wp-content\/uploads\/2017\/07\/16548810120_7930679752-1.jpg\",\"datePublished\":\"2017-07-28T10:36:27+00:00\",\"dateModified\":\"2024-01-03T13:39:50+00:00\",\"description\":\"L'ouvrage explore la fa\u00e7on dont le langage cherche \u00e0 garder l\u2019authenticit\u00e9 de l\u2019exp\u00e9rience en analysant les rapports du texte et du terrain.\",\"breadcrumb\":{\"@id\":\"https:\/\/www.istegroup.com\/fr\/produit\/le-texte-et-le-terrain\/#breadcrumb\"},\"inLanguage\":\"en-US\",\"potentialAction\":[{\"@type\":\"ReadAction\",\"target\":[\"https:\/\/www.istegroup.com\/fr\/produit\/le-texte-et-le-terrain\/\"]}]},{\"@type\":\"ImageObject\",\"inLanguage\":\"en-US\",\"@id\":\"https:\/\/www.istegroup.com\/fr\/produit\/le-texte-et-le-terrain\/#primaryimage\",\"url\":\"https:\/\/www.istegroup.com\/wp-content\/uploads\/2017\/07\/16548810120_7930679752-1.jpg\",\"contentUrl\":\"https:\/\/www.istegroup.com\/wp-content\/uploads\/2017\/07\/16548810120_7930679752-1.jpg\",\"width\":1360,\"height\":2048,\"caption\":\"L'\u00e9criture ethnologique face \u00e0 la litt\u00e9rature\"},{\"@type\":\"BreadcrumbList\",\"@id\":\"https:\/\/www.istegroup.com\/fr\/produit\/le-texte-et-le-terrain\/#breadcrumb\",\"itemListElement\":[{\"@type\":\"ListItem\",\"position\":1,\"name\":\"Home\",\"item\":\"https:\/\/www.istegroup.com\/\"},{\"@type\":\"ListItem\",\"position\":2,\"name\":\"Shop\",\"item\":\"https:\/\/www.istegroup.com\/fr\/nouveautes\/\"},{\"@type\":\"ListItem\",\"position\":3,\"name\":\"Le texte et le terrain\"}]},{\"@type\":\"WebSite\",\"@id\":\"https:\/\/www.istegroup.com\/#website\",\"url\":\"https:\/\/www.istegroup.com\/\",\"name\":\"ISTE Group\",\"description\":\"Publishing Knowledge\",\"potentialAction\":[{\"@type\":\"SearchAction\",\"target\":{\"@type\":\"EntryPoint\",\"urlTemplate\":\"https:\/\/www.istegroup.com\/?s={search_term_string}\"},\"query-input\":{\"@type\":\"PropertyValueSpecification\",\"valueRequired\":true,\"valueName\":\"search_term_string\"}}],\"inLanguage\":\"en-US\"}]}<\/script>\n<!-- \/ Yoast SEO plugin. -->","yoast_head_json":{"title":"Le texte et le terrain - ISTE Group","description":"L'ouvrage explore la fa\u00e7on dont le langage cherche \u00e0 garder l\u2019authenticit\u00e9 de l\u2019exp\u00e9rience en analysant les rapports du texte et du terrain.","robots":{"index":"index","follow":"follow","max-snippet":"max-snippet:-1","max-image-preview":"max-image-preview:large","max-video-preview":"max-video-preview:-1"},"canonical":"https:\/\/www.istegroup.com\/fr\/produit\/le-texte-et-le-terrain\/","og_locale":"en_US","og_type":"article","og_title":"Le texte et le terrain - ISTE Group","og_description":"L'ouvrage explore la fa\u00e7on dont le langage cherche \u00e0 garder l\u2019authenticit\u00e9 de l\u2019exp\u00e9rience en analysant les rapports du texte et du terrain.","og_url":"https:\/\/www.istegroup.com\/fr\/produit\/le-texte-et-le-terrain\/","og_site_name":"ISTE Group","article_modified_time":"2024-01-03T13:39:50+00:00","og_image":[{"width":1360,"height":2048,"url":"https:\/\/www.istegroup.com\/wp-content\/uploads\/2017\/07\/16548810120_7930679752-1.jpg","type":"image\/jpeg"}],"twitter_card":"summary_large_image","twitter_misc":{"Est. reading time":"1 minute"},"schema":{"@context":"https:\/\/schema.org","@graph":[{"@type":"WebPage","@id":"https:\/\/www.istegroup.com\/fr\/produit\/le-texte-et-le-terrain\/","url":"https:\/\/www.istegroup.com\/fr\/produit\/le-texte-et-le-terrain\/","name":"Le texte et le terrain - ISTE Group","isPartOf":{"@id":"https:\/\/www.istegroup.com\/#website"},"primaryImageOfPage":{"@id":"https:\/\/www.istegroup.com\/fr\/produit\/le-texte-et-le-terrain\/#primaryimage"},"image":{"@id":"https:\/\/www.istegroup.com\/fr\/produit\/le-texte-et-le-terrain\/#primaryimage"},"thumbnailUrl":"https:\/\/www.istegroup.com\/wp-content\/uploads\/2017\/07\/16548810120_7930679752-1.jpg","datePublished":"2017-07-28T10:36:27+00:00","dateModified":"2024-01-03T13:39:50+00:00","description":"L'ouvrage explore la fa\u00e7on dont le langage cherche \u00e0 garder l\u2019authenticit\u00e9 de l\u2019exp\u00e9rience en analysant les rapports du texte et du terrain.","breadcrumb":{"@id":"https:\/\/www.istegroup.com\/fr\/produit\/le-texte-et-le-terrain\/#breadcrumb"},"inLanguage":"en-US","potentialAction":[{"@type":"ReadAction","target":["https:\/\/www.istegroup.com\/fr\/produit\/le-texte-et-le-terrain\/"]}]},{"@type":"ImageObject","inLanguage":"en-US","@id":"https:\/\/www.istegroup.com\/fr\/produit\/le-texte-et-le-terrain\/#primaryimage","url":"https:\/\/www.istegroup.com\/wp-content\/uploads\/2017\/07\/16548810120_7930679752-1.jpg","contentUrl":"https:\/\/www.istegroup.com\/wp-content\/uploads\/2017\/07\/16548810120_7930679752-1.jpg","width":1360,"height":2048,"caption":"L'\u00e9criture ethnologique face \u00e0 la litt\u00e9rature"},{"@type":"BreadcrumbList","@id":"https:\/\/www.istegroup.com\/fr\/produit\/le-texte-et-le-terrain\/#breadcrumb","itemListElement":[{"@type":"ListItem","position":1,"name":"Home","item":"https:\/\/www.istegroup.com\/"},{"@type":"ListItem","position":2,"name":"Shop","item":"https:\/\/www.istegroup.com\/fr\/nouveautes\/"},{"@type":"ListItem","position":3,"name":"Le texte et le terrain"}]},{"@type":"WebSite","@id":"https:\/\/www.istegroup.com\/#website","url":"https:\/\/www.istegroup.com\/","name":"ISTE Group","description":"Publishing Knowledge","potentialAction":[{"@type":"SearchAction","target":{"@type":"EntryPoint","urlTemplate":"https:\/\/www.istegroup.com\/?s={search_term_string}"},"query-input":{"@type":"PropertyValueSpecification","valueRequired":true,"valueName":"search_term_string"}}],"inLanguage":"en-US"}]}},"_links":{"self":[{"href":"https:\/\/www.istegroup.com\/en\/wp-json\/wp\/v2\/product\/385","targetHints":{"allow":["GET"]}}],"collection":[{"href":"https:\/\/www.istegroup.com\/en\/wp-json\/wp\/v2\/product"}],"about":[{"href":"https:\/\/www.istegroup.com\/en\/wp-json\/wp\/v2\/types\/product"}],"wp:featuredmedia":[{"embeddable":true,"href":"https:\/\/www.istegroup.com\/en\/wp-json\/wp\/v2\/media\/386"}],"wp:attachment":[{"href":"https:\/\/www.istegroup.com\/en\/wp-json\/wp\/v2\/media?parent=385"}],"wp:term":[{"taxonomy":"product_brand","embeddable":true,"href":"https:\/\/www.istegroup.com\/en\/wp-json\/wp\/v2\/product_brand?post=385"},{"taxonomy":"product_cat","embeddable":true,"href":"https:\/\/www.istegroup.com\/en\/wp-json\/wp\/v2\/product_cat?post=385"},{"taxonomy":"product_tag","embeddable":true,"href":"https:\/\/www.istegroup.com\/en\/wp-json\/wp\/v2\/product_tag?post=385"}],"curies":[{"name":"wp","href":"https:\/\/api.w.org\/{rel}","templated":true}]}}