{"id":38498,"date":"2021-09-23T14:44:14","date_gmt":"2021-09-23T13:44:14","guid":{"rendered":"https:\/\/www.istegroup.com\/?post_type=product&#038;p=38498"},"modified":"2025-01-03T12:06:30","modified_gmt":"2025-01-03T12:06:30","slug":"socio-ecosystemes","status":"publish","type":"product","link":"https:\/\/www.istegroup.com\/en\/produit\/socio-ecosystemes\/","title":{"rendered":"Socio-\u00e9cosyst\u00e8mes"},"content":{"rendered":"<p>La notion de socio-\u00e9cosyst\u00e8me r\u00e9pond \u00e0 la n\u00e9cessit\u00e9 de comprendre, dans l\u2019Anthropoc\u00e8ne, comment interagissent les processus adaptatifs dont r\u00e9sulte la co\u00e9volution des \u00eatres vivants. \u00c9tudier les socio-\u00e9cosyst\u00e8mes, c\u2019est tenir compte de la diversit\u00e9 des \u00e9chelles d\u2019espace et de temps afin de p\u00e9n\u00e9trer l\u2019enchev\u00eatrement des forces \u00e9cologiques, sociales et \u00e9conomiques dont \u00e9merge un ensemble de dynamiques complexes qui conditionnent l\u2019habitabilit\u00e9 de la terre.<\/p>\n<p>Cet ouvrage analyse, par des cas concrets dans des socio-\u00e9cosyst\u00e8mes r\u00e9gionaux et sur plusieurs continents, comment la recherche-action a permis de trouver des r\u00e9ponses \u00e0 des questions touchant \u00e0 la fois \u00e0 l\u2019agriculture, la sant\u00e9 et la protection de la biodiversit\u00e9. Il montre que ces entreprises n\u2019auraient pu aboutir sans la mobilisation conjointe de pratiques liant la communaut\u00e9 des vivants et des objets, la communaut\u00e9 des savoirs et les communaut\u00e9s d\u2019action. Ces exemples s\u2019accompagnent \u00e9galement d\u2019une r\u00e9flexion sur les conditions qui permettent de mener ces recherches \u00e0 leur terme.<\/p>","protected":false},"excerpt":{"rendered":"<p>La notion de socio-\u00e9cosyst\u00e8me r\u00e9pond \u00e0 la n\u00e9cessit\u00e9 de comprendre, dans l\u2019Anthropoc\u00e8ne, comment interagissent les processus adaptatifs dont r\u00e9sulte la co\u00e9volution des \u00eatres vivants. \u00c9tudier les socio-\u00e9cosyst\u00e8mes, c\u2019est tenir compte de la diversit\u00e9 des \u00e9chelles d\u2019espace et de temps afin de p\u00e9n\u00e9trer l\u2019enchev\u00eatrement des forces \u00e9cologiques, sociales et \u00e9conomiques dont \u00e9merge un ensemble de dynamiques [&hellip;]<\/p>\n","protected":false},"featured_media":45322,"template":"","meta":{"_acf_changed":false,"_links_to":"","_links_to_target":""},"product_brand":[],"product_cat":[4289],"product_tag":[],"class_list":{"0":"post-38498","1":"product","2":"type-product","3":"status-publish","4":"has-post-thumbnail","6":"product_cat-sciences","8":"first","9":"instock","10":"shipping-taxable","11":"purchasable","12":"product-type-variable"},"acf":[],"yoast_head":"<!-- This site is optimized with the Yoast SEO plugin v27.2 - https:\/\/yoast.com\/product\/yoast-seo-wordpress\/ -->\n<title>Socio-\u00e9cosyst\u00e8mes - ISTE Group<\/title>\n<meta name=\"description\" content=\"Cet ouvrage analyse, par des cas concrets dans des socio-\u00e9cosyst\u00e8mes r\u00e9gionaux et sur plusieurs continents, comment la recherche-action a permis de trouver des r\u00e9ponses \u00e0 des questions touchant \u00e0 la fois \u00e0 l\u2019agriculture, la sant\u00e9 et la protection de la biodiversit\u00e9.\" \/>\n<meta name=\"robots\" content=\"index, follow, max-snippet:-1, max-image-preview:large, max-video-preview:-1\" \/>\n<link rel=\"canonical\" href=\"https:\/\/www.istegroup.com\/fr\/produit\/socio-ecosystemes\/\" \/>\n<meta property=\"og:locale\" content=\"en_US\" \/>\n<meta property=\"og:type\" content=\"article\" \/>\n<meta property=\"og:title\" content=\"Socio-\u00e9cosyst\u00e8mes - ISTE Group\" \/>\n<meta property=\"og:description\" content=\"Cet ouvrage analyse, par des cas concrets dans des socio-\u00e9cosyst\u00e8mes r\u00e9gionaux et sur plusieurs continents, comment la recherche-action a permis de trouver des r\u00e9ponses \u00e0 des questions touchant \u00e0 la fois \u00e0 l\u2019agriculture, la sant\u00e9 et la protection de la biodiversit\u00e9.\" \/>\n<meta property=\"og:url\" content=\"https:\/\/www.istegroup.com\/fr\/produit\/socio-ecosystemes\/\" \/>\n<meta property=\"og:site_name\" content=\"ISTE Group\" \/>\n<meta property=\"article:modified_time\" content=\"2025-01-03T12:06:30+00:00\" \/>\n<meta property=\"og:image\" content=\"https:\/\/www.istegroup.com\/wp-content\/uploads\/2022\/02\/couv-Socio-e\u0301cosystemes.jpg\" \/>\n\t<meta property=\"og:image:width\" content=\"300\" \/>\n\t<meta property=\"og:image:height\" content=\"450\" \/>\n\t<meta property=\"og:image:type\" content=\"image\/jpeg\" \/>\n<meta name=\"twitter:card\" content=\"summary_large_image\" \/>\n<meta name=\"twitter:label1\" content=\"Est. reading time\" \/>\n\t<meta name=\"twitter:data1\" content=\"2 minutes\" \/>\n<script type=\"application\/ld+json\" class=\"yoast-schema-graph\">{\"@context\":\"https:\/\/schema.org\",\"@graph\":[{\"@type\":\"WebPage\",\"@id\":\"https:\/\/www.istegroup.com\/fr\/produit\/socio-ecosystemes\/\",\"url\":\"https:\/\/www.istegroup.com\/fr\/produit\/socio-ecosystemes\/\",\"name\":\"Socio-\u00e9cosyst\u00e8mes - ISTE Group\",\"isPartOf\":{\"@id\":\"https:\/\/www.istegroup.com\/#website\"},\"primaryImageOfPage\":{\"@id\":\"https:\/\/www.istegroup.com\/fr\/produit\/socio-ecosystemes\/#primaryimage\"},\"image\":{\"@id\":\"https:\/\/www.istegroup.com\/fr\/produit\/socio-ecosystemes\/#primaryimage\"},\"thumbnailUrl\":\"https:\/\/www.istegroup.com\/wp-content\/uploads\/2022\/02\/couv-Socio-e\u0301cosystemes.jpg\",\"datePublished\":\"2021-09-23T13:44:14+00:00\",\"dateModified\":\"2025-01-03T12:06:30+00:00\",\"description\":\"Cet ouvrage analyse, par des cas concrets dans des socio-\u00e9cosyst\u00e8mes r\u00e9gionaux et sur plusieurs continents, comment la recherche-action a permis de trouver des r\u00e9ponses \u00e0 des questions touchant \u00e0 la fois \u00e0 l\u2019agriculture, la sant\u00e9 et la protection de la biodiversit\u00e9.\",\"breadcrumb\":{\"@id\":\"https:\/\/www.istegroup.com\/fr\/produit\/socio-ecosystemes\/#breadcrumb\"},\"inLanguage\":\"en-US\",\"potentialAction\":[{\"@type\":\"ReadAction\",\"target\":[\"https:\/\/www.istegroup.com\/fr\/produit\/socio-ecosystemes\/\"]}]},{\"@type\":\"ImageObject\",\"inLanguage\":\"en-US\",\"@id\":\"https:\/\/www.istegroup.com\/fr\/produit\/socio-ecosystemes\/#primaryimage\",\"url\":\"https:\/\/www.istegroup.com\/wp-content\/uploads\/2022\/02\/couv-Socio-e\u0301cosystemes.jpg\",\"contentUrl\":\"https:\/\/www.istegroup.com\/wp-content\/uploads\/2022\/02\/couv-Socio-e\u0301cosystemes.jpg\",\"width\":300,\"height\":450,\"caption\":\"Livre scientifique - Socio-\u00e9cosyst\u00e8mes - Encyclop\u00e9die SCIENCES\"},{\"@type\":\"BreadcrumbList\",\"@id\":\"https:\/\/www.istegroup.com\/fr\/produit\/socio-ecosystemes\/#breadcrumb\",\"itemListElement\":[{\"@type\":\"ListItem\",\"position\":1,\"name\":\"Home\",\"item\":\"https:\/\/www.istegroup.com\/\"},{\"@type\":\"ListItem\",\"position\":2,\"name\":\"Shop\",\"item\":\"https:\/\/www.istegroup.com\/fr\/nouveautes\/\"},{\"@type\":\"ListItem\",\"position\":3,\"name\":\"Socio-\u00e9cosyst\u00e8mes\"}]},{\"@type\":\"WebSite\",\"@id\":\"https:\/\/www.istegroup.com\/#website\",\"url\":\"https:\/\/www.istegroup.com\/\",\"name\":\"ISTE Group\",\"description\":\"Publishing Knowledge\",\"potentialAction\":[{\"@type\":\"SearchAction\",\"target\":{\"@type\":\"EntryPoint\",\"urlTemplate\":\"https:\/\/www.istegroup.com\/?s={search_term_string}\"},\"query-input\":{\"@type\":\"PropertyValueSpecification\",\"valueRequired\":true,\"valueName\":\"search_term_string\"}}],\"inLanguage\":\"en-US\"}]}<\/script>\n<!-- \/ Yoast SEO plugin. -->","yoast_head_json":{"title":"Socio-\u00e9cosyst\u00e8mes - ISTE Group","description":"Cet ouvrage analyse, par des cas concrets dans des socio-\u00e9cosyst\u00e8mes r\u00e9gionaux et sur plusieurs continents, comment la recherche-action a permis de trouver des r\u00e9ponses \u00e0 des questions touchant \u00e0 la fois \u00e0 l\u2019agriculture, la sant\u00e9 et la protection de la biodiversit\u00e9.","robots":{"index":"index","follow":"follow","max-snippet":"max-snippet:-1","max-image-preview":"max-image-preview:large","max-video-preview":"max-video-preview:-1"},"canonical":"https:\/\/www.istegroup.com\/fr\/produit\/socio-ecosystemes\/","og_locale":"en_US","og_type":"article","og_title":"Socio-\u00e9cosyst\u00e8mes - ISTE Group","og_description":"Cet ouvrage analyse, par des cas concrets dans des socio-\u00e9cosyst\u00e8mes r\u00e9gionaux et sur plusieurs continents, comment la recherche-action a permis de trouver des r\u00e9ponses \u00e0 des questions touchant \u00e0 la fois \u00e0 l\u2019agriculture, la sant\u00e9 et la protection de la biodiversit\u00e9.","og_url":"https:\/\/www.istegroup.com\/fr\/produit\/socio-ecosystemes\/","og_site_name":"ISTE Group","article_modified_time":"2025-01-03T12:06:30+00:00","og_image":[{"width":300,"height":450,"url":"https:\/\/www.istegroup.com\/wp-content\/uploads\/2022\/02\/couv-Socio-e\u0301cosystemes.jpg","type":"image\/jpeg"}],"twitter_card":"summary_large_image","twitter_misc":{"Est. reading time":"2 minutes"},"schema":{"@context":"https:\/\/schema.org","@graph":[{"@type":"WebPage","@id":"https:\/\/www.istegroup.com\/fr\/produit\/socio-ecosystemes\/","url":"https:\/\/www.istegroup.com\/fr\/produit\/socio-ecosystemes\/","name":"Socio-\u00e9cosyst\u00e8mes - ISTE Group","isPartOf":{"@id":"https:\/\/www.istegroup.com\/#website"},"primaryImageOfPage":{"@id":"https:\/\/www.istegroup.com\/fr\/produit\/socio-ecosystemes\/#primaryimage"},"image":{"@id":"https:\/\/www.istegroup.com\/fr\/produit\/socio-ecosystemes\/#primaryimage"},"thumbnailUrl":"https:\/\/www.istegroup.com\/wp-content\/uploads\/2022\/02\/couv-Socio-e\u0301cosystemes.jpg","datePublished":"2021-09-23T13:44:14+00:00","dateModified":"2025-01-03T12:06:30+00:00","description":"Cet ouvrage analyse, par des cas concrets dans des socio-\u00e9cosyst\u00e8mes r\u00e9gionaux et sur plusieurs continents, comment la recherche-action a permis de trouver des r\u00e9ponses \u00e0 des questions touchant \u00e0 la fois \u00e0 l\u2019agriculture, la sant\u00e9 et la protection de la biodiversit\u00e9.","breadcrumb":{"@id":"https:\/\/www.istegroup.com\/fr\/produit\/socio-ecosystemes\/#breadcrumb"},"inLanguage":"en-US","potentialAction":[{"@type":"ReadAction","target":["https:\/\/www.istegroup.com\/fr\/produit\/socio-ecosystemes\/"]}]},{"@type":"ImageObject","inLanguage":"en-US","@id":"https:\/\/www.istegroup.com\/fr\/produit\/socio-ecosystemes\/#primaryimage","url":"https:\/\/www.istegroup.com\/wp-content\/uploads\/2022\/02\/couv-Socio-e\u0301cosystemes.jpg","contentUrl":"https:\/\/www.istegroup.com\/wp-content\/uploads\/2022\/02\/couv-Socio-e\u0301cosystemes.jpg","width":300,"height":450,"caption":"Livre scientifique - Socio-\u00e9cosyst\u00e8mes - Encyclop\u00e9die SCIENCES"},{"@type":"BreadcrumbList","@id":"https:\/\/www.istegroup.com\/fr\/produit\/socio-ecosystemes\/#breadcrumb","itemListElement":[{"@type":"ListItem","position":1,"name":"Home","item":"https:\/\/www.istegroup.com\/"},{"@type":"ListItem","position":2,"name":"Shop","item":"https:\/\/www.istegroup.com\/fr\/nouveautes\/"},{"@type":"ListItem","position":3,"name":"Socio-\u00e9cosyst\u00e8mes"}]},{"@type":"WebSite","@id":"https:\/\/www.istegroup.com\/#website","url":"https:\/\/www.istegroup.com\/","name":"ISTE Group","description":"Publishing Knowledge","potentialAction":[{"@type":"SearchAction","target":{"@type":"EntryPoint","urlTemplate":"https:\/\/www.istegroup.com\/?s={search_term_string}"},"query-input":{"@type":"PropertyValueSpecification","valueRequired":true,"valueName":"search_term_string"}}],"inLanguage":"en-US"}]}},"_links":{"self":[{"href":"https:\/\/www.istegroup.com\/en\/wp-json\/wp\/v2\/product\/38498","targetHints":{"allow":["GET"]}}],"collection":[{"href":"https:\/\/www.istegroup.com\/en\/wp-json\/wp\/v2\/product"}],"about":[{"href":"https:\/\/www.istegroup.com\/en\/wp-json\/wp\/v2\/types\/product"}],"wp:featuredmedia":[{"embeddable":true,"href":"https:\/\/www.istegroup.com\/en\/wp-json\/wp\/v2\/media\/45322"}],"wp:attachment":[{"href":"https:\/\/www.istegroup.com\/en\/wp-json\/wp\/v2\/media?parent=38498"}],"wp:term":[{"taxonomy":"product_brand","embeddable":true,"href":"https:\/\/www.istegroup.com\/en\/wp-json\/wp\/v2\/product_brand?post=38498"},{"taxonomy":"product_cat","embeddable":true,"href":"https:\/\/www.istegroup.com\/en\/wp-json\/wp\/v2\/product_cat?post=38498"},{"taxonomy":"product_tag","embeddable":true,"href":"https:\/\/www.istegroup.com\/en\/wp-json\/wp\/v2\/product_tag?post=38498"}],"curies":[{"name":"wp","href":"https:\/\/api.w.org\/{rel}","templated":true}]}}