{"id":383,"date":"2015-03-28T12:36:23","date_gmt":"2015-03-28T11:36:23","guid":{"rendered":"https:\/\/iste.yhello.co\/product\/le-stockage-electrochimique-de-lenergie\/"},"modified":"2024-01-03T13:39:38","modified_gmt":"2024-01-03T13:39:38","slug":"le-stockage-electrochimique-de-lenergie","status":"publish","type":"product","link":"https:\/\/www.istegroup.com\/en\/produit\/le-stockage-electrochimique-de-lenergie\/","title":{"rendered":"Le stockage \u00e9lectrochimique de l\u2019\u00e9nergie"},"content":{"rendered":"<p>Ce livre est le premier de la s\u00e9rie\u00a0<em>Stockage de l&#8217;\u00e9nergie &#8211; batteries et supercondensateurs<\/em>\u00a0d\u00e9di\u00e9e \u00e0 la recherche et \u00e0 l\u2019innovation dans le domaine du stockage \u00e9lectrochimique de l\u2019\u00e9nergie qui permet de dompter l\u2019\u00e9lectricit\u00e9 et de la mettre chimiquement en cage.<\/p>\n<p>Cet ouvrage dresse le panorama du stockage \u00e9lectrochimique devenu essentiel pour les objets communicants, le d\u00e9veloppement des v\u00e9hicules \u00e9lectriques ou le stockage des \u00e9nergies renouvelables. Ces applications &#8220;r\u00e9seaux&#8221; ou de transport n\u00e9cessitent de stocker de l\u2019\u00e9nergie puis de la restituer sous une forme \u00e9lectrique. Les dispositifs \u00e9lectrochimiques capables d\u2019effectuer un tel stockage et conversion sont notamment les supercondensateurs et les batteries.<\/p>\n<p>Le\u00a0<em>stockage \u00e9lectrochimique de l\u2019\u00e9nergie\u00a0<\/em>analyse les diff\u00e9rentes technologies du Li-ion au redox flow. Il pr\u00e9sente le RS2E, un r\u00e9seau d\u2019entreprises et de laboratoires publics qui permet de f\u00e9d\u00e9rer recherche et industrie.<\/p>\n","protected":false},"excerpt":{"rendered":"<p>Ce livre est le premier de la s\u00e9rie\u00a0Stockage de l&#8217;\u00e9nergie &#8211; batteries et supercondensateurs\u00a0d\u00e9di\u00e9e \u00e0 la recherche et \u00e0 l\u2019innovation dans le domaine du stockage \u00e9lectrochimique de l\u2019\u00e9nergie qui permet de dompter l\u2019\u00e9lectricit\u00e9 et de la mettre chimiquement en cage. Cet ouvrage dresse le panorama du stockage \u00e9lectrochimique devenu essentiel pour les objets communicants, le [&hellip;]<\/p>\n","protected":false},"featured_media":384,"template":"","meta":{"_acf_changed":false,"_links_to":"","_links_to_target":""},"product_brand":[],"product_cat":[660,721],"product_tag":[328,31,196,1642,1643,296,197,198,199,21,200,22,201,1637,1146,203,204,63,25,172,209,1638,212,38,192,145,28,1639,1640,1171,1641,253],"class_list":{"0":"post-383","1":"product","2":"type-product","3":"status-publish","4":"has-post-thumbnail","6":"product_cat-energie-12506414","7":"product_cat-srie-stockage-de-lnergie-batteries-et-supercondensateurs-34629572","8":"product_tag-batteries","9":"product_tag-ebook","10":"product_tag-ebooks","11":"product_tag-eco-compatible","12":"product_tag-electrochimique","13":"product_tag-energie","14":"product_tag-iste","15":"product_tag-iste-edition","16":"product_tag-iste-editions","17":"product_tag-iste-group","18":"product_tag-isteedition","19":"product_tag-istegroup","20":"product_tag-kindle","21":"product_tag-le-stockage-electrochimique-de-lenergie","22":"product_tag-li-ion","23":"product_tag-liseuse","24":"product_tag-livre","25":"product_tag-livre-electronique","26":"product_tag-livre-numerique","27":"product_tag-livre-scientifique","28":"product_tag-livres-scientifiques","29":"product_tag-materiaux-intelligents","30":"product_tag-ouvrage","31":"product_tag-ouvrage-numerique","32":"product_tag-ouvrage-science","33":"product_tag-ouvrage-scientifique","34":"product_tag-ouvrage-scientifique-francais","35":"product_tag-redox-flow","36":"product_tag-rs2e","37":"product_tag-stockage","38":"product_tag-supercondensateurs","39":"product_tag-technologie","41":"first","42":"instock","43":"shipping-taxable","44":"purchasable","45":"product-type-variable"},"acf":[],"yoast_head":"<!-- This site is optimized with the Yoast SEO plugin v27.2 - https:\/\/yoast.com\/product\/yoast-seo-wordpress\/ -->\n<title>Le stockage \u00e9lectrochimique de l\u2019\u00e9nergie - ISTE Group<\/title>\n<meta name=\"robots\" content=\"index, follow, max-snippet:-1, max-image-preview:large, max-video-preview:-1\" \/>\n<link rel=\"canonical\" href=\"https:\/\/www.istegroup.com\/fr\/produit\/le-stockage-electrochimique-de-lenergie\/\" \/>\n<meta property=\"og:locale\" content=\"en_US\" \/>\n<meta property=\"og:type\" content=\"article\" \/>\n<meta property=\"og:title\" content=\"Le stockage \u00e9lectrochimique de l\u2019\u00e9nergie - ISTE Group\" \/>\n<meta property=\"og:description\" content=\"Ce livre est le premier de la s\u00e9rie\u00a0Stockage de l&#8217;\u00e9nergie &#8211; batteries et supercondensateurs\u00a0d\u00e9di\u00e9e \u00e0 la recherche et \u00e0 l\u2019innovation dans le domaine du stockage \u00e9lectrochimique de l\u2019\u00e9nergie qui permet de dompter l\u2019\u00e9lectricit\u00e9 et de la mettre chimiquement en cage. Cet ouvrage dresse le panorama du stockage \u00e9lectrochimique devenu essentiel pour les objets communicants, le [&hellip;]\" \/>\n<meta property=\"og:url\" content=\"https:\/\/www.istegroup.com\/fr\/produit\/le-stockage-electrochimique-de-lenergie\/\" \/>\n<meta property=\"og:site_name\" content=\"ISTE Group\" \/>\n<meta property=\"article:modified_time\" content=\"2024-01-03T13:39:38+00:00\" \/>\n<meta property=\"og:image\" content=\"https:\/\/www.istegroup.com\/wp-content\/uploads\/2017\/07\/1201056068_415929092-1.jpg\" \/>\n\t<meta property=\"og:image:width\" content=\"300\" \/>\n\t<meta property=\"og:image:height\" content=\"450\" \/>\n\t<meta property=\"og:image:type\" content=\"image\/jpeg\" \/>\n<meta name=\"twitter:card\" content=\"summary_large_image\" \/>\n<meta name=\"twitter:label1\" content=\"Est. reading time\" \/>\n\t<meta name=\"twitter:data1\" content=\"1 minute\" \/>\n<script type=\"application\/ld+json\" class=\"yoast-schema-graph\">{\"@context\":\"https:\/\/schema.org\",\"@graph\":[{\"@type\":\"WebPage\",\"@id\":\"https:\/\/www.istegroup.com\/fr\/produit\/le-stockage-electrochimique-de-lenergie\/\",\"url\":\"https:\/\/www.istegroup.com\/fr\/produit\/le-stockage-electrochimique-de-lenergie\/\",\"name\":\"Le stockage \u00e9lectrochimique de l\u2019\u00e9nergie - ISTE Group\",\"isPartOf\":{\"@id\":\"https:\/\/www.istegroup.com\/#website\"},\"primaryImageOfPage\":{\"@id\":\"https:\/\/www.istegroup.com\/fr\/produit\/le-stockage-electrochimique-de-lenergie\/#primaryimage\"},\"image\":{\"@id\":\"https:\/\/www.istegroup.com\/fr\/produit\/le-stockage-electrochimique-de-lenergie\/#primaryimage\"},\"thumbnailUrl\":\"https:\/\/www.istegroup.com\/wp-content\/uploads\/2017\/07\/1201056068_415929092-1.jpg\",\"datePublished\":\"2015-03-28T11:36:23+00:00\",\"dateModified\":\"2024-01-03T13:39:38+00:00\",\"breadcrumb\":{\"@id\":\"https:\/\/www.istegroup.com\/fr\/produit\/le-stockage-electrochimique-de-lenergie\/#breadcrumb\"},\"inLanguage\":\"en-US\",\"potentialAction\":[{\"@type\":\"ReadAction\",\"target\":[\"https:\/\/www.istegroup.com\/fr\/produit\/le-stockage-electrochimique-de-lenergie\/\"]}]},{\"@type\":\"ImageObject\",\"inLanguage\":\"en-US\",\"@id\":\"https:\/\/www.istegroup.com\/fr\/produit\/le-stockage-electrochimique-de-lenergie\/#primaryimage\",\"url\":\"https:\/\/www.istegroup.com\/wp-content\/uploads\/2017\/07\/1201056068_415929092-1.jpg\",\"contentUrl\":\"https:\/\/www.istegroup.com\/wp-content\/uploads\/2017\/07\/1201056068_415929092-1.jpg\",\"width\":300,\"height\":450,\"caption\":\"Verrous actuels et recherches d\u00e9velopp\u00e9es par le r\u00e9seau RS2E\"},{\"@type\":\"BreadcrumbList\",\"@id\":\"https:\/\/www.istegroup.com\/fr\/produit\/le-stockage-electrochimique-de-lenergie\/#breadcrumb\",\"itemListElement\":[{\"@type\":\"ListItem\",\"position\":1,\"name\":\"Home\",\"item\":\"https:\/\/www.istegroup.com\/\"},{\"@type\":\"ListItem\",\"position\":2,\"name\":\"Shop\",\"item\":\"https:\/\/www.istegroup.com\/fr\/nouveautes\/\"},{\"@type\":\"ListItem\",\"position\":3,\"name\":\"Le stockage \u00e9lectrochimique de l\u2019\u00e9nergie\"}]},{\"@type\":\"WebSite\",\"@id\":\"https:\/\/www.istegroup.com\/#website\",\"url\":\"https:\/\/www.istegroup.com\/\",\"name\":\"ISTE Group\",\"description\":\"Publishing Knowledge\",\"potentialAction\":[{\"@type\":\"SearchAction\",\"target\":{\"@type\":\"EntryPoint\",\"urlTemplate\":\"https:\/\/www.istegroup.com\/?s={search_term_string}\"},\"query-input\":{\"@type\":\"PropertyValueSpecification\",\"valueRequired\":true,\"valueName\":\"search_term_string\"}}],\"inLanguage\":\"en-US\"}]}<\/script>\n<!-- \/ Yoast SEO plugin. -->","yoast_head_json":{"title":"Le stockage \u00e9lectrochimique de l\u2019\u00e9nergie - ISTE Group","robots":{"index":"index","follow":"follow","max-snippet":"max-snippet:-1","max-image-preview":"max-image-preview:large","max-video-preview":"max-video-preview:-1"},"canonical":"https:\/\/www.istegroup.com\/fr\/produit\/le-stockage-electrochimique-de-lenergie\/","og_locale":"en_US","og_type":"article","og_title":"Le stockage \u00e9lectrochimique de l\u2019\u00e9nergie - ISTE Group","og_description":"Ce livre est le premier de la s\u00e9rie\u00a0Stockage de l&#8217;\u00e9nergie &#8211; batteries et supercondensateurs\u00a0d\u00e9di\u00e9e \u00e0 la recherche et \u00e0 l\u2019innovation dans le domaine du stockage \u00e9lectrochimique de l\u2019\u00e9nergie qui permet de dompter l\u2019\u00e9lectricit\u00e9 et de la mettre chimiquement en cage. Cet ouvrage dresse le panorama du stockage \u00e9lectrochimique devenu essentiel pour les objets communicants, le [&hellip;]","og_url":"https:\/\/www.istegroup.com\/fr\/produit\/le-stockage-electrochimique-de-lenergie\/","og_site_name":"ISTE Group","article_modified_time":"2024-01-03T13:39:38+00:00","og_image":[{"width":300,"height":450,"url":"https:\/\/www.istegroup.com\/wp-content\/uploads\/2017\/07\/1201056068_415929092-1.jpg","type":"image\/jpeg"}],"twitter_card":"summary_large_image","twitter_misc":{"Est. reading time":"1 minute"},"schema":{"@context":"https:\/\/schema.org","@graph":[{"@type":"WebPage","@id":"https:\/\/www.istegroup.com\/fr\/produit\/le-stockage-electrochimique-de-lenergie\/","url":"https:\/\/www.istegroup.com\/fr\/produit\/le-stockage-electrochimique-de-lenergie\/","name":"Le stockage \u00e9lectrochimique de l\u2019\u00e9nergie - ISTE Group","isPartOf":{"@id":"https:\/\/www.istegroup.com\/#website"},"primaryImageOfPage":{"@id":"https:\/\/www.istegroup.com\/fr\/produit\/le-stockage-electrochimique-de-lenergie\/#primaryimage"},"image":{"@id":"https:\/\/www.istegroup.com\/fr\/produit\/le-stockage-electrochimique-de-lenergie\/#primaryimage"},"thumbnailUrl":"https:\/\/www.istegroup.com\/wp-content\/uploads\/2017\/07\/1201056068_415929092-1.jpg","datePublished":"2015-03-28T11:36:23+00:00","dateModified":"2024-01-03T13:39:38+00:00","breadcrumb":{"@id":"https:\/\/www.istegroup.com\/fr\/produit\/le-stockage-electrochimique-de-lenergie\/#breadcrumb"},"inLanguage":"en-US","potentialAction":[{"@type":"ReadAction","target":["https:\/\/www.istegroup.com\/fr\/produit\/le-stockage-electrochimique-de-lenergie\/"]}]},{"@type":"ImageObject","inLanguage":"en-US","@id":"https:\/\/www.istegroup.com\/fr\/produit\/le-stockage-electrochimique-de-lenergie\/#primaryimage","url":"https:\/\/www.istegroup.com\/wp-content\/uploads\/2017\/07\/1201056068_415929092-1.jpg","contentUrl":"https:\/\/www.istegroup.com\/wp-content\/uploads\/2017\/07\/1201056068_415929092-1.jpg","width":300,"height":450,"caption":"Verrous actuels et recherches d\u00e9velopp\u00e9es par le r\u00e9seau RS2E"},{"@type":"BreadcrumbList","@id":"https:\/\/www.istegroup.com\/fr\/produit\/le-stockage-electrochimique-de-lenergie\/#breadcrumb","itemListElement":[{"@type":"ListItem","position":1,"name":"Home","item":"https:\/\/www.istegroup.com\/"},{"@type":"ListItem","position":2,"name":"Shop","item":"https:\/\/www.istegroup.com\/fr\/nouveautes\/"},{"@type":"ListItem","position":3,"name":"Le stockage \u00e9lectrochimique de l\u2019\u00e9nergie"}]},{"@type":"WebSite","@id":"https:\/\/www.istegroup.com\/#website","url":"https:\/\/www.istegroup.com\/","name":"ISTE Group","description":"Publishing Knowledge","potentialAction":[{"@type":"SearchAction","target":{"@type":"EntryPoint","urlTemplate":"https:\/\/www.istegroup.com\/?s={search_term_string}"},"query-input":{"@type":"PropertyValueSpecification","valueRequired":true,"valueName":"search_term_string"}}],"inLanguage":"en-US"}]}},"_links":{"self":[{"href":"https:\/\/www.istegroup.com\/en\/wp-json\/wp\/v2\/product\/383","targetHints":{"allow":["GET"]}}],"collection":[{"href":"https:\/\/www.istegroup.com\/en\/wp-json\/wp\/v2\/product"}],"about":[{"href":"https:\/\/www.istegroup.com\/en\/wp-json\/wp\/v2\/types\/product"}],"wp:featuredmedia":[{"embeddable":true,"href":"https:\/\/www.istegroup.com\/en\/wp-json\/wp\/v2\/media\/384"}],"wp:attachment":[{"href":"https:\/\/www.istegroup.com\/en\/wp-json\/wp\/v2\/media?parent=383"}],"wp:term":[{"taxonomy":"product_brand","embeddable":true,"href":"https:\/\/www.istegroup.com\/en\/wp-json\/wp\/v2\/product_brand?post=383"},{"taxonomy":"product_cat","embeddable":true,"href":"https:\/\/www.istegroup.com\/en\/wp-json\/wp\/v2\/product_cat?post=383"},{"taxonomy":"product_tag","embeddable":true,"href":"https:\/\/www.istegroup.com\/en\/wp-json\/wp\/v2\/product_tag?post=383"}],"curies":[{"name":"wp","href":"https:\/\/api.w.org\/{rel}","templated":true}]}}