{"id":381,"date":"2015-09-05T12:36:20","date_gmt":"2015-09-05T10:36:20","guid":{"rendered":"https:\/\/iste.yhello.co\/product\/le-potentiel-ethique-de-lefficacite\/"},"modified":"2024-01-03T13:39:38","modified_gmt":"2024-01-03T13:39:38","slug":"le-potentiel-ethique-de-lefficacite","status":"publish","type":"product","link":"https:\/\/www.istegroup.com\/en\/produit\/le-potentiel-ethique-de-lefficacite\/","title":{"rendered":"Le potentiel \u00e9thique de l\u2019efficacit\u00e9"},"content":{"rendered":"<p>Pratique et conceptuelle, la s\u00e9rie\u00a0<em>Innovation et recherche responsables<\/em>\u00a0contribue \u00e0 la clarification de cette nouvelle exigence pour toutes les sciences et l\u2019innovation technologique. Elle aborde la responsabilit\u00e9 de fa\u00e7on pluraliste et internationale, en exploitant diverses ressources philosophiques. Elle traite notamment des th\u00e8mes suivants : \u00e9thique, contingence, \u00e9conomie normative, libert\u00e9, responsabilit\u00e9 soci\u00e9tale des entreprises (RSE), \u00e9valuation technologique participative, d\u00e9veloppement durable, g\u00e9oengineering, principe de pr\u00e9caution, normes, interdisciplinarit\u00e9 et gouvernance climatique.<\/p>\n<p>L\u2019\u00e9thique de l\u2019efficacit\u00e9 doit se penser au regard des logiques d\u2019action ou des syst\u00e8mes \u00e9conomiques, politiques, juridiques ou scientifiques.<\/p>\n<p>Cet ouvrage pr\u00e9sente une interrogation en amont du th\u00e8me central de l\u2019innovation et de la recherche responsables (RRI), celle d\u2019une influence \u00e9thique sur les logiques efficaces. L\u2019enjeu est ici de questionner l\u2019opportunit\u00e9 et les modalit\u00e9s d\u2019une \u00e9thique qui agiraient sur les logiques d\u2019efficacit\u00e9 de la recherche et de l\u2019innovation.<\/p>\n<p>A partir de la distinction de l\u2019efficacit\u00e9 et de l\u2019effectivit\u00e9, se pose la probl\u00e9matique de l\u2019efficience, accord \u00e9thique des deux. Ainsi se dessine la possibilit\u00e9 d\u2019une prise de responsabilit\u00e9 efficiente par rapport aux injustices syst\u00e9matiques potentiellement li\u00e9es \u00e0 cette efficacit\u00e9. Ce livre propose des cat\u00e9gories pour appr\u00e9hender les implications \u00e9thiques des processus de recherche et d&#8217;innovation, sous l&#8217;aspect de leur efficacit\u00e9.<\/p>\n","protected":false},"excerpt":{"rendered":"<p>Pratique et conceptuelle, la s\u00e9rie\u00a0Innovation et recherche responsables\u00a0contribue \u00e0 la clarification de cette nouvelle exigence pour toutes les sciences et l\u2019innovation technologique. Elle aborde la responsabilit\u00e9 de fa\u00e7on pluraliste et internationale, en exploitant diverses ressources philosophiques. Elle traite notamment des th\u00e8mes suivants : \u00e9thique, contingence, \u00e9conomie normative, libert\u00e9, responsabilit\u00e9 soci\u00e9tale des entreprises (RSE), \u00e9valuation technologique [&hellip;]<\/p>\n","protected":false},"featured_media":382,"template":"","meta":{"_acf_changed":false,"_links_to":"","_links_to_target":""},"product_brand":[],"product_cat":[684,698],"product_tag":[31,196,1629,1121,1630,1256,289,197,198,199,21,200,22,201,1631,203,204,63,25,172,209,1632,1633,212,38,192,145,28,1634,1635,1636],"class_list":{"0":"post-381","1":"product","2":"type-product","3":"status-publish","4":"has-post-thumbnail","6":"product_cat-sciences-socit-et-nouvelles-technologies-188422468","7":"product_cat-srie-innovation-et-recherche-responsables-76965636","8":"product_tag-ebook","9":"product_tag-ebooks","10":"product_tag-effectivite","11":"product_tag-efficacite","12":"product_tag-efficience","13":"product_tag-ethique","14":"product_tag-innovation","15":"product_tag-iste","16":"product_tag-iste-edition","17":"product_tag-iste-editions","18":"product_tag-iste-group","19":"product_tag-isteedition","20":"product_tag-istegroup","21":"product_tag-kindle","22":"product_tag-le-potentiel-ethique-de-lefficacite","23":"product_tag-liseuse","24":"product_tag-livre","25":"product_tag-livre-electronique","26":"product_tag-livre-numerique","27":"product_tag-livre-scientifique","28":"product_tag-livres-scientifiques","29":"product_tag-logiques-daction","30":"product_tag-logiques-efficaces","31":"product_tag-ouvrage","32":"product_tag-ouvrage-numerique","33":"product_tag-ouvrage-science","34":"product_tag-ouvrage-scientifique","35":"product_tag-ouvrage-scientifique-francais","36":"product_tag-recherche-responsable","37":"product_tag-rri","38":"product_tag-virgil-cristian-lenoir","40":"first","41":"instock","42":"shipping-taxable","43":"purchasable","44":"product-type-variable"},"acf":[],"yoast_head":"<!-- This site is optimized with the Yoast SEO plugin v27.2 - https:\/\/yoast.com\/product\/yoast-seo-wordpress\/ -->\n<title>Le potentiel \u00e9thique de l\u2019efficacit\u00e9 - ISTE Group<\/title>\n<meta name=\"robots\" content=\"index, follow, max-snippet:-1, max-image-preview:large, max-video-preview:-1\" \/>\n<link rel=\"canonical\" href=\"https:\/\/www.istegroup.com\/fr\/produit\/le-potentiel-ethique-de-lefficacite\/\" \/>\n<meta property=\"og:locale\" content=\"en_US\" \/>\n<meta property=\"og:type\" content=\"article\" \/>\n<meta property=\"og:title\" content=\"Le potentiel \u00e9thique de l\u2019efficacit\u00e9 - ISTE Group\" \/>\n<meta property=\"og:description\" content=\"Pratique et conceptuelle, la s\u00e9rie\u00a0Innovation et recherche responsables\u00a0contribue \u00e0 la clarification de cette nouvelle exigence pour toutes les sciences et l\u2019innovation technologique. Elle aborde la responsabilit\u00e9 de fa\u00e7on pluraliste et internationale, en exploitant diverses ressources philosophiques. Elle traite notamment des th\u00e8mes suivants : \u00e9thique, contingence, \u00e9conomie normative, libert\u00e9, responsabilit\u00e9 soci\u00e9tale des entreprises (RSE), \u00e9valuation technologique [&hellip;]\" \/>\n<meta property=\"og:url\" content=\"https:\/\/www.istegroup.com\/fr\/produit\/le-potentiel-ethique-de-lefficacite\/\" \/>\n<meta property=\"og:site_name\" content=\"ISTE Group\" \/>\n<meta property=\"article:modified_time\" content=\"2024-01-03T13:39:38+00:00\" \/>\n<meta property=\"og:image\" content=\"https:\/\/www.istegroup.com\/wp-content\/uploads\/2017\/07\/3257264772_1245817092-1.jpg\" \/>\n\t<meta property=\"og:image:width\" content=\"300\" \/>\n\t<meta property=\"og:image:height\" content=\"452\" \/>\n\t<meta property=\"og:image:type\" content=\"image\/jpeg\" \/>\n<meta name=\"twitter:card\" content=\"summary_large_image\" \/>\n<meta name=\"twitter:label1\" content=\"Est. reading time\" \/>\n\t<meta name=\"twitter:data1\" content=\"1 minute\" \/>\n<script type=\"application\/ld+json\" class=\"yoast-schema-graph\">{\"@context\":\"https:\/\/schema.org\",\"@graph\":[{\"@type\":\"WebPage\",\"@id\":\"https:\/\/www.istegroup.com\/fr\/produit\/le-potentiel-ethique-de-lefficacite\/\",\"url\":\"https:\/\/www.istegroup.com\/fr\/produit\/le-potentiel-ethique-de-lefficacite\/\",\"name\":\"Le potentiel \u00e9thique de l\u2019efficacit\u00e9 - ISTE Group\",\"isPartOf\":{\"@id\":\"https:\/\/www.istegroup.com\/#website\"},\"primaryImageOfPage\":{\"@id\":\"https:\/\/www.istegroup.com\/fr\/produit\/le-potentiel-ethique-de-lefficacite\/#primaryimage\"},\"image\":{\"@id\":\"https:\/\/www.istegroup.com\/fr\/produit\/le-potentiel-ethique-de-lefficacite\/#primaryimage\"},\"thumbnailUrl\":\"https:\/\/www.istegroup.com\/wp-content\/uploads\/2017\/07\/3257264772_1245817092-1.jpg\",\"datePublished\":\"2015-09-05T10:36:20+00:00\",\"dateModified\":\"2024-01-03T13:39:38+00:00\",\"breadcrumb\":{\"@id\":\"https:\/\/www.istegroup.com\/fr\/produit\/le-potentiel-ethique-de-lefficacite\/#breadcrumb\"},\"inLanguage\":\"en-US\",\"potentialAction\":[{\"@type\":\"ReadAction\",\"target\":[\"https:\/\/www.istegroup.com\/fr\/produit\/le-potentiel-ethique-de-lefficacite\/\"]}]},{\"@type\":\"ImageObject\",\"inLanguage\":\"en-US\",\"@id\":\"https:\/\/www.istegroup.com\/fr\/produit\/le-potentiel-ethique-de-lefficacite\/#primaryimage\",\"url\":\"https:\/\/www.istegroup.com\/wp-content\/uploads\/2017\/07\/3257264772_1245817092-1.jpg\",\"contentUrl\":\"https:\/\/www.istegroup.com\/wp-content\/uploads\/2017\/07\/3257264772_1245817092-1.jpg\",\"width\":300,\"height\":452,\"caption\":\"Responsabilit\u00e9 et contingence\"},{\"@type\":\"BreadcrumbList\",\"@id\":\"https:\/\/www.istegroup.com\/fr\/produit\/le-potentiel-ethique-de-lefficacite\/#breadcrumb\",\"itemListElement\":[{\"@type\":\"ListItem\",\"position\":1,\"name\":\"Home\",\"item\":\"https:\/\/www.istegroup.com\/\"},{\"@type\":\"ListItem\",\"position\":2,\"name\":\"Shop\",\"item\":\"https:\/\/www.istegroup.com\/fr\/nouveautes\/\"},{\"@type\":\"ListItem\",\"position\":3,\"name\":\"Le potentiel \u00e9thique de l\u2019efficacit\u00e9\"}]},{\"@type\":\"WebSite\",\"@id\":\"https:\/\/www.istegroup.com\/#website\",\"url\":\"https:\/\/www.istegroup.com\/\",\"name\":\"ISTE Group\",\"description\":\"Publishing Knowledge\",\"potentialAction\":[{\"@type\":\"SearchAction\",\"target\":{\"@type\":\"EntryPoint\",\"urlTemplate\":\"https:\/\/www.istegroup.com\/?s={search_term_string}\"},\"query-input\":{\"@type\":\"PropertyValueSpecification\",\"valueRequired\":true,\"valueName\":\"search_term_string\"}}],\"inLanguage\":\"en-US\"}]}<\/script>\n<!-- \/ Yoast SEO plugin. -->","yoast_head_json":{"title":"Le potentiel \u00e9thique de l\u2019efficacit\u00e9 - ISTE Group","robots":{"index":"index","follow":"follow","max-snippet":"max-snippet:-1","max-image-preview":"max-image-preview:large","max-video-preview":"max-video-preview:-1"},"canonical":"https:\/\/www.istegroup.com\/fr\/produit\/le-potentiel-ethique-de-lefficacite\/","og_locale":"en_US","og_type":"article","og_title":"Le potentiel \u00e9thique de l\u2019efficacit\u00e9 - ISTE Group","og_description":"Pratique et conceptuelle, la s\u00e9rie\u00a0Innovation et recherche responsables\u00a0contribue \u00e0 la clarification de cette nouvelle exigence pour toutes les sciences et l\u2019innovation technologique. Elle aborde la responsabilit\u00e9 de fa\u00e7on pluraliste et internationale, en exploitant diverses ressources philosophiques. Elle traite notamment des th\u00e8mes suivants : \u00e9thique, contingence, \u00e9conomie normative, libert\u00e9, responsabilit\u00e9 soci\u00e9tale des entreprises (RSE), \u00e9valuation technologique [&hellip;]","og_url":"https:\/\/www.istegroup.com\/fr\/produit\/le-potentiel-ethique-de-lefficacite\/","og_site_name":"ISTE Group","article_modified_time":"2024-01-03T13:39:38+00:00","og_image":[{"width":300,"height":452,"url":"https:\/\/www.istegroup.com\/wp-content\/uploads\/2017\/07\/3257264772_1245817092-1.jpg","type":"image\/jpeg"}],"twitter_card":"summary_large_image","twitter_misc":{"Est. reading time":"1 minute"},"schema":{"@context":"https:\/\/schema.org","@graph":[{"@type":"WebPage","@id":"https:\/\/www.istegroup.com\/fr\/produit\/le-potentiel-ethique-de-lefficacite\/","url":"https:\/\/www.istegroup.com\/fr\/produit\/le-potentiel-ethique-de-lefficacite\/","name":"Le potentiel \u00e9thique de l\u2019efficacit\u00e9 - ISTE Group","isPartOf":{"@id":"https:\/\/www.istegroup.com\/#website"},"primaryImageOfPage":{"@id":"https:\/\/www.istegroup.com\/fr\/produit\/le-potentiel-ethique-de-lefficacite\/#primaryimage"},"image":{"@id":"https:\/\/www.istegroup.com\/fr\/produit\/le-potentiel-ethique-de-lefficacite\/#primaryimage"},"thumbnailUrl":"https:\/\/www.istegroup.com\/wp-content\/uploads\/2017\/07\/3257264772_1245817092-1.jpg","datePublished":"2015-09-05T10:36:20+00:00","dateModified":"2024-01-03T13:39:38+00:00","breadcrumb":{"@id":"https:\/\/www.istegroup.com\/fr\/produit\/le-potentiel-ethique-de-lefficacite\/#breadcrumb"},"inLanguage":"en-US","potentialAction":[{"@type":"ReadAction","target":["https:\/\/www.istegroup.com\/fr\/produit\/le-potentiel-ethique-de-lefficacite\/"]}]},{"@type":"ImageObject","inLanguage":"en-US","@id":"https:\/\/www.istegroup.com\/fr\/produit\/le-potentiel-ethique-de-lefficacite\/#primaryimage","url":"https:\/\/www.istegroup.com\/wp-content\/uploads\/2017\/07\/3257264772_1245817092-1.jpg","contentUrl":"https:\/\/www.istegroup.com\/wp-content\/uploads\/2017\/07\/3257264772_1245817092-1.jpg","width":300,"height":452,"caption":"Responsabilit\u00e9 et contingence"},{"@type":"BreadcrumbList","@id":"https:\/\/www.istegroup.com\/fr\/produit\/le-potentiel-ethique-de-lefficacite\/#breadcrumb","itemListElement":[{"@type":"ListItem","position":1,"name":"Home","item":"https:\/\/www.istegroup.com\/"},{"@type":"ListItem","position":2,"name":"Shop","item":"https:\/\/www.istegroup.com\/fr\/nouveautes\/"},{"@type":"ListItem","position":3,"name":"Le potentiel \u00e9thique de l\u2019efficacit\u00e9"}]},{"@type":"WebSite","@id":"https:\/\/www.istegroup.com\/#website","url":"https:\/\/www.istegroup.com\/","name":"ISTE Group","description":"Publishing Knowledge","potentialAction":[{"@type":"SearchAction","target":{"@type":"EntryPoint","urlTemplate":"https:\/\/www.istegroup.com\/?s={search_term_string}"},"query-input":{"@type":"PropertyValueSpecification","valueRequired":true,"valueName":"search_term_string"}}],"inLanguage":"en-US"}]}},"_links":{"self":[{"href":"https:\/\/www.istegroup.com\/en\/wp-json\/wp\/v2\/product\/381","targetHints":{"allow":["GET"]}}],"collection":[{"href":"https:\/\/www.istegroup.com\/en\/wp-json\/wp\/v2\/product"}],"about":[{"href":"https:\/\/www.istegroup.com\/en\/wp-json\/wp\/v2\/types\/product"}],"wp:featuredmedia":[{"embeddable":true,"href":"https:\/\/www.istegroup.com\/en\/wp-json\/wp\/v2\/media\/382"}],"wp:attachment":[{"href":"https:\/\/www.istegroup.com\/en\/wp-json\/wp\/v2\/media?parent=381"}],"wp:term":[{"taxonomy":"product_brand","embeddable":true,"href":"https:\/\/www.istegroup.com\/en\/wp-json\/wp\/v2\/product_brand?post=381"},{"taxonomy":"product_cat","embeddable":true,"href":"https:\/\/www.istegroup.com\/en\/wp-json\/wp\/v2\/product_cat?post=381"},{"taxonomy":"product_tag","embeddable":true,"href":"https:\/\/www.istegroup.com\/en\/wp-json\/wp\/v2\/product_tag?post=381"}],"curies":[{"name":"wp","href":"https:\/\/api.w.org\/{rel}","templated":true}]}}