{"id":373,"date":"2017-07-28T12:33:30","date_gmt":"2017-07-28T10:33:30","guid":{"rendered":"https:\/\/iste.yhello.co\/product\/le-cycle-biogeochimique-du-silicium-dans-locean\/"},"modified":"2024-01-03T13:39:37","modified_gmt":"2024-01-03T13:39:37","slug":"le-cycle-biogeochimique-du-silicium-dans-locean","status":"publish","type":"product","link":"https:\/\/www.istegroup.com\/en\/produit\/le-cycle-biogeochimique-du-silicium-dans-locean\/","title":{"rendered":"Le cycle biog\u00e9ochimique du silicium dans l\u2019oc\u00e9an"},"content":{"rendered":"<p>Dans la dynamique biog\u00e9ochimique des \u00e9cosyst\u00e8mes marins, le silicium est un \u00e9l\u00e9ment majeur dont le r\u00f4le a longtemps \u00e9t\u00e9 sousestim\u00e9. Il est pourtant indispensable \u00e0 l\u2019activit\u00e9 de plusieurs organismes biomin\u00e9ralisateurs marins, dont certains jouent un r\u00f4le essentiel dans la pompe biologique du carbone oc\u00e9anique.<\/p>\n<p>Cet ouvrage apporte les notions indispensables \u00e0 la connaissance du cycle biog\u00e9ochimique du silicium dans les syst\u00e8mes oc\u00e9aniques en d\u00e9crivant tout d\u2019abord les principales techniques d\u2019analyse quantitative et l\u2019examen des organismes majeurs impliqu\u00e9s dans ce cycle. Il \u00e9tudie ensuite les processus les plus courants pour contr\u00f4ler l\u2019utilisation du silicium et sa r\u00e9g\u00e9n\u00e9ration dans les conditions naturelles, avant d\u2019\u00e9voquer le r\u00f4le central jou\u00e9 par cet \u00e9l\u00e9ment original dans la ma\u00eetrise de l\u2019ensemble des cycles biog\u00e9ochimiques de l\u2019Oc\u00e9an mondial. Les informations disponibles permettent finalement de quantifier le bilan biog\u00e9ochimique global du silicium dans le domaine marin.<\/p>\n","protected":false},"excerpt":{"rendered":"<p>Dans la dynamique biog\u00e9ochimique des \u00e9cosyst\u00e8mes marins, le silicium est un \u00e9l\u00e9ment majeur dont le r\u00f4le a longtemps \u00e9t\u00e9 sousestim\u00e9. Il est pourtant indispensable \u00e0 l\u2019activit\u00e9 de plusieurs organismes biomin\u00e9ralisateurs marins, dont certains jouent un r\u00f4le essentiel dans la pompe biologique du carbone oc\u00e9anique. Cet ouvrage apporte les notions indispensables \u00e0 la connaissance du cycle [&hellip;]<\/p>\n","protected":false},"featured_media":374,"template":"","meta":{"_acf_changed":false,"_links_to":"","_links_to_target":""},"product_brand":[],"product_cat":[675,705],"product_tag":[1611,1612,1613,1614,1615,1616,31,196,1622,329,1617,197,198,199,21,200,22,201,1618,203,204,63,25,172,209,1045,1619,212,38,145,28,1620,1155,1621],"class_list":{"0":"post-373","1":"product","2":"type-product","3":"status-publish","4":"has-post-thumbnail","6":"product_cat-nouveauts-12519446","7":"product_cat-systme-terre-environnement-27112280","8":"product_tag-bernard-queguiner","9":"product_tag-biogeochimique","10":"product_tag-carbone-oceanique","11":"product_tag-conditions-naturelles","12":"product_tag-cycle-biogeochimique","13":"product_tag-dynamique-nutritionnelle","14":"product_tag-ebook","15":"product_tag-ebooks","16":"product_tag-ecosystemes-marins","17":"product_tag-environnement","18":"product_tag-environnements-oceaniques","19":"product_tag-iste","20":"product_tag-iste-edition","21":"product_tag-iste-editions","22":"product_tag-iste-group","23":"product_tag-isteedition","24":"product_tag-istegroup","25":"product_tag-kindle","26":"product_tag-le-cycle-biogeochimique-du-silicium-dans-locean","27":"product_tag-liseuse","28":"product_tag-livre","29":"product_tag-livre-electronique","30":"product_tag-livre-numerique","31":"product_tag-livre-scientifique","32":"product_tag-livres-scientifiques","33":"product_tag-ocean","34":"product_tag-organismes-biomineralisateurs","35":"product_tag-ouvrage","36":"product_tag-ouvrage-numerique","37":"product_tag-ouvrage-scientifique","38":"product_tag-ouvrage-scientifique-francais","39":"product_tag-phytoplancton","40":"product_tag-silicium","41":"product_tag-zones-polaires","43":"first","44":"instock","45":"shipping-taxable","46":"purchasable","47":"product-type-variable"},"acf":[],"yoast_head":"<!-- This site is optimized with the Yoast SEO plugin v27.2 - https:\/\/yoast.com\/product\/yoast-seo-wordpress\/ -->\n<title>Le cycle biog\u00e9ochimique du silicium dans l\u2019oc\u00e9an - ISTE Group<\/title>\n<meta name=\"description\" content=\"Cet ouvrage apporte les notions indispensables \u00e0 la connaissance du cycle biog\u00e9ochimique du silicium dans les syst\u00e8mes oc\u00e9aniques.\" \/>\n<meta name=\"robots\" content=\"index, follow, max-snippet:-1, max-image-preview:large, max-video-preview:-1\" \/>\n<link rel=\"canonical\" href=\"https:\/\/www.istegroup.com\/fr\/produit\/le-cycle-biogeochimique-du-silicium-dans-locean\/\" \/>\n<meta property=\"og:locale\" content=\"en_US\" \/>\n<meta property=\"og:type\" content=\"article\" \/>\n<meta property=\"og:title\" content=\"Le cycle biog\u00e9ochimique du silicium dans l\u2019oc\u00e9an - ISTE Group\" \/>\n<meta property=\"og:description\" content=\"Cet ouvrage apporte les notions indispensables \u00e0 la connaissance du cycle biog\u00e9ochimique du silicium dans les syst\u00e8mes oc\u00e9aniques.\" \/>\n<meta property=\"og:url\" content=\"https:\/\/www.istegroup.com\/fr\/produit\/le-cycle-biogeochimique-du-silicium-dans-locean\/\" \/>\n<meta property=\"og:site_name\" content=\"ISTE Group\" \/>\n<meta property=\"article:modified_time\" content=\"2024-01-03T13:39:37+00:00\" \/>\n<meta property=\"og:image\" content=\"https:\/\/www.istegroup.com\/wp-content\/uploads\/2017\/07\/11715340420_4691262980-1.jpg\" \/>\n\t<meta property=\"og:image:width\" content=\"1361\" \/>\n\t<meta property=\"og:image:height\" content=\"2048\" \/>\n\t<meta property=\"og:image:type\" content=\"image\/jpeg\" \/>\n<meta name=\"twitter:card\" content=\"summary_large_image\" \/>\n<meta name=\"twitter:label1\" content=\"Est. reading time\" \/>\n\t<meta name=\"twitter:data1\" content=\"1 minute\" \/>\n<script type=\"application\/ld+json\" class=\"yoast-schema-graph\">{\"@context\":\"https:\/\/schema.org\",\"@graph\":[{\"@type\":\"WebPage\",\"@id\":\"https:\/\/www.istegroup.com\/fr\/produit\/le-cycle-biogeochimique-du-silicium-dans-locean\/\",\"url\":\"https:\/\/www.istegroup.com\/fr\/produit\/le-cycle-biogeochimique-du-silicium-dans-locean\/\",\"name\":\"Le cycle biog\u00e9ochimique du silicium dans l\u2019oc\u00e9an - ISTE Group\",\"isPartOf\":{\"@id\":\"https:\/\/www.istegroup.com\/#website\"},\"primaryImageOfPage\":{\"@id\":\"https:\/\/www.istegroup.com\/fr\/produit\/le-cycle-biogeochimique-du-silicium-dans-locean\/#primaryimage\"},\"image\":{\"@id\":\"https:\/\/www.istegroup.com\/fr\/produit\/le-cycle-biogeochimique-du-silicium-dans-locean\/#primaryimage\"},\"thumbnailUrl\":\"https:\/\/www.istegroup.com\/wp-content\/uploads\/2017\/07\/11715340420_4691262980-1.jpg\",\"datePublished\":\"2017-07-28T10:33:30+00:00\",\"dateModified\":\"2024-01-03T13:39:37+00:00\",\"description\":\"Cet ouvrage apporte les notions indispensables \u00e0 la connaissance du cycle biog\u00e9ochimique du silicium dans les syst\u00e8mes oc\u00e9aniques.\",\"breadcrumb\":{\"@id\":\"https:\/\/www.istegroup.com\/fr\/produit\/le-cycle-biogeochimique-du-silicium-dans-locean\/#breadcrumb\"},\"inLanguage\":\"en-US\",\"potentialAction\":[{\"@type\":\"ReadAction\",\"target\":[\"https:\/\/www.istegroup.com\/fr\/produit\/le-cycle-biogeochimique-du-silicium-dans-locean\/\"]}]},{\"@type\":\"ImageObject\",\"inLanguage\":\"en-US\",\"@id\":\"https:\/\/www.istegroup.com\/fr\/produit\/le-cycle-biogeochimique-du-silicium-dans-locean\/#primaryimage\",\"url\":\"https:\/\/www.istegroup.com\/wp-content\/uploads\/2017\/07\/11715340420_4691262980-1.jpg\",\"contentUrl\":\"https:\/\/www.istegroup.com\/wp-content\/uploads\/2017\/07\/11715340420_4691262980-1.jpg\",\"width\":1361,\"height\":2048,\"caption\":\"Le cycle biog\u00e9ochimique du silicium dans l\u2019oc\u00e9an\"},{\"@type\":\"BreadcrumbList\",\"@id\":\"https:\/\/www.istegroup.com\/fr\/produit\/le-cycle-biogeochimique-du-silicium-dans-locean\/#breadcrumb\",\"itemListElement\":[{\"@type\":\"ListItem\",\"position\":1,\"name\":\"Home\",\"item\":\"https:\/\/www.istegroup.com\/\"},{\"@type\":\"ListItem\",\"position\":2,\"name\":\"Shop\",\"item\":\"https:\/\/www.istegroup.com\/fr\/nouveautes\/\"},{\"@type\":\"ListItem\",\"position\":3,\"name\":\"Le cycle biog\u00e9ochimique du silicium dans l\u2019oc\u00e9an\"}]},{\"@type\":\"WebSite\",\"@id\":\"https:\/\/www.istegroup.com\/#website\",\"url\":\"https:\/\/www.istegroup.com\/\",\"name\":\"ISTE Group\",\"description\":\"Publishing Knowledge\",\"potentialAction\":[{\"@type\":\"SearchAction\",\"target\":{\"@type\":\"EntryPoint\",\"urlTemplate\":\"https:\/\/www.istegroup.com\/?s={search_term_string}\"},\"query-input\":{\"@type\":\"PropertyValueSpecification\",\"valueRequired\":true,\"valueName\":\"search_term_string\"}}],\"inLanguage\":\"en-US\"}]}<\/script>\n<!-- \/ Yoast SEO plugin. -->","yoast_head_json":{"title":"Le cycle biog\u00e9ochimique du silicium dans l\u2019oc\u00e9an - ISTE Group","description":"Cet ouvrage apporte les notions indispensables \u00e0 la connaissance du cycle biog\u00e9ochimique du silicium dans les syst\u00e8mes oc\u00e9aniques.","robots":{"index":"index","follow":"follow","max-snippet":"max-snippet:-1","max-image-preview":"max-image-preview:large","max-video-preview":"max-video-preview:-1"},"canonical":"https:\/\/www.istegroup.com\/fr\/produit\/le-cycle-biogeochimique-du-silicium-dans-locean\/","og_locale":"en_US","og_type":"article","og_title":"Le cycle biog\u00e9ochimique du silicium dans l\u2019oc\u00e9an - ISTE Group","og_description":"Cet ouvrage apporte les notions indispensables \u00e0 la connaissance du cycle biog\u00e9ochimique du silicium dans les syst\u00e8mes oc\u00e9aniques.","og_url":"https:\/\/www.istegroup.com\/fr\/produit\/le-cycle-biogeochimique-du-silicium-dans-locean\/","og_site_name":"ISTE Group","article_modified_time":"2024-01-03T13:39:37+00:00","og_image":[{"width":1361,"height":2048,"url":"https:\/\/www.istegroup.com\/wp-content\/uploads\/2017\/07\/11715340420_4691262980-1.jpg","type":"image\/jpeg"}],"twitter_card":"summary_large_image","twitter_misc":{"Est. reading time":"1 minute"},"schema":{"@context":"https:\/\/schema.org","@graph":[{"@type":"WebPage","@id":"https:\/\/www.istegroup.com\/fr\/produit\/le-cycle-biogeochimique-du-silicium-dans-locean\/","url":"https:\/\/www.istegroup.com\/fr\/produit\/le-cycle-biogeochimique-du-silicium-dans-locean\/","name":"Le cycle biog\u00e9ochimique du silicium dans l\u2019oc\u00e9an - ISTE Group","isPartOf":{"@id":"https:\/\/www.istegroup.com\/#website"},"primaryImageOfPage":{"@id":"https:\/\/www.istegroup.com\/fr\/produit\/le-cycle-biogeochimique-du-silicium-dans-locean\/#primaryimage"},"image":{"@id":"https:\/\/www.istegroup.com\/fr\/produit\/le-cycle-biogeochimique-du-silicium-dans-locean\/#primaryimage"},"thumbnailUrl":"https:\/\/www.istegroup.com\/wp-content\/uploads\/2017\/07\/11715340420_4691262980-1.jpg","datePublished":"2017-07-28T10:33:30+00:00","dateModified":"2024-01-03T13:39:37+00:00","description":"Cet ouvrage apporte les notions indispensables \u00e0 la connaissance du cycle biog\u00e9ochimique du silicium dans les syst\u00e8mes oc\u00e9aniques.","breadcrumb":{"@id":"https:\/\/www.istegroup.com\/fr\/produit\/le-cycle-biogeochimique-du-silicium-dans-locean\/#breadcrumb"},"inLanguage":"en-US","potentialAction":[{"@type":"ReadAction","target":["https:\/\/www.istegroup.com\/fr\/produit\/le-cycle-biogeochimique-du-silicium-dans-locean\/"]}]},{"@type":"ImageObject","inLanguage":"en-US","@id":"https:\/\/www.istegroup.com\/fr\/produit\/le-cycle-biogeochimique-du-silicium-dans-locean\/#primaryimage","url":"https:\/\/www.istegroup.com\/wp-content\/uploads\/2017\/07\/11715340420_4691262980-1.jpg","contentUrl":"https:\/\/www.istegroup.com\/wp-content\/uploads\/2017\/07\/11715340420_4691262980-1.jpg","width":1361,"height":2048,"caption":"Le cycle biog\u00e9ochimique du silicium dans l\u2019oc\u00e9an"},{"@type":"BreadcrumbList","@id":"https:\/\/www.istegroup.com\/fr\/produit\/le-cycle-biogeochimique-du-silicium-dans-locean\/#breadcrumb","itemListElement":[{"@type":"ListItem","position":1,"name":"Home","item":"https:\/\/www.istegroup.com\/"},{"@type":"ListItem","position":2,"name":"Shop","item":"https:\/\/www.istegroup.com\/fr\/nouveautes\/"},{"@type":"ListItem","position":3,"name":"Le cycle biog\u00e9ochimique du silicium dans l\u2019oc\u00e9an"}]},{"@type":"WebSite","@id":"https:\/\/www.istegroup.com\/#website","url":"https:\/\/www.istegroup.com\/","name":"ISTE Group","description":"Publishing Knowledge","potentialAction":[{"@type":"SearchAction","target":{"@type":"EntryPoint","urlTemplate":"https:\/\/www.istegroup.com\/?s={search_term_string}"},"query-input":{"@type":"PropertyValueSpecification","valueRequired":true,"valueName":"search_term_string"}}],"inLanguage":"en-US"}]}},"_links":{"self":[{"href":"https:\/\/www.istegroup.com\/en\/wp-json\/wp\/v2\/product\/373","targetHints":{"allow":["GET"]}}],"collection":[{"href":"https:\/\/www.istegroup.com\/en\/wp-json\/wp\/v2\/product"}],"about":[{"href":"https:\/\/www.istegroup.com\/en\/wp-json\/wp\/v2\/types\/product"}],"wp:featuredmedia":[{"embeddable":true,"href":"https:\/\/www.istegroup.com\/en\/wp-json\/wp\/v2\/media\/374"}],"wp:attachment":[{"href":"https:\/\/www.istegroup.com\/en\/wp-json\/wp\/v2\/media?parent=373"}],"wp:term":[{"taxonomy":"product_brand","embeddable":true,"href":"https:\/\/www.istegroup.com\/en\/wp-json\/wp\/v2\/product_brand?post=373"},{"taxonomy":"product_cat","embeddable":true,"href":"https:\/\/www.istegroup.com\/en\/wp-json\/wp\/v2\/product_cat?post=373"},{"taxonomy":"product_tag","embeddable":true,"href":"https:\/\/www.istegroup.com\/en\/wp-json\/wp\/v2\/product_tag?post=373"}],"curies":[{"name":"wp","href":"https:\/\/api.w.org\/{rel}","templated":true}]}}