{"id":371,"date":"2017-07-28T12:33:24","date_gmt":"2017-07-28T10:33:24","guid":{"rendered":"https:\/\/iste.yhello.co\/product\/le-concept-dondes-en-electromagnetisme-et-circuits\/"},"modified":"2024-01-03T13:39:36","modified_gmt":"2024-01-03T13:39:36","slug":"le-concept-dondes-en-electromagnetisme-et-circuits","status":"publish","type":"product","link":"https:\/\/www.istegroup.com\/en\/produit\/le-concept-dondes-en-electromagnetisme-et-circuits\/","title":{"rendered":"Le concept d\u2019ondes en \u00e9lectromagn\u00e9tisme et circuits"},"content":{"rendered":"<p>Le processus it\u00e9ratif appliqu\u00e9 au concept d\u2019ondes (WCIP,\u00a0<em>Wave Concept Iterative Process<\/em>) est d\u00e9velopp\u00e9 depuis une vingtaine d\u2019ann\u00e9es dans le domaine des circuits, antennes et probl\u00e8mes de diffraction.<\/p>\n<p><em>Le concept d\u2019ondes en \u00e9lectromagn\u00e9tisme et circuits\u00a0<\/em>expose une m\u00e9thode bas\u00e9e sur l\u2019utilisation du concept d\u2019ondes qui \u00e9tait jusqu\u2019\u00e0 pr\u00e9sent exploit\u00e9 dans les th\u00e9ories des lignes et des guides avec les notions de r\u00e9flexions et de matrices de diffraction.<\/p>\n<p>Elle s\u2019est av\u00e9r\u00e9e tr\u00e8s utile pour traiter un grand nombre de probl\u00e8mes d\u2019\u00e9lectromagn\u00e9tisme, entre autres : les antennes planaires et les dispositifs \u00e0 \u00e9l\u00e9ments actifs. Cette efficacit\u00e9 vient du fait que les it\u00e9rations pr\u00e9sentent la propri\u00e9t\u00e9 d\u2019\u00eatre toujours convergentes, contrairement aux m\u00e9thodes plus classiques.<\/p>\n<p>Cet ouvrage pr\u00e9sente de multiples applications : surfaces s\u00e9lectives en fr\u00e9quences, filtres planaires et circuits int\u00e9gr\u00e9s aux substrats, amplificateurs multicouches, antennes, jets photoniques.<\/p>\n","protected":false},"excerpt":{"rendered":"<p>Le processus it\u00e9ratif appliqu\u00e9 au concept d\u2019ondes (WCIP,\u00a0Wave Concept Iterative Process) est d\u00e9velopp\u00e9 depuis une vingtaine d\u2019ann\u00e9es dans le domaine des circuits, antennes et probl\u00e8mes de diffraction. Le concept d\u2019ondes en \u00e9lectromagn\u00e9tisme et circuits\u00a0expose une m\u00e9thode bas\u00e9e sur l\u2019utilisation du concept d\u2019ondes qui \u00e9tait jusqu\u2019\u00e0 pr\u00e9sent exploit\u00e9 dans les th\u00e9ories des lignes et des guides [&hellip;]<\/p>\n","protected":false},"featured_media":372,"template":"","meta":{"_acf_changed":false,"_links_to":"","_links_to_target":""},"product_brand":[],"product_cat":[675,677],"product_tag":[275,31,196,269,18,19,218,219,20,283,276,277,197,198,199,21,200,22,201,278,203,204,63,25,205,172,26,206,207,27,99,208,209,279,280,281,212,38,192,145,28,29,213,214,253,282],"class_list":{"0":"post-371","1":"product","2":"type-product","3":"status-publish","4":"has-post-thumbnail","6":"product_cat-nouveauts-12519446","7":"product_cat-ondes-12506522","8":"product_tag-circuits","9":"product_tag-ebook","10":"product_tag-ebooks","11":"product_tag-edition-francaise","12":"product_tag-edition-scientifique","13":"product_tag-editions-francaise","14":"product_tag-editions-ouvrage","15":"product_tag-editions-ouvrages","16":"product_tag-editions-technique","17":"product_tag-electromagnetisme","18":"product_tag-electronique","19":"product_tag-henri-baudrand","20":"product_tag-iste","21":"product_tag-iste-edition","22":"product_tag-iste-editions","23":"product_tag-iste-group","24":"product_tag-isteedition","25":"product_tag-istegroup","26":"product_tag-kindle","27":"product_tag-le-concept-dondes-en-electromagnetisme-et-circuits","28":"product_tag-liseuse","29":"product_tag-livre","30":"product_tag-livre-electronique","31":"product_tag-livre-numerique","32":"product_tag-livre-science","33":"product_tag-livre-scientifique","34":"product_tag-livre-scientifique-francais","35":"product_tag-livre-scientique","36":"product_tag-livre-technique","37":"product_tag-livre-technique-francais","38":"product_tag-livres-numeriques","39":"product_tag-livres-scientifique","40":"product_tag-livres-scientifiques","41":"product_tag-mohammed-titaouine","42":"product_tag-nathalie-raveu","43":"product_tag-ondes","44":"product_tag-ouvrage","45":"product_tag-ouvrage-numerique","46":"product_tag-ouvrage-science","47":"product_tag-ouvrage-scientifique","48":"product_tag-ouvrage-scientifique-francais","49":"product_tag-ouvrage-technique","50":"product_tag-ouvrages-scientifiques","51":"product_tag-ouvrages-techniques","52":"product_tag-technologie","53":"product_tag-wcip","55":"first","56":"instock","57":"shipping-taxable","58":"purchasable","59":"product-type-variable"},"acf":[],"yoast_head":"<!-- This site is optimized with the Yoast SEO plugin v27.2 - https:\/\/yoast.com\/product\/yoast-seo-wordpress\/ -->\n<title>Le concept d\u2019ondes en \u00e9lectromagn\u00e9tisme et circuits - ISTE Group<\/title>\n<meta name=\"description\" content=\"L&#039;ouvrage expose une m\u00e9thode bas\u00e9e sur l\u2019utilisation du concept d\u2019ondes qui \u00e9tait jusqu\u2019\u00e0 pr\u00e9sent exploit\u00e9 dans les th\u00e9ories des lignes et des guides.\" \/>\n<meta name=\"robots\" content=\"index, follow, max-snippet:-1, max-image-preview:large, max-video-preview:-1\" \/>\n<link rel=\"canonical\" href=\"https:\/\/www.istegroup.com\/fr\/produit\/le-concept-dondes-en-electromagnetisme-et-circuits\/\" \/>\n<meta property=\"og:locale\" content=\"en_US\" \/>\n<meta property=\"og:type\" content=\"article\" \/>\n<meta property=\"og:title\" content=\"Le concept d\u2019ondes en \u00e9lectromagn\u00e9tisme et circuits - ISTE Group\" \/>\n<meta property=\"og:description\" content=\"L&#039;ouvrage expose une m\u00e9thode bas\u00e9e sur l\u2019utilisation du concept d\u2019ondes qui \u00e9tait jusqu\u2019\u00e0 pr\u00e9sent exploit\u00e9 dans les th\u00e9ories des lignes et des guides.\" \/>\n<meta property=\"og:url\" content=\"https:\/\/www.istegroup.com\/fr\/produit\/le-concept-dondes-en-electromagnetisme-et-circuits\/\" \/>\n<meta property=\"og:site_name\" content=\"ISTE Group\" \/>\n<meta property=\"article:modified_time\" content=\"2024-01-03T13:39:36+00:00\" \/>\n<meta property=\"og:image\" content=\"https:\/\/www.istegroup.com\/wp-content\/uploads\/2017\/07\/19393283601_8751599377-1.jpg\" \/>\n\t<meta property=\"og:image:width\" content=\"1364\" \/>\n\t<meta property=\"og:image:height\" content=\"2048\" \/>\n\t<meta property=\"og:image:type\" content=\"image\/jpeg\" \/>\n<meta name=\"twitter:card\" content=\"summary_large_image\" \/>\n<meta name=\"twitter:label1\" content=\"Est. reading time\" \/>\n\t<meta name=\"twitter:data1\" content=\"1 minute\" \/>\n<script type=\"application\/ld+json\" class=\"yoast-schema-graph\">{\"@context\":\"https:\/\/schema.org\",\"@graph\":[{\"@type\":\"WebPage\",\"@id\":\"https:\/\/www.istegroup.com\/fr\/produit\/le-concept-dondes-en-electromagnetisme-et-circuits\/\",\"url\":\"https:\/\/www.istegroup.com\/fr\/produit\/le-concept-dondes-en-electromagnetisme-et-circuits\/\",\"name\":\"Le concept d\u2019ondes en \u00e9lectromagn\u00e9tisme et circuits - ISTE Group\",\"isPartOf\":{\"@id\":\"https:\/\/www.istegroup.com\/#website\"},\"primaryImageOfPage\":{\"@id\":\"https:\/\/www.istegroup.com\/fr\/produit\/le-concept-dondes-en-electromagnetisme-et-circuits\/#primaryimage\"},\"image\":{\"@id\":\"https:\/\/www.istegroup.com\/fr\/produit\/le-concept-dondes-en-electromagnetisme-et-circuits\/#primaryimage\"},\"thumbnailUrl\":\"https:\/\/www.istegroup.com\/wp-content\/uploads\/2017\/07\/19393283601_8751599377-1.jpg\",\"datePublished\":\"2017-07-28T10:33:24+00:00\",\"dateModified\":\"2024-01-03T13:39:36+00:00\",\"description\":\"L'ouvrage expose une m\u00e9thode bas\u00e9e sur l\u2019utilisation du concept d\u2019ondes qui \u00e9tait jusqu\u2019\u00e0 pr\u00e9sent exploit\u00e9 dans les th\u00e9ories des lignes et des guides.\",\"breadcrumb\":{\"@id\":\"https:\/\/www.istegroup.com\/fr\/produit\/le-concept-dondes-en-electromagnetisme-et-circuits\/#breadcrumb\"},\"inLanguage\":\"en-US\",\"potentialAction\":[{\"@type\":\"ReadAction\",\"target\":[\"https:\/\/www.istegroup.com\/fr\/produit\/le-concept-dondes-en-electromagnetisme-et-circuits\/\"]}]},{\"@type\":\"ImageObject\",\"inLanguage\":\"en-US\",\"@id\":\"https:\/\/www.istegroup.com\/fr\/produit\/le-concept-dondes-en-electromagnetisme-et-circuits\/#primaryimage\",\"url\":\"https:\/\/www.istegroup.com\/wp-content\/uploads\/2017\/07\/19393283601_8751599377-1.jpg\",\"contentUrl\":\"https:\/\/www.istegroup.com\/wp-content\/uploads\/2017\/07\/19393283601_8751599377-1.jpg\",\"width\":1364,\"height\":2048,\"caption\":\"Le concept d\u2019ondes en \u00e9lectromagn\u00e9tisme et circuits\"},{\"@type\":\"BreadcrumbList\",\"@id\":\"https:\/\/www.istegroup.com\/fr\/produit\/le-concept-dondes-en-electromagnetisme-et-circuits\/#breadcrumb\",\"itemListElement\":[{\"@type\":\"ListItem\",\"position\":1,\"name\":\"Home\",\"item\":\"https:\/\/www.istegroup.com\/\"},{\"@type\":\"ListItem\",\"position\":2,\"name\":\"Shop\",\"item\":\"https:\/\/www.istegroup.com\/fr\/nouveautes\/\"},{\"@type\":\"ListItem\",\"position\":3,\"name\":\"Le concept d\u2019ondes en \u00e9lectromagn\u00e9tisme et circuits\"}]},{\"@type\":\"WebSite\",\"@id\":\"https:\/\/www.istegroup.com\/#website\",\"url\":\"https:\/\/www.istegroup.com\/\",\"name\":\"ISTE Group\",\"description\":\"Publishing Knowledge\",\"potentialAction\":[{\"@type\":\"SearchAction\",\"target\":{\"@type\":\"EntryPoint\",\"urlTemplate\":\"https:\/\/www.istegroup.com\/?s={search_term_string}\"},\"query-input\":{\"@type\":\"PropertyValueSpecification\",\"valueRequired\":true,\"valueName\":\"search_term_string\"}}],\"inLanguage\":\"en-US\"}]}<\/script>\n<!-- \/ Yoast SEO plugin. -->","yoast_head_json":{"title":"Le concept d\u2019ondes en \u00e9lectromagn\u00e9tisme et circuits - ISTE Group","description":"L'ouvrage expose une m\u00e9thode bas\u00e9e sur l\u2019utilisation du concept d\u2019ondes qui \u00e9tait jusqu\u2019\u00e0 pr\u00e9sent exploit\u00e9 dans les th\u00e9ories des lignes et des guides.","robots":{"index":"index","follow":"follow","max-snippet":"max-snippet:-1","max-image-preview":"max-image-preview:large","max-video-preview":"max-video-preview:-1"},"canonical":"https:\/\/www.istegroup.com\/fr\/produit\/le-concept-dondes-en-electromagnetisme-et-circuits\/","og_locale":"en_US","og_type":"article","og_title":"Le concept d\u2019ondes en \u00e9lectromagn\u00e9tisme et circuits - ISTE Group","og_description":"L'ouvrage expose une m\u00e9thode bas\u00e9e sur l\u2019utilisation du concept d\u2019ondes qui \u00e9tait jusqu\u2019\u00e0 pr\u00e9sent exploit\u00e9 dans les th\u00e9ories des lignes et des guides.","og_url":"https:\/\/www.istegroup.com\/fr\/produit\/le-concept-dondes-en-electromagnetisme-et-circuits\/","og_site_name":"ISTE Group","article_modified_time":"2024-01-03T13:39:36+00:00","og_image":[{"width":1364,"height":2048,"url":"https:\/\/www.istegroup.com\/wp-content\/uploads\/2017\/07\/19393283601_8751599377-1.jpg","type":"image\/jpeg"}],"twitter_card":"summary_large_image","twitter_misc":{"Est. reading time":"1 minute"},"schema":{"@context":"https:\/\/schema.org","@graph":[{"@type":"WebPage","@id":"https:\/\/www.istegroup.com\/fr\/produit\/le-concept-dondes-en-electromagnetisme-et-circuits\/","url":"https:\/\/www.istegroup.com\/fr\/produit\/le-concept-dondes-en-electromagnetisme-et-circuits\/","name":"Le concept d\u2019ondes en \u00e9lectromagn\u00e9tisme et circuits - ISTE Group","isPartOf":{"@id":"https:\/\/www.istegroup.com\/#website"},"primaryImageOfPage":{"@id":"https:\/\/www.istegroup.com\/fr\/produit\/le-concept-dondes-en-electromagnetisme-et-circuits\/#primaryimage"},"image":{"@id":"https:\/\/www.istegroup.com\/fr\/produit\/le-concept-dondes-en-electromagnetisme-et-circuits\/#primaryimage"},"thumbnailUrl":"https:\/\/www.istegroup.com\/wp-content\/uploads\/2017\/07\/19393283601_8751599377-1.jpg","datePublished":"2017-07-28T10:33:24+00:00","dateModified":"2024-01-03T13:39:36+00:00","description":"L'ouvrage expose une m\u00e9thode bas\u00e9e sur l\u2019utilisation du concept d\u2019ondes qui \u00e9tait jusqu\u2019\u00e0 pr\u00e9sent exploit\u00e9 dans les th\u00e9ories des lignes et des guides.","breadcrumb":{"@id":"https:\/\/www.istegroup.com\/fr\/produit\/le-concept-dondes-en-electromagnetisme-et-circuits\/#breadcrumb"},"inLanguage":"en-US","potentialAction":[{"@type":"ReadAction","target":["https:\/\/www.istegroup.com\/fr\/produit\/le-concept-dondes-en-electromagnetisme-et-circuits\/"]}]},{"@type":"ImageObject","inLanguage":"en-US","@id":"https:\/\/www.istegroup.com\/fr\/produit\/le-concept-dondes-en-electromagnetisme-et-circuits\/#primaryimage","url":"https:\/\/www.istegroup.com\/wp-content\/uploads\/2017\/07\/19393283601_8751599377-1.jpg","contentUrl":"https:\/\/www.istegroup.com\/wp-content\/uploads\/2017\/07\/19393283601_8751599377-1.jpg","width":1364,"height":2048,"caption":"Le concept d\u2019ondes en \u00e9lectromagn\u00e9tisme et circuits"},{"@type":"BreadcrumbList","@id":"https:\/\/www.istegroup.com\/fr\/produit\/le-concept-dondes-en-electromagnetisme-et-circuits\/#breadcrumb","itemListElement":[{"@type":"ListItem","position":1,"name":"Home","item":"https:\/\/www.istegroup.com\/"},{"@type":"ListItem","position":2,"name":"Shop","item":"https:\/\/www.istegroup.com\/fr\/nouveautes\/"},{"@type":"ListItem","position":3,"name":"Le concept d\u2019ondes en \u00e9lectromagn\u00e9tisme et circuits"}]},{"@type":"WebSite","@id":"https:\/\/www.istegroup.com\/#website","url":"https:\/\/www.istegroup.com\/","name":"ISTE Group","description":"Publishing Knowledge","potentialAction":[{"@type":"SearchAction","target":{"@type":"EntryPoint","urlTemplate":"https:\/\/www.istegroup.com\/?s={search_term_string}"},"query-input":{"@type":"PropertyValueSpecification","valueRequired":true,"valueName":"search_term_string"}}],"inLanguage":"en-US"}]}},"_links":{"self":[{"href":"https:\/\/www.istegroup.com\/en\/wp-json\/wp\/v2\/product\/371","targetHints":{"allow":["GET"]}}],"collection":[{"href":"https:\/\/www.istegroup.com\/en\/wp-json\/wp\/v2\/product"}],"about":[{"href":"https:\/\/www.istegroup.com\/en\/wp-json\/wp\/v2\/types\/product"}],"wp:featuredmedia":[{"embeddable":true,"href":"https:\/\/www.istegroup.com\/en\/wp-json\/wp\/v2\/media\/372"}],"wp:attachment":[{"href":"https:\/\/www.istegroup.com\/en\/wp-json\/wp\/v2\/media?parent=371"}],"wp:term":[{"taxonomy":"product_brand","embeddable":true,"href":"https:\/\/www.istegroup.com\/en\/wp-json\/wp\/v2\/product_brand?post=371"},{"taxonomy":"product_cat","embeddable":true,"href":"https:\/\/www.istegroup.com\/en\/wp-json\/wp\/v2\/product_cat?post=371"},{"taxonomy":"product_tag","embeddable":true,"href":"https:\/\/www.istegroup.com\/en\/wp-json\/wp\/v2\/product_tag?post=371"}],"curies":[{"name":"wp","href":"https:\/\/api.w.org\/{rel}","templated":true}]}}