{"id":36972,"date":"2022-11-14T11:42:39","date_gmt":"2022-11-14T11:42:39","guid":{"rendered":"https:\/\/www.istegroup.com\/?post_type=product&#038;p=36972"},"modified":"2025-01-03T11:55:38","modified_gmt":"2025-01-03T11:55:38","slug":"ressources-metalliques-2","status":"publish","type":"product","link":"https:\/\/www.istegroup.com\/en\/produit\/ressources-metalliques-2\/","title":{"rendered":"Ressources m\u00e9talliques 2"},"content":{"rendered":"<p class=\"qtranxs-available-languages-message qtranxs-available-languages-message-en\">Sorry, this entry is only available in <a href=\"https:\/\/www.istegroup.com\/fr\/wp-json\/wp\/v2\/product\/36972\" class=\"qtranxs-available-language-link qtranxs-available-language-link-fr\" title=\"FR\">FR<\/a>.<\/p>","protected":false},"excerpt":{"rendered":"<p>Sorry, this entry is only available in FR.<\/p>\n","protected":false},"featured_media":48932,"template":"","meta":{"_acf_changed":false,"_links_to":"","_links_to_target":""},"product_brand":[],"product_cat":[4289],"product_tag":[],"class_list":{"0":"post-36972","1":"product","2":"type-product","3":"status-publish","4":"has-post-thumbnail","6":"product_cat-sciences","8":"first","9":"instock","10":"shipping-taxable","11":"purchasable","12":"product-type-variable"},"acf":[],"yoast_head":"<!-- This site is optimized with the Yoast SEO plugin v27.2 - https:\/\/yoast.com\/product\/yoast-seo-wordpress\/ -->\n<title>Ressources m\u00e9talliques 2 - ISTE Group<\/title>\n<meta name=\"description\" content=\"Ressources m\u00e9talliques 2 propose une s\u00e9lection d\u2019\u00e9tudes de provinces m\u00e9tallog\u00e9niques ou de gisements remarquables en Am\u00e9rique, en Afrique ou pr\u00e9sents au niveau mondial qui permettent d\u2019aborder la question de la concentration de m\u00e9taux, notamment strat\u00e9giques, dans des contextes g\u00e9odynamiques divers.\" \/>\n<meta name=\"robots\" content=\"index, follow, max-snippet:-1, max-image-preview:large, max-video-preview:-1\" \/>\n<link rel=\"canonical\" href=\"https:\/\/www.istegroup.com\/en\/produit\/ressources-metalliques-2\/\" \/>\n<meta property=\"og:locale\" content=\"en_US\" \/>\n<meta property=\"og:type\" content=\"article\" \/>\n<meta property=\"og:title\" content=\"Ressources m\u00e9talliques 2 - ISTE Group\" \/>\n<meta property=\"og:description\" content=\"Ressources m\u00e9talliques 2 propose une s\u00e9lection d\u2019\u00e9tudes de provinces m\u00e9tallog\u00e9niques ou de gisements remarquables en Am\u00e9rique, en Afrique ou pr\u00e9sents au niveau mondial qui permettent d\u2019aborder la question de la concentration de m\u00e9taux, notamment strat\u00e9giques, dans des contextes g\u00e9odynamiques divers.\" \/>\n<meta property=\"og:url\" content=\"https:\/\/www.istegroup.com\/en\/produit\/ressources-metalliques-2\/\" \/>\n<meta property=\"og:site_name\" content=\"ISTE Group\" \/>\n<meta property=\"article:modified_time\" content=\"2025-01-03T11:55:38+00:00\" \/>\n<meta property=\"og:image\" content=\"https:\/\/www.istegroup.com\/wp-content\/uploads\/2022\/11\/Decree-2-couv.png\" \/>\n\t<meta property=\"og:image:width\" content=\"300\" \/>\n\t<meta property=\"og:image:height\" content=\"450\" \/>\n\t<meta property=\"og:image:type\" content=\"image\/png\" \/>\n<meta name=\"twitter:card\" content=\"summary_large_image\" \/>\n<meta name=\"twitter:label1\" content=\"Est. reading time\" \/>\n\t<meta name=\"twitter:data1\" content=\"1 minute\" \/>\n<script type=\"application\/ld+json\" class=\"yoast-schema-graph\">{\"@context\":\"https:\/\/schema.org\",\"@graph\":[{\"@type\":\"WebPage\",\"@id\":\"https:\/\/www.istegroup.com\/en\/produit\/ressources-metalliques-2\/\",\"url\":\"https:\/\/www.istegroup.com\/en\/produit\/ressources-metalliques-2\/\",\"name\":\"Ressources m\u00e9talliques 2 - ISTE Group\",\"isPartOf\":{\"@id\":\"https:\/\/www.istegroup.com\/#website\"},\"primaryImageOfPage\":{\"@id\":\"https:\/\/www.istegroup.com\/en\/produit\/ressources-metalliques-2\/#primaryimage\"},\"image\":{\"@id\":\"https:\/\/www.istegroup.com\/en\/produit\/ressources-metalliques-2\/#primaryimage\"},\"thumbnailUrl\":\"https:\/\/www.istegroup.com\/wp-content\/uploads\/2022\/11\/Decree-2-couv.png\",\"datePublished\":\"2022-11-14T11:42:39+00:00\",\"dateModified\":\"2025-01-03T11:55:38+00:00\",\"description\":\"Ressources m\u00e9talliques 2 propose une s\u00e9lection d\u2019\u00e9tudes de provinces m\u00e9tallog\u00e9niques ou de gisements remarquables en Am\u00e9rique, en Afrique ou pr\u00e9sents au niveau mondial qui permettent d\u2019aborder la question de la concentration de m\u00e9taux, notamment strat\u00e9giques, dans des contextes g\u00e9odynamiques divers.\",\"breadcrumb\":{\"@id\":\"https:\/\/www.istegroup.com\/en\/produit\/ressources-metalliques-2\/#breadcrumb\"},\"inLanguage\":\"en-US\",\"potentialAction\":[{\"@type\":\"ReadAction\",\"target\":[\"https:\/\/www.istegroup.com\/en\/produit\/ressources-metalliques-2\/\"]}]},{\"@type\":\"ImageObject\",\"inLanguage\":\"en-US\",\"@id\":\"https:\/\/www.istegroup.com\/en\/produit\/ressources-metalliques-2\/#primaryimage\",\"url\":\"https:\/\/www.istegroup.com\/wp-content\/uploads\/2022\/11\/Decree-2-couv.png\",\"contentUrl\":\"https:\/\/www.istegroup.com\/wp-content\/uploads\/2022\/11\/Decree-2-couv.png\",\"width\":300,\"height\":450,\"caption\":\"Livre scientifique - Ressources m\u00e9talliques 2 - Encyclop\u00e9die SCIENCES\"},{\"@type\":\"BreadcrumbList\",\"@id\":\"https:\/\/www.istegroup.com\/en\/produit\/ressources-metalliques-2\/#breadcrumb\",\"itemListElement\":[{\"@type\":\"ListItem\",\"position\":1,\"name\":\"Home\",\"item\":\"https:\/\/www.istegroup.com\/\"},{\"@type\":\"ListItem\",\"position\":2,\"name\":\"Shop\",\"item\":\"https:\/\/www.istegroup.com\/fr\/nouveautes\/\"},{\"@type\":\"ListItem\",\"position\":3,\"name\":\"Ressources m\u00e9talliques 2\"}]},{\"@type\":\"WebSite\",\"@id\":\"https:\/\/www.istegroup.com\/#website\",\"url\":\"https:\/\/www.istegroup.com\/\",\"name\":\"ISTE Group\",\"description\":\"Publishing Knowledge\",\"potentialAction\":[{\"@type\":\"SearchAction\",\"target\":{\"@type\":\"EntryPoint\",\"urlTemplate\":\"https:\/\/www.istegroup.com\/?s={search_term_string}\"},\"query-input\":{\"@type\":\"PropertyValueSpecification\",\"valueRequired\":true,\"valueName\":\"search_term_string\"}}],\"inLanguage\":\"en-US\"}]}<\/script>\n<!-- \/ Yoast SEO plugin. -->","yoast_head_json":{"title":"Ressources m\u00e9talliques 2 - ISTE Group","description":"Ressources m\u00e9talliques 2 propose une s\u00e9lection d\u2019\u00e9tudes de provinces m\u00e9tallog\u00e9niques ou de gisements remarquables en Am\u00e9rique, en Afrique ou pr\u00e9sents au niveau mondial qui permettent d\u2019aborder la question de la concentration de m\u00e9taux, notamment strat\u00e9giques, dans des contextes g\u00e9odynamiques divers.","robots":{"index":"index","follow":"follow","max-snippet":"max-snippet:-1","max-image-preview":"max-image-preview:large","max-video-preview":"max-video-preview:-1"},"canonical":"https:\/\/www.istegroup.com\/en\/produit\/ressources-metalliques-2\/","og_locale":"en_US","og_type":"article","og_title":"Ressources m\u00e9talliques 2 - ISTE Group","og_description":"Ressources m\u00e9talliques 2 propose une s\u00e9lection d\u2019\u00e9tudes de provinces m\u00e9tallog\u00e9niques ou de gisements remarquables en Am\u00e9rique, en Afrique ou pr\u00e9sents au niveau mondial qui permettent d\u2019aborder la question de la concentration de m\u00e9taux, notamment strat\u00e9giques, dans des contextes g\u00e9odynamiques divers.","og_url":"https:\/\/www.istegroup.com\/en\/produit\/ressources-metalliques-2\/","og_site_name":"ISTE Group","article_modified_time":"2025-01-03T11:55:38+00:00","og_image":[{"width":300,"height":450,"url":"https:\/\/www.istegroup.com\/wp-content\/uploads\/2022\/11\/Decree-2-couv.png","type":"image\/png"}],"twitter_card":"summary_large_image","twitter_misc":{"Est. reading time":"1 minute"},"schema":{"@context":"https:\/\/schema.org","@graph":[{"@type":"WebPage","@id":"https:\/\/www.istegroup.com\/en\/produit\/ressources-metalliques-2\/","url":"https:\/\/www.istegroup.com\/en\/produit\/ressources-metalliques-2\/","name":"Ressources m\u00e9talliques 2 - ISTE Group","isPartOf":{"@id":"https:\/\/www.istegroup.com\/#website"},"primaryImageOfPage":{"@id":"https:\/\/www.istegroup.com\/en\/produit\/ressources-metalliques-2\/#primaryimage"},"image":{"@id":"https:\/\/www.istegroup.com\/en\/produit\/ressources-metalliques-2\/#primaryimage"},"thumbnailUrl":"https:\/\/www.istegroup.com\/wp-content\/uploads\/2022\/11\/Decree-2-couv.png","datePublished":"2022-11-14T11:42:39+00:00","dateModified":"2025-01-03T11:55:38+00:00","description":"Ressources m\u00e9talliques 2 propose une s\u00e9lection d\u2019\u00e9tudes de provinces m\u00e9tallog\u00e9niques ou de gisements remarquables en Am\u00e9rique, en Afrique ou pr\u00e9sents au niveau mondial qui permettent d\u2019aborder la question de la concentration de m\u00e9taux, notamment strat\u00e9giques, dans des contextes g\u00e9odynamiques divers.","breadcrumb":{"@id":"https:\/\/www.istegroup.com\/en\/produit\/ressources-metalliques-2\/#breadcrumb"},"inLanguage":"en-US","potentialAction":[{"@type":"ReadAction","target":["https:\/\/www.istegroup.com\/en\/produit\/ressources-metalliques-2\/"]}]},{"@type":"ImageObject","inLanguage":"en-US","@id":"https:\/\/www.istegroup.com\/en\/produit\/ressources-metalliques-2\/#primaryimage","url":"https:\/\/www.istegroup.com\/wp-content\/uploads\/2022\/11\/Decree-2-couv.png","contentUrl":"https:\/\/www.istegroup.com\/wp-content\/uploads\/2022\/11\/Decree-2-couv.png","width":300,"height":450,"caption":"Livre scientifique - Ressources m\u00e9talliques 2 - Encyclop\u00e9die SCIENCES"},{"@type":"BreadcrumbList","@id":"https:\/\/www.istegroup.com\/en\/produit\/ressources-metalliques-2\/#breadcrumb","itemListElement":[{"@type":"ListItem","position":1,"name":"Home","item":"https:\/\/www.istegroup.com\/"},{"@type":"ListItem","position":2,"name":"Shop","item":"https:\/\/www.istegroup.com\/fr\/nouveautes\/"},{"@type":"ListItem","position":3,"name":"Ressources m\u00e9talliques 2"}]},{"@type":"WebSite","@id":"https:\/\/www.istegroup.com\/#website","url":"https:\/\/www.istegroup.com\/","name":"ISTE Group","description":"Publishing Knowledge","potentialAction":[{"@type":"SearchAction","target":{"@type":"EntryPoint","urlTemplate":"https:\/\/www.istegroup.com\/?s={search_term_string}"},"query-input":{"@type":"PropertyValueSpecification","valueRequired":true,"valueName":"search_term_string"}}],"inLanguage":"en-US"}]}},"_links":{"self":[{"href":"https:\/\/www.istegroup.com\/en\/wp-json\/wp\/v2\/product\/36972","targetHints":{"allow":["GET"]}}],"collection":[{"href":"https:\/\/www.istegroup.com\/en\/wp-json\/wp\/v2\/product"}],"about":[{"href":"https:\/\/www.istegroup.com\/en\/wp-json\/wp\/v2\/types\/product"}],"wp:featuredmedia":[{"embeddable":true,"href":"https:\/\/www.istegroup.com\/en\/wp-json\/wp\/v2\/media\/48932"}],"wp:attachment":[{"href":"https:\/\/www.istegroup.com\/en\/wp-json\/wp\/v2\/media?parent=36972"}],"wp:term":[{"taxonomy":"product_brand","embeddable":true,"href":"https:\/\/www.istegroup.com\/en\/wp-json\/wp\/v2\/product_brand?post=36972"},{"taxonomy":"product_cat","embeddable":true,"href":"https:\/\/www.istegroup.com\/en\/wp-json\/wp\/v2\/product_cat?post=36972"},{"taxonomy":"product_tag","embeddable":true,"href":"https:\/\/www.istegroup.com\/en\/wp-json\/wp\/v2\/product_tag?post=36972"}],"curies":[{"name":"wp","href":"https:\/\/api.w.org\/{rel}","templated":true}]}}