{"id":36957,"date":"2024-02-13T15:34:39","date_gmt":"2024-02-13T15:34:39","guid":{"rendered":"https:\/\/www.istegroup.com\/?post_type=product&#038;p=36957"},"modified":"2025-06-20T14:31:23","modified_gmt":"2025-06-20T13:31:23","slug":"genetique-des-domestications","status":"publish","type":"product","link":"https:\/\/www.istegroup.com\/en\/produit\/genetique-des-domestications\/","title":{"rendered":"G\u00e9n\u00e9tique des domestications"},"content":{"rendered":"<p class=\"qtranxs-available-languages-message qtranxs-available-languages-message-en\">Sorry, this entry is only available in <a href=\"https:\/\/www.istegroup.com\/fr\/wp-json\/wp\/v2\/product\/36957\" class=\"qtranxs-available-language-link qtranxs-available-language-link-fr\" title=\"FR\">FR<\/a>.<\/p>","protected":false},"excerpt":{"rendered":"<p>Sorry, this entry is only available in FR.<\/p>\n","protected":false},"featured_media":55685,"template":"","meta":{"_acf_changed":false,"_links_to":"","_links_to_target":""},"product_brand":[],"product_cat":[4289],"product_tag":[],"class_list":{"0":"post-36957","1":"product","2":"type-product","3":"status-publish","4":"has-post-thumbnail","6":"product_cat-sciences","8":"first","9":"instock","10":"shipping-taxable","11":"purchasable","12":"product-type-variable"},"acf":[],"yoast_head":"<!-- This site is optimized with the Yoast SEO plugin v27.2 - https:\/\/yoast.com\/product\/yoast-seo-wordpress\/ -->\n<title>G\u00e9n\u00e9tique des domestications - ISTE Group<\/title>\n<meta name=\"description\" content=\"G\u00e9n\u00e9tique des domestications traite de l\u2019apport des m\u00e9thodes modernes d\u2019analyse g\u00e9n\u00e9tique et de g\u00e9nomique \u00e0 la connaissance historique des domestications, leur nature et leur diversit\u00e9 \u00e0 partir des exemples de douze esp\u00e8ces ou groupes d\u2019esp\u00e8ces.\" \/>\n<meta name=\"robots\" content=\"index, follow, max-snippet:-1, max-image-preview:large, max-video-preview:-1\" \/>\n<link rel=\"canonical\" href=\"https:\/\/www.istegroup.com\/produit\/genetique-des-domestications\/\" \/>\n<meta property=\"og:locale\" content=\"en_US\" \/>\n<meta property=\"og:type\" content=\"article\" \/>\n<meta property=\"og:title\" content=\"G\u00e9n\u00e9tique des domestications - ISTE Group\" \/>\n<meta property=\"og:description\" content=\"G\u00e9n\u00e9tique des domestications traite de l\u2019apport des m\u00e9thodes modernes d\u2019analyse g\u00e9n\u00e9tique et de g\u00e9nomique \u00e0 la connaissance historique des domestications, leur nature et leur diversit\u00e9 \u00e0 partir des exemples de douze esp\u00e8ces ou groupes d\u2019esp\u00e8ces.\" \/>\n<meta property=\"og:url\" content=\"https:\/\/www.istegroup.com\/produit\/genetique-des-domestications\/\" \/>\n<meta property=\"og:site_name\" content=\"ISTE Group\" \/>\n<meta property=\"article:modified_time\" content=\"2025-06-20T13:31:23+00:00\" \/>\n<meta property=\"og:image\" content=\"https:\/\/www.istegroup.com\/wp-content\/uploads\/2019\/11\/Genetique-des-domestications.jpeg\" \/>\n\t<meta property=\"og:image:width\" content=\"300\" \/>\n\t<meta property=\"og:image:height\" content=\"450\" \/>\n\t<meta property=\"og:image:type\" content=\"image\/jpeg\" \/>\n<meta name=\"twitter:card\" content=\"summary_large_image\" \/>\n<meta name=\"twitter:label1\" content=\"Est. reading time\" \/>\n\t<meta name=\"twitter:data1\" content=\"1 minute\" \/>\n<script type=\"application\/ld+json\" class=\"yoast-schema-graph\">{\"@context\":\"https:\/\/schema.org\",\"@graph\":[{\"@type\":\"WebPage\",\"@id\":\"https:\/\/www.istegroup.com\/produit\/genetique-des-domestications\/\",\"url\":\"https:\/\/www.istegroup.com\/produit\/genetique-des-domestications\/\",\"name\":\"G\u00e9n\u00e9tique des domestications - ISTE Group\",\"isPartOf\":{\"@id\":\"https:\/\/www.istegroup.com\/#website\"},\"primaryImageOfPage\":{\"@id\":\"https:\/\/www.istegroup.com\/produit\/genetique-des-domestications\/#primaryimage\"},\"image\":{\"@id\":\"https:\/\/www.istegroup.com\/produit\/genetique-des-domestications\/#primaryimage\"},\"thumbnailUrl\":\"https:\/\/www.istegroup.com\/wp-content\/uploads\/2019\/11\/Genetique-des-domestications.jpeg\",\"datePublished\":\"2024-02-13T15:34:39+00:00\",\"dateModified\":\"2025-06-20T13:31:23+00:00\",\"description\":\"G\u00e9n\u00e9tique des domestications traite de l\u2019apport des m\u00e9thodes modernes d\u2019analyse g\u00e9n\u00e9tique et de g\u00e9nomique \u00e0 la connaissance historique des domestications, leur nature et leur diversit\u00e9 \u00e0 partir des exemples de douze esp\u00e8ces ou groupes d\u2019esp\u00e8ces.\",\"breadcrumb\":{\"@id\":\"https:\/\/www.istegroup.com\/produit\/genetique-des-domestications\/#breadcrumb\"},\"inLanguage\":\"en-US\",\"potentialAction\":[{\"@type\":\"ReadAction\",\"target\":[\"https:\/\/www.istegroup.com\/produit\/genetique-des-domestications\/\"]}]},{\"@type\":\"ImageObject\",\"inLanguage\":\"en-US\",\"@id\":\"https:\/\/www.istegroup.com\/produit\/genetique-des-domestications\/#primaryimage\",\"url\":\"https:\/\/www.istegroup.com\/wp-content\/uploads\/2019\/11\/Genetique-des-domestications.jpeg\",\"contentUrl\":\"https:\/\/www.istegroup.com\/wp-content\/uploads\/2019\/11\/Genetique-des-domestications.jpeg\",\"width\":300,\"height\":450,\"caption\":\"Livre scientifique - G\u00e9n\u00e9tique des domestications\"},{\"@type\":\"BreadcrumbList\",\"@id\":\"https:\/\/www.istegroup.com\/produit\/genetique-des-domestications\/#breadcrumb\",\"itemListElement\":[{\"@type\":\"ListItem\",\"position\":1,\"name\":\"Home\",\"item\":\"https:\/\/www.istegroup.com\/\"},{\"@type\":\"ListItem\",\"position\":2,\"name\":\"Shop\",\"item\":\"https:\/\/www.istegroup.com\/fr\/nouveautes\/\"},{\"@type\":\"ListItem\",\"position\":3,\"name\":\"G\u00e9n\u00e9tique des domestications\"}]},{\"@type\":\"WebSite\",\"@id\":\"https:\/\/www.istegroup.com\/#website\",\"url\":\"https:\/\/www.istegroup.com\/\",\"name\":\"ISTE Group\",\"description\":\"Publishing Knowledge\",\"potentialAction\":[{\"@type\":\"SearchAction\",\"target\":{\"@type\":\"EntryPoint\",\"urlTemplate\":\"https:\/\/www.istegroup.com\/?s={search_term_string}\"},\"query-input\":{\"@type\":\"PropertyValueSpecification\",\"valueRequired\":true,\"valueName\":\"search_term_string\"}}],\"inLanguage\":\"en-US\"}]}<\/script>\n<!-- \/ Yoast SEO plugin. -->","yoast_head_json":{"title":"G\u00e9n\u00e9tique des domestications - ISTE Group","description":"G\u00e9n\u00e9tique des domestications traite de l\u2019apport des m\u00e9thodes modernes d\u2019analyse g\u00e9n\u00e9tique et de g\u00e9nomique \u00e0 la connaissance historique des domestications, leur nature et leur diversit\u00e9 \u00e0 partir des exemples de douze esp\u00e8ces ou groupes d\u2019esp\u00e8ces.","robots":{"index":"index","follow":"follow","max-snippet":"max-snippet:-1","max-image-preview":"max-image-preview:large","max-video-preview":"max-video-preview:-1"},"canonical":"https:\/\/www.istegroup.com\/produit\/genetique-des-domestications\/","og_locale":"en_US","og_type":"article","og_title":"G\u00e9n\u00e9tique des domestications - ISTE Group","og_description":"G\u00e9n\u00e9tique des domestications traite de l\u2019apport des m\u00e9thodes modernes d\u2019analyse g\u00e9n\u00e9tique et de g\u00e9nomique \u00e0 la connaissance historique des domestications, leur nature et leur diversit\u00e9 \u00e0 partir des exemples de douze esp\u00e8ces ou groupes d\u2019esp\u00e8ces.","og_url":"https:\/\/www.istegroup.com\/produit\/genetique-des-domestications\/","og_site_name":"ISTE Group","article_modified_time":"2025-06-20T13:31:23+00:00","og_image":[{"width":300,"height":450,"url":"https:\/\/www.istegroup.com\/wp-content\/uploads\/2019\/11\/Genetique-des-domestications.jpeg","type":"image\/jpeg"}],"twitter_card":"summary_large_image","twitter_misc":{"Est. reading time":"1 minute"},"schema":{"@context":"https:\/\/schema.org","@graph":[{"@type":"WebPage","@id":"https:\/\/www.istegroup.com\/produit\/genetique-des-domestications\/","url":"https:\/\/www.istegroup.com\/produit\/genetique-des-domestications\/","name":"G\u00e9n\u00e9tique des domestications - ISTE Group","isPartOf":{"@id":"https:\/\/www.istegroup.com\/#website"},"primaryImageOfPage":{"@id":"https:\/\/www.istegroup.com\/produit\/genetique-des-domestications\/#primaryimage"},"image":{"@id":"https:\/\/www.istegroup.com\/produit\/genetique-des-domestications\/#primaryimage"},"thumbnailUrl":"https:\/\/www.istegroup.com\/wp-content\/uploads\/2019\/11\/Genetique-des-domestications.jpeg","datePublished":"2024-02-13T15:34:39+00:00","dateModified":"2025-06-20T13:31:23+00:00","description":"G\u00e9n\u00e9tique des domestications traite de l\u2019apport des m\u00e9thodes modernes d\u2019analyse g\u00e9n\u00e9tique et de g\u00e9nomique \u00e0 la connaissance historique des domestications, leur nature et leur diversit\u00e9 \u00e0 partir des exemples de douze esp\u00e8ces ou groupes d\u2019esp\u00e8ces.","breadcrumb":{"@id":"https:\/\/www.istegroup.com\/produit\/genetique-des-domestications\/#breadcrumb"},"inLanguage":"en-US","potentialAction":[{"@type":"ReadAction","target":["https:\/\/www.istegroup.com\/produit\/genetique-des-domestications\/"]}]},{"@type":"ImageObject","inLanguage":"en-US","@id":"https:\/\/www.istegroup.com\/produit\/genetique-des-domestications\/#primaryimage","url":"https:\/\/www.istegroup.com\/wp-content\/uploads\/2019\/11\/Genetique-des-domestications.jpeg","contentUrl":"https:\/\/www.istegroup.com\/wp-content\/uploads\/2019\/11\/Genetique-des-domestications.jpeg","width":300,"height":450,"caption":"Livre scientifique - G\u00e9n\u00e9tique des domestications"},{"@type":"BreadcrumbList","@id":"https:\/\/www.istegroup.com\/produit\/genetique-des-domestications\/#breadcrumb","itemListElement":[{"@type":"ListItem","position":1,"name":"Home","item":"https:\/\/www.istegroup.com\/"},{"@type":"ListItem","position":2,"name":"Shop","item":"https:\/\/www.istegroup.com\/fr\/nouveautes\/"},{"@type":"ListItem","position":3,"name":"G\u00e9n\u00e9tique des domestications"}]},{"@type":"WebSite","@id":"https:\/\/www.istegroup.com\/#website","url":"https:\/\/www.istegroup.com\/","name":"ISTE Group","description":"Publishing Knowledge","potentialAction":[{"@type":"SearchAction","target":{"@type":"EntryPoint","urlTemplate":"https:\/\/www.istegroup.com\/?s={search_term_string}"},"query-input":{"@type":"PropertyValueSpecification","valueRequired":true,"valueName":"search_term_string"}}],"inLanguage":"en-US"}]}},"_links":{"self":[{"href":"https:\/\/www.istegroup.com\/en\/wp-json\/wp\/v2\/product\/36957","targetHints":{"allow":["GET"]}}],"collection":[{"href":"https:\/\/www.istegroup.com\/en\/wp-json\/wp\/v2\/product"}],"about":[{"href":"https:\/\/www.istegroup.com\/en\/wp-json\/wp\/v2\/types\/product"}],"wp:featuredmedia":[{"embeddable":true,"href":"https:\/\/www.istegroup.com\/en\/wp-json\/wp\/v2\/media\/55685"}],"wp:attachment":[{"href":"https:\/\/www.istegroup.com\/en\/wp-json\/wp\/v2\/media?parent=36957"}],"wp:term":[{"taxonomy":"product_brand","embeddable":true,"href":"https:\/\/www.istegroup.com\/en\/wp-json\/wp\/v2\/product_brand?post=36957"},{"taxonomy":"product_cat","embeddable":true,"href":"https:\/\/www.istegroup.com\/en\/wp-json\/wp\/v2\/product_cat?post=36957"},{"taxonomy":"product_tag","embeddable":true,"href":"https:\/\/www.istegroup.com\/en\/wp-json\/wp\/v2\/product_tag?post=36957"}],"curies":[{"name":"wp","href":"https:\/\/api.w.org\/{rel}","templated":true}]}}