{"id":36953,"date":"2024-05-01T09:34:39","date_gmt":"2024-05-01T08:34:39","guid":{"rendered":"https:\/\/www.istegroup.com\/?post_type=product&#038;p=36953"},"modified":"2025-01-03T10:59:53","modified_gmt":"2025-01-03T10:59:53","slug":"cybersecurite-des-maisons-intelligentes","status":"publish","type":"product","link":"https:\/\/www.istegroup.com\/en\/produit\/cybersecurite-des-maisons-intelligentes\/","title":{"rendered":"Cybers\u00e9curit\u00e9 des maisons intelligentes"},"content":{"rendered":"<p class=\"qtranxs-available-languages-message qtranxs-available-languages-message-en\">Sorry, this entry is only available in <a href=\"https:\/\/www.istegroup.com\/fr\/wp-json\/wp\/v2\/product\/36953\" class=\"qtranxs-available-language-link qtranxs-available-language-link-fr\" title=\"FR\">FR<\/a>.<\/p>","protected":false},"excerpt":{"rendered":"<p>Sorry, this entry is only available in FR.<\/p>\n","protected":false},"featured_media":56501,"template":"","meta":{"_acf_changed":false,"_links_to":"","_links_to_target":""},"product_brand":[],"product_cat":[4289],"product_tag":[],"class_list":{"0":"post-36953","1":"product","2":"type-product","3":"status-publish","4":"has-post-thumbnail","6":"product_cat-sciences","8":"first","9":"instock","10":"shipping-taxable","11":"purchasable","12":"product-type-variable"},"acf":[],"yoast_head":"<!-- This site is optimized with the Yoast SEO plugin v27.2 - https:\/\/yoast.com\/product\/yoast-seo-wordpress\/ -->\n<title>Cybers\u00e9curit\u00e9 des maisons intelligentes - ISTE Group<\/title>\n<meta name=\"description\" content=\"Les maisons intelligentes utilisent des dispositifs connect\u00e9s \u00e0 Internet, l\u2019intelligence artificielle, des protocoles et de multiples technologies afin de permettre \u00e0 leurs r\u00e9sidents de surveiller \u00e0 distance leurs maisons et de les g\u00e9rer \u00e0 l\u2019aide d\u2019un Smartphone.\" \/>\n<meta name=\"robots\" content=\"index, follow, max-snippet:-1, max-image-preview:large, max-video-preview:-1\" \/>\n<link rel=\"canonical\" href=\"https:\/\/www.istegroup.com\/en\/produit\/cybersecurite-des-maisons-intelligentes\/\" \/>\n<meta property=\"og:locale\" content=\"en_US\" \/>\n<meta property=\"og:type\" content=\"article\" \/>\n<meta property=\"og:title\" content=\"Cybers\u00e9curit\u00e9 des maisons intelligentes - ISTE Group\" \/>\n<meta property=\"og:description\" content=\"Les maisons intelligentes utilisent des dispositifs connect\u00e9s \u00e0 Internet, l\u2019intelligence artificielle, des protocoles et de multiples technologies afin de permettre \u00e0 leurs r\u00e9sidents de surveiller \u00e0 distance leurs maisons et de les g\u00e9rer \u00e0 l\u2019aide d\u2019un Smartphone.\" \/>\n<meta property=\"og:url\" content=\"https:\/\/www.istegroup.com\/en\/produit\/cybersecurite-des-maisons-intelligentes\/\" \/>\n<meta property=\"og:site_name\" content=\"ISTE Group\" \/>\n<meta property=\"article:modified_time\" content=\"2025-01-03T10:59:53+00:00\" \/>\n<meta property=\"og:image\" content=\"https:\/\/www.istegroup.com\/wp-content\/uploads\/2019\/11\/Cybersecurite-des-maisons-intelligentes.jpeg\" \/>\n\t<meta property=\"og:image:width\" content=\"300\" \/>\n\t<meta property=\"og:image:height\" content=\"450\" \/>\n\t<meta property=\"og:image:type\" content=\"image\/jpeg\" \/>\n<meta name=\"twitter:card\" content=\"summary_large_image\" \/>\n<meta name=\"twitter:label1\" content=\"Est. reading time\" \/>\n\t<meta name=\"twitter:data1\" content=\"1 minute\" \/>\n<script type=\"application\/ld+json\" class=\"yoast-schema-graph\">{\"@context\":\"https:\/\/schema.org\",\"@graph\":[{\"@type\":\"WebPage\",\"@id\":\"https:\/\/www.istegroup.com\/en\/produit\/cybersecurite-des-maisons-intelligentes\/\",\"url\":\"https:\/\/www.istegroup.com\/en\/produit\/cybersecurite-des-maisons-intelligentes\/\",\"name\":\"Cybers\u00e9curit\u00e9 des maisons intelligentes - ISTE Group\",\"isPartOf\":{\"@id\":\"https:\/\/www.istegroup.com\/#website\"},\"primaryImageOfPage\":{\"@id\":\"https:\/\/www.istegroup.com\/en\/produit\/cybersecurite-des-maisons-intelligentes\/#primaryimage\"},\"image\":{\"@id\":\"https:\/\/www.istegroup.com\/en\/produit\/cybersecurite-des-maisons-intelligentes\/#primaryimage\"},\"thumbnailUrl\":\"https:\/\/www.istegroup.com\/wp-content\/uploads\/2019\/11\/Cybersecurite-des-maisons-intelligentes.jpeg\",\"datePublished\":\"2024-05-01T08:34:39+00:00\",\"dateModified\":\"2025-01-03T10:59:53+00:00\",\"description\":\"Les maisons intelligentes utilisent des dispositifs connect\u00e9s \u00e0 Internet, l\u2019intelligence artificielle, des protocoles et de multiples technologies afin de permettre \u00e0 leurs r\u00e9sidents de surveiller \u00e0 distance leurs maisons et de les g\u00e9rer \u00e0 l\u2019aide d\u2019un Smartphone.\",\"breadcrumb\":{\"@id\":\"https:\/\/www.istegroup.com\/en\/produit\/cybersecurite-des-maisons-intelligentes\/#breadcrumb\"},\"inLanguage\":\"en-US\",\"potentialAction\":[{\"@type\":\"ReadAction\",\"target\":[\"https:\/\/www.istegroup.com\/en\/produit\/cybersecurite-des-maisons-intelligentes\/\"]}]},{\"@type\":\"ImageObject\",\"inLanguage\":\"en-US\",\"@id\":\"https:\/\/www.istegroup.com\/en\/produit\/cybersecurite-des-maisons-intelligentes\/#primaryimage\",\"url\":\"https:\/\/www.istegroup.com\/wp-content\/uploads\/2019\/11\/Cybersecurite-des-maisons-intelligentes.jpeg\",\"contentUrl\":\"https:\/\/www.istegroup.com\/wp-content\/uploads\/2019\/11\/Cybersecurite-des-maisons-intelligentes.jpeg\",\"width\":300,\"height\":450,\"caption\":\"Livre scientifique - Cybers\u00e9curit\u00e9 des maisons intelligentes\"},{\"@type\":\"BreadcrumbList\",\"@id\":\"https:\/\/www.istegroup.com\/en\/produit\/cybersecurite-des-maisons-intelligentes\/#breadcrumb\",\"itemListElement\":[{\"@type\":\"ListItem\",\"position\":1,\"name\":\"Home\",\"item\":\"https:\/\/www.istegroup.com\/\"},{\"@type\":\"ListItem\",\"position\":2,\"name\":\"Shop\",\"item\":\"https:\/\/www.istegroup.com\/fr\/nouveautes\/\"},{\"@type\":\"ListItem\",\"position\":3,\"name\":\"Cybers\u00e9curit\u00e9 des maisons intelligentes\"}]},{\"@type\":\"WebSite\",\"@id\":\"https:\/\/www.istegroup.com\/#website\",\"url\":\"https:\/\/www.istegroup.com\/\",\"name\":\"ISTE Group\",\"description\":\"Publishing Knowledge\",\"potentialAction\":[{\"@type\":\"SearchAction\",\"target\":{\"@type\":\"EntryPoint\",\"urlTemplate\":\"https:\/\/www.istegroup.com\/?s={search_term_string}\"},\"query-input\":{\"@type\":\"PropertyValueSpecification\",\"valueRequired\":true,\"valueName\":\"search_term_string\"}}],\"inLanguage\":\"en-US\"}]}<\/script>\n<!-- \/ Yoast SEO plugin. -->","yoast_head_json":{"title":"Cybers\u00e9curit\u00e9 des maisons intelligentes - ISTE Group","description":"Les maisons intelligentes utilisent des dispositifs connect\u00e9s \u00e0 Internet, l\u2019intelligence artificielle, des protocoles et de multiples technologies afin de permettre \u00e0 leurs r\u00e9sidents de surveiller \u00e0 distance leurs maisons et de les g\u00e9rer \u00e0 l\u2019aide d\u2019un Smartphone.","robots":{"index":"index","follow":"follow","max-snippet":"max-snippet:-1","max-image-preview":"max-image-preview:large","max-video-preview":"max-video-preview:-1"},"canonical":"https:\/\/www.istegroup.com\/en\/produit\/cybersecurite-des-maisons-intelligentes\/","og_locale":"en_US","og_type":"article","og_title":"Cybers\u00e9curit\u00e9 des maisons intelligentes - ISTE Group","og_description":"Les maisons intelligentes utilisent des dispositifs connect\u00e9s \u00e0 Internet, l\u2019intelligence artificielle, des protocoles et de multiples technologies afin de permettre \u00e0 leurs r\u00e9sidents de surveiller \u00e0 distance leurs maisons et de les g\u00e9rer \u00e0 l\u2019aide d\u2019un Smartphone.","og_url":"https:\/\/www.istegroup.com\/en\/produit\/cybersecurite-des-maisons-intelligentes\/","og_site_name":"ISTE Group","article_modified_time":"2025-01-03T10:59:53+00:00","og_image":[{"width":300,"height":450,"url":"https:\/\/www.istegroup.com\/wp-content\/uploads\/2019\/11\/Cybersecurite-des-maisons-intelligentes.jpeg","type":"image\/jpeg"}],"twitter_card":"summary_large_image","twitter_misc":{"Est. reading time":"1 minute"},"schema":{"@context":"https:\/\/schema.org","@graph":[{"@type":"WebPage","@id":"https:\/\/www.istegroup.com\/en\/produit\/cybersecurite-des-maisons-intelligentes\/","url":"https:\/\/www.istegroup.com\/en\/produit\/cybersecurite-des-maisons-intelligentes\/","name":"Cybers\u00e9curit\u00e9 des maisons intelligentes - ISTE Group","isPartOf":{"@id":"https:\/\/www.istegroup.com\/#website"},"primaryImageOfPage":{"@id":"https:\/\/www.istegroup.com\/en\/produit\/cybersecurite-des-maisons-intelligentes\/#primaryimage"},"image":{"@id":"https:\/\/www.istegroup.com\/en\/produit\/cybersecurite-des-maisons-intelligentes\/#primaryimage"},"thumbnailUrl":"https:\/\/www.istegroup.com\/wp-content\/uploads\/2019\/11\/Cybersecurite-des-maisons-intelligentes.jpeg","datePublished":"2024-05-01T08:34:39+00:00","dateModified":"2025-01-03T10:59:53+00:00","description":"Les maisons intelligentes utilisent des dispositifs connect\u00e9s \u00e0 Internet, l\u2019intelligence artificielle, des protocoles et de multiples technologies afin de permettre \u00e0 leurs r\u00e9sidents de surveiller \u00e0 distance leurs maisons et de les g\u00e9rer \u00e0 l\u2019aide d\u2019un Smartphone.","breadcrumb":{"@id":"https:\/\/www.istegroup.com\/en\/produit\/cybersecurite-des-maisons-intelligentes\/#breadcrumb"},"inLanguage":"en-US","potentialAction":[{"@type":"ReadAction","target":["https:\/\/www.istegroup.com\/en\/produit\/cybersecurite-des-maisons-intelligentes\/"]}]},{"@type":"ImageObject","inLanguage":"en-US","@id":"https:\/\/www.istegroup.com\/en\/produit\/cybersecurite-des-maisons-intelligentes\/#primaryimage","url":"https:\/\/www.istegroup.com\/wp-content\/uploads\/2019\/11\/Cybersecurite-des-maisons-intelligentes.jpeg","contentUrl":"https:\/\/www.istegroup.com\/wp-content\/uploads\/2019\/11\/Cybersecurite-des-maisons-intelligentes.jpeg","width":300,"height":450,"caption":"Livre scientifique - Cybers\u00e9curit\u00e9 des maisons intelligentes"},{"@type":"BreadcrumbList","@id":"https:\/\/www.istegroup.com\/en\/produit\/cybersecurite-des-maisons-intelligentes\/#breadcrumb","itemListElement":[{"@type":"ListItem","position":1,"name":"Home","item":"https:\/\/www.istegroup.com\/"},{"@type":"ListItem","position":2,"name":"Shop","item":"https:\/\/www.istegroup.com\/fr\/nouveautes\/"},{"@type":"ListItem","position":3,"name":"Cybers\u00e9curit\u00e9 des maisons intelligentes"}]},{"@type":"WebSite","@id":"https:\/\/www.istegroup.com\/#website","url":"https:\/\/www.istegroup.com\/","name":"ISTE Group","description":"Publishing Knowledge","potentialAction":[{"@type":"SearchAction","target":{"@type":"EntryPoint","urlTemplate":"https:\/\/www.istegroup.com\/?s={search_term_string}"},"query-input":{"@type":"PropertyValueSpecification","valueRequired":true,"valueName":"search_term_string"}}],"inLanguage":"en-US"}]}},"_links":{"self":[{"href":"https:\/\/www.istegroup.com\/en\/wp-json\/wp\/v2\/product\/36953","targetHints":{"allow":["GET"]}}],"collection":[{"href":"https:\/\/www.istegroup.com\/en\/wp-json\/wp\/v2\/product"}],"about":[{"href":"https:\/\/www.istegroup.com\/en\/wp-json\/wp\/v2\/types\/product"}],"wp:featuredmedia":[{"embeddable":true,"href":"https:\/\/www.istegroup.com\/en\/wp-json\/wp\/v2\/media\/56501"}],"wp:attachment":[{"href":"https:\/\/www.istegroup.com\/en\/wp-json\/wp\/v2\/media?parent=36953"}],"wp:term":[{"taxonomy":"product_brand","embeddable":true,"href":"https:\/\/www.istegroup.com\/en\/wp-json\/wp\/v2\/product_brand?post=36953"},{"taxonomy":"product_cat","embeddable":true,"href":"https:\/\/www.istegroup.com\/en\/wp-json\/wp\/v2\/product_cat?post=36953"},{"taxonomy":"product_tag","embeddable":true,"href":"https:\/\/www.istegroup.com\/en\/wp-json\/wp\/v2\/product_tag?post=36953"}],"curies":[{"name":"wp","href":"https:\/\/api.w.org\/{rel}","templated":true}]}}