{"id":369,"date":"2017-07-28T12:33:18","date_gmt":"2017-07-28T10:33:18","guid":{"rendered":"https:\/\/iste.yhello.co\/product\/le-chemostat\/"},"modified":"2024-01-03T13:39:36","modified_gmt":"2024-01-03T13:39:36","slug":"le-chemostat","status":"publish","type":"product","link":"https:\/\/www.istegroup.com\/en\/produit\/le-chemostat\/","title":{"rendered":"Le ch\u00e9mostat"},"content":{"rendered":"<p>Invent\u00e9 par J. Monod, et ind\u00e9pendamment par A. Novick et L. Szilard en 1950, le ch\u00e9mostat est \u00e0 la fois un dispositif de laboratoire de culture en continu de micro-organismes et une abstraction d&#8217;\u00e9cosyst\u00e8me travers\u00e9 par un flux nutritif.<\/p>\n<p>Cet ouvrage est consacr\u00e9 \u00e0 l\u2019\u00e9tude des mod\u00e8les math\u00e9matiques de croissance d&#8217;une esp\u00e8ce isol\u00e9e ainsi que des mod\u00e8les de comp\u00e9tition de plusieurs esp\u00e8ces. Il int\u00e8gre des travaux r\u00e9cents d\u2019\u00e9cologie th\u00e9orique et de dynamique des populations. \u00c0 travers une d\u00e9marche mod\u00e9lisatrice, les hypoth\u00e8ses et les conclusions des principaux r\u00e9sultats math\u00e9matiques sont analys\u00e9es et interpr\u00e9t\u00e9es sous un angle critique. Une tr\u00e8s large place est faite aux simulations num\u00e9riques dont l\u2019usage raisonn\u00e9 est pr\u00e9conis\u00e9.<\/p>\n<p><em>Le ch\u00e9mostat<\/em>\u00a0s\u2019adresse aux personnes poss\u00e9dant des pr\u00e9requis math\u00e9matiques g\u00e9n\u00e9raux \u00e9quivalents \u00e0 ceux d\u2019une premi\u00e8re ann\u00e9e d\u2019\u00e9cole d&#8217;ing\u00e9nieur ou d\u2019une licence de sciences. Une annexe d\u00e9taill\u00e9e sur les \u00e9quations diff\u00e9rentielles pr\u00e9sente les notions et r\u00e9sultats sp\u00e9cifiques utilis\u00e9s dans cet ouvrage.<\/p>\n","protected":false},"excerpt":{"rendered":"<p>Invent\u00e9 par J. Monod, et ind\u00e9pendamment par A. Novick et L. Szilard en 1950, le ch\u00e9mostat est \u00e0 la fois un dispositif de laboratoire de culture en continu de micro-organismes et une abstraction d&#8217;\u00e9cosyst\u00e8me travers\u00e9 par un flux nutritif. Cet ouvrage est consacr\u00e9 \u00e0 l\u2019\u00e9tude des mod\u00e8les math\u00e9matiques de croissance d&#8217;une esp\u00e8ce isol\u00e9e ainsi que [&hellip;]<\/p>\n","protected":false},"featured_media":370,"template":"","meta":{"_acf_changed":false,"_links_to":"","_links_to_target":""},"product_brand":[],"product_cat":[663,675,688],"product_tag":[461,462,463,464,31,196,474,381,465,197,198,199,21,200,22,466,201,467,203,204,63,25,172,209,322,468,469,470,471,212,38,192,145,28,472,473],"class_list":{"0":"post-369","1":"product","2":"type-product","3":"status-publish","4":"has-post-thumbnail","6":"product_cat-gnie-des-procds-12506436","7":"product_cat-nouveauts-12519446","8":"product_cat-srie-chmostat-et-bioprocds-408076369","9":"product_tag-alain-rapaport","10":"product_tag-chemostat","11":"product_tag-claude-lobry","12":"product_tag-croissance","13":"product_tag-ebook","14":"product_tag-ebooks","15":"product_tag-ecologie","16":"product_tag-ecosysteme","17":"product_tag-espece","18":"product_tag-iste","19":"product_tag-iste-edition","20":"product_tag-iste-editions","21":"product_tag-iste-group","22":"product_tag-isteedition","23":"product_tag-istegroup","24":"product_tag-jerome-harmand","25":"product_tag-kindle","26":"product_tag-laboratoire","27":"product_tag-liseuse","28":"product_tag-livre","29":"product_tag-livre-electronique","30":"product_tag-livre-numerique","31":"product_tag-livre-scientifique","32":"product_tag-livres-scientifiques","33":"product_tag-mathematiques","34":"product_tag-micro-organisme","35":"product_tag-micro-organismes","36":"product_tag-modeles","37":"product_tag-modeles-mathematiques","38":"product_tag-ouvrage","39":"product_tag-ouvrage-numerique","40":"product_tag-ouvrage-science","41":"product_tag-ouvrage-scientifique","42":"product_tag-ouvrage-scientifique-francais","43":"product_tag-simulation","44":"product_tag-tewfik-sari","46":"first","47":"instock","48":"shipping-taxable","49":"purchasable","50":"product-type-variable"},"acf":[],"yoast_head":"<!-- This site is optimized with the Yoast SEO plugin v27.2 - https:\/\/yoast.com\/product\/yoast-seo-wordpress\/ -->\n<title>Le ch\u00e9mostat - ISTE Group<\/title>\n<meta name=\"description\" content=\"L&#039;ouvrage est consacr\u00e9 \u00e0 l\u2019\u00e9tude des mod\u00e8les math\u00e9matiques de croissance d&#039;une esp\u00e8ce isol\u00e9e ainsi que des mod\u00e8les de comp\u00e9tition de plusieurs esp\u00e8ces.\" \/>\n<meta name=\"robots\" content=\"index, follow, max-snippet:-1, max-image-preview:large, max-video-preview:-1\" \/>\n<link rel=\"canonical\" href=\"https:\/\/www.istegroup.com\/fr\/produit\/le-chemostat\/\" \/>\n<meta property=\"og:locale\" content=\"en_US\" \/>\n<meta property=\"og:type\" content=\"article\" \/>\n<meta property=\"og:title\" content=\"Le ch\u00e9mostat - ISTE Group\" \/>\n<meta property=\"og:description\" content=\"L&#039;ouvrage est consacr\u00e9 \u00e0 l\u2019\u00e9tude des mod\u00e8les math\u00e9matiques de croissance d&#039;une esp\u00e8ce isol\u00e9e ainsi que des mod\u00e8les de comp\u00e9tition de plusieurs esp\u00e8ces.\" \/>\n<meta property=\"og:url\" content=\"https:\/\/www.istegroup.com\/fr\/produit\/le-chemostat\/\" \/>\n<meta property=\"og:site_name\" content=\"ISTE Group\" \/>\n<meta property=\"article:modified_time\" content=\"2024-01-03T13:39:36+00:00\" \/>\n<meta property=\"og:image\" content=\"https:\/\/www.istegroup.com\/wp-content\/uploads\/2017\/07\/18559987921_8562759377-1.jpg\" \/>\n\t<meta property=\"og:image:width\" content=\"1366\" \/>\n\t<meta property=\"og:image:height\" content=\"2048\" \/>\n\t<meta property=\"og:image:type\" content=\"image\/jpeg\" \/>\n<meta name=\"twitter:card\" content=\"summary_large_image\" \/>\n<meta name=\"twitter:label1\" content=\"Est. reading time\" \/>\n\t<meta name=\"twitter:data1\" content=\"1 minute\" \/>\n<script type=\"application\/ld+json\" class=\"yoast-schema-graph\">{\"@context\":\"https:\/\/schema.org\",\"@graph\":[{\"@type\":\"WebPage\",\"@id\":\"https:\/\/www.istegroup.com\/fr\/produit\/le-chemostat\/\",\"url\":\"https:\/\/www.istegroup.com\/fr\/produit\/le-chemostat\/\",\"name\":\"Le ch\u00e9mostat - ISTE Group\",\"isPartOf\":{\"@id\":\"https:\/\/www.istegroup.com\/#website\"},\"primaryImageOfPage\":{\"@id\":\"https:\/\/www.istegroup.com\/fr\/produit\/le-chemostat\/#primaryimage\"},\"image\":{\"@id\":\"https:\/\/www.istegroup.com\/fr\/produit\/le-chemostat\/#primaryimage\"},\"thumbnailUrl\":\"https:\/\/www.istegroup.com\/wp-content\/uploads\/2017\/07\/18559987921_8562759377-1.jpg\",\"datePublished\":\"2017-07-28T10:33:18+00:00\",\"dateModified\":\"2024-01-03T13:39:36+00:00\",\"description\":\"L'ouvrage est consacr\u00e9 \u00e0 l\u2019\u00e9tude des mod\u00e8les math\u00e9matiques de croissance d'une esp\u00e8ce isol\u00e9e ainsi que des mod\u00e8les de comp\u00e9tition de plusieurs esp\u00e8ces.\",\"breadcrumb\":{\"@id\":\"https:\/\/www.istegroup.com\/fr\/produit\/le-chemostat\/#breadcrumb\"},\"inLanguage\":\"en-US\",\"potentialAction\":[{\"@type\":\"ReadAction\",\"target\":[\"https:\/\/www.istegroup.com\/fr\/produit\/le-chemostat\/\"]}]},{\"@type\":\"ImageObject\",\"inLanguage\":\"en-US\",\"@id\":\"https:\/\/www.istegroup.com\/fr\/produit\/le-chemostat\/#primaryimage\",\"url\":\"https:\/\/www.istegroup.com\/wp-content\/uploads\/2017\/07\/18559987921_8562759377-1.jpg\",\"contentUrl\":\"https:\/\/www.istegroup.com\/wp-content\/uploads\/2017\/07\/18559987921_8562759377-1.jpg\",\"width\":1366,\"height\":2048,\"caption\":\"Th\u00e9orie math\u00e9matique de la culture continue de micro-organismes\"},{\"@type\":\"BreadcrumbList\",\"@id\":\"https:\/\/www.istegroup.com\/fr\/produit\/le-chemostat\/#breadcrumb\",\"itemListElement\":[{\"@type\":\"ListItem\",\"position\":1,\"name\":\"Home\",\"item\":\"https:\/\/www.istegroup.com\/\"},{\"@type\":\"ListItem\",\"position\":2,\"name\":\"Shop\",\"item\":\"https:\/\/www.istegroup.com\/fr\/nouveautes\/\"},{\"@type\":\"ListItem\",\"position\":3,\"name\":\"Le ch\u00e9mostat\"}]},{\"@type\":\"WebSite\",\"@id\":\"https:\/\/www.istegroup.com\/#website\",\"url\":\"https:\/\/www.istegroup.com\/\",\"name\":\"ISTE Group\",\"description\":\"Publishing Knowledge\",\"potentialAction\":[{\"@type\":\"SearchAction\",\"target\":{\"@type\":\"EntryPoint\",\"urlTemplate\":\"https:\/\/www.istegroup.com\/?s={search_term_string}\"},\"query-input\":{\"@type\":\"PropertyValueSpecification\",\"valueRequired\":true,\"valueName\":\"search_term_string\"}}],\"inLanguage\":\"en-US\"}]}<\/script>\n<!-- \/ Yoast SEO plugin. -->","yoast_head_json":{"title":"Le ch\u00e9mostat - ISTE Group","description":"L'ouvrage est consacr\u00e9 \u00e0 l\u2019\u00e9tude des mod\u00e8les math\u00e9matiques de croissance d'une esp\u00e8ce isol\u00e9e ainsi que des mod\u00e8les de comp\u00e9tition de plusieurs esp\u00e8ces.","robots":{"index":"index","follow":"follow","max-snippet":"max-snippet:-1","max-image-preview":"max-image-preview:large","max-video-preview":"max-video-preview:-1"},"canonical":"https:\/\/www.istegroup.com\/fr\/produit\/le-chemostat\/","og_locale":"en_US","og_type":"article","og_title":"Le ch\u00e9mostat - ISTE Group","og_description":"L'ouvrage est consacr\u00e9 \u00e0 l\u2019\u00e9tude des mod\u00e8les math\u00e9matiques de croissance d'une esp\u00e8ce isol\u00e9e ainsi que des mod\u00e8les de comp\u00e9tition de plusieurs esp\u00e8ces.","og_url":"https:\/\/www.istegroup.com\/fr\/produit\/le-chemostat\/","og_site_name":"ISTE Group","article_modified_time":"2024-01-03T13:39:36+00:00","og_image":[{"width":1366,"height":2048,"url":"https:\/\/www.istegroup.com\/wp-content\/uploads\/2017\/07\/18559987921_8562759377-1.jpg","type":"image\/jpeg"}],"twitter_card":"summary_large_image","twitter_misc":{"Est. reading time":"1 minute"},"schema":{"@context":"https:\/\/schema.org","@graph":[{"@type":"WebPage","@id":"https:\/\/www.istegroup.com\/fr\/produit\/le-chemostat\/","url":"https:\/\/www.istegroup.com\/fr\/produit\/le-chemostat\/","name":"Le ch\u00e9mostat - ISTE Group","isPartOf":{"@id":"https:\/\/www.istegroup.com\/#website"},"primaryImageOfPage":{"@id":"https:\/\/www.istegroup.com\/fr\/produit\/le-chemostat\/#primaryimage"},"image":{"@id":"https:\/\/www.istegroup.com\/fr\/produit\/le-chemostat\/#primaryimage"},"thumbnailUrl":"https:\/\/www.istegroup.com\/wp-content\/uploads\/2017\/07\/18559987921_8562759377-1.jpg","datePublished":"2017-07-28T10:33:18+00:00","dateModified":"2024-01-03T13:39:36+00:00","description":"L'ouvrage est consacr\u00e9 \u00e0 l\u2019\u00e9tude des mod\u00e8les math\u00e9matiques de croissance d'une esp\u00e8ce isol\u00e9e ainsi que des mod\u00e8les de comp\u00e9tition de plusieurs esp\u00e8ces.","breadcrumb":{"@id":"https:\/\/www.istegroup.com\/fr\/produit\/le-chemostat\/#breadcrumb"},"inLanguage":"en-US","potentialAction":[{"@type":"ReadAction","target":["https:\/\/www.istegroup.com\/fr\/produit\/le-chemostat\/"]}]},{"@type":"ImageObject","inLanguage":"en-US","@id":"https:\/\/www.istegroup.com\/fr\/produit\/le-chemostat\/#primaryimage","url":"https:\/\/www.istegroup.com\/wp-content\/uploads\/2017\/07\/18559987921_8562759377-1.jpg","contentUrl":"https:\/\/www.istegroup.com\/wp-content\/uploads\/2017\/07\/18559987921_8562759377-1.jpg","width":1366,"height":2048,"caption":"Th\u00e9orie math\u00e9matique de la culture continue de micro-organismes"},{"@type":"BreadcrumbList","@id":"https:\/\/www.istegroup.com\/fr\/produit\/le-chemostat\/#breadcrumb","itemListElement":[{"@type":"ListItem","position":1,"name":"Home","item":"https:\/\/www.istegroup.com\/"},{"@type":"ListItem","position":2,"name":"Shop","item":"https:\/\/www.istegroup.com\/fr\/nouveautes\/"},{"@type":"ListItem","position":3,"name":"Le ch\u00e9mostat"}]},{"@type":"WebSite","@id":"https:\/\/www.istegroup.com\/#website","url":"https:\/\/www.istegroup.com\/","name":"ISTE Group","description":"Publishing Knowledge","potentialAction":[{"@type":"SearchAction","target":{"@type":"EntryPoint","urlTemplate":"https:\/\/www.istegroup.com\/?s={search_term_string}"},"query-input":{"@type":"PropertyValueSpecification","valueRequired":true,"valueName":"search_term_string"}}],"inLanguage":"en-US"}]}},"_links":{"self":[{"href":"https:\/\/www.istegroup.com\/en\/wp-json\/wp\/v2\/product\/369","targetHints":{"allow":["GET"]}}],"collection":[{"href":"https:\/\/www.istegroup.com\/en\/wp-json\/wp\/v2\/product"}],"about":[{"href":"https:\/\/www.istegroup.com\/en\/wp-json\/wp\/v2\/types\/product"}],"wp:featuredmedia":[{"embeddable":true,"href":"https:\/\/www.istegroup.com\/en\/wp-json\/wp\/v2\/media\/370"}],"wp:attachment":[{"href":"https:\/\/www.istegroup.com\/en\/wp-json\/wp\/v2\/media?parent=369"}],"wp:term":[{"taxonomy":"product_brand","embeddable":true,"href":"https:\/\/www.istegroup.com\/en\/wp-json\/wp\/v2\/product_brand?post=369"},{"taxonomy":"product_cat","embeddable":true,"href":"https:\/\/www.istegroup.com\/en\/wp-json\/wp\/v2\/product_cat?post=369"},{"taxonomy":"product_tag","embeddable":true,"href":"https:\/\/www.istegroup.com\/en\/wp-json\/wp\/v2\/product_tag?post=369"}],"curies":[{"name":"wp","href":"https:\/\/api.w.org\/{rel}","templated":true}]}}