{"id":367,"date":"2017-07-28T12:33:13","date_gmt":"2017-07-28T10:33:13","guid":{"rendered":"https:\/\/iste.yhello.co\/product\/le-capital-risque\/"},"modified":"2024-01-03T13:39:36","modified_gmt":"2024-01-03T13:39:36","slug":"le-capital-risque","status":"publish","type":"product","link":"https:\/\/www.istegroup.com\/en\/produit\/le-capital-risque\/","title":{"rendered":"Le capital risque"},"content":{"rendered":"<p>Bien qu\u2019il existe un consensus sur le caract\u00e8re vital de l\u2019innovation dans l\u2019\u00e9conomie, son financement reste un enjeu majeur.<\/p>\n<p>Au vu des contraintes pour l\u2019entrepreneur et des risques \u00e9lev\u00e9s de cette activit\u00e9, le capital risque constitue une solution appropri\u00e9e. Il contribue \u00e0 r\u00e9duire les risques gr\u00e2ce \u00e0 sa sp\u00e9cialisation dans la phase de d\u00e9veloppement de l\u2019entreprise, dans son secteur d\u2019activit\u00e9 et parfois dans la technologie d\u00e9velopp\u00e9e. Son mode d\u2019investissement via une prise de participation dans le capital est particuli\u00e8rement adapt\u00e9 aux caract\u00e9ristiques des jeunes entreprises qui ne peuvent supporter un fort endettement.<\/p>\n<p>Cet ouvrage fournit une vue d\u2019ensemble des relations tripartites liant les diff\u00e9rents acteurs du capital risque, \u00e0 savoir les apporteurs de capitaux, le capital risqueur et les entreprises financ\u00e9es. Il traite du processus de lev\u00e9e de fonds, de la logique s\u00e9quentielle de l\u2019investissement et de la phase critique de d\u00e9sinvestissement en faisant le lien entre les faits, la th\u00e9orie et la litt\u00e9rature acad\u00e9mique.<\/p>\n","protected":false},"excerpt":{"rendered":"<p>Bien qu\u2019il existe un consensus sur le caract\u00e8re vital de l\u2019innovation dans l\u2019\u00e9conomie, son financement reste un enjeu majeur. Au vu des contraintes pour l\u2019entrepreneur et des risques \u00e9lev\u00e9s de cette activit\u00e9, le capital risque constitue une solution appropri\u00e9e. Il contribue \u00e0 r\u00e9duire les risques gr\u00e2ce \u00e0 sa sp\u00e9cialisation dans la phase de d\u00e9veloppement de [&hellip;]<\/p>\n","protected":false},"featured_media":368,"template":"","meta":{"_acf_changed":false,"_links_to":"","_links_to_target":""},"product_brand":[],"product_cat":[670],"product_tag":[31,196,1114,1219,1220,608,289,197,198,199,21,200,22,201,1610,203,204,63,25,172,209,1008,212,38,192,145,28,42,253,262],"class_list":{"0":"post-367","1":"product","2":"type-product","3":"status-publish","4":"has-post-thumbnail","6":"product_cat-innovation-entrepreneuriat-et-gestion-11041751","7":"product_tag-ebook","8":"product_tag-ebooks","9":"product_tag-economie","10":"product_tag-entreprises","11":"product_tag-finance","12":"product_tag-informatique","13":"product_tag-innovation","14":"product_tag-iste","15":"product_tag-iste-edition","16":"product_tag-iste-editions","17":"product_tag-iste-group","18":"product_tag-isteedition","19":"product_tag-istegroup","20":"product_tag-kindle","21":"product_tag-le-capital-risque","22":"product_tag-liseuse","23":"product_tag-livre","24":"product_tag-livre-electronique","25":"product_tag-livre-numerique","26":"product_tag-livre-scientifique","27":"product_tag-livres-scientifiques","28":"product_tag-management","29":"product_tag-ouvrage","30":"product_tag-ouvrage-numerique","31":"product_tag-ouvrage-science","32":"product_tag-ouvrage-scientifique","33":"product_tag-ouvrage-scientifique-francais","34":"product_tag-risque","35":"product_tag-technologie","36":"product_tag-technologies","38":"first","39":"instock","40":"shipping-taxable","41":"purchasable","42":"product-type-variable"},"acf":[],"yoast_head":"<!-- This site is optimized with the Yoast SEO plugin v27.2 - https:\/\/yoast.com\/product\/yoast-seo-wordpress\/ -->\n<title>Le capital risque - ISTE Group<\/title>\n<meta name=\"description\" content=\"Vue d\u2019ensemble des relations tripartites liant les diff\u00e9rents acteurs du capital risque (apporteurs de capitaux, capital risqueur et entreprises financ\u00e9es).\" \/>\n<meta name=\"robots\" content=\"index, follow, max-snippet:-1, max-image-preview:large, max-video-preview:-1\" \/>\n<link rel=\"canonical\" href=\"https:\/\/www.istegroup.com\/fr\/produit\/le-capital-risque\/\" \/>\n<meta property=\"og:locale\" content=\"en_US\" \/>\n<meta property=\"og:type\" content=\"article\" \/>\n<meta property=\"og:title\" content=\"Le capital risque - ISTE Group\" \/>\n<meta property=\"og:description\" content=\"Vue d\u2019ensemble des relations tripartites liant les diff\u00e9rents acteurs du capital risque (apporteurs de capitaux, capital risqueur et entreprises financ\u00e9es).\" \/>\n<meta property=\"og:url\" content=\"https:\/\/www.istegroup.com\/fr\/produit\/le-capital-risque\/\" \/>\n<meta property=\"og:site_name\" content=\"ISTE Group\" \/>\n<meta property=\"article:modified_time\" content=\"2024-01-03T13:39:36+00:00\" \/>\n<meta property=\"og:image\" content=\"https:\/\/www.istegroup.com\/wp-content\/uploads\/2017\/07\/1092165288_383835312-1.jpg\" \/>\n\t<meta property=\"og:image:width\" content=\"300\" \/>\n\t<meta property=\"og:image:height\" content=\"450\" \/>\n\t<meta property=\"og:image:type\" content=\"image\/jpeg\" \/>\n<meta name=\"twitter:card\" content=\"summary_large_image\" \/>\n<meta name=\"twitter:label1\" content=\"Est. reading time\" \/>\n\t<meta name=\"twitter:data1\" content=\"1 minute\" \/>\n<script type=\"application\/ld+json\" class=\"yoast-schema-graph\">{\"@context\":\"https:\/\/schema.org\",\"@graph\":[{\"@type\":\"WebPage\",\"@id\":\"https:\/\/www.istegroup.com\/fr\/produit\/le-capital-risque\/\",\"url\":\"https:\/\/www.istegroup.com\/fr\/produit\/le-capital-risque\/\",\"name\":\"Le capital risque - ISTE Group\",\"isPartOf\":{\"@id\":\"https:\/\/www.istegroup.com\/#website\"},\"primaryImageOfPage\":{\"@id\":\"https:\/\/www.istegroup.com\/fr\/produit\/le-capital-risque\/#primaryimage\"},\"image\":{\"@id\":\"https:\/\/www.istegroup.com\/fr\/produit\/le-capital-risque\/#primaryimage\"},\"thumbnailUrl\":\"https:\/\/www.istegroup.com\/wp-content\/uploads\/2017\/07\/1092165288_383835312-1.jpg\",\"datePublished\":\"2017-07-28T10:33:13+00:00\",\"dateModified\":\"2024-01-03T13:39:36+00:00\",\"description\":\"Vue d\u2019ensemble des relations tripartites liant les diff\u00e9rents acteurs du capital risque (apporteurs de capitaux, capital risqueur et entreprises financ\u00e9es).\",\"breadcrumb\":{\"@id\":\"https:\/\/www.istegroup.com\/fr\/produit\/le-capital-risque\/#breadcrumb\"},\"inLanguage\":\"en-US\",\"potentialAction\":[{\"@type\":\"ReadAction\",\"target\":[\"https:\/\/www.istegroup.com\/fr\/produit\/le-capital-risque\/\"]}]},{\"@type\":\"ImageObject\",\"inLanguage\":\"en-US\",\"@id\":\"https:\/\/www.istegroup.com\/fr\/produit\/le-capital-risque\/#primaryimage\",\"url\":\"https:\/\/www.istegroup.com\/wp-content\/uploads\/2017\/07\/1092165288_383835312-1.jpg\",\"contentUrl\":\"https:\/\/www.istegroup.com\/wp-content\/uploads\/2017\/07\/1092165288_383835312-1.jpg\",\"width\":300,\"height\":450,\"caption\":\"De la lev\u00e9e de fonds au d\u00e9sinvestissement\"},{\"@type\":\"BreadcrumbList\",\"@id\":\"https:\/\/www.istegroup.com\/fr\/produit\/le-capital-risque\/#breadcrumb\",\"itemListElement\":[{\"@type\":\"ListItem\",\"position\":1,\"name\":\"Home\",\"item\":\"https:\/\/www.istegroup.com\/\"},{\"@type\":\"ListItem\",\"position\":2,\"name\":\"Shop\",\"item\":\"https:\/\/www.istegroup.com\/fr\/nouveautes\/\"},{\"@type\":\"ListItem\",\"position\":3,\"name\":\"Le capital risque\"}]},{\"@type\":\"WebSite\",\"@id\":\"https:\/\/www.istegroup.com\/#website\",\"url\":\"https:\/\/www.istegroup.com\/\",\"name\":\"ISTE Group\",\"description\":\"Publishing Knowledge\",\"potentialAction\":[{\"@type\":\"SearchAction\",\"target\":{\"@type\":\"EntryPoint\",\"urlTemplate\":\"https:\/\/www.istegroup.com\/?s={search_term_string}\"},\"query-input\":{\"@type\":\"PropertyValueSpecification\",\"valueRequired\":true,\"valueName\":\"search_term_string\"}}],\"inLanguage\":\"en-US\"}]}<\/script>\n<!-- \/ Yoast SEO plugin. -->","yoast_head_json":{"title":"Le capital risque - ISTE Group","description":"Vue d\u2019ensemble des relations tripartites liant les diff\u00e9rents acteurs du capital risque (apporteurs de capitaux, capital risqueur et entreprises financ\u00e9es).","robots":{"index":"index","follow":"follow","max-snippet":"max-snippet:-1","max-image-preview":"max-image-preview:large","max-video-preview":"max-video-preview:-1"},"canonical":"https:\/\/www.istegroup.com\/fr\/produit\/le-capital-risque\/","og_locale":"en_US","og_type":"article","og_title":"Le capital risque - ISTE Group","og_description":"Vue d\u2019ensemble des relations tripartites liant les diff\u00e9rents acteurs du capital risque (apporteurs de capitaux, capital risqueur et entreprises financ\u00e9es).","og_url":"https:\/\/www.istegroup.com\/fr\/produit\/le-capital-risque\/","og_site_name":"ISTE Group","article_modified_time":"2024-01-03T13:39:36+00:00","og_image":[{"width":300,"height":450,"url":"https:\/\/www.istegroup.com\/wp-content\/uploads\/2017\/07\/1092165288_383835312-1.jpg","type":"image\/jpeg"}],"twitter_card":"summary_large_image","twitter_misc":{"Est. reading time":"1 minute"},"schema":{"@context":"https:\/\/schema.org","@graph":[{"@type":"WebPage","@id":"https:\/\/www.istegroup.com\/fr\/produit\/le-capital-risque\/","url":"https:\/\/www.istegroup.com\/fr\/produit\/le-capital-risque\/","name":"Le capital risque - ISTE Group","isPartOf":{"@id":"https:\/\/www.istegroup.com\/#website"},"primaryImageOfPage":{"@id":"https:\/\/www.istegroup.com\/fr\/produit\/le-capital-risque\/#primaryimage"},"image":{"@id":"https:\/\/www.istegroup.com\/fr\/produit\/le-capital-risque\/#primaryimage"},"thumbnailUrl":"https:\/\/www.istegroup.com\/wp-content\/uploads\/2017\/07\/1092165288_383835312-1.jpg","datePublished":"2017-07-28T10:33:13+00:00","dateModified":"2024-01-03T13:39:36+00:00","description":"Vue d\u2019ensemble des relations tripartites liant les diff\u00e9rents acteurs du capital risque (apporteurs de capitaux, capital risqueur et entreprises financ\u00e9es).","breadcrumb":{"@id":"https:\/\/www.istegroup.com\/fr\/produit\/le-capital-risque\/#breadcrumb"},"inLanguage":"en-US","potentialAction":[{"@type":"ReadAction","target":["https:\/\/www.istegroup.com\/fr\/produit\/le-capital-risque\/"]}]},{"@type":"ImageObject","inLanguage":"en-US","@id":"https:\/\/www.istegroup.com\/fr\/produit\/le-capital-risque\/#primaryimage","url":"https:\/\/www.istegroup.com\/wp-content\/uploads\/2017\/07\/1092165288_383835312-1.jpg","contentUrl":"https:\/\/www.istegroup.com\/wp-content\/uploads\/2017\/07\/1092165288_383835312-1.jpg","width":300,"height":450,"caption":"De la lev\u00e9e de fonds au d\u00e9sinvestissement"},{"@type":"BreadcrumbList","@id":"https:\/\/www.istegroup.com\/fr\/produit\/le-capital-risque\/#breadcrumb","itemListElement":[{"@type":"ListItem","position":1,"name":"Home","item":"https:\/\/www.istegroup.com\/"},{"@type":"ListItem","position":2,"name":"Shop","item":"https:\/\/www.istegroup.com\/fr\/nouveautes\/"},{"@type":"ListItem","position":3,"name":"Le capital risque"}]},{"@type":"WebSite","@id":"https:\/\/www.istegroup.com\/#website","url":"https:\/\/www.istegroup.com\/","name":"ISTE Group","description":"Publishing Knowledge","potentialAction":[{"@type":"SearchAction","target":{"@type":"EntryPoint","urlTemplate":"https:\/\/www.istegroup.com\/?s={search_term_string}"},"query-input":{"@type":"PropertyValueSpecification","valueRequired":true,"valueName":"search_term_string"}}],"inLanguage":"en-US"}]}},"_links":{"self":[{"href":"https:\/\/www.istegroup.com\/en\/wp-json\/wp\/v2\/product\/367","targetHints":{"allow":["GET"]}}],"collection":[{"href":"https:\/\/www.istegroup.com\/en\/wp-json\/wp\/v2\/product"}],"about":[{"href":"https:\/\/www.istegroup.com\/en\/wp-json\/wp\/v2\/types\/product"}],"wp:featuredmedia":[{"embeddable":true,"href":"https:\/\/www.istegroup.com\/en\/wp-json\/wp\/v2\/media\/368"}],"wp:attachment":[{"href":"https:\/\/www.istegroup.com\/en\/wp-json\/wp\/v2\/media?parent=367"}],"wp:term":[{"taxonomy":"product_brand","embeddable":true,"href":"https:\/\/www.istegroup.com\/en\/wp-json\/wp\/v2\/product_brand?post=367"},{"taxonomy":"product_cat","embeddable":true,"href":"https:\/\/www.istegroup.com\/en\/wp-json\/wp\/v2\/product_cat?post=367"},{"taxonomy":"product_tag","embeddable":true,"href":"https:\/\/www.istegroup.com\/en\/wp-json\/wp\/v2\/product_tag?post=367"}],"curies":[{"name":"wp","href":"https:\/\/api.w.org\/{rel}","templated":true}]}}