{"id":365,"date":"2017-07-28T12:33:09","date_gmt":"2017-07-28T10:33:09","guid":{"rendered":"https:\/\/iste.yhello.co\/product\/le-cancer-une-maladie-de-limmortalite\/"},"modified":"2024-01-03T13:39:35","modified_gmt":"2024-01-03T13:39:35","slug":"le-cancer-une-maladie-de-limmortalite","status":"publish","type":"product","link":"https:\/\/www.istegroup.com\/en\/produit\/le-cancer-une-maladie-de-limmortalite\/","title":{"rendered":"Le cancer, une maladie de l\u2019immortalit\u00e9"},"content":{"rendered":"<p>Pr\u00e9occupation majeure de sant\u00e9 publique, le cancer soul\u00e8ve de nombreux questionnements soci\u00e9taux, scientifiques ou m\u00e9dicaux et repr\u00e9sente un important d\u00e9fi pour la recherche.<\/p>\n<p>T\u00e9moignant du long et difficile travail qui s\u00e9pare une d\u00e9couverte de son application,\u00a0<em>Le cancer, une maladie de l\u2019immortalit\u00e9<\/em>\u00a0explore les nombreux m\u00e9canismes naturellement \u00e0 l\u2019\u0153uvre dans la cellule canc\u00e9reuse. Ces m\u00eames m\u00e9canismes participent \u00e0 la construction d\u2019un individu d\u00e8s l\u2019embryogen\u00e8se et interviennent tout au long de son d\u00e9veloppement, r\u00e9sorbant ses blessures, \u00e9cartant les agents pathog\u00e8nes et \u00e9liminant les cellules d\u00e9viantes, pour sa survie. Le cancer repr\u00e9sente la manifestation de cette ambivalence au niveau de la cellule et de l\u2019organisme.<\/p>\n<p>Apportant des pistes pour mieux comprendre la nature de la maladie, cet ouvrage propose un \u00e9tat des lieux de la recherche fondamentale actuelle. Il montre l\u2019extr\u00eame complexit\u00e9 des m\u00e9canismes en cause et les moyens qui peuvent \u00eatre trouv\u00e9s pour mieux lui faire face.<\/p>\n","protected":false},"excerpt":{"rendered":"<p>Pr\u00e9occupation majeure de sant\u00e9 publique, le cancer soul\u00e8ve de nombreux questionnements soci\u00e9taux, scientifiques ou m\u00e9dicaux et repr\u00e9sente un important d\u00e9fi pour la recherche. T\u00e9moignant du long et difficile travail qui s\u00e9pare une d\u00e9couverte de son application,\u00a0Le cancer, une maladie de l\u2019immortalit\u00e9\u00a0explore les nombreux m\u00e9canismes naturellement \u00e0 l\u2019\u0153uvre dans la cellule canc\u00e9reuse. Ces m\u00eames m\u00e9canismes participent [&hellip;]<\/p>\n","protected":false},"featured_media":366,"template":"","meta":{"_acf_changed":false,"_links_to":"","_links_to_target":""},"product_brand":[],"product_cat":[657],"product_tag":[1600,1601,1602,31,196,1603,197,198,199,21,200,22,1604,201,1605,203,204,63,25,172,209,1606,1607,212,38,192,145,28,1252,628,1608,1609],"class_list":{"0":"post-365","1":"product","2":"type-product","3":"status-publish","4":"has-post-thumbnail","6":"product_cat-chimie-molculaire-verte-mdicinale-et-pharmaceutique-11476895","7":"product_tag-cancer","8":"product_tag-carcinogenese","9":"product_tag-cellule-cancereuse","10":"product_tag-ebook","11":"product_tag-ebooks","12":"product_tag-immortalite","13":"product_tag-iste","14":"product_tag-iste-edition","15":"product_tag-iste-editions","16":"product_tag-iste-group","17":"product_tag-isteedition","18":"product_tag-istegroup","19":"product_tag-jean-marie-blanchard","20":"product_tag-kindle","21":"product_tag-le-cancer","22":"product_tag-liseuse","23":"product_tag-livre","24":"product_tag-livre-electronique","25":"product_tag-livre-numerique","26":"product_tag-livre-scientifique","27":"product_tag-livres-scientifiques","28":"product_tag-maladie","29":"product_tag-mecanismes-moleculaires","30":"product_tag-ouvrage","31":"product_tag-ouvrage-numerique","32":"product_tag-ouvrage-science","33":"product_tag-ouvrage-scientifique","34":"product_tag-ouvrage-scientifique-francais","35":"product_tag-recherche","36":"product_tag-sante","37":"product_tag-sante-publique","38":"product_tag-une-maladie-de-limmortalite","40":"first","41":"instock","42":"shipping-taxable","43":"purchasable","44":"product-type-variable"},"acf":[],"yoast_head":"<!-- This site is optimized with the Yoast SEO plugin v27.2 - https:\/\/yoast.com\/product\/yoast-seo-wordpress\/ -->\n<title>Le cancer, une maladie de l\u2019immortalit\u00e9 - ISTE Group<\/title>\n<meta name=\"description\" content=\"L&#039;ouvrage explore les nombreux m\u00e9canismes naturellement \u00e0 l\u2019\u0153uvre dans la cellule canc\u00e9reuse et propose un \u00e9tat des lieux de la recherche fondamentale actuelle.\" \/>\n<meta name=\"robots\" content=\"index, follow, max-snippet:-1, max-image-preview:large, max-video-preview:-1\" \/>\n<link rel=\"canonical\" href=\"https:\/\/www.istegroup.com\/fr\/produit\/le-cancer-une-maladie-de-limmortalite\/\" \/>\n<meta property=\"og:locale\" content=\"en_US\" \/>\n<meta property=\"og:type\" content=\"article\" \/>\n<meta property=\"og:title\" content=\"Le cancer, une maladie de l\u2019immortalit\u00e9 - ISTE Group\" \/>\n<meta property=\"og:description\" content=\"L&#039;ouvrage explore les nombreux m\u00e9canismes naturellement \u00e0 l\u2019\u0153uvre dans la cellule canc\u00e9reuse et propose un \u00e9tat des lieux de la recherche fondamentale actuelle.\" \/>\n<meta property=\"og:url\" content=\"https:\/\/www.istegroup.com\/fr\/produit\/le-cancer-une-maladie-de-limmortalite\/\" \/>\n<meta property=\"og:site_name\" content=\"ISTE Group\" \/>\n<meta property=\"article:modified_time\" content=\"2024-01-03T13:39:35+00:00\" \/>\n<meta property=\"og:image\" content=\"https:\/\/www.istegroup.com\/wp-content\/uploads\/2017\/07\/1359504772_459739224-1.jpg\" \/>\n\t<meta property=\"og:image:width\" content=\"300\" \/>\n\t<meta property=\"og:image:height\" content=\"452\" \/>\n\t<meta property=\"og:image:type\" content=\"image\/jpeg\" \/>\n<meta name=\"twitter:card\" content=\"summary_large_image\" \/>\n<meta name=\"twitter:label1\" content=\"Est. reading time\" \/>\n\t<meta name=\"twitter:data1\" content=\"1 minute\" \/>\n<script type=\"application\/ld+json\" class=\"yoast-schema-graph\">{\"@context\":\"https:\/\/schema.org\",\"@graph\":[{\"@type\":\"WebPage\",\"@id\":\"https:\/\/www.istegroup.com\/fr\/produit\/le-cancer-une-maladie-de-limmortalite\/\",\"url\":\"https:\/\/www.istegroup.com\/fr\/produit\/le-cancer-une-maladie-de-limmortalite\/\",\"name\":\"Le cancer, une maladie de l\u2019immortalit\u00e9 - ISTE Group\",\"isPartOf\":{\"@id\":\"https:\/\/www.istegroup.com\/#website\"},\"primaryImageOfPage\":{\"@id\":\"https:\/\/www.istegroup.com\/fr\/produit\/le-cancer-une-maladie-de-limmortalite\/#primaryimage\"},\"image\":{\"@id\":\"https:\/\/www.istegroup.com\/fr\/produit\/le-cancer-une-maladie-de-limmortalite\/#primaryimage\"},\"thumbnailUrl\":\"https:\/\/www.istegroup.com\/wp-content\/uploads\/2017\/07\/1359504772_459739224-1.jpg\",\"datePublished\":\"2017-07-28T10:33:09+00:00\",\"dateModified\":\"2024-01-03T13:39:35+00:00\",\"description\":\"L'ouvrage explore les nombreux m\u00e9canismes naturellement \u00e0 l\u2019\u0153uvre dans la cellule canc\u00e9reuse et propose un \u00e9tat des lieux de la recherche fondamentale actuelle.\",\"breadcrumb\":{\"@id\":\"https:\/\/www.istegroup.com\/fr\/produit\/le-cancer-une-maladie-de-limmortalite\/#breadcrumb\"},\"inLanguage\":\"en-US\",\"potentialAction\":[{\"@type\":\"ReadAction\",\"target\":[\"https:\/\/www.istegroup.com\/fr\/produit\/le-cancer-une-maladie-de-limmortalite\/\"]}]},{\"@type\":\"ImageObject\",\"inLanguage\":\"en-US\",\"@id\":\"https:\/\/www.istegroup.com\/fr\/produit\/le-cancer-une-maladie-de-limmortalite\/#primaryimage\",\"url\":\"https:\/\/www.istegroup.com\/wp-content\/uploads\/2017\/07\/1359504772_459739224-1.jpg\",\"contentUrl\":\"https:\/\/www.istegroup.com\/wp-content\/uploads\/2017\/07\/1359504772_459739224-1.jpg\",\"width\":300,\"height\":452,\"caption\":\"Les m\u00e9canismes mol\u00e9culaires de la carcinogen\u00e8se\"},{\"@type\":\"BreadcrumbList\",\"@id\":\"https:\/\/www.istegroup.com\/fr\/produit\/le-cancer-une-maladie-de-limmortalite\/#breadcrumb\",\"itemListElement\":[{\"@type\":\"ListItem\",\"position\":1,\"name\":\"Home\",\"item\":\"https:\/\/www.istegroup.com\/\"},{\"@type\":\"ListItem\",\"position\":2,\"name\":\"Shop\",\"item\":\"https:\/\/www.istegroup.com\/fr\/nouveautes\/\"},{\"@type\":\"ListItem\",\"position\":3,\"name\":\"Le cancer, une maladie de l\u2019immortalit\u00e9\"}]},{\"@type\":\"WebSite\",\"@id\":\"https:\/\/www.istegroup.com\/#website\",\"url\":\"https:\/\/www.istegroup.com\/\",\"name\":\"ISTE Group\",\"description\":\"Publishing Knowledge\",\"potentialAction\":[{\"@type\":\"SearchAction\",\"target\":{\"@type\":\"EntryPoint\",\"urlTemplate\":\"https:\/\/www.istegroup.com\/?s={search_term_string}\"},\"query-input\":{\"@type\":\"PropertyValueSpecification\",\"valueRequired\":true,\"valueName\":\"search_term_string\"}}],\"inLanguage\":\"en-US\"}]}<\/script>\n<!-- \/ Yoast SEO plugin. -->","yoast_head_json":{"title":"Le cancer, une maladie de l\u2019immortalit\u00e9 - ISTE Group","description":"L'ouvrage explore les nombreux m\u00e9canismes naturellement \u00e0 l\u2019\u0153uvre dans la cellule canc\u00e9reuse et propose un \u00e9tat des lieux de la recherche fondamentale actuelle.","robots":{"index":"index","follow":"follow","max-snippet":"max-snippet:-1","max-image-preview":"max-image-preview:large","max-video-preview":"max-video-preview:-1"},"canonical":"https:\/\/www.istegroup.com\/fr\/produit\/le-cancer-une-maladie-de-limmortalite\/","og_locale":"en_US","og_type":"article","og_title":"Le cancer, une maladie de l\u2019immortalit\u00e9 - ISTE Group","og_description":"L'ouvrage explore les nombreux m\u00e9canismes naturellement \u00e0 l\u2019\u0153uvre dans la cellule canc\u00e9reuse et propose un \u00e9tat des lieux de la recherche fondamentale actuelle.","og_url":"https:\/\/www.istegroup.com\/fr\/produit\/le-cancer-une-maladie-de-limmortalite\/","og_site_name":"ISTE Group","article_modified_time":"2024-01-03T13:39:35+00:00","og_image":[{"width":300,"height":452,"url":"https:\/\/www.istegroup.com\/wp-content\/uploads\/2017\/07\/1359504772_459739224-1.jpg","type":"image\/jpeg"}],"twitter_card":"summary_large_image","twitter_misc":{"Est. reading time":"1 minute"},"schema":{"@context":"https:\/\/schema.org","@graph":[{"@type":"WebPage","@id":"https:\/\/www.istegroup.com\/fr\/produit\/le-cancer-une-maladie-de-limmortalite\/","url":"https:\/\/www.istegroup.com\/fr\/produit\/le-cancer-une-maladie-de-limmortalite\/","name":"Le cancer, une maladie de l\u2019immortalit\u00e9 - ISTE Group","isPartOf":{"@id":"https:\/\/www.istegroup.com\/#website"},"primaryImageOfPage":{"@id":"https:\/\/www.istegroup.com\/fr\/produit\/le-cancer-une-maladie-de-limmortalite\/#primaryimage"},"image":{"@id":"https:\/\/www.istegroup.com\/fr\/produit\/le-cancer-une-maladie-de-limmortalite\/#primaryimage"},"thumbnailUrl":"https:\/\/www.istegroup.com\/wp-content\/uploads\/2017\/07\/1359504772_459739224-1.jpg","datePublished":"2017-07-28T10:33:09+00:00","dateModified":"2024-01-03T13:39:35+00:00","description":"L'ouvrage explore les nombreux m\u00e9canismes naturellement \u00e0 l\u2019\u0153uvre dans la cellule canc\u00e9reuse et propose un \u00e9tat des lieux de la recherche fondamentale actuelle.","breadcrumb":{"@id":"https:\/\/www.istegroup.com\/fr\/produit\/le-cancer-une-maladie-de-limmortalite\/#breadcrumb"},"inLanguage":"en-US","potentialAction":[{"@type":"ReadAction","target":["https:\/\/www.istegroup.com\/fr\/produit\/le-cancer-une-maladie-de-limmortalite\/"]}]},{"@type":"ImageObject","inLanguage":"en-US","@id":"https:\/\/www.istegroup.com\/fr\/produit\/le-cancer-une-maladie-de-limmortalite\/#primaryimage","url":"https:\/\/www.istegroup.com\/wp-content\/uploads\/2017\/07\/1359504772_459739224-1.jpg","contentUrl":"https:\/\/www.istegroup.com\/wp-content\/uploads\/2017\/07\/1359504772_459739224-1.jpg","width":300,"height":452,"caption":"Les m\u00e9canismes mol\u00e9culaires de la carcinogen\u00e8se"},{"@type":"BreadcrumbList","@id":"https:\/\/www.istegroup.com\/fr\/produit\/le-cancer-une-maladie-de-limmortalite\/#breadcrumb","itemListElement":[{"@type":"ListItem","position":1,"name":"Home","item":"https:\/\/www.istegroup.com\/"},{"@type":"ListItem","position":2,"name":"Shop","item":"https:\/\/www.istegroup.com\/fr\/nouveautes\/"},{"@type":"ListItem","position":3,"name":"Le cancer, une maladie de l\u2019immortalit\u00e9"}]},{"@type":"WebSite","@id":"https:\/\/www.istegroup.com\/#website","url":"https:\/\/www.istegroup.com\/","name":"ISTE Group","description":"Publishing Knowledge","potentialAction":[{"@type":"SearchAction","target":{"@type":"EntryPoint","urlTemplate":"https:\/\/www.istegroup.com\/?s={search_term_string}"},"query-input":{"@type":"PropertyValueSpecification","valueRequired":true,"valueName":"search_term_string"}}],"inLanguage":"en-US"}]}},"_links":{"self":[{"href":"https:\/\/www.istegroup.com\/en\/wp-json\/wp\/v2\/product\/365","targetHints":{"allow":["GET"]}}],"collection":[{"href":"https:\/\/www.istegroup.com\/en\/wp-json\/wp\/v2\/product"}],"about":[{"href":"https:\/\/www.istegroup.com\/en\/wp-json\/wp\/v2\/types\/product"}],"wp:featuredmedia":[{"embeddable":true,"href":"https:\/\/www.istegroup.com\/en\/wp-json\/wp\/v2\/media\/366"}],"wp:attachment":[{"href":"https:\/\/www.istegroup.com\/en\/wp-json\/wp\/v2\/media?parent=365"}],"wp:term":[{"taxonomy":"product_brand","embeddable":true,"href":"https:\/\/www.istegroup.com\/en\/wp-json\/wp\/v2\/product_brand?post=365"},{"taxonomy":"product_cat","embeddable":true,"href":"https:\/\/www.istegroup.com\/en\/wp-json\/wp\/v2\/product_cat?post=365"},{"taxonomy":"product_tag","embeddable":true,"href":"https:\/\/www.istegroup.com\/en\/wp-json\/wp\/v2\/product_tag?post=365"}],"curies":[{"name":"wp","href":"https:\/\/api.w.org\/{rel}","templated":true}]}}