{"id":34985,"date":"2021-02-27T11:47:35","date_gmt":"2021-02-27T11:47:35","guid":{"rendered":"https:\/\/www.istegroup.com\/?post_type=product&#038;p=34985"},"modified":"2024-01-03T13:43:53","modified_gmt":"2024-01-03T13:43:53","slug":"introduction-a-la-linguistique-experimentale","status":"publish","type":"product","link":"https:\/\/www.istegroup.com\/en\/produit\/introduction-a-la-linguistique-experimentale\/","title":{"rendered":"Introduction \u00e0 la linguistique exp\u00e9rimentale"},"content":{"rendered":"<p class=\"qtranxs-available-languages-message qtranxs-available-languages-message-en\">Sorry, this entry is only available in <a href=\"https:\/\/www.istegroup.com\/fr\/wp-json\/wp\/v2\/product\/34985\" class=\"qtranxs-available-language-link qtranxs-available-language-link-fr\" title=\"FR\">FR<\/a>.<\/p>","protected":false},"excerpt":{"rendered":"<p>Sorry, this entry is only available in FR.<\/p>\n","protected":false},"featured_media":34984,"template":"","meta":{"_acf_changed":false,"_links_to":"","_links_to_target":""},"product_brand":[],"product_cat":[3262],"product_tag":[],"class_list":{"0":"post-34985","1":"product","2":"type-product","3":"status-publish","4":"has-post-thumbnail","6":"product_cat-non-classe","8":"first","9":"instock","10":"shipping-taxable","11":"purchasable","12":"product-type-variable"},"acf":[],"yoast_head":"<!-- This site is optimized with the Yoast SEO plugin v27.2 - https:\/\/yoast.com\/product\/yoast-seo-wordpress\/ -->\n<title>Introduction \u00e0 la linguistique exp\u00e9rimentale - ISTE Group<\/title>\n<meta name=\"description\" content=\"Cet ouvrage pr\u00e9sente de mani\u00e8re accessible les notions cl\u00e9s de la linguistique exp\u00e9rimentale, en abordant tour \u00e0 tour ses applications en linguistique, les techniques les plus fr\u00e9quemment utilis\u00e9es pour l\u2019\u00e9tude du langage, les aspects m\u00e9thodologiques et pratiques utiles \u00e0 la mise en oeuvre d\u2019une exp\u00e9rience ainsi qu\u2019une introduction \u00e0 l\u2019analyse de donn\u00e9es quantitatives issues d\u2019une exp\u00e9rience.\" \/>\n<meta name=\"robots\" content=\"index, follow, max-snippet:-1, max-image-preview:large, max-video-preview:-1\" \/>\n<link rel=\"canonical\" href=\"https:\/\/www.istegroup.com\/fr\/produit\/introduction-a-la-linguistique-experimentale\/\" \/>\n<meta property=\"og:locale\" content=\"en_US\" \/>\n<meta property=\"og:type\" content=\"article\" \/>\n<meta property=\"og:title\" content=\"Introduction \u00e0 la linguistique exp\u00e9rimentale - ISTE Group\" \/>\n<meta property=\"og:description\" content=\"Cet ouvrage pr\u00e9sente de mani\u00e8re accessible les notions cl\u00e9s de la linguistique exp\u00e9rimentale, en abordant tour \u00e0 tour ses applications en linguistique, les techniques les plus fr\u00e9quemment utilis\u00e9es pour l\u2019\u00e9tude du langage, les aspects m\u00e9thodologiques et pratiques utiles \u00e0 la mise en oeuvre d\u2019une exp\u00e9rience ainsi qu\u2019une introduction \u00e0 l\u2019analyse de donn\u00e9es quantitatives issues d\u2019une exp\u00e9rience.\" \/>\n<meta property=\"og:url\" content=\"https:\/\/www.istegroup.com\/fr\/produit\/introduction-a-la-linguistique-experimentale\/\" \/>\n<meta property=\"og:site_name\" content=\"ISTE Group\" \/>\n<meta property=\"article:modified_time\" content=\"2024-01-03T13:43:53+00:00\" \/>\n<meta property=\"og:image\" content=\"https:\/\/www.istegroup.com\/wp-content\/uploads\/2020\/11\/694_Introduction-\u00e0-la-linguistique-exp\u00e9rimentale_Gillioz-pdf-1.jpg\" \/>\n\t<meta property=\"og:image:width\" content=\"786\" \/>\n\t<meta property=\"og:image:height\" content=\"1179\" \/>\n\t<meta property=\"og:image:type\" content=\"image\/jpeg\" \/>\n<meta name=\"twitter:card\" content=\"summary_large_image\" \/>\n<meta name=\"twitter:label1\" content=\"Est. reading time\" \/>\n\t<meta name=\"twitter:data1\" content=\"1 minute\" \/>\n<script type=\"application\/ld+json\" class=\"yoast-schema-graph\">{\"@context\":\"https:\/\/schema.org\",\"@graph\":[{\"@type\":\"WebPage\",\"@id\":\"https:\/\/www.istegroup.com\/fr\/produit\/introduction-a-la-linguistique-experimentale\/\",\"url\":\"https:\/\/www.istegroup.com\/fr\/produit\/introduction-a-la-linguistique-experimentale\/\",\"name\":\"Introduction \u00e0 la linguistique exp\u00e9rimentale - ISTE Group\",\"isPartOf\":{\"@id\":\"https:\/\/www.istegroup.com\/#website\"},\"primaryImageOfPage\":{\"@id\":\"https:\/\/www.istegroup.com\/fr\/produit\/introduction-a-la-linguistique-experimentale\/#primaryimage\"},\"image\":{\"@id\":\"https:\/\/www.istegroup.com\/fr\/produit\/introduction-a-la-linguistique-experimentale\/#primaryimage\"},\"thumbnailUrl\":\"https:\/\/www.istegroup.com\/wp-content\/uploads\/2020\/11\/694_Introduction-\u00e0-la-linguistique-exp\u00e9rimentale_Gillioz-pdf-1.jpg\",\"datePublished\":\"2021-02-27T11:47:35+00:00\",\"dateModified\":\"2024-01-03T13:43:53+00:00\",\"description\":\"Cet ouvrage pr\u00e9sente de mani\u00e8re accessible les notions cl\u00e9s de la linguistique exp\u00e9rimentale, en abordant tour \u00e0 tour ses applications en linguistique, les techniques les plus fr\u00e9quemment utilis\u00e9es pour l\u2019\u00e9tude du langage, les aspects m\u00e9thodologiques et pratiques utiles \u00e0 la mise en oeuvre d\u2019une exp\u00e9rience ainsi qu\u2019une introduction \u00e0 l\u2019analyse de donn\u00e9es quantitatives issues d\u2019une exp\u00e9rience.\",\"breadcrumb\":{\"@id\":\"https:\/\/www.istegroup.com\/fr\/produit\/introduction-a-la-linguistique-experimentale\/#breadcrumb\"},\"inLanguage\":\"en-US\",\"potentialAction\":[{\"@type\":\"ReadAction\",\"target\":[\"https:\/\/www.istegroup.com\/fr\/produit\/introduction-a-la-linguistique-experimentale\/\"]}]},{\"@type\":\"ImageObject\",\"inLanguage\":\"en-US\",\"@id\":\"https:\/\/www.istegroup.com\/fr\/produit\/introduction-a-la-linguistique-experimentale\/#primaryimage\",\"url\":\"https:\/\/www.istegroup.com\/wp-content\/uploads\/2020\/11\/694_Introduction-\u00e0-la-linguistique-exp\u00e9rimentale_Gillioz-pdf-1.jpg\",\"contentUrl\":\"https:\/\/www.istegroup.com\/wp-content\/uploads\/2020\/11\/694_Introduction-\u00e0-la-linguistique-exp\u00e9rimentale_Gillioz-pdf-1.jpg\",\"width\":786,\"height\":1179,\"caption\":\"Livre scientifique - Introduction \u00e0 la linguistique exp\u00e9rimentale - Christelle Gillioz et Sandrine Zufferey\"},{\"@type\":\"BreadcrumbList\",\"@id\":\"https:\/\/www.istegroup.com\/fr\/produit\/introduction-a-la-linguistique-experimentale\/#breadcrumb\",\"itemListElement\":[{\"@type\":\"ListItem\",\"position\":1,\"name\":\"Home\",\"item\":\"https:\/\/www.istegroup.com\/\"},{\"@type\":\"ListItem\",\"position\":2,\"name\":\"Shop\",\"item\":\"https:\/\/www.istegroup.com\/fr\/nouveautes\/\"},{\"@type\":\"ListItem\",\"position\":3,\"name\":\"Introduction \u00e0 la linguistique exp\u00e9rimentale\"}]},{\"@type\":\"WebSite\",\"@id\":\"https:\/\/www.istegroup.com\/#website\",\"url\":\"https:\/\/www.istegroup.com\/\",\"name\":\"ISTE Group\",\"description\":\"Publishing Knowledge\",\"potentialAction\":[{\"@type\":\"SearchAction\",\"target\":{\"@type\":\"EntryPoint\",\"urlTemplate\":\"https:\/\/www.istegroup.com\/?s={search_term_string}\"},\"query-input\":{\"@type\":\"PropertyValueSpecification\",\"valueRequired\":true,\"valueName\":\"search_term_string\"}}],\"inLanguage\":\"en-US\"}]}<\/script>\n<!-- \/ Yoast SEO plugin. -->","yoast_head_json":{"title":"Introduction \u00e0 la linguistique exp\u00e9rimentale - ISTE Group","description":"Cet ouvrage pr\u00e9sente de mani\u00e8re accessible les notions cl\u00e9s de la linguistique exp\u00e9rimentale, en abordant tour \u00e0 tour ses applications en linguistique, les techniques les plus fr\u00e9quemment utilis\u00e9es pour l\u2019\u00e9tude du langage, les aspects m\u00e9thodologiques et pratiques utiles \u00e0 la mise en oeuvre d\u2019une exp\u00e9rience ainsi qu\u2019une introduction \u00e0 l\u2019analyse de donn\u00e9es quantitatives issues d\u2019une exp\u00e9rience.","robots":{"index":"index","follow":"follow","max-snippet":"max-snippet:-1","max-image-preview":"max-image-preview:large","max-video-preview":"max-video-preview:-1"},"canonical":"https:\/\/www.istegroup.com\/fr\/produit\/introduction-a-la-linguistique-experimentale\/","og_locale":"en_US","og_type":"article","og_title":"Introduction \u00e0 la linguistique exp\u00e9rimentale - ISTE Group","og_description":"Cet ouvrage pr\u00e9sente de mani\u00e8re accessible les notions cl\u00e9s de la linguistique exp\u00e9rimentale, en abordant tour \u00e0 tour ses applications en linguistique, les techniques les plus fr\u00e9quemment utilis\u00e9es pour l\u2019\u00e9tude du langage, les aspects m\u00e9thodologiques et pratiques utiles \u00e0 la mise en oeuvre d\u2019une exp\u00e9rience ainsi qu\u2019une introduction \u00e0 l\u2019analyse de donn\u00e9es quantitatives issues d\u2019une exp\u00e9rience.","og_url":"https:\/\/www.istegroup.com\/fr\/produit\/introduction-a-la-linguistique-experimentale\/","og_site_name":"ISTE Group","article_modified_time":"2024-01-03T13:43:53+00:00","og_image":[{"width":786,"height":1179,"url":"https:\/\/www.istegroup.com\/wp-content\/uploads\/2020\/11\/694_Introduction-\u00e0-la-linguistique-exp\u00e9rimentale_Gillioz-pdf-1.jpg","type":"image\/jpeg"}],"twitter_card":"summary_large_image","twitter_misc":{"Est. reading time":"1 minute"},"schema":{"@context":"https:\/\/schema.org","@graph":[{"@type":"WebPage","@id":"https:\/\/www.istegroup.com\/fr\/produit\/introduction-a-la-linguistique-experimentale\/","url":"https:\/\/www.istegroup.com\/fr\/produit\/introduction-a-la-linguistique-experimentale\/","name":"Introduction \u00e0 la linguistique exp\u00e9rimentale - ISTE Group","isPartOf":{"@id":"https:\/\/www.istegroup.com\/#website"},"primaryImageOfPage":{"@id":"https:\/\/www.istegroup.com\/fr\/produit\/introduction-a-la-linguistique-experimentale\/#primaryimage"},"image":{"@id":"https:\/\/www.istegroup.com\/fr\/produit\/introduction-a-la-linguistique-experimentale\/#primaryimage"},"thumbnailUrl":"https:\/\/www.istegroup.com\/wp-content\/uploads\/2020\/11\/694_Introduction-\u00e0-la-linguistique-exp\u00e9rimentale_Gillioz-pdf-1.jpg","datePublished":"2021-02-27T11:47:35+00:00","dateModified":"2024-01-03T13:43:53+00:00","description":"Cet ouvrage pr\u00e9sente de mani\u00e8re accessible les notions cl\u00e9s de la linguistique exp\u00e9rimentale, en abordant tour \u00e0 tour ses applications en linguistique, les techniques les plus fr\u00e9quemment utilis\u00e9es pour l\u2019\u00e9tude du langage, les aspects m\u00e9thodologiques et pratiques utiles \u00e0 la mise en oeuvre d\u2019une exp\u00e9rience ainsi qu\u2019une introduction \u00e0 l\u2019analyse de donn\u00e9es quantitatives issues d\u2019une exp\u00e9rience.","breadcrumb":{"@id":"https:\/\/www.istegroup.com\/fr\/produit\/introduction-a-la-linguistique-experimentale\/#breadcrumb"},"inLanguage":"en-US","potentialAction":[{"@type":"ReadAction","target":["https:\/\/www.istegroup.com\/fr\/produit\/introduction-a-la-linguistique-experimentale\/"]}]},{"@type":"ImageObject","inLanguage":"en-US","@id":"https:\/\/www.istegroup.com\/fr\/produit\/introduction-a-la-linguistique-experimentale\/#primaryimage","url":"https:\/\/www.istegroup.com\/wp-content\/uploads\/2020\/11\/694_Introduction-\u00e0-la-linguistique-exp\u00e9rimentale_Gillioz-pdf-1.jpg","contentUrl":"https:\/\/www.istegroup.com\/wp-content\/uploads\/2020\/11\/694_Introduction-\u00e0-la-linguistique-exp\u00e9rimentale_Gillioz-pdf-1.jpg","width":786,"height":1179,"caption":"Livre scientifique - Introduction \u00e0 la linguistique exp\u00e9rimentale - Christelle Gillioz et Sandrine Zufferey"},{"@type":"BreadcrumbList","@id":"https:\/\/www.istegroup.com\/fr\/produit\/introduction-a-la-linguistique-experimentale\/#breadcrumb","itemListElement":[{"@type":"ListItem","position":1,"name":"Home","item":"https:\/\/www.istegroup.com\/"},{"@type":"ListItem","position":2,"name":"Shop","item":"https:\/\/www.istegroup.com\/fr\/nouveautes\/"},{"@type":"ListItem","position":3,"name":"Introduction \u00e0 la linguistique exp\u00e9rimentale"}]},{"@type":"WebSite","@id":"https:\/\/www.istegroup.com\/#website","url":"https:\/\/www.istegroup.com\/","name":"ISTE Group","description":"Publishing Knowledge","potentialAction":[{"@type":"SearchAction","target":{"@type":"EntryPoint","urlTemplate":"https:\/\/www.istegroup.com\/?s={search_term_string}"},"query-input":{"@type":"PropertyValueSpecification","valueRequired":true,"valueName":"search_term_string"}}],"inLanguage":"en-US"}]}},"_links":{"self":[{"href":"https:\/\/www.istegroup.com\/en\/wp-json\/wp\/v2\/product\/34985","targetHints":{"allow":["GET"]}}],"collection":[{"href":"https:\/\/www.istegroup.com\/en\/wp-json\/wp\/v2\/product"}],"about":[{"href":"https:\/\/www.istegroup.com\/en\/wp-json\/wp\/v2\/types\/product"}],"wp:featuredmedia":[{"embeddable":true,"href":"https:\/\/www.istegroup.com\/en\/wp-json\/wp\/v2\/media\/34984"}],"wp:attachment":[{"href":"https:\/\/www.istegroup.com\/en\/wp-json\/wp\/v2\/media?parent=34985"}],"wp:term":[{"taxonomy":"product_brand","embeddable":true,"href":"https:\/\/www.istegroup.com\/en\/wp-json\/wp\/v2\/product_brand?post=34985"},{"taxonomy":"product_cat","embeddable":true,"href":"https:\/\/www.istegroup.com\/en\/wp-json\/wp\/v2\/product_cat?post=34985"},{"taxonomy":"product_tag","embeddable":true,"href":"https:\/\/www.istegroup.com\/en\/wp-json\/wp\/v2\/product_tag?post=34985"}],"curies":[{"name":"wp","href":"https:\/\/api.w.org\/{rel}","templated":true}]}}