{"id":34658,"date":"2021-06-19T11:29:26","date_gmt":"2021-06-19T10:29:26","guid":{"rendered":"https:\/\/www.istegroup.com\/?post_type=product&#038;p=34658"},"modified":"2025-01-03T12:15:51","modified_gmt":"2025-01-03T12:15:51","slug":"islande-au-coeur-de-latlantique-nord-2","status":"publish","type":"product","link":"https:\/\/www.istegroup.com\/en\/produit\/islande-au-coeur-de-latlantique-nord-2\/","title":{"rendered":"L\u2019Islande au c\u0153ur de l\u2019atlantique nord 2"},"content":{"rendered":"<p>L\u2019Islande est une \u00eele volcanique unique du fait de sa position au centre de l\u2019Atlantique et de son englacement r\u00e9p\u00e9t\u00e9. C\u2019est un enregistreur pr\u00e9cis de l\u2019\u00e9volution \u00e0 la fois g\u00e9odynamique et climatique r\u00e9gionale depuis au moins 15 millions d\u2019ann\u00e9es.<\/p>\n<p>Cet ouvrage traite du magmatisme quaternaire associ\u00e9 au point chaud islandais, et notamment de ses particularit\u00e9s g\u00e9ochimiques et volcanologiques. Il analyse l\u2019englaciation de l\u2019Arctique en relation avec la dynamique d\u2019ouverture de l\u2019Atlantique Nord et l\u2019apparition de la circulation oc\u00e9anique actuelle. Il \u00e9tudie l\u2019englaciation quaternaire, propre \u00e0 l\u2019Islande, dans son contexte oc\u00e9anique, notamment sur la base de datations radiom\u00e9triques, de l\u2019\u00e9volution du Groenland et de la Scandinavie et de donn\u00e9es s\u00e9dimentaires marines. Il explore enfin les particularit\u00e9s environnementales de l\u2019\u00eele depuis la fin de la derni\u00e8re glaciation jusqu\u2019au r\u00e9chauffement actuel.<\/p>\n<p>Cet ouvrage allie les g\u00e9odynamiques interne et externe de notre plan\u00e8te pour comprendre le fonctionnement de cette \u00eele et son r\u00f4le comme enregistreur de l\u2019\u00e9volution pal\u00e9oclimatique de l\u2019h\u00e9misph\u00e8re nord.<\/p>\n","protected":false},"excerpt":{"rendered":"<p>L\u2019Islande est une \u00eele volcanique unique du fait de sa position au centre de l\u2019Atlantique et de son englacement r\u00e9p\u00e9t\u00e9. C\u2019est un enregistreur pr\u00e9cis de l\u2019\u00e9volution \u00e0 la fois g\u00e9odynamique et climatique r\u00e9gionale depuis au moins 15 millions d\u2019ann\u00e9es. Cet ouvrage traite du magmatisme quaternaire associ\u00e9 au point chaud islandais, et notamment de ses particularit\u00e9s [&hellip;]<\/p>\n","protected":false},"featured_media":38080,"template":"","meta":{"_acf_changed":false,"_links_to":"","_links_to_target":""},"product_brand":[],"product_cat":[4289],"product_tag":[],"class_list":{"0":"post-34658","1":"product","2":"type-product","3":"status-publish","4":"has-post-thumbnail","6":"product_cat-sciences","8":"first","9":"instock","10":"shipping-taxable","11":"purchasable","12":"product-type-variable"},"acf":[],"yoast_head":"<!-- This site is optimized with the Yoast SEO plugin v27.2 - https:\/\/yoast.com\/product\/yoast-seo-wordpress\/ -->\n<title>L\u2019Islande au c\u0153ur de l\u2019atlantique nord 2 - ISTE Group<\/title>\n<meta name=\"description\" content=\"L\u2019islande au c\u0153ur de l\u2019atlantique nord 2 traite du magmatisme quaternaire associ\u00e9 au point chaud islandais, et notamment de ses particularit\u00e9s g\u00e9ochimiques et volcanologiques.\" \/>\n<meta name=\"robots\" content=\"index, follow, max-snippet:-1, max-image-preview:large, max-video-preview:-1\" \/>\n<link rel=\"canonical\" href=\"https:\/\/www.istegroup.com\/en\/produit\/islande-au-coeur-de-latlantique-nord-2\/\" \/>\n<meta property=\"og:locale\" content=\"en_US\" \/>\n<meta property=\"og:type\" content=\"article\" \/>\n<meta property=\"og:title\" content=\"[:fr]L\u2019Islande au c\u0153ur de l\u2019Atlantique nord 2[:en]L\u2019Islande au c\u0153ur de l\u2019atlantique nord 2[:] - ISTE Group\" \/>\n<meta property=\"og:description\" content=\"L\u2019islande au c\u0153ur de l\u2019atlantique nord 2 traite du magmatisme quaternaire associ\u00e9 au point chaud islandais, et notamment de ses particularit\u00e9s g\u00e9ochimiques et volcanologiques.\" \/>\n<meta property=\"og:url\" content=\"https:\/\/www.istegroup.com\/en\/produit\/islande-au-coeur-de-latlantique-nord-2\/\" \/>\n<meta property=\"og:site_name\" content=\"ISTE Group\" \/>\n<meta property=\"article:modified_time\" content=\"2025-01-03T12:15:51+00:00\" \/>\n<meta property=\"og:image\" content=\"https:\/\/www.istegroup.com\/wp-content\/uploads\/2020\/12\/LIslande-au-coeur-de-lAtlantique-Nord-2_sciences.jpeg\" \/>\n\t<meta property=\"og:image:width\" content=\"300\" \/>\n\t<meta property=\"og:image:height\" content=\"453\" \/>\n\t<meta property=\"og:image:type\" content=\"image\/jpeg\" \/>\n<meta name=\"twitter:card\" content=\"summary_large_image\" \/>\n<meta name=\"twitter:label1\" content=\"Est. reading time\" \/>\n\t<meta name=\"twitter:data1\" content=\"1 minute\" \/>\n<script type=\"application\/ld+json\" class=\"yoast-schema-graph\">{\"@context\":\"https:\/\/schema.org\",\"@graph\":[{\"@type\":\"WebPage\",\"@id\":\"https:\/\/www.istegroup.com\/en\/produit\/islande-au-coeur-de-latlantique-nord-2\/\",\"url\":\"https:\/\/www.istegroup.com\/en\/produit\/islande-au-coeur-de-latlantique-nord-2\/\",\"name\":\"[:fr]L\u2019Islande au c\u0153ur de l\u2019Atlantique nord 2[:en]L\u2019Islande au c\u0153ur de l\u2019atlantique nord 2[:] - ISTE Group\",\"isPartOf\":{\"@id\":\"https:\/\/www.istegroup.com\/#website\"},\"primaryImageOfPage\":{\"@id\":\"https:\/\/www.istegroup.com\/en\/produit\/islande-au-coeur-de-latlantique-nord-2\/#primaryimage\"},\"image\":{\"@id\":\"https:\/\/www.istegroup.com\/en\/produit\/islande-au-coeur-de-latlantique-nord-2\/#primaryimage\"},\"thumbnailUrl\":\"https:\/\/www.istegroup.com\/wp-content\/uploads\/2020\/12\/LIslande-au-coeur-de-lAtlantique-Nord-2_sciences.jpeg\",\"datePublished\":\"2021-06-19T10:29:26+00:00\",\"dateModified\":\"2025-01-03T12:15:51+00:00\",\"description\":\"L\u2019islande au c\u0153ur de l\u2019atlantique nord 2 traite du magmatisme quaternaire associ\u00e9 au point chaud islandais, et notamment de ses particularit\u00e9s g\u00e9ochimiques et volcanologiques.\",\"breadcrumb\":{\"@id\":\"https:\/\/www.istegroup.com\/en\/produit\/islande-au-coeur-de-latlantique-nord-2\/#breadcrumb\"},\"inLanguage\":\"en-US\",\"potentialAction\":[{\"@type\":\"ReadAction\",\"target\":[\"https:\/\/www.istegroup.com\/en\/produit\/islande-au-coeur-de-latlantique-nord-2\/\"]}]},{\"@type\":\"ImageObject\",\"inLanguage\":\"en-US\",\"@id\":\"https:\/\/www.istegroup.com\/en\/produit\/islande-au-coeur-de-latlantique-nord-2\/#primaryimage\",\"url\":\"https:\/\/www.istegroup.com\/wp-content\/uploads\/2020\/12\/LIslande-au-coeur-de-lAtlantique-Nord-2_sciences.jpeg\",\"contentUrl\":\"https:\/\/www.istegroup.com\/wp-content\/uploads\/2020\/12\/LIslande-au-coeur-de-lAtlantique-Nord-2_sciences.jpeg\",\"width\":300,\"height\":453,\"caption\":\"Encyclop\u00e9die SCIENCES\"},{\"@type\":\"BreadcrumbList\",\"@id\":\"https:\/\/www.istegroup.com\/en\/produit\/islande-au-coeur-de-latlantique-nord-2\/#breadcrumb\",\"itemListElement\":[{\"@type\":\"ListItem\",\"position\":1,\"name\":\"Home\",\"item\":\"https:\/\/www.istegroup.com\/\"},{\"@type\":\"ListItem\",\"position\":2,\"name\":\"Shop\",\"item\":\"https:\/\/www.istegroup.com\/fr\/nouveautes\/\"},{\"@type\":\"ListItem\",\"position\":3,\"name\":\"L\u2019Islande au c\u0153ur de l\u2019atlantique nord 2\"}]},{\"@type\":\"WebSite\",\"@id\":\"https:\/\/www.istegroup.com\/#website\",\"url\":\"https:\/\/www.istegroup.com\/\",\"name\":\"ISTE Group\",\"description\":\"Publishing Knowledge\",\"potentialAction\":[{\"@type\":\"SearchAction\",\"target\":{\"@type\":\"EntryPoint\",\"urlTemplate\":\"https:\/\/www.istegroup.com\/?s={search_term_string}\"},\"query-input\":{\"@type\":\"PropertyValueSpecification\",\"valueRequired\":true,\"valueName\":\"search_term_string\"}}],\"inLanguage\":\"en-US\"}]}<\/script>\n<!-- \/ Yoast SEO plugin. -->","yoast_head_json":{"title":"[:fr]L\u2019Islande au c\u0153ur de l\u2019Atlantique nord 2[:en]L\u2019Islande au c\u0153ur de l\u2019atlantique nord 2[:] - ISTE Group","description":"L\u2019islande au c\u0153ur de l\u2019atlantique nord 2 traite du magmatisme quaternaire associ\u00e9 au point chaud islandais, et notamment de ses particularit\u00e9s g\u00e9ochimiques et volcanologiques.","robots":{"index":"index","follow":"follow","max-snippet":"max-snippet:-1","max-image-preview":"max-image-preview:large","max-video-preview":"max-video-preview:-1"},"canonical":"https:\/\/www.istegroup.com\/en\/produit\/islande-au-coeur-de-latlantique-nord-2\/","og_locale":"en_US","og_type":"article","og_title":"[:fr]L\u2019Islande au c\u0153ur de l\u2019Atlantique nord 2[:en]L\u2019Islande au c\u0153ur de l\u2019atlantique nord 2[:] - ISTE Group","og_description":"L\u2019islande au c\u0153ur de l\u2019atlantique nord 2 traite du magmatisme quaternaire associ\u00e9 au point chaud islandais, et notamment de ses particularit\u00e9s g\u00e9ochimiques et volcanologiques.","og_url":"https:\/\/www.istegroup.com\/en\/produit\/islande-au-coeur-de-latlantique-nord-2\/","og_site_name":"ISTE Group","article_modified_time":"2025-01-03T12:15:51+00:00","og_image":[{"width":300,"height":453,"url":"https:\/\/www.istegroup.com\/wp-content\/uploads\/2020\/12\/LIslande-au-coeur-de-lAtlantique-Nord-2_sciences.jpeg","type":"image\/jpeg"}],"twitter_card":"summary_large_image","twitter_misc":{"Est. reading time":"1 minute"},"schema":{"@context":"https:\/\/schema.org","@graph":[{"@type":"WebPage","@id":"https:\/\/www.istegroup.com\/en\/produit\/islande-au-coeur-de-latlantique-nord-2\/","url":"https:\/\/www.istegroup.com\/en\/produit\/islande-au-coeur-de-latlantique-nord-2\/","name":"[:fr]L\u2019Islande au c\u0153ur de l\u2019Atlantique nord 2[:en]L\u2019Islande au c\u0153ur de l\u2019atlantique nord 2[:] - ISTE Group","isPartOf":{"@id":"https:\/\/www.istegroup.com\/#website"},"primaryImageOfPage":{"@id":"https:\/\/www.istegroup.com\/en\/produit\/islande-au-coeur-de-latlantique-nord-2\/#primaryimage"},"image":{"@id":"https:\/\/www.istegroup.com\/en\/produit\/islande-au-coeur-de-latlantique-nord-2\/#primaryimage"},"thumbnailUrl":"https:\/\/www.istegroup.com\/wp-content\/uploads\/2020\/12\/LIslande-au-coeur-de-lAtlantique-Nord-2_sciences.jpeg","datePublished":"2021-06-19T10:29:26+00:00","dateModified":"2025-01-03T12:15:51+00:00","description":"L\u2019islande au c\u0153ur de l\u2019atlantique nord 2 traite du magmatisme quaternaire associ\u00e9 au point chaud islandais, et notamment de ses particularit\u00e9s g\u00e9ochimiques et volcanologiques.","breadcrumb":{"@id":"https:\/\/www.istegroup.com\/en\/produit\/islande-au-coeur-de-latlantique-nord-2\/#breadcrumb"},"inLanguage":"en-US","potentialAction":[{"@type":"ReadAction","target":["https:\/\/www.istegroup.com\/en\/produit\/islande-au-coeur-de-latlantique-nord-2\/"]}]},{"@type":"ImageObject","inLanguage":"en-US","@id":"https:\/\/www.istegroup.com\/en\/produit\/islande-au-coeur-de-latlantique-nord-2\/#primaryimage","url":"https:\/\/www.istegroup.com\/wp-content\/uploads\/2020\/12\/LIslande-au-coeur-de-lAtlantique-Nord-2_sciences.jpeg","contentUrl":"https:\/\/www.istegroup.com\/wp-content\/uploads\/2020\/12\/LIslande-au-coeur-de-lAtlantique-Nord-2_sciences.jpeg","width":300,"height":453,"caption":"Encyclop\u00e9die SCIENCES"},{"@type":"BreadcrumbList","@id":"https:\/\/www.istegroup.com\/en\/produit\/islande-au-coeur-de-latlantique-nord-2\/#breadcrumb","itemListElement":[{"@type":"ListItem","position":1,"name":"Home","item":"https:\/\/www.istegroup.com\/"},{"@type":"ListItem","position":2,"name":"Shop","item":"https:\/\/www.istegroup.com\/fr\/nouveautes\/"},{"@type":"ListItem","position":3,"name":"L\u2019Islande au c\u0153ur de l\u2019atlantique nord 2"}]},{"@type":"WebSite","@id":"https:\/\/www.istegroup.com\/#website","url":"https:\/\/www.istegroup.com\/","name":"ISTE Group","description":"Publishing Knowledge","potentialAction":[{"@type":"SearchAction","target":{"@type":"EntryPoint","urlTemplate":"https:\/\/www.istegroup.com\/?s={search_term_string}"},"query-input":{"@type":"PropertyValueSpecification","valueRequired":true,"valueName":"search_term_string"}}],"inLanguage":"en-US"}]}},"_links":{"self":[{"href":"https:\/\/www.istegroup.com\/en\/wp-json\/wp\/v2\/product\/34658","targetHints":{"allow":["GET"]}}],"collection":[{"href":"https:\/\/www.istegroup.com\/en\/wp-json\/wp\/v2\/product"}],"about":[{"href":"https:\/\/www.istegroup.com\/en\/wp-json\/wp\/v2\/types\/product"}],"wp:featuredmedia":[{"embeddable":true,"href":"https:\/\/www.istegroup.com\/en\/wp-json\/wp\/v2\/media\/38080"}],"wp:attachment":[{"href":"https:\/\/www.istegroup.com\/en\/wp-json\/wp\/v2\/media?parent=34658"}],"wp:term":[{"taxonomy":"product_brand","embeddable":true,"href":"https:\/\/www.istegroup.com\/en\/wp-json\/wp\/v2\/product_brand?post=34658"},{"taxonomy":"product_cat","embeddable":true,"href":"https:\/\/www.istegroup.com\/en\/wp-json\/wp\/v2\/product_cat?post=34658"},{"taxonomy":"product_tag","embeddable":true,"href":"https:\/\/www.istegroup.com\/en\/wp-json\/wp\/v2\/product_tag?post=34658"}],"curies":[{"name":"wp","href":"https:\/\/api.w.org\/{rel}","templated":true}]}}