{"id":345,"date":"2017-07-28T12:10:30","date_gmt":"2017-07-28T10:10:30","guid":{"rendered":"https:\/\/iste.yhello.co\/product\/la-rfid-sans-puce\/"},"modified":"2024-01-03T13:39:29","modified_gmt":"2024-01-03T13:39:29","slug":"la-rfid-sans-puce","status":"publish","type":"product","link":"https:\/\/www.istegroup.com\/en\/produit\/la-rfid-sans-puce\/","title":{"rendered":"La RFID sans puce"},"content":{"rendered":"<p>Bas\u00e9e sur un principe de d\u00e9tection radiofr\u00e9quence, la RFID repr\u00e9sente une avanc\u00e9e technologique spectaculaire par rapport au code-barres, rendant possible l\u2019identification simultan\u00e9e de dizaines d\u2019objets distants de plusieurs m\u00e8tres et sans visu direct. Compos\u00e9es d\u2019une antenne et d\u2019une puce \u00e9lectronique, ces \u00e9tiquettes intelligentes demeurent cependant trop co\u00fbteuses pour certaines applications de tra\u00e7abilit\u00e9. L\u2019innovation RFID sans puce, ou chipless, permet ainsi d\u2019allier une identification peu on\u00e9reuse \u00e0 des performances sup\u00e9rieures \u00e0 celles du code-barres.<\/p>\n<p><em>La RFID sans puce<\/em>\u00a0\u00e9tudie les points concrets \u00e0 am\u00e9liorer pour lever les verrous technologiques du d\u00e9veloppement de ce dispositif. Dans une premi\u00e8re partie th\u00e9orique, l\u2019ouvrage pr\u00e9sente les forces et les faiblesses des diff\u00e9rentes technologies RFID, puis \u00e9tudie les aspects codage et mod\u00e9lisation appliqu\u00e9s \u00e0 plusieurs concepts de tags RFID sans puce. Dans une seconde partie, les aspects pratiques tels que la r\u00e9alisation de tags sans puce sur papier et la mise en place d\u2019un syst\u00e8me de mesure en environnement r\u00e9el sont trait\u00e9s.<\/p>\n","protected":false},"excerpt":{"rendered":"<p>Bas\u00e9e sur un principe de d\u00e9tection radiofr\u00e9quence, la RFID repr\u00e9sente une avanc\u00e9e technologique spectaculaire par rapport au code-barres, rendant possible l\u2019identification simultan\u00e9e de dizaines d\u2019objets distants de plusieurs m\u00e8tres et sans visu direct. Compos\u00e9es d\u2019une antenne et d\u2019une puce \u00e9lectronique, ces \u00e9tiquettes intelligentes demeurent cependant trop co\u00fbteuses pour certaines applications de tra\u00e7abilit\u00e9. L\u2019innovation RFID sans [&hellip;]<\/p>\n","protected":false},"featured_media":22252,"template":"","meta":{"_acf_changed":false,"_links_to":"","_links_to_target":""},"product_brand":[],"product_cat":[675,679,711],"product_tag":[1518,1519,1520,851,31,196,1521,1413,197,198,199,21,200,22,201,1522,203,204,63,25,172,209,324,212,38,192,145,28,1523,1524,1438,1416,1525,953,262,1340],"class_list":{"0":"post-345","1":"product","2":"type-product","3":"status-publish","4":"has-post-thumbnail","6":"product_cat-nouveauts-12519446","7":"product_cat-rseaux-et-tlcommunications-12506534","8":"product_cat-srie-lidentification-sans-fil-au-del-de-la-rfid-378318152","9":"product_tag-antenne","10":"product_tag-arnaud-vena","11":"product_tag-chipless","12":"product_tag-codage","13":"product_tag-ebook","14":"product_tag-ebooks","15":"product_tag-etienne-perret","16":"product_tag-identification","17":"product_tag-iste","18":"product_tag-iste-edition","19":"product_tag-iste-editions","20":"product_tag-iste-group","21":"product_tag-isteedition","22":"product_tag-istegroup","23":"product_tag-kindle","24":"product_tag-la-rfid-sans-puce","25":"product_tag-liseuse","26":"product_tag-livre","27":"product_tag-livre-electronique","28":"product_tag-livre-numerique","29":"product_tag-livre-scientifique","30":"product_tag-livres-scientifiques","31":"product_tag-modelisation","32":"product_tag-ouvrage","33":"product_tag-ouvrage-numerique","34":"product_tag-ouvrage-science","35":"product_tag-ouvrage-scientifique","36":"product_tag-ouvrage-scientifique-francais","37":"product_tag-puce","38":"product_tag-puce-electronique","39":"product_tag-radiofrequences","40":"product_tag-rfid","41":"product_tag-smail-tedjini","42":"product_tag-tags","43":"product_tag-technologies","44":"product_tag-tracabilite","46":"first","47":"instock","48":"shipping-taxable","49":"purchasable","50":"product-type-variable"},"acf":[],"yoast_head":"<!-- This site is optimized with the Yoast SEO plugin v27.2 - https:\/\/yoast.com\/product\/yoast-seo-wordpress\/ -->\n<title>La RFID sans puce - ISTE Group<\/title>\n<meta name=\"description\" content=\"La RFID sans puce\u00a0\u00e9tudie les points concrets \u00e0 am\u00e9liorer pour lever les verrous technologiques du d\u00e9veloppement de ce dispositif.\" \/>\n<meta name=\"robots\" content=\"index, follow, max-snippet:-1, max-image-preview:large, max-video-preview:-1\" \/>\n<link rel=\"canonical\" href=\"https:\/\/www.istegroup.com\/fr\/produit\/la-rfid-sans-puce\/\" \/>\n<meta property=\"og:locale\" content=\"en_US\" \/>\n<meta property=\"og:type\" content=\"article\" \/>\n<meta property=\"og:title\" content=\"La RFID sans puce - ISTE Group\" \/>\n<meta property=\"og:description\" content=\"La RFID sans puce\u00a0\u00e9tudie les points concrets \u00e0 am\u00e9liorer pour lever les verrous technologiques du d\u00e9veloppement de ce dispositif.\" \/>\n<meta property=\"og:url\" content=\"https:\/\/www.istegroup.com\/fr\/produit\/la-rfid-sans-puce\/\" \/>\n<meta property=\"og:site_name\" content=\"ISTE Group\" \/>\n<meta property=\"article:modified_time\" content=\"2024-01-03T13:39:29+00:00\" \/>\n<meta property=\"og:image\" content=\"https:\/\/www.istegroup.com\/wp-content\/uploads\/2019\/07\/La-RFID-sans-puce-scaled.jpg\" \/>\n\t<meta property=\"og:image:width\" content=\"1708\" \/>\n\t<meta property=\"og:image:height\" content=\"2560\" \/>\n\t<meta property=\"og:image:type\" content=\"image\/jpeg\" \/>\n<meta name=\"twitter:card\" content=\"summary_large_image\" \/>\n<meta name=\"twitter:label1\" content=\"Est. reading time\" \/>\n\t<meta name=\"twitter:data1\" content=\"1 minute\" \/>\n<script type=\"application\/ld+json\" class=\"yoast-schema-graph\">{\"@context\":\"https:\/\/schema.org\",\"@graph\":[{\"@type\":\"WebPage\",\"@id\":\"https:\/\/www.istegroup.com\/fr\/produit\/la-rfid-sans-puce\/\",\"url\":\"https:\/\/www.istegroup.com\/fr\/produit\/la-rfid-sans-puce\/\",\"name\":\"La RFID sans puce - ISTE Group\",\"isPartOf\":{\"@id\":\"https:\/\/www.istegroup.com\/#website\"},\"primaryImageOfPage\":{\"@id\":\"https:\/\/www.istegroup.com\/fr\/produit\/la-rfid-sans-puce\/#primaryimage\"},\"image\":{\"@id\":\"https:\/\/www.istegroup.com\/fr\/produit\/la-rfid-sans-puce\/#primaryimage\"},\"thumbnailUrl\":\"https:\/\/www.istegroup.com\/wp-content\/uploads\/2019\/07\/La-RFID-sans-puce-scaled.jpg\",\"datePublished\":\"2017-07-28T10:10:30+00:00\",\"dateModified\":\"2024-01-03T13:39:29+00:00\",\"description\":\"La RFID sans puce\u00a0\u00e9tudie les points concrets \u00e0 am\u00e9liorer pour lever les verrous technologiques du d\u00e9veloppement de ce dispositif.\",\"breadcrumb\":{\"@id\":\"https:\/\/www.istegroup.com\/fr\/produit\/la-rfid-sans-puce\/#breadcrumb\"},\"inLanguage\":\"en-US\",\"potentialAction\":[{\"@type\":\"ReadAction\",\"target\":[\"https:\/\/www.istegroup.com\/fr\/produit\/la-rfid-sans-puce\/\"]}]},{\"@type\":\"ImageObject\",\"inLanguage\":\"en-US\",\"@id\":\"https:\/\/www.istegroup.com\/fr\/produit\/la-rfid-sans-puce\/#primaryimage\",\"url\":\"https:\/\/www.istegroup.com\/wp-content\/uploads\/2019\/07\/La-RFID-sans-puce-scaled.jpg\",\"contentUrl\":\"https:\/\/www.istegroup.com\/wp-content\/uploads\/2019\/07\/La-RFID-sans-puce-scaled.jpg\",\"width\":1708,\"height\":2560,\"caption\":\"Th\u00e9orie, conception, mesures\"},{\"@type\":\"BreadcrumbList\",\"@id\":\"https:\/\/www.istegroup.com\/fr\/produit\/la-rfid-sans-puce\/#breadcrumb\",\"itemListElement\":[{\"@type\":\"ListItem\",\"position\":1,\"name\":\"Home\",\"item\":\"https:\/\/www.istegroup.com\/\"},{\"@type\":\"ListItem\",\"position\":2,\"name\":\"Shop\",\"item\":\"https:\/\/www.istegroup.com\/fr\/nouveautes\/\"},{\"@type\":\"ListItem\",\"position\":3,\"name\":\"La RFID sans puce\"}]},{\"@type\":\"WebSite\",\"@id\":\"https:\/\/www.istegroup.com\/#website\",\"url\":\"https:\/\/www.istegroup.com\/\",\"name\":\"ISTE Group\",\"description\":\"Publishing Knowledge\",\"potentialAction\":[{\"@type\":\"SearchAction\",\"target\":{\"@type\":\"EntryPoint\",\"urlTemplate\":\"https:\/\/www.istegroup.com\/?s={search_term_string}\"},\"query-input\":{\"@type\":\"PropertyValueSpecification\",\"valueRequired\":true,\"valueName\":\"search_term_string\"}}],\"inLanguage\":\"en-US\"}]}<\/script>\n<!-- \/ Yoast SEO plugin. -->","yoast_head_json":{"title":"La RFID sans puce - ISTE Group","description":"La RFID sans puce\u00a0\u00e9tudie les points concrets \u00e0 am\u00e9liorer pour lever les verrous technologiques du d\u00e9veloppement de ce dispositif.","robots":{"index":"index","follow":"follow","max-snippet":"max-snippet:-1","max-image-preview":"max-image-preview:large","max-video-preview":"max-video-preview:-1"},"canonical":"https:\/\/www.istegroup.com\/fr\/produit\/la-rfid-sans-puce\/","og_locale":"en_US","og_type":"article","og_title":"La RFID sans puce - ISTE Group","og_description":"La RFID sans puce\u00a0\u00e9tudie les points concrets \u00e0 am\u00e9liorer pour lever les verrous technologiques du d\u00e9veloppement de ce dispositif.","og_url":"https:\/\/www.istegroup.com\/fr\/produit\/la-rfid-sans-puce\/","og_site_name":"ISTE Group","article_modified_time":"2024-01-03T13:39:29+00:00","og_image":[{"width":1708,"height":2560,"url":"https:\/\/www.istegroup.com\/wp-content\/uploads\/2019\/07\/La-RFID-sans-puce-scaled.jpg","type":"image\/jpeg"}],"twitter_card":"summary_large_image","twitter_misc":{"Est. reading time":"1 minute"},"schema":{"@context":"https:\/\/schema.org","@graph":[{"@type":"WebPage","@id":"https:\/\/www.istegroup.com\/fr\/produit\/la-rfid-sans-puce\/","url":"https:\/\/www.istegroup.com\/fr\/produit\/la-rfid-sans-puce\/","name":"La RFID sans puce - ISTE Group","isPartOf":{"@id":"https:\/\/www.istegroup.com\/#website"},"primaryImageOfPage":{"@id":"https:\/\/www.istegroup.com\/fr\/produit\/la-rfid-sans-puce\/#primaryimage"},"image":{"@id":"https:\/\/www.istegroup.com\/fr\/produit\/la-rfid-sans-puce\/#primaryimage"},"thumbnailUrl":"https:\/\/www.istegroup.com\/wp-content\/uploads\/2019\/07\/La-RFID-sans-puce-scaled.jpg","datePublished":"2017-07-28T10:10:30+00:00","dateModified":"2024-01-03T13:39:29+00:00","description":"La RFID sans puce\u00a0\u00e9tudie les points concrets \u00e0 am\u00e9liorer pour lever les verrous technologiques du d\u00e9veloppement de ce dispositif.","breadcrumb":{"@id":"https:\/\/www.istegroup.com\/fr\/produit\/la-rfid-sans-puce\/#breadcrumb"},"inLanguage":"en-US","potentialAction":[{"@type":"ReadAction","target":["https:\/\/www.istegroup.com\/fr\/produit\/la-rfid-sans-puce\/"]}]},{"@type":"ImageObject","inLanguage":"en-US","@id":"https:\/\/www.istegroup.com\/fr\/produit\/la-rfid-sans-puce\/#primaryimage","url":"https:\/\/www.istegroup.com\/wp-content\/uploads\/2019\/07\/La-RFID-sans-puce-scaled.jpg","contentUrl":"https:\/\/www.istegroup.com\/wp-content\/uploads\/2019\/07\/La-RFID-sans-puce-scaled.jpg","width":1708,"height":2560,"caption":"Th\u00e9orie, conception, mesures"},{"@type":"BreadcrumbList","@id":"https:\/\/www.istegroup.com\/fr\/produit\/la-rfid-sans-puce\/#breadcrumb","itemListElement":[{"@type":"ListItem","position":1,"name":"Home","item":"https:\/\/www.istegroup.com\/"},{"@type":"ListItem","position":2,"name":"Shop","item":"https:\/\/www.istegroup.com\/fr\/nouveautes\/"},{"@type":"ListItem","position":3,"name":"La RFID sans puce"}]},{"@type":"WebSite","@id":"https:\/\/www.istegroup.com\/#website","url":"https:\/\/www.istegroup.com\/","name":"ISTE Group","description":"Publishing Knowledge","potentialAction":[{"@type":"SearchAction","target":{"@type":"EntryPoint","urlTemplate":"https:\/\/www.istegroup.com\/?s={search_term_string}"},"query-input":{"@type":"PropertyValueSpecification","valueRequired":true,"valueName":"search_term_string"}}],"inLanguage":"en-US"}]}},"_links":{"self":[{"href":"https:\/\/www.istegroup.com\/en\/wp-json\/wp\/v2\/product\/345","targetHints":{"allow":["GET"]}}],"collection":[{"href":"https:\/\/www.istegroup.com\/en\/wp-json\/wp\/v2\/product"}],"about":[{"href":"https:\/\/www.istegroup.com\/en\/wp-json\/wp\/v2\/types\/product"}],"wp:featuredmedia":[{"embeddable":true,"href":"https:\/\/www.istegroup.com\/en\/wp-json\/wp\/v2\/media\/22252"}],"wp:attachment":[{"href":"https:\/\/www.istegroup.com\/en\/wp-json\/wp\/v2\/media?parent=345"}],"wp:term":[{"taxonomy":"product_brand","embeddable":true,"href":"https:\/\/www.istegroup.com\/en\/wp-json\/wp\/v2\/product_brand?post=345"},{"taxonomy":"product_cat","embeddable":true,"href":"https:\/\/www.istegroup.com\/en\/wp-json\/wp\/v2\/product_cat?post=345"},{"taxonomy":"product_tag","embeddable":true,"href":"https:\/\/www.istegroup.com\/en\/wp-json\/wp\/v2\/product_tag?post=345"}],"curies":[{"name":"wp","href":"https:\/\/api.w.org\/{rel}","templated":true}]}}