{"id":341,"date":"2017-07-28T12:10:19","date_gmt":"2017-07-28T10:10:19","guid":{"rendered":"https:\/\/iste.yhello.co\/product\/la-langue-des-signes-francaise-lsf\/"},"modified":"2024-01-03T13:39:28","modified_gmt":"2024-01-03T13:39:28","slug":"la-langue-des-signes-francaise-lsf","status":"publish","type":"product","link":"https:\/\/www.istegroup.com\/en\/produit\/la-langue-des-signes-francaise-lsf\/","title":{"rendered":"La Langue des Signes Fran\u00e7aise (LSF)"},"content":{"rendered":"<p>Les Langues des Signes (LS) sont des langues naturelles visuo-gestuelles pratiqu\u00e9es au sein des communaut\u00e9s de sourds. L&#8217;ing\u00e9nierie des LS traite des probl\u00e9matiques issues de diverses disciplines comme la linguistique, les \u00e9tudes de corpus, la mod\u00e9lisation et l\u2019impl\u00e9mentation informatique (reconnaissance de formes, informatique graphique, etc.).<\/p>\n<p>Cet ouvrage interdisciplinaire pr\u00e9sente une vue d&#8217;ensemble de la recherche sur la LS fran\u00e7aise (LSF) en la repla\u00e7ant dans le contexte international. Linguistes et informaticiens proposent, par le prisme de leur double comp\u00e9tence, un \u00e9tat des lieux de la recherche sur la LSF accessible aux \u00e9tudiants et chercheurs int\u00e9ress\u00e9s par les LS, par la linguistique, par le traitement automatique des langues et la conception d&#8217;applications consacr\u00e9es aux LS.<\/p>\n","protected":false},"excerpt":{"rendered":"<p>Les Langues des Signes (LS) sont des langues naturelles visuo-gestuelles pratiqu\u00e9es au sein des communaut\u00e9s de sourds. L&#8217;ing\u00e9nierie des LS traite des probl\u00e9matiques issues de diverses disciplines comme la linguistique, les \u00e9tudes de corpus, la mod\u00e9lisation et l\u2019impl\u00e9mentation informatique (reconnaissance de formes, informatique graphique, etc.). Cet ouvrage interdisciplinaire pr\u00e9sente une vue d&#8217;ensemble de la recherche [&hellip;]<\/p>\n","protected":false},"featured_media":342,"template":"","meta":{"_acf_changed":false,"_links_to":"","_links_to_target":""},"product_brand":[],"product_cat":[682],"product_tag":[1505,1506,1507,31,196,1517,1508,197,198,199,21,200,22,201,1509,1510,1511,1512,1513,1514,203,204,63,25,172,209,1515,1516,212,38,192,145,28],"class_list":{"0":"post-341","1":"product","2":"type-product","3":"status-publish","4":"has-post-thumbnail","6":"product_cat-sciences-cognitives-12506546","7":"product_tag-analyse-de-corpus-en-ls","8":"product_tag-applications-consacrees-aux-ls","9":"product_tag-communautes-de-sourds","10":"product_tag-ebook","11":"product_tag-ebooks","12":"product_tag-etudiants-en-ls","13":"product_tag-ingenierie-des-ls","14":"product_tag-iste","15":"product_tag-iste-edition","16":"product_tag-iste-editions","17":"product_tag-iste-group","18":"product_tag-isteedition","19":"product_tag-istegroup","20":"product_tag-kindle","21":"product_tag-la-langue-des-signes-francaise","22":"product_tag-langue","23":"product_tag-langue-des-signes","24":"product_tag-langue-des-signes-francaise","25":"product_tag-langues-naturelles-visuo-gestuelles","26":"product_tag-langues-visuo-gestuelles","27":"product_tag-liseuse","28":"product_tag-livre","29":"product_tag-livre-electronique","30":"product_tag-livre-numerique","31":"product_tag-livre-scientifique","32":"product_tag-livres-scientifiques","33":"product_tag-lsf","34":"product_tag-modelisation-linguistique","35":"product_tag-ouvrage","36":"product_tag-ouvrage-numerique","37":"product_tag-ouvrage-science","38":"product_tag-ouvrage-scientifique","39":"product_tag-ouvrage-scientifique-francais","41":"first","42":"instock","43":"shipping-taxable","44":"purchasable","45":"product-type-variable"},"acf":[],"yoast_head":"<!-- This site is optimized with the Yoast SEO plugin v27.2 - https:\/\/yoast.com\/product\/yoast-seo-wordpress\/ -->\n<title>La Langue des Signes Fran\u00e7aise (LSF) - ISTE Group<\/title>\n<meta name=\"description\" content=\"Cet ouvrage interdisciplinaire pr\u00e9sente une vue d&#039;ensemble de la recherche sur la langue des signes fran\u00e7aise (LSF), la repla\u00e7ant dans le contexte international\" \/>\n<meta name=\"robots\" content=\"index, follow, max-snippet:-1, max-image-preview:large, max-video-preview:-1\" \/>\n<link rel=\"canonical\" href=\"https:\/\/www.istegroup.com\/fr\/produit\/la-langue-des-signes-francaise-lsf\/\" \/>\n<meta property=\"og:locale\" content=\"en_US\" \/>\n<meta property=\"og:type\" content=\"article\" \/>\n<meta property=\"og:title\" content=\"La Langue des Signes Fran\u00e7aise (LSF) - ISTE Group\" \/>\n<meta property=\"og:description\" content=\"Cet ouvrage interdisciplinaire pr\u00e9sente une vue d&#039;ensemble de la recherche sur la langue des signes fran\u00e7aise (LSF), la repla\u00e7ant dans le contexte international\" \/>\n<meta property=\"og:url\" content=\"https:\/\/www.istegroup.com\/fr\/produit\/la-langue-des-signes-francaise-lsf\/\" \/>\n<meta property=\"og:site_name\" content=\"ISTE Group\" \/>\n<meta property=\"article:modified_time\" content=\"2024-01-03T13:39:28+00:00\" \/>\n<meta property=\"og:image\" content=\"https:\/\/www.istegroup.com\/wp-content\/uploads\/2017\/07\/9099205828_3792841348-1.jpg\" \/>\n\t<meta property=\"og:image:width\" content=\"300\" \/>\n\t<meta property=\"og:image:height\" content=\"451\" \/>\n\t<meta property=\"og:image:type\" content=\"image\/jpeg\" \/>\n<meta name=\"twitter:card\" content=\"summary_large_image\" \/>\n<meta name=\"twitter:label1\" content=\"Est. reading time\" \/>\n\t<meta name=\"twitter:data1\" content=\"1 minute\" \/>\n<script type=\"application\/ld+json\" class=\"yoast-schema-graph\">{\"@context\":\"https:\/\/schema.org\",\"@graph\":[{\"@type\":\"WebPage\",\"@id\":\"https:\/\/www.istegroup.com\/fr\/produit\/la-langue-des-signes-francaise-lsf\/\",\"url\":\"https:\/\/www.istegroup.com\/fr\/produit\/la-langue-des-signes-francaise-lsf\/\",\"name\":\"La Langue des Signes Fran\u00e7aise (LSF) - ISTE Group\",\"isPartOf\":{\"@id\":\"https:\/\/www.istegroup.com\/#website\"},\"primaryImageOfPage\":{\"@id\":\"https:\/\/www.istegroup.com\/fr\/produit\/la-langue-des-signes-francaise-lsf\/#primaryimage\"},\"image\":{\"@id\":\"https:\/\/www.istegroup.com\/fr\/produit\/la-langue-des-signes-francaise-lsf\/#primaryimage\"},\"thumbnailUrl\":\"https:\/\/www.istegroup.com\/wp-content\/uploads\/2017\/07\/9099205828_3792841348-1.jpg\",\"datePublished\":\"2017-07-28T10:10:19+00:00\",\"dateModified\":\"2024-01-03T13:39:28+00:00\",\"description\":\"Cet ouvrage interdisciplinaire pr\u00e9sente une vue d'ensemble de la recherche sur la langue des signes fran\u00e7aise (LSF), la repla\u00e7ant dans le contexte international\",\"breadcrumb\":{\"@id\":\"https:\/\/www.istegroup.com\/fr\/produit\/la-langue-des-signes-francaise-lsf\/#breadcrumb\"},\"inLanguage\":\"en-US\",\"potentialAction\":[{\"@type\":\"ReadAction\",\"target\":[\"https:\/\/www.istegroup.com\/fr\/produit\/la-langue-des-signes-francaise-lsf\/\"]}]},{\"@type\":\"ImageObject\",\"inLanguage\":\"en-US\",\"@id\":\"https:\/\/www.istegroup.com\/fr\/produit\/la-langue-des-signes-francaise-lsf\/#primaryimage\",\"url\":\"https:\/\/www.istegroup.com\/wp-content\/uploads\/2017\/07\/9099205828_3792841348-1.jpg\",\"contentUrl\":\"https:\/\/www.istegroup.com\/wp-content\/uploads\/2017\/07\/9099205828_3792841348-1.jpg\",\"width\":300,\"height\":451,\"caption\":\"Mod\u00e9lisations, ressources et applications\"},{\"@type\":\"BreadcrumbList\",\"@id\":\"https:\/\/www.istegroup.com\/fr\/produit\/la-langue-des-signes-francaise-lsf\/#breadcrumb\",\"itemListElement\":[{\"@type\":\"ListItem\",\"position\":1,\"name\":\"Home\",\"item\":\"https:\/\/www.istegroup.com\/\"},{\"@type\":\"ListItem\",\"position\":2,\"name\":\"Shop\",\"item\":\"https:\/\/www.istegroup.com\/fr\/nouveautes\/\"},{\"@type\":\"ListItem\",\"position\":3,\"name\":\"La Langue des Signes Fran\u00e7aise (LSF)\"}]},{\"@type\":\"WebSite\",\"@id\":\"https:\/\/www.istegroup.com\/#website\",\"url\":\"https:\/\/www.istegroup.com\/\",\"name\":\"ISTE Group\",\"description\":\"Publishing Knowledge\",\"potentialAction\":[{\"@type\":\"SearchAction\",\"target\":{\"@type\":\"EntryPoint\",\"urlTemplate\":\"https:\/\/www.istegroup.com\/?s={search_term_string}\"},\"query-input\":{\"@type\":\"PropertyValueSpecification\",\"valueRequired\":true,\"valueName\":\"search_term_string\"}}],\"inLanguage\":\"en-US\"}]}<\/script>\n<!-- \/ Yoast SEO plugin. -->","yoast_head_json":{"title":"La Langue des Signes Fran\u00e7aise (LSF) - ISTE Group","description":"Cet ouvrage interdisciplinaire pr\u00e9sente une vue d'ensemble de la recherche sur la langue des signes fran\u00e7aise (LSF), la repla\u00e7ant dans le contexte international","robots":{"index":"index","follow":"follow","max-snippet":"max-snippet:-1","max-image-preview":"max-image-preview:large","max-video-preview":"max-video-preview:-1"},"canonical":"https:\/\/www.istegroup.com\/fr\/produit\/la-langue-des-signes-francaise-lsf\/","og_locale":"en_US","og_type":"article","og_title":"La Langue des Signes Fran\u00e7aise (LSF) - ISTE Group","og_description":"Cet ouvrage interdisciplinaire pr\u00e9sente une vue d'ensemble de la recherche sur la langue des signes fran\u00e7aise (LSF), la repla\u00e7ant dans le contexte international","og_url":"https:\/\/www.istegroup.com\/fr\/produit\/la-langue-des-signes-francaise-lsf\/","og_site_name":"ISTE Group","article_modified_time":"2024-01-03T13:39:28+00:00","og_image":[{"width":300,"height":451,"url":"https:\/\/www.istegroup.com\/wp-content\/uploads\/2017\/07\/9099205828_3792841348-1.jpg","type":"image\/jpeg"}],"twitter_card":"summary_large_image","twitter_misc":{"Est. reading time":"1 minute"},"schema":{"@context":"https:\/\/schema.org","@graph":[{"@type":"WebPage","@id":"https:\/\/www.istegroup.com\/fr\/produit\/la-langue-des-signes-francaise-lsf\/","url":"https:\/\/www.istegroup.com\/fr\/produit\/la-langue-des-signes-francaise-lsf\/","name":"La Langue des Signes Fran\u00e7aise (LSF) - ISTE Group","isPartOf":{"@id":"https:\/\/www.istegroup.com\/#website"},"primaryImageOfPage":{"@id":"https:\/\/www.istegroup.com\/fr\/produit\/la-langue-des-signes-francaise-lsf\/#primaryimage"},"image":{"@id":"https:\/\/www.istegroup.com\/fr\/produit\/la-langue-des-signes-francaise-lsf\/#primaryimage"},"thumbnailUrl":"https:\/\/www.istegroup.com\/wp-content\/uploads\/2017\/07\/9099205828_3792841348-1.jpg","datePublished":"2017-07-28T10:10:19+00:00","dateModified":"2024-01-03T13:39:28+00:00","description":"Cet ouvrage interdisciplinaire pr\u00e9sente une vue d'ensemble de la recherche sur la langue des signes fran\u00e7aise (LSF), la repla\u00e7ant dans le contexte international","breadcrumb":{"@id":"https:\/\/www.istegroup.com\/fr\/produit\/la-langue-des-signes-francaise-lsf\/#breadcrumb"},"inLanguage":"en-US","potentialAction":[{"@type":"ReadAction","target":["https:\/\/www.istegroup.com\/fr\/produit\/la-langue-des-signes-francaise-lsf\/"]}]},{"@type":"ImageObject","inLanguage":"en-US","@id":"https:\/\/www.istegroup.com\/fr\/produit\/la-langue-des-signes-francaise-lsf\/#primaryimage","url":"https:\/\/www.istegroup.com\/wp-content\/uploads\/2017\/07\/9099205828_3792841348-1.jpg","contentUrl":"https:\/\/www.istegroup.com\/wp-content\/uploads\/2017\/07\/9099205828_3792841348-1.jpg","width":300,"height":451,"caption":"Mod\u00e9lisations, ressources et applications"},{"@type":"BreadcrumbList","@id":"https:\/\/www.istegroup.com\/fr\/produit\/la-langue-des-signes-francaise-lsf\/#breadcrumb","itemListElement":[{"@type":"ListItem","position":1,"name":"Home","item":"https:\/\/www.istegroup.com\/"},{"@type":"ListItem","position":2,"name":"Shop","item":"https:\/\/www.istegroup.com\/fr\/nouveautes\/"},{"@type":"ListItem","position":3,"name":"La Langue des Signes Fran\u00e7aise (LSF)"}]},{"@type":"WebSite","@id":"https:\/\/www.istegroup.com\/#website","url":"https:\/\/www.istegroup.com\/","name":"ISTE Group","description":"Publishing Knowledge","potentialAction":[{"@type":"SearchAction","target":{"@type":"EntryPoint","urlTemplate":"https:\/\/www.istegroup.com\/?s={search_term_string}"},"query-input":{"@type":"PropertyValueSpecification","valueRequired":true,"valueName":"search_term_string"}}],"inLanguage":"en-US"}]}},"_links":{"self":[{"href":"https:\/\/www.istegroup.com\/en\/wp-json\/wp\/v2\/product\/341","targetHints":{"allow":["GET"]}}],"collection":[{"href":"https:\/\/www.istegroup.com\/en\/wp-json\/wp\/v2\/product"}],"about":[{"href":"https:\/\/www.istegroup.com\/en\/wp-json\/wp\/v2\/types\/product"}],"wp:featuredmedia":[{"embeddable":true,"href":"https:\/\/www.istegroup.com\/en\/wp-json\/wp\/v2\/media\/342"}],"wp:attachment":[{"href":"https:\/\/www.istegroup.com\/en\/wp-json\/wp\/v2\/media?parent=341"}],"wp:term":[{"taxonomy":"product_brand","embeddable":true,"href":"https:\/\/www.istegroup.com\/en\/wp-json\/wp\/v2\/product_brand?post=341"},{"taxonomy":"product_cat","embeddable":true,"href":"https:\/\/www.istegroup.com\/en\/wp-json\/wp\/v2\/product_cat?post=341"},{"taxonomy":"product_tag","embeddable":true,"href":"https:\/\/www.istegroup.com\/en\/wp-json\/wp\/v2\/product_tag?post=341"}],"curies":[{"name":"wp","href":"https:\/\/api.w.org\/{rel}","templated":true}]}}