{"id":339,"date":"2017-07-28T12:02:24","date_gmt":"2017-07-28T10:02:24","guid":{"rendered":"https:\/\/iste.yhello.co\/product\/la-genomique-environnementale\/"},"modified":"2024-01-03T13:39:28","modified_gmt":"2024-01-03T13:39:28","slug":"la-genomique-environnementale","status":"publish","type":"product","link":"https:\/\/www.istegroup.com\/en\/produit\/la-genomique-environnementale\/","title":{"rendered":"La g\u00e9nomique environnementale"},"content":{"rendered":"<p>La g\u00e9nomique environnementale est un domaine de recherche \u00e9mergent qui regroupe l\u2019ensemble des connaissances acquises sur les organismes et les \u00e9cosyst\u00e8mes pr\u00e9sents et pass\u00e9s, par l\u2019analyse de la s\u00e9quence et de l\u2019expression des g\u00e8nes, g\u00e9nomes et m\u00e9tag\u00e9nomes.<\/p>\n<p>Fruit d\u2019une r\u00e9flexion collective,\u00a0<em>La g\u00e9nomique environnementale : la r\u00e9volution du s\u00e9quen\u00e7age \u00e0 haut d\u00e9bit\u00a0<\/em>propose de comprendre en quoi cette nouvelle discipline informe sur la taxinomie et la diversit\u00e9 des organismes actuels et fossiles, leur phylog\u00e9nie et leur \u00e9volution. Analysant les potentialit\u00e9s et les capacit\u00e9s d\u2019adaptation des organismes vivants, la g\u00e9nomique environnementale permet de d\u00e9terminer leur biologie, leurs traits fonctionnels et leurs interactions avec l\u2019environnement dans ses dimensions biotique et abiotique.<\/p>\n<p>A l\u2019aune des nouvelles m\u00e9thodes de s\u00e9quen\u00e7age de l\u2019ADN, cet ouvrage pr\u00e9sente \u00e9galement les grands bouleversements technologiques, m\u00e9thodologiques et conceptuels survenus dans les sciences de l\u2019environnement et en identifie les enjeux, les potentiels et les limites.<\/p>\n","protected":false},"excerpt":{"rendered":"<p>La g\u00e9nomique environnementale est un domaine de recherche \u00e9mergent qui regroupe l\u2019ensemble des connaissances acquises sur les organismes et les \u00e9cosyst\u00e8mes pr\u00e9sents et pass\u00e9s, par l\u2019analyse de la s\u00e9quence et de l\u2019expression des g\u00e8nes, g\u00e9nomes et m\u00e9tag\u00e9nomes. Fruit d\u2019une r\u00e9flexion collective,\u00a0La g\u00e9nomique environnementale : la r\u00e9volution du s\u00e9quen\u00e7age \u00e0 haut d\u00e9bit\u00a0propose de comprendre en quoi [&hellip;]<\/p>\n","protected":false},"featured_media":340,"template":"","meta":{"_acf_changed":false,"_links_to":"","_links_to_target":""},"product_brand":[],"product_cat":[658,675],"product_tag":[1133,169,1496,1042,1497,31,196,381,329,1498,1499,1450,197,198,199,21,200,22,201,1500,203,204,63,25,172,209,1501,212,38,192,145,28,1502,1503,1504,253],"class_list":{"0":"post-339","1":"product","2":"type-product","3":"status-publish","4":"has-post-thumbnail","6":"product_cat-ecologie-14419669","7":"product_cat-nouveauts-12519446","8":"product_tag-adaptation","9":"product_tag-biologie","10":"product_tag-denis-faure","11":"product_tag-diversite","12":"product_tag-dominique-joly","13":"product_tag-ebook","14":"product_tag-ebooks","15":"product_tag-ecosysteme","16":"product_tag-environnement","17":"product_tag-genomes","18":"product_tag-genomique","19":"product_tag-interactions","20":"product_tag-iste","21":"product_tag-iste-edition","22":"product_tag-iste-editions","23":"product_tag-iste-group","24":"product_tag-isteedition","25":"product_tag-istegroup","26":"product_tag-kindle","27":"product_tag-la-genomique-environnementale","28":"product_tag-liseuse","29":"product_tag-livre","30":"product_tag-livre-electronique","31":"product_tag-livre-numerique","32":"product_tag-livre-scientifique","33":"product_tag-livres-scientifiques","34":"product_tag-organismes","35":"product_tag-ouvrage","36":"product_tag-ouvrage-numerique","37":"product_tag-ouvrage-science","38":"product_tag-ouvrage-scientifique","39":"product_tag-ouvrage-scientifique-francais","40":"product_tag-sciences-de-lenvironnement","41":"product_tag-sequencage","42":"product_tag-taxinomie","43":"product_tag-technologie","45":"first","46":"instock","47":"shipping-taxable","48":"purchasable","49":"product-type-variable"},"acf":[],"yoast_head":"<!-- This site is optimized with the Yoast SEO plugin v27.2 - https:\/\/yoast.com\/product\/yoast-seo-wordpress\/ -->\n<title>La g\u00e9nomique environnementale - ISTE Group<\/title>\n<meta name=\"description\" content=\"L&#039;ouvrage\u00a0propose de comprendre en quoi la g\u00e9nomique environnementale informe sur la taxinomie et la diversit\u00e9 des organismes actuels et fossiles.\" \/>\n<meta name=\"robots\" content=\"index, follow, max-snippet:-1, max-image-preview:large, max-video-preview:-1\" \/>\n<link rel=\"canonical\" href=\"https:\/\/www.istegroup.com\/fr\/produit\/la-genomique-environnementale\/\" \/>\n<meta property=\"og:locale\" content=\"en_US\" \/>\n<meta property=\"og:type\" content=\"article\" \/>\n<meta property=\"og:title\" content=\"La g\u00e9nomique environnementale - ISTE Group\" \/>\n<meta property=\"og:description\" content=\"L&#039;ouvrage\u00a0propose de comprendre en quoi la g\u00e9nomique environnementale informe sur la taxinomie et la diversit\u00e9 des organismes actuels et fossiles.\" \/>\n<meta property=\"og:url\" content=\"https:\/\/www.istegroup.com\/fr\/produit\/la-genomique-environnementale\/\" \/>\n<meta property=\"og:site_name\" content=\"ISTE Group\" \/>\n<meta property=\"article:modified_time\" content=\"2024-01-03T13:39:28+00:00\" \/>\n<meta property=\"og:image\" content=\"https:\/\/www.istegroup.com\/wp-content\/uploads\/2017\/07\/13655804484_6221471300-1.jpg\" \/>\n\t<meta property=\"og:image:width\" content=\"1366\" \/>\n\t<meta property=\"og:image:height\" content=\"2048\" \/>\n\t<meta property=\"og:image:type\" content=\"image\/jpeg\" \/>\n<meta name=\"twitter:card\" content=\"summary_large_image\" \/>\n<meta name=\"twitter:label1\" content=\"Est. reading time\" \/>\n\t<meta name=\"twitter:data1\" content=\"1 minute\" \/>\n<script type=\"application\/ld+json\" class=\"yoast-schema-graph\">{\"@context\":\"https:\/\/schema.org\",\"@graph\":[{\"@type\":\"WebPage\",\"@id\":\"https:\/\/www.istegroup.com\/fr\/produit\/la-genomique-environnementale\/\",\"url\":\"https:\/\/www.istegroup.com\/fr\/produit\/la-genomique-environnementale\/\",\"name\":\"La g\u00e9nomique environnementale - ISTE Group\",\"isPartOf\":{\"@id\":\"https:\/\/www.istegroup.com\/#website\"},\"primaryImageOfPage\":{\"@id\":\"https:\/\/www.istegroup.com\/fr\/produit\/la-genomique-environnementale\/#primaryimage\"},\"image\":{\"@id\":\"https:\/\/www.istegroup.com\/fr\/produit\/la-genomique-environnementale\/#primaryimage\"},\"thumbnailUrl\":\"https:\/\/www.istegroup.com\/wp-content\/uploads\/2017\/07\/13655804484_6221471300-1.jpg\",\"datePublished\":\"2017-07-28T10:02:24+00:00\",\"dateModified\":\"2024-01-03T13:39:28+00:00\",\"description\":\"L'ouvrage\u00a0propose de comprendre en quoi la g\u00e9nomique environnementale informe sur la taxinomie et la diversit\u00e9 des organismes actuels et fossiles.\",\"breadcrumb\":{\"@id\":\"https:\/\/www.istegroup.com\/fr\/produit\/la-genomique-environnementale\/#breadcrumb\"},\"inLanguage\":\"en-US\",\"potentialAction\":[{\"@type\":\"ReadAction\",\"target\":[\"https:\/\/www.istegroup.com\/fr\/produit\/la-genomique-environnementale\/\"]}]},{\"@type\":\"ImageObject\",\"inLanguage\":\"en-US\",\"@id\":\"https:\/\/www.istegroup.com\/fr\/produit\/la-genomique-environnementale\/#primaryimage\",\"url\":\"https:\/\/www.istegroup.com\/wp-content\/uploads\/2017\/07\/13655804484_6221471300-1.jpg\",\"contentUrl\":\"https:\/\/www.istegroup.com\/wp-content\/uploads\/2017\/07\/13655804484_6221471300-1.jpg\",\"width\":1366,\"height\":2048,\"caption\":\"La r\u00e9volution du s\u00e9quen\u00e7age \u00e0 haut d\u00e9bit\"},{\"@type\":\"BreadcrumbList\",\"@id\":\"https:\/\/www.istegroup.com\/fr\/produit\/la-genomique-environnementale\/#breadcrumb\",\"itemListElement\":[{\"@type\":\"ListItem\",\"position\":1,\"name\":\"Home\",\"item\":\"https:\/\/www.istegroup.com\/\"},{\"@type\":\"ListItem\",\"position\":2,\"name\":\"Shop\",\"item\":\"https:\/\/www.istegroup.com\/fr\/nouveautes\/\"},{\"@type\":\"ListItem\",\"position\":3,\"name\":\"La g\u00e9nomique environnementale\"}]},{\"@type\":\"WebSite\",\"@id\":\"https:\/\/www.istegroup.com\/#website\",\"url\":\"https:\/\/www.istegroup.com\/\",\"name\":\"ISTE Group\",\"description\":\"Publishing Knowledge\",\"potentialAction\":[{\"@type\":\"SearchAction\",\"target\":{\"@type\":\"EntryPoint\",\"urlTemplate\":\"https:\/\/www.istegroup.com\/?s={search_term_string}\"},\"query-input\":{\"@type\":\"PropertyValueSpecification\",\"valueRequired\":true,\"valueName\":\"search_term_string\"}}],\"inLanguage\":\"en-US\"}]}<\/script>\n<!-- \/ Yoast SEO plugin. -->","yoast_head_json":{"title":"La g\u00e9nomique environnementale - ISTE Group","description":"L'ouvrage\u00a0propose de comprendre en quoi la g\u00e9nomique environnementale informe sur la taxinomie et la diversit\u00e9 des organismes actuels et fossiles.","robots":{"index":"index","follow":"follow","max-snippet":"max-snippet:-1","max-image-preview":"max-image-preview:large","max-video-preview":"max-video-preview:-1"},"canonical":"https:\/\/www.istegroup.com\/fr\/produit\/la-genomique-environnementale\/","og_locale":"en_US","og_type":"article","og_title":"La g\u00e9nomique environnementale - ISTE Group","og_description":"L'ouvrage\u00a0propose de comprendre en quoi la g\u00e9nomique environnementale informe sur la taxinomie et la diversit\u00e9 des organismes actuels et fossiles.","og_url":"https:\/\/www.istegroup.com\/fr\/produit\/la-genomique-environnementale\/","og_site_name":"ISTE Group","article_modified_time":"2024-01-03T13:39:28+00:00","og_image":[{"width":1366,"height":2048,"url":"https:\/\/www.istegroup.com\/wp-content\/uploads\/2017\/07\/13655804484_6221471300-1.jpg","type":"image\/jpeg"}],"twitter_card":"summary_large_image","twitter_misc":{"Est. reading time":"1 minute"},"schema":{"@context":"https:\/\/schema.org","@graph":[{"@type":"WebPage","@id":"https:\/\/www.istegroup.com\/fr\/produit\/la-genomique-environnementale\/","url":"https:\/\/www.istegroup.com\/fr\/produit\/la-genomique-environnementale\/","name":"La g\u00e9nomique environnementale - ISTE Group","isPartOf":{"@id":"https:\/\/www.istegroup.com\/#website"},"primaryImageOfPage":{"@id":"https:\/\/www.istegroup.com\/fr\/produit\/la-genomique-environnementale\/#primaryimage"},"image":{"@id":"https:\/\/www.istegroup.com\/fr\/produit\/la-genomique-environnementale\/#primaryimage"},"thumbnailUrl":"https:\/\/www.istegroup.com\/wp-content\/uploads\/2017\/07\/13655804484_6221471300-1.jpg","datePublished":"2017-07-28T10:02:24+00:00","dateModified":"2024-01-03T13:39:28+00:00","description":"L'ouvrage\u00a0propose de comprendre en quoi la g\u00e9nomique environnementale informe sur la taxinomie et la diversit\u00e9 des organismes actuels et fossiles.","breadcrumb":{"@id":"https:\/\/www.istegroup.com\/fr\/produit\/la-genomique-environnementale\/#breadcrumb"},"inLanguage":"en-US","potentialAction":[{"@type":"ReadAction","target":["https:\/\/www.istegroup.com\/fr\/produit\/la-genomique-environnementale\/"]}]},{"@type":"ImageObject","inLanguage":"en-US","@id":"https:\/\/www.istegroup.com\/fr\/produit\/la-genomique-environnementale\/#primaryimage","url":"https:\/\/www.istegroup.com\/wp-content\/uploads\/2017\/07\/13655804484_6221471300-1.jpg","contentUrl":"https:\/\/www.istegroup.com\/wp-content\/uploads\/2017\/07\/13655804484_6221471300-1.jpg","width":1366,"height":2048,"caption":"La r\u00e9volution du s\u00e9quen\u00e7age \u00e0 haut d\u00e9bit"},{"@type":"BreadcrumbList","@id":"https:\/\/www.istegroup.com\/fr\/produit\/la-genomique-environnementale\/#breadcrumb","itemListElement":[{"@type":"ListItem","position":1,"name":"Home","item":"https:\/\/www.istegroup.com\/"},{"@type":"ListItem","position":2,"name":"Shop","item":"https:\/\/www.istegroup.com\/fr\/nouveautes\/"},{"@type":"ListItem","position":3,"name":"La g\u00e9nomique environnementale"}]},{"@type":"WebSite","@id":"https:\/\/www.istegroup.com\/#website","url":"https:\/\/www.istegroup.com\/","name":"ISTE Group","description":"Publishing Knowledge","potentialAction":[{"@type":"SearchAction","target":{"@type":"EntryPoint","urlTemplate":"https:\/\/www.istegroup.com\/?s={search_term_string}"},"query-input":{"@type":"PropertyValueSpecification","valueRequired":true,"valueName":"search_term_string"}}],"inLanguage":"en-US"}]}},"_links":{"self":[{"href":"https:\/\/www.istegroup.com\/en\/wp-json\/wp\/v2\/product\/339","targetHints":{"allow":["GET"]}}],"collection":[{"href":"https:\/\/www.istegroup.com\/en\/wp-json\/wp\/v2\/product"}],"about":[{"href":"https:\/\/www.istegroup.com\/en\/wp-json\/wp\/v2\/types\/product"}],"wp:featuredmedia":[{"embeddable":true,"href":"https:\/\/www.istegroup.com\/en\/wp-json\/wp\/v2\/media\/340"}],"wp:attachment":[{"href":"https:\/\/www.istegroup.com\/en\/wp-json\/wp\/v2\/media?parent=339"}],"wp:term":[{"taxonomy":"product_brand","embeddable":true,"href":"https:\/\/www.istegroup.com\/en\/wp-json\/wp\/v2\/product_brand?post=339"},{"taxonomy":"product_cat","embeddable":true,"href":"https:\/\/www.istegroup.com\/en\/wp-json\/wp\/v2\/product_cat?post=339"},{"taxonomy":"product_tag","embeddable":true,"href":"https:\/\/www.istegroup.com\/en\/wp-json\/wp\/v2\/product_tag?post=339"}],"curies":[{"name":"wp","href":"https:\/\/api.w.org\/{rel}","templated":true}]}}