{"id":337,"date":"2017-07-28T12:02:19","date_gmt":"2017-07-28T10:02:19","guid":{"rendered":"https:\/\/iste.yhello.co\/product\/la-gamification-du-travail\/"},"modified":"2024-01-03T14:32:04","modified_gmt":"2024-01-03T14:32:04","slug":"la-gamification-du-travail","status":"publish","type":"product","link":"https:\/\/www.istegroup.com\/en\/produit\/la-gamification-du-travail\/","title":{"rendered":"La gamification du travail"},"content":{"rendered":"<p>Les organisations de travail recourent r\u00e9guli\u00e8rement au jeu pour leurs actions de communication, de formation du personnel ou de simulation \u00e0 des fins d\u2019entra\u00eenement. Alors m\u00eame que jeu et travail sont traditionnellement pens\u00e9s comme oppos\u00e9s, cet usage sans cesse renouvel\u00e9 du jeu par les managers interroge sur ce que l\u2019entreprise et ses dirigeants lui trouvent d\u2019utile.<\/p>\n<p><em>La gamification du travail<\/em>\u00a0questionne le sens et l\u2019effectivit\u00e9 du jeu dans le contexte professionnel. Apr\u00e8s avoir expos\u00e9 le cadre conceptuel des th\u00e9ories du jeu, il traite plus pr\u00e9cis\u00e9ment de la relation entre jeu et travail. En se basant sur l&#8217;observation de jeux de r\u00f4les et de simulations, ainsi que sur des entretiens avec ceux qui les mettent en place, il analyse des \u00ab m\u00e9caniques du jeu \u00bb propres \u00e0 la gamification : immersion, inversion, fiction ou encore r\u00f4les. Enfin, il examine les raisons pour lesquelles le jeu est utilis\u00e9 dans le cadre du travail et \u00e9tudie les attentes des managers le concernant.<br \/>\n&nbsp;<\/p>\n<p><strong>La presse en parle<\/strong><\/p>\n<p><a style=\"color: #1e9691;\" href=\"https:\/\/www.franceculture.fr\/emissions\/entendez-vous-leco\/les-jeux-de-leconomie-44-le-controle-par-le-jeu\"><em>France Culture, <\/em><em>04 avril 2019<\/em><\/a><br \/>\n<\/p>","protected":false},"excerpt":{"rendered":"<p>Les organisations de travail recourent r\u00e9guli\u00e8rement au jeu pour leurs actions de communication, de formation du personnel ou de simulation \u00e0 des fins d\u2019entra\u00eenement. Alors m\u00eame que jeu et travail sont traditionnellement pens\u00e9s comme oppos\u00e9s, cet usage sans cesse renouvel\u00e9 du jeu par les managers interroge sur ce que l\u2019entreprise et ses dirigeants lui trouvent [&hellip;]<\/p>\n","protected":false},"featured_media":338,"template":"","meta":{"_acf_changed":false,"_links_to":"","_links_to_target":""},"product_brand":[],"product_cat":[670,675],"product_tag":[18,19,20,58,21,22,60,59,26,27,38,28],"class_list":{"0":"post-337","1":"product","2":"type-product","3":"status-publish","4":"has-post-thumbnail","6":"product_cat-innovation-entrepreneuriat-et-gestion-11041751","7":"product_cat-nouveauts-12519446","8":"product_tag-edition-scientifique","9":"product_tag-editions-francaise","10":"product_tag-editions-technique","11":"product_tag-emmanuelle-savignac","12":"product_tag-iste-group","13":"product_tag-istegroup","14":"product_tag-lordre-du-jeu","15":"product_tag-la-gamification-du-travail","16":"product_tag-livre-scientifique-francais","17":"product_tag-livre-technique-francais","18":"product_tag-ouvrage-numerique","19":"product_tag-ouvrage-scientifique-francais","21":"first","22":"instock","23":"shipping-taxable","24":"purchasable","25":"product-type-variable"},"acf":[],"yoast_head":"<!-- This site is optimized with the Yoast SEO plugin v27.2 - https:\/\/yoast.com\/product\/yoast-seo-wordpress\/ -->\n<title>La gamification du travail - ISTE Group<\/title>\n<meta name=\"description\" content=\"L&#039;ouvrage questionne le sens et l\u2019effectivit\u00e9 du jeu dans le contexte professionnel, et traite de la relation entre jeu et travail.\" \/>\n<meta name=\"robots\" content=\"index, follow, max-snippet:-1, max-image-preview:large, max-video-preview:-1\" \/>\n<link rel=\"canonical\" href=\"https:\/\/www.istegroup.com\/fr\/produit\/la-gamification-du-travail\/\" \/>\n<meta property=\"og:locale\" content=\"en_US\" \/>\n<meta property=\"og:type\" content=\"article\" \/>\n<meta property=\"og:title\" content=\"La gamification du travail - ISTE Group\" \/>\n<meta property=\"og:description\" content=\"L&#039;ouvrage questionne le sens et l\u2019effectivit\u00e9 du jeu dans le contexte professionnel, et traite de la relation entre jeu et travail.\" \/>\n<meta property=\"og:url\" content=\"https:\/\/www.istegroup.com\/fr\/produit\/la-gamification-du-travail\/\" \/>\n<meta property=\"og:site_name\" content=\"ISTE Group\" \/>\n<meta property=\"article:modified_time\" content=\"2024-01-03T14:32:04+00:00\" \/>\n<meta property=\"og:image\" content=\"https:\/\/www.istegroup.com\/wp-content\/uploads\/2017\/07\/21688216337_9665094609-1.jpg\" \/>\n\t<meta property=\"og:image:width\" content=\"300\" \/>\n\t<meta property=\"og:image:height\" content=\"450\" \/>\n\t<meta property=\"og:image:type\" content=\"image\/jpeg\" \/>\n<meta name=\"twitter:card\" content=\"summary_large_image\" \/>\n<meta name=\"twitter:label1\" content=\"Est. reading time\" \/>\n\t<meta name=\"twitter:data1\" content=\"2 minutes\" \/>\n<script type=\"application\/ld+json\" class=\"yoast-schema-graph\">{\"@context\":\"https:\/\/schema.org\",\"@graph\":[{\"@type\":\"WebPage\",\"@id\":\"https:\/\/www.istegroup.com\/fr\/produit\/la-gamification-du-travail\/\",\"url\":\"https:\/\/www.istegroup.com\/fr\/produit\/la-gamification-du-travail\/\",\"name\":\"La gamification du travail - ISTE Group\",\"isPartOf\":{\"@id\":\"https:\/\/www.istegroup.com\/#website\"},\"primaryImageOfPage\":{\"@id\":\"https:\/\/www.istegroup.com\/fr\/produit\/la-gamification-du-travail\/#primaryimage\"},\"image\":{\"@id\":\"https:\/\/www.istegroup.com\/fr\/produit\/la-gamification-du-travail\/#primaryimage\"},\"thumbnailUrl\":\"https:\/\/www.istegroup.com\/wp-content\/uploads\/2017\/07\/21688216337_9665094609-1.jpg\",\"datePublished\":\"2017-07-28T10:02:19+00:00\",\"dateModified\":\"2024-01-03T14:32:04+00:00\",\"description\":\"L'ouvrage questionne le sens et l\u2019effectivit\u00e9 du jeu dans le contexte professionnel, et traite de la relation entre jeu et travail.\",\"breadcrumb\":{\"@id\":\"https:\/\/www.istegroup.com\/fr\/produit\/la-gamification-du-travail\/#breadcrumb\"},\"inLanguage\":\"en-US\",\"potentialAction\":[{\"@type\":\"ReadAction\",\"target\":[\"https:\/\/www.istegroup.com\/fr\/produit\/la-gamification-du-travail\/\"]}]},{\"@type\":\"ImageObject\",\"inLanguage\":\"en-US\",\"@id\":\"https:\/\/www.istegroup.com\/fr\/produit\/la-gamification-du-travail\/#primaryimage\",\"url\":\"https:\/\/www.istegroup.com\/wp-content\/uploads\/2017\/07\/21688216337_9665094609-1.jpg\",\"contentUrl\":\"https:\/\/www.istegroup.com\/wp-content\/uploads\/2017\/07\/21688216337_9665094609-1.jpg\",\"width\":300,\"height\":450,\"caption\":\"L\u2019ordre du jeu\"},{\"@type\":\"BreadcrumbList\",\"@id\":\"https:\/\/www.istegroup.com\/fr\/produit\/la-gamification-du-travail\/#breadcrumb\",\"itemListElement\":[{\"@type\":\"ListItem\",\"position\":1,\"name\":\"Home\",\"item\":\"https:\/\/www.istegroup.com\/\"},{\"@type\":\"ListItem\",\"position\":2,\"name\":\"Shop\",\"item\":\"https:\/\/www.istegroup.com\/fr\/nouveautes\/\"},{\"@type\":\"ListItem\",\"position\":3,\"name\":\"La gamification du travail\"}]},{\"@type\":\"WebSite\",\"@id\":\"https:\/\/www.istegroup.com\/#website\",\"url\":\"https:\/\/www.istegroup.com\/\",\"name\":\"ISTE Group\",\"description\":\"Publishing Knowledge\",\"potentialAction\":[{\"@type\":\"SearchAction\",\"target\":{\"@type\":\"EntryPoint\",\"urlTemplate\":\"https:\/\/www.istegroup.com\/?s={search_term_string}\"},\"query-input\":{\"@type\":\"PropertyValueSpecification\",\"valueRequired\":true,\"valueName\":\"search_term_string\"}}],\"inLanguage\":\"en-US\"}]}<\/script>\n<!-- \/ Yoast SEO plugin. -->","yoast_head_json":{"title":"La gamification du travail - ISTE Group","description":"L'ouvrage questionne le sens et l\u2019effectivit\u00e9 du jeu dans le contexte professionnel, et traite de la relation entre jeu et travail.","robots":{"index":"index","follow":"follow","max-snippet":"max-snippet:-1","max-image-preview":"max-image-preview:large","max-video-preview":"max-video-preview:-1"},"canonical":"https:\/\/www.istegroup.com\/fr\/produit\/la-gamification-du-travail\/","og_locale":"en_US","og_type":"article","og_title":"La gamification du travail - ISTE Group","og_description":"L'ouvrage questionne le sens et l\u2019effectivit\u00e9 du jeu dans le contexte professionnel, et traite de la relation entre jeu et travail.","og_url":"https:\/\/www.istegroup.com\/fr\/produit\/la-gamification-du-travail\/","og_site_name":"ISTE Group","article_modified_time":"2024-01-03T14:32:04+00:00","og_image":[{"width":300,"height":450,"url":"https:\/\/www.istegroup.com\/wp-content\/uploads\/2017\/07\/21688216337_9665094609-1.jpg","type":"image\/jpeg"}],"twitter_card":"summary_large_image","twitter_misc":{"Est. reading time":"2 minutes"},"schema":{"@context":"https:\/\/schema.org","@graph":[{"@type":"WebPage","@id":"https:\/\/www.istegroup.com\/fr\/produit\/la-gamification-du-travail\/","url":"https:\/\/www.istegroup.com\/fr\/produit\/la-gamification-du-travail\/","name":"La gamification du travail - ISTE Group","isPartOf":{"@id":"https:\/\/www.istegroup.com\/#website"},"primaryImageOfPage":{"@id":"https:\/\/www.istegroup.com\/fr\/produit\/la-gamification-du-travail\/#primaryimage"},"image":{"@id":"https:\/\/www.istegroup.com\/fr\/produit\/la-gamification-du-travail\/#primaryimage"},"thumbnailUrl":"https:\/\/www.istegroup.com\/wp-content\/uploads\/2017\/07\/21688216337_9665094609-1.jpg","datePublished":"2017-07-28T10:02:19+00:00","dateModified":"2024-01-03T14:32:04+00:00","description":"L'ouvrage questionne le sens et l\u2019effectivit\u00e9 du jeu dans le contexte professionnel, et traite de la relation entre jeu et travail.","breadcrumb":{"@id":"https:\/\/www.istegroup.com\/fr\/produit\/la-gamification-du-travail\/#breadcrumb"},"inLanguage":"en-US","potentialAction":[{"@type":"ReadAction","target":["https:\/\/www.istegroup.com\/fr\/produit\/la-gamification-du-travail\/"]}]},{"@type":"ImageObject","inLanguage":"en-US","@id":"https:\/\/www.istegroup.com\/fr\/produit\/la-gamification-du-travail\/#primaryimage","url":"https:\/\/www.istegroup.com\/wp-content\/uploads\/2017\/07\/21688216337_9665094609-1.jpg","contentUrl":"https:\/\/www.istegroup.com\/wp-content\/uploads\/2017\/07\/21688216337_9665094609-1.jpg","width":300,"height":450,"caption":"L\u2019ordre du jeu"},{"@type":"BreadcrumbList","@id":"https:\/\/www.istegroup.com\/fr\/produit\/la-gamification-du-travail\/#breadcrumb","itemListElement":[{"@type":"ListItem","position":1,"name":"Home","item":"https:\/\/www.istegroup.com\/"},{"@type":"ListItem","position":2,"name":"Shop","item":"https:\/\/www.istegroup.com\/fr\/nouveautes\/"},{"@type":"ListItem","position":3,"name":"La gamification du travail"}]},{"@type":"WebSite","@id":"https:\/\/www.istegroup.com\/#website","url":"https:\/\/www.istegroup.com\/","name":"ISTE Group","description":"Publishing Knowledge","potentialAction":[{"@type":"SearchAction","target":{"@type":"EntryPoint","urlTemplate":"https:\/\/www.istegroup.com\/?s={search_term_string}"},"query-input":{"@type":"PropertyValueSpecification","valueRequired":true,"valueName":"search_term_string"}}],"inLanguage":"en-US"}]}},"_links":{"self":[{"href":"https:\/\/www.istegroup.com\/en\/wp-json\/wp\/v2\/product\/337","targetHints":{"allow":["GET"]}}],"collection":[{"href":"https:\/\/www.istegroup.com\/en\/wp-json\/wp\/v2\/product"}],"about":[{"href":"https:\/\/www.istegroup.com\/en\/wp-json\/wp\/v2\/types\/product"}],"wp:featuredmedia":[{"embeddable":true,"href":"https:\/\/www.istegroup.com\/en\/wp-json\/wp\/v2\/media\/338"}],"wp:attachment":[{"href":"https:\/\/www.istegroup.com\/en\/wp-json\/wp\/v2\/media?parent=337"}],"wp:term":[{"taxonomy":"product_brand","embeddable":true,"href":"https:\/\/www.istegroup.com\/en\/wp-json\/wp\/v2\/product_brand?post=337"},{"taxonomy":"product_cat","embeddable":true,"href":"https:\/\/www.istegroup.com\/en\/wp-json\/wp\/v2\/product_cat?post=337"},{"taxonomy":"product_tag","embeddable":true,"href":"https:\/\/www.istegroup.com\/en\/wp-json\/wp\/v2\/product_tag?post=337"}],"curies":[{"name":"wp","href":"https:\/\/api.w.org\/{rel}","templated":true}]}}