{"id":33253,"date":"2021-02-26T09:43:06","date_gmt":"2021-02-26T09:43:06","guid":{"rendered":"https:\/\/www.istegroup.com\/?post_type=product&#038;p=33253"},"modified":"2024-01-03T13:43:49","modified_gmt":"2024-01-03T13:43:49","slug":"traitement-neuro-inspire-de-linformation","status":"publish","type":"product","link":"https:\/\/www.istegroup.com\/en\/produit\/traitement-neuro-inspire-de-linformation\/","title":{"rendered":"Traitement neuro-inspir\u00e9 de l\u2019information"},"content":{"rendered":"<p>Avec la fin de la loi de Moore et l\u2019\u00e9mergence de nouveaux besoins applicatifs tels que l\u2019Internet des objets ou l\u2019intelligence artificielle, il devient urgent de proposer de nouveaux paradigmes de traitement de l\u2019information capables de r\u00e9duire de fa\u00e7on drastique la consommation \u00e9nerg\u00e9tique tout en am\u00e9liorant performances et fonctionnalit\u00e9s.<\/p>\n<p>Parmi ces nouvelles approches, les architectures neuro-inspir\u00e9es ou neuromorphiques visent \u00e0 \u00e9muler la formidable machine \u00e0 traiter l\u2019information qu\u2019est le cerveau \u00e0 l\u2019aide de r\u00e9seaux de neurones et de synapses artificiels. Ces architectures, qui int\u00e9ressent de plus en plus la communaut\u00e9 scientifique, peuvent \u00eatre logicielles, et donc impl\u00e9ment\u00e9es sous la forme de programmes informatiques, ou mat\u00e9rielles, c\u2019est-\u00e0-dire r\u00e9alis\u00e9es par des circuits sp\u00e9cifiques utilisant les technologies de la nano\u00e9lectronique.<\/p>\n<p>Cet ouvrage pr\u00e9sente les concepts essentiels du traitement \u00e9lectronique de l\u2019information et les principes de fonctionnement du cortex c\u00e9r\u00e9bral. Il explore les propri\u00e9t\u00e9s des neurones et des synapses et traite des r\u00e9seaux de neurones et synapses artificiels.<\/p>\n","protected":false},"excerpt":{"rendered":"<p>Avec la fin de la loi de Moore et l\u2019\u00e9mergence de nouveaux besoins applicatifs tels que l\u2019Internet des objets ou l\u2019intelligence artificielle, il devient urgent de proposer de nouveaux paradigmes de traitement de l\u2019information capables de r\u00e9duire de fa\u00e7on drastique la consommation \u00e9nerg\u00e9tique tout en am\u00e9liorant performances et fonctionnalit\u00e9s. Parmi ces nouvelles approches, les architectures [&hellip;]<\/p>\n","protected":false},"featured_media":33265,"template":"","meta":{"_acf_changed":false,"_links_to":"","_links_to_target":""},"product_brand":[],"product_cat":[3262],"product_tag":[],"class_list":{"0":"post-33253","1":"product","2":"type-product","3":"status-publish","4":"has-post-thumbnail","6":"product_cat-non-classe","8":"first","9":"instock","10":"shipping-taxable","11":"purchasable","12":"product-type-variable"},"acf":[],"yoast_head":"<!-- This site is optimized with the Yoast SEO plugin v27.2 - https:\/\/yoast.com\/product\/yoast-seo-wordpress\/ -->\n<title>Traitement neuro-inspir\u00e9 de l\u2019information - ISTE Group<\/title>\n<meta name=\"description\" content=\"Cet ouvrage pr\u00e9sente les concepts essentiels du traitement \u00e9lectronique de l\u2019information et les principes de fonctionnement du cortex c\u00e9r\u00e9bral.\" \/>\n<meta name=\"robots\" content=\"index, follow, max-snippet:-1, max-image-preview:large, max-video-preview:-1\" \/>\n<link rel=\"canonical\" href=\"https:\/\/www.istegroup.com\/fr\/produit\/traitement-neuro-inspire-de-linformation\/\" \/>\n<meta property=\"og:locale\" content=\"en_US\" \/>\n<meta property=\"og:type\" content=\"article\" \/>\n<meta property=\"og:title\" content=\"Traitement neuro-inspir\u00e9 de l\u2019information - ISTE Group\" \/>\n<meta property=\"og:description\" content=\"Cet ouvrage pr\u00e9sente les concepts essentiels du traitement \u00e9lectronique de l\u2019information et les principes de fonctionnement du cortex c\u00e9r\u00e9bral.\" \/>\n<meta property=\"og:url\" content=\"https:\/\/www.istegroup.com\/fr\/produit\/traitement-neuro-inspire-de-linformation\/\" \/>\n<meta property=\"og:site_name\" content=\"ISTE Group\" \/>\n<meta property=\"article:modified_time\" content=\"2024-01-03T13:43:49+00:00\" \/>\n<meta property=\"og:image\" content=\"https:\/\/www.istegroup.com\/wp-content\/uploads\/2020\/08\/Traitement-neuro-inspir\u00e9-de-l\u2019information.jpg\" \/>\n\t<meta property=\"og:image:width\" content=\"300\" \/>\n\t<meta property=\"og:image:height\" content=\"451\" \/>\n\t<meta property=\"og:image:type\" content=\"image\/jpeg\" \/>\n<meta name=\"twitter:card\" content=\"summary_large_image\" \/>\n<meta name=\"twitter:label1\" content=\"Est. reading time\" \/>\n\t<meta name=\"twitter:data1\" content=\"1 minute\" \/>\n<script type=\"application\/ld+json\" class=\"yoast-schema-graph\">{\"@context\":\"https:\/\/schema.org\",\"@graph\":[{\"@type\":\"WebPage\",\"@id\":\"https:\/\/www.istegroup.com\/fr\/produit\/traitement-neuro-inspire-de-linformation\/\",\"url\":\"https:\/\/www.istegroup.com\/fr\/produit\/traitement-neuro-inspire-de-linformation\/\",\"name\":\"Traitement neuro-inspir\u00e9 de l\u2019information - ISTE Group\",\"isPartOf\":{\"@id\":\"https:\/\/www.istegroup.com\/#website\"},\"primaryImageOfPage\":{\"@id\":\"https:\/\/www.istegroup.com\/fr\/produit\/traitement-neuro-inspire-de-linformation\/#primaryimage\"},\"image\":{\"@id\":\"https:\/\/www.istegroup.com\/fr\/produit\/traitement-neuro-inspire-de-linformation\/#primaryimage\"},\"thumbnailUrl\":\"https:\/\/www.istegroup.com\/wp-content\/uploads\/2020\/08\/Traitement-neuro-inspir\u00e9-de-l\u2019information.jpg\",\"datePublished\":\"2021-02-26T09:43:06+00:00\",\"dateModified\":\"2024-01-03T13:43:49+00:00\",\"description\":\"Cet ouvrage pr\u00e9sente les concepts essentiels du traitement \u00e9lectronique de l\u2019information et les principes de fonctionnement du cortex c\u00e9r\u00e9bral.\",\"breadcrumb\":{\"@id\":\"https:\/\/www.istegroup.com\/fr\/produit\/traitement-neuro-inspire-de-linformation\/#breadcrumb\"},\"inLanguage\":\"en-US\",\"potentialAction\":[{\"@type\":\"ReadAction\",\"target\":[\"https:\/\/www.istegroup.com\/fr\/produit\/traitement-neuro-inspire-de-linformation\/\"]}]},{\"@type\":\"ImageObject\",\"inLanguage\":\"en-US\",\"@id\":\"https:\/\/www.istegroup.com\/fr\/produit\/traitement-neuro-inspire-de-linformation\/#primaryimage\",\"url\":\"https:\/\/www.istegroup.com\/wp-content\/uploads\/2020\/08\/Traitement-neuro-inspir\u00e9-de-l\u2019information.jpg\",\"contentUrl\":\"https:\/\/www.istegroup.com\/wp-content\/uploads\/2020\/08\/Traitement-neuro-inspir\u00e9-de-l\u2019information.jpg\",\"width\":300,\"height\":451,\"caption\":\"Livre Traitement neuro-inspir\u00e9 de l\u2019information - Alain Cappy\"},{\"@type\":\"BreadcrumbList\",\"@id\":\"https:\/\/www.istegroup.com\/fr\/produit\/traitement-neuro-inspire-de-linformation\/#breadcrumb\",\"itemListElement\":[{\"@type\":\"ListItem\",\"position\":1,\"name\":\"Home\",\"item\":\"https:\/\/www.istegroup.com\/\"},{\"@type\":\"ListItem\",\"position\":2,\"name\":\"Shop\",\"item\":\"https:\/\/www.istegroup.com\/fr\/nouveautes\/\"},{\"@type\":\"ListItem\",\"position\":3,\"name\":\"Traitement neuro-inspir\u00e9 de l\u2019information\"}]},{\"@type\":\"WebSite\",\"@id\":\"https:\/\/www.istegroup.com\/#website\",\"url\":\"https:\/\/www.istegroup.com\/\",\"name\":\"ISTE Group\",\"description\":\"Publishing Knowledge\",\"potentialAction\":[{\"@type\":\"SearchAction\",\"target\":{\"@type\":\"EntryPoint\",\"urlTemplate\":\"https:\/\/www.istegroup.com\/?s={search_term_string}\"},\"query-input\":{\"@type\":\"PropertyValueSpecification\",\"valueRequired\":true,\"valueName\":\"search_term_string\"}}],\"inLanguage\":\"en-US\"}]}<\/script>\n<!-- \/ Yoast SEO plugin. -->","yoast_head_json":{"title":"Traitement neuro-inspir\u00e9 de l\u2019information - ISTE Group","description":"Cet ouvrage pr\u00e9sente les concepts essentiels du traitement \u00e9lectronique de l\u2019information et les principes de fonctionnement du cortex c\u00e9r\u00e9bral.","robots":{"index":"index","follow":"follow","max-snippet":"max-snippet:-1","max-image-preview":"max-image-preview:large","max-video-preview":"max-video-preview:-1"},"canonical":"https:\/\/www.istegroup.com\/fr\/produit\/traitement-neuro-inspire-de-linformation\/","og_locale":"en_US","og_type":"article","og_title":"Traitement neuro-inspir\u00e9 de l\u2019information - ISTE Group","og_description":"Cet ouvrage pr\u00e9sente les concepts essentiels du traitement \u00e9lectronique de l\u2019information et les principes de fonctionnement du cortex c\u00e9r\u00e9bral.","og_url":"https:\/\/www.istegroup.com\/fr\/produit\/traitement-neuro-inspire-de-linformation\/","og_site_name":"ISTE Group","article_modified_time":"2024-01-03T13:43:49+00:00","og_image":[{"width":300,"height":451,"url":"https:\/\/www.istegroup.com\/wp-content\/uploads\/2020\/08\/Traitement-neuro-inspir\u00e9-de-l\u2019information.jpg","type":"image\/jpeg"}],"twitter_card":"summary_large_image","twitter_misc":{"Est. reading time":"1 minute"},"schema":{"@context":"https:\/\/schema.org","@graph":[{"@type":"WebPage","@id":"https:\/\/www.istegroup.com\/fr\/produit\/traitement-neuro-inspire-de-linformation\/","url":"https:\/\/www.istegroup.com\/fr\/produit\/traitement-neuro-inspire-de-linformation\/","name":"Traitement neuro-inspir\u00e9 de l\u2019information - ISTE Group","isPartOf":{"@id":"https:\/\/www.istegroup.com\/#website"},"primaryImageOfPage":{"@id":"https:\/\/www.istegroup.com\/fr\/produit\/traitement-neuro-inspire-de-linformation\/#primaryimage"},"image":{"@id":"https:\/\/www.istegroup.com\/fr\/produit\/traitement-neuro-inspire-de-linformation\/#primaryimage"},"thumbnailUrl":"https:\/\/www.istegroup.com\/wp-content\/uploads\/2020\/08\/Traitement-neuro-inspir\u00e9-de-l\u2019information.jpg","datePublished":"2021-02-26T09:43:06+00:00","dateModified":"2024-01-03T13:43:49+00:00","description":"Cet ouvrage pr\u00e9sente les concepts essentiels du traitement \u00e9lectronique de l\u2019information et les principes de fonctionnement du cortex c\u00e9r\u00e9bral.","breadcrumb":{"@id":"https:\/\/www.istegroup.com\/fr\/produit\/traitement-neuro-inspire-de-linformation\/#breadcrumb"},"inLanguage":"en-US","potentialAction":[{"@type":"ReadAction","target":["https:\/\/www.istegroup.com\/fr\/produit\/traitement-neuro-inspire-de-linformation\/"]}]},{"@type":"ImageObject","inLanguage":"en-US","@id":"https:\/\/www.istegroup.com\/fr\/produit\/traitement-neuro-inspire-de-linformation\/#primaryimage","url":"https:\/\/www.istegroup.com\/wp-content\/uploads\/2020\/08\/Traitement-neuro-inspir\u00e9-de-l\u2019information.jpg","contentUrl":"https:\/\/www.istegroup.com\/wp-content\/uploads\/2020\/08\/Traitement-neuro-inspir\u00e9-de-l\u2019information.jpg","width":300,"height":451,"caption":"Livre Traitement neuro-inspir\u00e9 de l\u2019information - Alain Cappy"},{"@type":"BreadcrumbList","@id":"https:\/\/www.istegroup.com\/fr\/produit\/traitement-neuro-inspire-de-linformation\/#breadcrumb","itemListElement":[{"@type":"ListItem","position":1,"name":"Home","item":"https:\/\/www.istegroup.com\/"},{"@type":"ListItem","position":2,"name":"Shop","item":"https:\/\/www.istegroup.com\/fr\/nouveautes\/"},{"@type":"ListItem","position":3,"name":"Traitement neuro-inspir\u00e9 de l\u2019information"}]},{"@type":"WebSite","@id":"https:\/\/www.istegroup.com\/#website","url":"https:\/\/www.istegroup.com\/","name":"ISTE Group","description":"Publishing Knowledge","potentialAction":[{"@type":"SearchAction","target":{"@type":"EntryPoint","urlTemplate":"https:\/\/www.istegroup.com\/?s={search_term_string}"},"query-input":{"@type":"PropertyValueSpecification","valueRequired":true,"valueName":"search_term_string"}}],"inLanguage":"en-US"}]}},"_links":{"self":[{"href":"https:\/\/www.istegroup.com\/en\/wp-json\/wp\/v2\/product\/33253","targetHints":{"allow":["GET"]}}],"collection":[{"href":"https:\/\/www.istegroup.com\/en\/wp-json\/wp\/v2\/product"}],"about":[{"href":"https:\/\/www.istegroup.com\/en\/wp-json\/wp\/v2\/types\/product"}],"wp:featuredmedia":[{"embeddable":true,"href":"https:\/\/www.istegroup.com\/en\/wp-json\/wp\/v2\/media\/33265"}],"wp:attachment":[{"href":"https:\/\/www.istegroup.com\/en\/wp-json\/wp\/v2\/media?parent=33253"}],"wp:term":[{"taxonomy":"product_brand","embeddable":true,"href":"https:\/\/www.istegroup.com\/en\/wp-json\/wp\/v2\/product_brand?post=33253"},{"taxonomy":"product_cat","embeddable":true,"href":"https:\/\/www.istegroup.com\/en\/wp-json\/wp\/v2\/product_cat?post=33253"},{"taxonomy":"product_tag","embeddable":true,"href":"https:\/\/www.istegroup.com\/en\/wp-json\/wp\/v2\/product_tag?post=33253"}],"curies":[{"name":"wp","href":"https:\/\/api.w.org\/{rel}","templated":true}]}}