{"id":33245,"date":"2021-02-26T10:30:45","date_gmt":"2021-02-26T10:30:45","guid":{"rendered":"https:\/\/www.istegroup.com\/?post_type=product&#038;p=33245"},"modified":"2024-01-03T13:43:49","modified_gmt":"2024-01-03T13:43:49","slug":"introduction-a-lelectronique-organique-2","status":"publish","type":"product","link":"https:\/\/www.istegroup.com\/en\/produit\/introduction-a-lelectronique-organique-2\/","title":{"rendered":"Introduction \u00e0 l\u2019\u00e9lectronique organique 2"},"content":{"rendered":"<p>Gr\u00e2ce \u00e0 leurs propri\u00e9t\u00e9s particuli\u00e8res, les semi-conducteurs organiques permettent d\u2019\u00e9laborer des dispositifs de grande surface et \u00e0 co\u00fbts r\u00e9duits, ouvrant la voie aux applications souples et nomades qui remplacent avantageusement celles r\u00e9alis\u00e9es avec les semi-conducteurs traditionnels.<\/p>\n<p>Dans ce second volume, les principales applications des semi-conducteurs organiques telles que les diodes \u00e9lectroluminescentes (OLED), les cellules solaires (OPV) et les transistors organiques (OFET) sont \u00e9tudi\u00e9es. La commercialisation de ces nouveaux dispositifs est ensuite discut\u00e9e en se basant sur le sch\u00e9ma du triangle de Brabec, dans lequel le rendement, la stabilit\u00e9 et le co\u00fbt de production sont des facteurs cl\u00e9s. L\u2019impact environnemental des dispositifs organiques est \u00e9galement trait\u00e9 par l\u2019analyse de leur cycle de vie.<\/p>\n<p>Cet ouvrage pr\u00e9sente les aspects appliqu\u00e9s de l\u2019\u00e9lectronique organique tant sur le plan technologique qu\u2019\u00e9conomique et environnemental. Il s\u2019adresse aux chercheurs et \u00e9tudiants en fili\u00e8res universitaires ou en \u00e9coles d\u2019ing\u00e9nieurs se sp\u00e9cialisant en \u00e9lectronique, \u00e9nergies et mat\u00e9riaux.<\/p>\n","protected":false},"excerpt":{"rendered":"<p>Gr\u00e2ce \u00e0 leurs propri\u00e9t\u00e9s particuli\u00e8res, les semi-conducteurs organiques permettent d\u2019\u00e9laborer des dispositifs de grande surface et \u00e0 co\u00fbts r\u00e9duits, ouvrant la voie aux applications souples et nomades qui remplacent avantageusement celles r\u00e9alis\u00e9es avec les semi-conducteurs traditionnels. Dans ce second volume, les principales applications des semi-conducteurs organiques telles que les diodes \u00e9lectroluminescentes (OLED), les cellules solaires [&hellip;]<\/p>\n","protected":false},"featured_media":33252,"template":"","meta":{"_acf_changed":false,"_links_to":"","_links_to_target":""},"product_brand":[],"product_cat":[3262],"product_tag":[],"class_list":{"0":"post-33245","1":"product","2":"type-product","3":"status-publish","4":"has-post-thumbnail","6":"product_cat-non-classe","8":"first","9":"instock","10":"shipping-taxable","11":"purchasable","12":"product-type-variable"},"acf":[],"yoast_head":"<!-- This site is optimized with the Yoast SEO plugin v27.2 - https:\/\/yoast.com\/product\/yoast-seo-wordpress\/ -->\n<title>Introduction \u00e0 l\u2019\u00e9lectronique organique 2 - ISTE Group<\/title>\n<meta name=\"robots\" content=\"index, follow, max-snippet:-1, max-image-preview:large, max-video-preview:-1\" \/>\n<link rel=\"canonical\" href=\"https:\/\/www.istegroup.com\/en\/produit\/introduction-a-lelectronique-organique-2\/\" \/>\n<meta property=\"og:locale\" content=\"en_US\" \/>\n<meta property=\"og:type\" content=\"article\" \/>\n<meta property=\"og:title\" content=\"Introduction \u00e0 l\u2019\u00e9lectronique organique 2 - ISTE Group\" \/>\n<meta property=\"og:description\" content=\"Gr\u00e2ce \u00e0 leurs propri\u00e9t\u00e9s particuli\u00e8res, les semi-conducteurs organiques permettent d\u2019\u00e9laborer des dispositifs de grande surface et \u00e0 co\u00fbts r\u00e9duits, ouvrant la voie aux applications souples et nomades qui remplacent avantageusement celles r\u00e9alis\u00e9es avec les semi-conducteurs traditionnels. Dans ce second volume, les principales applications des semi-conducteurs organiques telles que les diodes \u00e9lectroluminescentes (OLED), les cellules solaires [&hellip;]\" \/>\n<meta property=\"og:url\" content=\"https:\/\/www.istegroup.com\/en\/produit\/introduction-a-lelectronique-organique-2\/\" \/>\n<meta property=\"og:site_name\" content=\"ISTE Group\" \/>\n<meta property=\"article:modified_time\" content=\"2024-01-03T13:43:49+00:00\" \/>\n<meta property=\"og:image\" content=\"https:\/\/www.istegroup.com\/wp-content\/uploads\/2020\/08\/Introduction-\u00e0-l\u2019\u00e9lectronique-organique-2.jpg\" \/>\n\t<meta property=\"og:image:width\" content=\"300\" \/>\n\t<meta property=\"og:image:height\" content=\"452\" \/>\n\t<meta property=\"og:image:type\" content=\"image\/jpeg\" \/>\n<meta name=\"twitter:card\" content=\"summary_large_image\" \/>\n<meta name=\"twitter:label1\" content=\"Est. reading time\" \/>\n\t<meta name=\"twitter:data1\" content=\"1 minute\" \/>\n<script type=\"application\/ld+json\" class=\"yoast-schema-graph\">{\"@context\":\"https:\/\/schema.org\",\"@graph\":[{\"@type\":\"WebPage\",\"@id\":\"https:\/\/www.istegroup.com\/en\/produit\/introduction-a-lelectronique-organique-2\/\",\"url\":\"https:\/\/www.istegroup.com\/en\/produit\/introduction-a-lelectronique-organique-2\/\",\"name\":\"Introduction \u00e0 l\u2019\u00e9lectronique organique 2 - ISTE Group\",\"isPartOf\":{\"@id\":\"https:\/\/www.istegroup.com\/#website\"},\"primaryImageOfPage\":{\"@id\":\"https:\/\/www.istegroup.com\/en\/produit\/introduction-a-lelectronique-organique-2\/#primaryimage\"},\"image\":{\"@id\":\"https:\/\/www.istegroup.com\/en\/produit\/introduction-a-lelectronique-organique-2\/#primaryimage\"},\"thumbnailUrl\":\"https:\/\/www.istegroup.com\/wp-content\/uploads\/2020\/08\/Introduction-\u00e0-l\u2019\u00e9lectronique-organique-2.jpg\",\"datePublished\":\"2021-02-26T10:30:45+00:00\",\"dateModified\":\"2024-01-03T13:43:49+00:00\",\"breadcrumb\":{\"@id\":\"https:\/\/www.istegroup.com\/en\/produit\/introduction-a-lelectronique-organique-2\/#breadcrumb\"},\"inLanguage\":\"en-US\",\"potentialAction\":[{\"@type\":\"ReadAction\",\"target\":[\"https:\/\/www.istegroup.com\/en\/produit\/introduction-a-lelectronique-organique-2\/\"]}]},{\"@type\":\"ImageObject\",\"inLanguage\":\"en-US\",\"@id\":\"https:\/\/www.istegroup.com\/en\/produit\/introduction-a-lelectronique-organique-2\/#primaryimage\",\"url\":\"https:\/\/www.istegroup.com\/wp-content\/uploads\/2020\/08\/Introduction-\u00e0-l\u2019\u00e9lectronique-organique-2.jpg\",\"contentUrl\":\"https:\/\/www.istegroup.com\/wp-content\/uploads\/2020\/08\/Introduction-\u00e0-l\u2019\u00e9lectronique-organique-2.jpg\",\"width\":300,\"height\":452,\"caption\":\"Livre Introduction \u00e0 l\u2019\u00e9lectronique organique 2\"},{\"@type\":\"BreadcrumbList\",\"@id\":\"https:\/\/www.istegroup.com\/en\/produit\/introduction-a-lelectronique-organique-2\/#breadcrumb\",\"itemListElement\":[{\"@type\":\"ListItem\",\"position\":1,\"name\":\"Home\",\"item\":\"https:\/\/www.istegroup.com\/\"},{\"@type\":\"ListItem\",\"position\":2,\"name\":\"Shop\",\"item\":\"https:\/\/www.istegroup.com\/fr\/nouveautes\/\"},{\"@type\":\"ListItem\",\"position\":3,\"name\":\"Introduction \u00e0 l\u2019\u00e9lectronique organique 2\"}]},{\"@type\":\"WebSite\",\"@id\":\"https:\/\/www.istegroup.com\/#website\",\"url\":\"https:\/\/www.istegroup.com\/\",\"name\":\"ISTE Group\",\"description\":\"Publishing Knowledge\",\"potentialAction\":[{\"@type\":\"SearchAction\",\"target\":{\"@type\":\"EntryPoint\",\"urlTemplate\":\"https:\/\/www.istegroup.com\/?s={search_term_string}\"},\"query-input\":{\"@type\":\"PropertyValueSpecification\",\"valueRequired\":true,\"valueName\":\"search_term_string\"}}],\"inLanguage\":\"en-US\"}]}<\/script>\n<!-- \/ Yoast SEO plugin. -->","yoast_head_json":{"title":"Introduction \u00e0 l\u2019\u00e9lectronique organique 2 - ISTE Group","robots":{"index":"index","follow":"follow","max-snippet":"max-snippet:-1","max-image-preview":"max-image-preview:large","max-video-preview":"max-video-preview:-1"},"canonical":"https:\/\/www.istegroup.com\/en\/produit\/introduction-a-lelectronique-organique-2\/","og_locale":"en_US","og_type":"article","og_title":"Introduction \u00e0 l\u2019\u00e9lectronique organique 2 - ISTE Group","og_description":"Gr\u00e2ce \u00e0 leurs propri\u00e9t\u00e9s particuli\u00e8res, les semi-conducteurs organiques permettent d\u2019\u00e9laborer des dispositifs de grande surface et \u00e0 co\u00fbts r\u00e9duits, ouvrant la voie aux applications souples et nomades qui remplacent avantageusement celles r\u00e9alis\u00e9es avec les semi-conducteurs traditionnels. Dans ce second volume, les principales applications des semi-conducteurs organiques telles que les diodes \u00e9lectroluminescentes (OLED), les cellules solaires [&hellip;]","og_url":"https:\/\/www.istegroup.com\/en\/produit\/introduction-a-lelectronique-organique-2\/","og_site_name":"ISTE Group","article_modified_time":"2024-01-03T13:43:49+00:00","og_image":[{"width":300,"height":452,"url":"https:\/\/www.istegroup.com\/wp-content\/uploads\/2020\/08\/Introduction-\u00e0-l\u2019\u00e9lectronique-organique-2.jpg","type":"image\/jpeg"}],"twitter_card":"summary_large_image","twitter_misc":{"Est. reading time":"1 minute"},"schema":{"@context":"https:\/\/schema.org","@graph":[{"@type":"WebPage","@id":"https:\/\/www.istegroup.com\/en\/produit\/introduction-a-lelectronique-organique-2\/","url":"https:\/\/www.istegroup.com\/en\/produit\/introduction-a-lelectronique-organique-2\/","name":"Introduction \u00e0 l\u2019\u00e9lectronique organique 2 - ISTE Group","isPartOf":{"@id":"https:\/\/www.istegroup.com\/#website"},"primaryImageOfPage":{"@id":"https:\/\/www.istegroup.com\/en\/produit\/introduction-a-lelectronique-organique-2\/#primaryimage"},"image":{"@id":"https:\/\/www.istegroup.com\/en\/produit\/introduction-a-lelectronique-organique-2\/#primaryimage"},"thumbnailUrl":"https:\/\/www.istegroup.com\/wp-content\/uploads\/2020\/08\/Introduction-\u00e0-l\u2019\u00e9lectronique-organique-2.jpg","datePublished":"2021-02-26T10:30:45+00:00","dateModified":"2024-01-03T13:43:49+00:00","breadcrumb":{"@id":"https:\/\/www.istegroup.com\/en\/produit\/introduction-a-lelectronique-organique-2\/#breadcrumb"},"inLanguage":"en-US","potentialAction":[{"@type":"ReadAction","target":["https:\/\/www.istegroup.com\/en\/produit\/introduction-a-lelectronique-organique-2\/"]}]},{"@type":"ImageObject","inLanguage":"en-US","@id":"https:\/\/www.istegroup.com\/en\/produit\/introduction-a-lelectronique-organique-2\/#primaryimage","url":"https:\/\/www.istegroup.com\/wp-content\/uploads\/2020\/08\/Introduction-\u00e0-l\u2019\u00e9lectronique-organique-2.jpg","contentUrl":"https:\/\/www.istegroup.com\/wp-content\/uploads\/2020\/08\/Introduction-\u00e0-l\u2019\u00e9lectronique-organique-2.jpg","width":300,"height":452,"caption":"Livre Introduction \u00e0 l\u2019\u00e9lectronique organique 2"},{"@type":"BreadcrumbList","@id":"https:\/\/www.istegroup.com\/en\/produit\/introduction-a-lelectronique-organique-2\/#breadcrumb","itemListElement":[{"@type":"ListItem","position":1,"name":"Home","item":"https:\/\/www.istegroup.com\/"},{"@type":"ListItem","position":2,"name":"Shop","item":"https:\/\/www.istegroup.com\/fr\/nouveautes\/"},{"@type":"ListItem","position":3,"name":"Introduction \u00e0 l\u2019\u00e9lectronique organique 2"}]},{"@type":"WebSite","@id":"https:\/\/www.istegroup.com\/#website","url":"https:\/\/www.istegroup.com\/","name":"ISTE Group","description":"Publishing Knowledge","potentialAction":[{"@type":"SearchAction","target":{"@type":"EntryPoint","urlTemplate":"https:\/\/www.istegroup.com\/?s={search_term_string}"},"query-input":{"@type":"PropertyValueSpecification","valueRequired":true,"valueName":"search_term_string"}}],"inLanguage":"en-US"}]}},"_links":{"self":[{"href":"https:\/\/www.istegroup.com\/en\/wp-json\/wp\/v2\/product\/33245","targetHints":{"allow":["GET"]}}],"collection":[{"href":"https:\/\/www.istegroup.com\/en\/wp-json\/wp\/v2\/product"}],"about":[{"href":"https:\/\/www.istegroup.com\/en\/wp-json\/wp\/v2\/types\/product"}],"wp:featuredmedia":[{"embeddable":true,"href":"https:\/\/www.istegroup.com\/en\/wp-json\/wp\/v2\/media\/33252"}],"wp:attachment":[{"href":"https:\/\/www.istegroup.com\/en\/wp-json\/wp\/v2\/media?parent=33245"}],"wp:term":[{"taxonomy":"product_brand","embeddable":true,"href":"https:\/\/www.istegroup.com\/en\/wp-json\/wp\/v2\/product_brand?post=33245"},{"taxonomy":"product_cat","embeddable":true,"href":"https:\/\/www.istegroup.com\/en\/wp-json\/wp\/v2\/product_cat?post=33245"},{"taxonomy":"product_tag","embeddable":true,"href":"https:\/\/www.istegroup.com\/en\/wp-json\/wp\/v2\/product_tag?post=33245"}],"curies":[{"name":"wp","href":"https:\/\/api.w.org\/{rel}","templated":true}]}}