{"id":33224,"date":"2020-10-28T11:24:02","date_gmt":"2020-10-28T11:24:02","guid":{"rendered":"https:\/\/www.istegroup.com\/?post_type=product&#038;p=33224"},"modified":"2024-01-03T13:43:48","modified_gmt":"2024-01-03T13:43:48","slug":"les-nouveaux-territoires-de-la-sante","status":"publish","type":"product","link":"https:\/\/www.istegroup.com\/en\/produit\/les-nouveaux-territoires-de-la-sante\/","title":{"rendered":"Les nouveaux territoires de la sant\u00e9"},"content":{"rendered":"<p>Le domaine de la sant\u00e9 est marqu\u00e9 par de forts cloisonnements entre des structures qui attribuent \u00e0 chacune d\u2019entre elles des assignations \u00e0 r\u00e9sider dans des territoires bien d\u00e9finis. Cependant, un certain nombre d\u2019\u00e9volutions sont \u00e0 noter : la premi\u00e8re porte sur l\u2019existence d\u2019une perm\u00e9abilit\u00e9 entre ces territoires, la deuxi\u00e8me souligne la conqu\u00eate par la sant\u00e9 de nouveaux territoires sociaux et la troisi\u00e8me met en \u00e9vidence la place des territoires locaux au sein des politiques nationales de sant\u00e9.<\/p>\n<p><em>Les nouveaux territoires de la sant\u00e9<\/em> propose neuf contributions qui appr\u00e9hendent, \u00e0 partir de l\u2019analyse des logiques d\u2019acteurs, les rapports entre sant\u00e9 et territoires. Il offre des \u00e9clairages originaux, nourris par des \u00e9tudes approfondies, sur les multiples formes que rev\u00eat cette territorialisation : politique et institutionnelle, professionnelle et organisationnelle, publique et m\u00e9diatique.<\/p>\n<p>L\u2019ouvrage s\u2019adresse aux chercheurs, \u00e9tudiants et professionnels de la sant\u00e9 et de l\u2019information-communication.<\/p>\n","protected":false},"excerpt":{"rendered":"<p>Le domaine de la sant\u00e9 est marqu\u00e9 par de forts cloisonnements entre des structures qui attribuent \u00e0 chacune d\u2019entre elles des assignations \u00e0 r\u00e9sider dans des territoires bien d\u00e9finis. Cependant, un certain nombre d\u2019\u00e9volutions sont \u00e0 noter : la premi\u00e8re porte sur l\u2019existence d\u2019une perm\u00e9abilit\u00e9 entre ces territoires, la deuxi\u00e8me souligne la conqu\u00eate par la [&hellip;]<\/p>\n","protected":false},"featured_media":33235,"template":"","meta":{"_acf_changed":false,"_links_to":"","_links_to_target":""},"product_brand":[],"product_cat":[3262],"product_tag":[],"class_list":{"0":"post-33224","1":"product","2":"type-product","3":"status-publish","4":"has-post-thumbnail","6":"product_cat-non-classe","8":"first","9":"instock","10":"shipping-taxable","11":"purchasable","12":"product-type-variable"},"acf":[],"yoast_head":"<!-- This site is optimized with the Yoast SEO plugin v27.2 - https:\/\/yoast.com\/product\/yoast-seo-wordpress\/ -->\n<title>Les nouveaux territoires de la sant\u00e9 - ISTE Group<\/title>\n<meta name=\"description\" content=\"Les nouveaux territoires de la sant\u00e9 propose neuf contributions qui appr\u00e9hendent, \u00e0 partir de l\u2019analyse des logiques d\u2019acteurs, les rapports entre sant\u00e9 et territoires.\" \/>\n<meta name=\"robots\" content=\"index, follow, max-snippet:-1, max-image-preview:large, max-video-preview:-1\" \/>\n<link rel=\"canonical\" href=\"https:\/\/www.istegroup.com\/fr\/produit\/les-nouveaux-territoires-de-la-sante\/\" \/>\n<meta property=\"og:locale\" content=\"en_US\" \/>\n<meta property=\"og:type\" content=\"article\" \/>\n<meta property=\"og:title\" content=\"Les nouveaux territoires de la sant\u00e9 - ISTE Group\" \/>\n<meta property=\"og:description\" content=\"Les nouveaux territoires de la sant\u00e9 propose neuf contributions qui appr\u00e9hendent, \u00e0 partir de l\u2019analyse des logiques d\u2019acteurs, les rapports entre sant\u00e9 et territoires.\" \/>\n<meta property=\"og:url\" content=\"https:\/\/www.istegroup.com\/fr\/produit\/les-nouveaux-territoires-de-la-sante\/\" \/>\n<meta property=\"og:site_name\" content=\"ISTE Group\" \/>\n<meta property=\"article:modified_time\" content=\"2024-01-03T13:43:48+00:00\" \/>\n<meta property=\"og:image\" content=\"https:\/\/www.istegroup.com\/wp-content\/uploads\/2020\/08\/Les-nouveaux-territoires-de-la-sant\u00e9.jpg\" \/>\n\t<meta property=\"og:image:width\" content=\"300\" \/>\n\t<meta property=\"og:image:height\" content=\"453\" \/>\n\t<meta property=\"og:image:type\" content=\"image\/jpeg\" \/>\n<meta name=\"twitter:card\" content=\"summary_large_image\" \/>\n<meta name=\"twitter:label1\" content=\"Est. reading time\" \/>\n\t<meta name=\"twitter:data1\" content=\"1 minute\" \/>\n<script type=\"application\/ld+json\" class=\"yoast-schema-graph\">{\"@context\":\"https:\/\/schema.org\",\"@graph\":[{\"@type\":\"WebPage\",\"@id\":\"https:\/\/www.istegroup.com\/fr\/produit\/les-nouveaux-territoires-de-la-sante\/\",\"url\":\"https:\/\/www.istegroup.com\/fr\/produit\/les-nouveaux-territoires-de-la-sante\/\",\"name\":\"Les nouveaux territoires de la sant\u00e9 - ISTE Group\",\"isPartOf\":{\"@id\":\"https:\/\/www.istegroup.com\/#website\"},\"primaryImageOfPage\":{\"@id\":\"https:\/\/www.istegroup.com\/fr\/produit\/les-nouveaux-territoires-de-la-sante\/#primaryimage\"},\"image\":{\"@id\":\"https:\/\/www.istegroup.com\/fr\/produit\/les-nouveaux-territoires-de-la-sante\/#primaryimage\"},\"thumbnailUrl\":\"https:\/\/www.istegroup.com\/wp-content\/uploads\/2020\/08\/Les-nouveaux-territoires-de-la-sant\u00e9.jpg\",\"datePublished\":\"2020-10-28T11:24:02+00:00\",\"dateModified\":\"2024-01-03T13:43:48+00:00\",\"description\":\"Les nouveaux territoires de la sant\u00e9 propose neuf contributions qui appr\u00e9hendent, \u00e0 partir de l\u2019analyse des logiques d\u2019acteurs, les rapports entre sant\u00e9 et territoires.\",\"breadcrumb\":{\"@id\":\"https:\/\/www.istegroup.com\/fr\/produit\/les-nouveaux-territoires-de-la-sante\/#breadcrumb\"},\"inLanguage\":\"en-US\",\"potentialAction\":[{\"@type\":\"ReadAction\",\"target\":[\"https:\/\/www.istegroup.com\/fr\/produit\/les-nouveaux-territoires-de-la-sante\/\"]}]},{\"@type\":\"ImageObject\",\"inLanguage\":\"en-US\",\"@id\":\"https:\/\/www.istegroup.com\/fr\/produit\/les-nouveaux-territoires-de-la-sante\/#primaryimage\",\"url\":\"https:\/\/www.istegroup.com\/wp-content\/uploads\/2020\/08\/Les-nouveaux-territoires-de-la-sant\u00e9.jpg\",\"contentUrl\":\"https:\/\/www.istegroup.com\/wp-content\/uploads\/2020\/08\/Les-nouveaux-territoires-de-la-sant\u00e9.jpg\",\"width\":300,\"height\":453,\"caption\":\"Livre Les nouveaux territoires de la sant\u00e9 - Isabelle Pailliart\"},{\"@type\":\"BreadcrumbList\",\"@id\":\"https:\/\/www.istegroup.com\/fr\/produit\/les-nouveaux-territoires-de-la-sante\/#breadcrumb\",\"itemListElement\":[{\"@type\":\"ListItem\",\"position\":1,\"name\":\"Home\",\"item\":\"https:\/\/www.istegroup.com\/\"},{\"@type\":\"ListItem\",\"position\":2,\"name\":\"Shop\",\"item\":\"https:\/\/www.istegroup.com\/fr\/nouveautes\/\"},{\"@type\":\"ListItem\",\"position\":3,\"name\":\"Les nouveaux territoires de la sant\u00e9\"}]},{\"@type\":\"WebSite\",\"@id\":\"https:\/\/www.istegroup.com\/#website\",\"url\":\"https:\/\/www.istegroup.com\/\",\"name\":\"ISTE Group\",\"description\":\"Publishing Knowledge\",\"potentialAction\":[{\"@type\":\"SearchAction\",\"target\":{\"@type\":\"EntryPoint\",\"urlTemplate\":\"https:\/\/www.istegroup.com\/?s={search_term_string}\"},\"query-input\":{\"@type\":\"PropertyValueSpecification\",\"valueRequired\":true,\"valueName\":\"search_term_string\"}}],\"inLanguage\":\"en-US\"}]}<\/script>\n<!-- \/ Yoast SEO plugin. -->","yoast_head_json":{"title":"Les nouveaux territoires de la sant\u00e9 - ISTE Group","description":"Les nouveaux territoires de la sant\u00e9 propose neuf contributions qui appr\u00e9hendent, \u00e0 partir de l\u2019analyse des logiques d\u2019acteurs, les rapports entre sant\u00e9 et territoires.","robots":{"index":"index","follow":"follow","max-snippet":"max-snippet:-1","max-image-preview":"max-image-preview:large","max-video-preview":"max-video-preview:-1"},"canonical":"https:\/\/www.istegroup.com\/fr\/produit\/les-nouveaux-territoires-de-la-sante\/","og_locale":"en_US","og_type":"article","og_title":"Les nouveaux territoires de la sant\u00e9 - ISTE Group","og_description":"Les nouveaux territoires de la sant\u00e9 propose neuf contributions qui appr\u00e9hendent, \u00e0 partir de l\u2019analyse des logiques d\u2019acteurs, les rapports entre sant\u00e9 et territoires.","og_url":"https:\/\/www.istegroup.com\/fr\/produit\/les-nouveaux-territoires-de-la-sante\/","og_site_name":"ISTE Group","article_modified_time":"2024-01-03T13:43:48+00:00","og_image":[{"width":300,"height":453,"url":"https:\/\/www.istegroup.com\/wp-content\/uploads\/2020\/08\/Les-nouveaux-territoires-de-la-sant\u00e9.jpg","type":"image\/jpeg"}],"twitter_card":"summary_large_image","twitter_misc":{"Est. reading time":"1 minute"},"schema":{"@context":"https:\/\/schema.org","@graph":[{"@type":"WebPage","@id":"https:\/\/www.istegroup.com\/fr\/produit\/les-nouveaux-territoires-de-la-sante\/","url":"https:\/\/www.istegroup.com\/fr\/produit\/les-nouveaux-territoires-de-la-sante\/","name":"Les nouveaux territoires de la sant\u00e9 - ISTE Group","isPartOf":{"@id":"https:\/\/www.istegroup.com\/#website"},"primaryImageOfPage":{"@id":"https:\/\/www.istegroup.com\/fr\/produit\/les-nouveaux-territoires-de-la-sante\/#primaryimage"},"image":{"@id":"https:\/\/www.istegroup.com\/fr\/produit\/les-nouveaux-territoires-de-la-sante\/#primaryimage"},"thumbnailUrl":"https:\/\/www.istegroup.com\/wp-content\/uploads\/2020\/08\/Les-nouveaux-territoires-de-la-sant\u00e9.jpg","datePublished":"2020-10-28T11:24:02+00:00","dateModified":"2024-01-03T13:43:48+00:00","description":"Les nouveaux territoires de la sant\u00e9 propose neuf contributions qui appr\u00e9hendent, \u00e0 partir de l\u2019analyse des logiques d\u2019acteurs, les rapports entre sant\u00e9 et territoires.","breadcrumb":{"@id":"https:\/\/www.istegroup.com\/fr\/produit\/les-nouveaux-territoires-de-la-sante\/#breadcrumb"},"inLanguage":"en-US","potentialAction":[{"@type":"ReadAction","target":["https:\/\/www.istegroup.com\/fr\/produit\/les-nouveaux-territoires-de-la-sante\/"]}]},{"@type":"ImageObject","inLanguage":"en-US","@id":"https:\/\/www.istegroup.com\/fr\/produit\/les-nouveaux-territoires-de-la-sante\/#primaryimage","url":"https:\/\/www.istegroup.com\/wp-content\/uploads\/2020\/08\/Les-nouveaux-territoires-de-la-sant\u00e9.jpg","contentUrl":"https:\/\/www.istegroup.com\/wp-content\/uploads\/2020\/08\/Les-nouveaux-territoires-de-la-sant\u00e9.jpg","width":300,"height":453,"caption":"Livre Les nouveaux territoires de la sant\u00e9 - Isabelle Pailliart"},{"@type":"BreadcrumbList","@id":"https:\/\/www.istegroup.com\/fr\/produit\/les-nouveaux-territoires-de-la-sante\/#breadcrumb","itemListElement":[{"@type":"ListItem","position":1,"name":"Home","item":"https:\/\/www.istegroup.com\/"},{"@type":"ListItem","position":2,"name":"Shop","item":"https:\/\/www.istegroup.com\/fr\/nouveautes\/"},{"@type":"ListItem","position":3,"name":"Les nouveaux territoires de la sant\u00e9"}]},{"@type":"WebSite","@id":"https:\/\/www.istegroup.com\/#website","url":"https:\/\/www.istegroup.com\/","name":"ISTE Group","description":"Publishing Knowledge","potentialAction":[{"@type":"SearchAction","target":{"@type":"EntryPoint","urlTemplate":"https:\/\/www.istegroup.com\/?s={search_term_string}"},"query-input":{"@type":"PropertyValueSpecification","valueRequired":true,"valueName":"search_term_string"}}],"inLanguage":"en-US"}]}},"_links":{"self":[{"href":"https:\/\/www.istegroup.com\/en\/wp-json\/wp\/v2\/product\/33224","targetHints":{"allow":["GET"]}}],"collection":[{"href":"https:\/\/www.istegroup.com\/en\/wp-json\/wp\/v2\/product"}],"about":[{"href":"https:\/\/www.istegroup.com\/en\/wp-json\/wp\/v2\/types\/product"}],"wp:featuredmedia":[{"embeddable":true,"href":"https:\/\/www.istegroup.com\/en\/wp-json\/wp\/v2\/media\/33235"}],"wp:attachment":[{"href":"https:\/\/www.istegroup.com\/en\/wp-json\/wp\/v2\/media?parent=33224"}],"wp:term":[{"taxonomy":"product_brand","embeddable":true,"href":"https:\/\/www.istegroup.com\/en\/wp-json\/wp\/v2\/product_brand?post=33224"},{"taxonomy":"product_cat","embeddable":true,"href":"https:\/\/www.istegroup.com\/en\/wp-json\/wp\/v2\/product_cat?post=33224"},{"taxonomy":"product_tag","embeddable":true,"href":"https:\/\/www.istegroup.com\/en\/wp-json\/wp\/v2\/product_tag?post=33224"}],"curies":[{"name":"wp","href":"https:\/\/api.w.org\/{rel}","templated":true}]}}