{"id":33166,"date":"2020-12-05T10:18:21","date_gmt":"2020-12-05T10:18:21","guid":{"rendered":"https:\/\/www.istegroup.com\/?post_type=product&#038;p=33166"},"modified":"2024-01-03T13:43:48","modified_gmt":"2024-01-03T13:43:48","slug":"communications-numeriques-2","status":"publish","type":"product","link":"https:\/\/www.istegroup.com\/en\/produit\/communications-numeriques-2\/","title":{"rendered":"Communications num\u00e9riques 2"},"content":{"rendered":"<p>Cet ouvrage didactique offre un ensemble riche et diversifi\u00e9 de travaux dirig\u00e9s et pratiques sur les communications num\u00e9riques.<\/p>\n<p>Une premi\u00e8re partie, compos\u00e9e d\u2019une trentaine de travaux dirig\u00e9s, \u00e9tudie la th\u00e9orie de l\u2019information et des communications avec modulations num\u00e9riques de porteuses. Les probl\u00e8mes autonomes \u00e0 difficult\u00e9 variable sont structur\u00e9s en \u00e9nonc\u00e9s complets, suivis des solutions explicites \u00e0 chacune des questions. Une seconde partie pr\u00e9sente cinq travaux pratiques qui traitent particuli\u00e8rement des mesures de base sur les c\u00e2bles de transmission, de la conception en simulation logicielle de modems, de l\u2019utilisation effective de modules \u00e9lectroniques et des fonctions de base dans la construction des syst\u00e8mes de communication.<\/p>\n<p><em>Communications num\u00e9riques 2<\/em> permet de comprendre progressivement et en profondeur l\u2019essentiel de ce domaine et d\u2019acqu\u00e9rir les comp\u00e9tences industrielles n\u00e9cessaires.<\/p>\n","protected":false},"excerpt":{"rendered":"<p>Cet ouvrage didactique offre un ensemble riche et diversifi\u00e9 de travaux dirig\u00e9s et pratiques sur les communications num\u00e9riques. Une premi\u00e8re partie, compos\u00e9e d\u2019une trentaine de travaux dirig\u00e9s, \u00e9tudie la th\u00e9orie de l\u2019information et des communications avec modulations num\u00e9riques de porteuses. Les probl\u00e8mes autonomes \u00e0 difficult\u00e9 variable sont structur\u00e9s en \u00e9nonc\u00e9s complets, suivis des solutions explicites [&hellip;]<\/p>\n","protected":false},"featured_media":33172,"template":"","meta":{"_acf_changed":false,"_links_to":"","_links_to_target":""},"product_brand":[],"product_cat":[3262],"product_tag":[],"class_list":{"0":"post-33166","1":"product","2":"type-product","3":"status-publish","4":"has-post-thumbnail","6":"product_cat-non-classe","8":"first","9":"instock","10":"shipping-taxable","11":"purchasable","12":"product-type-variable"},"acf":[],"yoast_head":"<!-- This site is optimized with the Yoast SEO plugin v27.2 - https:\/\/yoast.com\/product\/yoast-seo-wordpress\/ -->\n<title>Communications num\u00e9riques 2 - ISTE Group<\/title>\n<meta name=\"description\" content=\"Cet ouvrage didactique offre un ensemble riche et diversifi\u00e9 de travaux dirig\u00e9s et pratiques sur les communications num\u00e9riques.\" \/>\n<meta name=\"robots\" content=\"index, follow, max-snippet:-1, max-image-preview:large, max-video-preview:-1\" \/>\n<link rel=\"canonical\" href=\"https:\/\/www.istegroup.com\/fr\/produit\/communications-numeriques-2\/\" \/>\n<meta property=\"og:locale\" content=\"en_US\" \/>\n<meta property=\"og:type\" content=\"article\" \/>\n<meta property=\"og:title\" content=\"Communications num\u00e9riques 2 - ISTE Group\" \/>\n<meta property=\"og:description\" content=\"Cet ouvrage didactique offre un ensemble riche et diversifi\u00e9 de travaux dirig\u00e9s et pratiques sur les communications num\u00e9riques.\" \/>\n<meta property=\"og:url\" content=\"https:\/\/www.istegroup.com\/fr\/produit\/communications-numeriques-2\/\" \/>\n<meta property=\"og:site_name\" content=\"ISTE Group\" \/>\n<meta property=\"article:modified_time\" content=\"2024-01-03T13:43:48+00:00\" \/>\n<meta property=\"og:image\" content=\"https:\/\/www.istegroup.com\/wp-content\/uploads\/2020\/07\/Communications-num\u00e9riques-2.jpg\" \/>\n\t<meta property=\"og:image:width\" content=\"300\" \/>\n\t<meta property=\"og:image:height\" content=\"452\" \/>\n\t<meta property=\"og:image:type\" content=\"image\/jpeg\" \/>\n<meta name=\"twitter:card\" content=\"summary_large_image\" \/>\n<meta name=\"twitter:label1\" content=\"Est. reading time\" \/>\n\t<meta name=\"twitter:data1\" content=\"1 minute\" \/>\n<script type=\"application\/ld+json\" class=\"yoast-schema-graph\">{\"@context\":\"https:\/\/schema.org\",\"@graph\":[{\"@type\":\"WebPage\",\"@id\":\"https:\/\/www.istegroup.com\/fr\/produit\/communications-numeriques-2\/\",\"url\":\"https:\/\/www.istegroup.com\/fr\/produit\/communications-numeriques-2\/\",\"name\":\"Communications num\u00e9riques 2 - ISTE Group\",\"isPartOf\":{\"@id\":\"https:\/\/www.istegroup.com\/#website\"},\"primaryImageOfPage\":{\"@id\":\"https:\/\/www.istegroup.com\/fr\/produit\/communications-numeriques-2\/#primaryimage\"},\"image\":{\"@id\":\"https:\/\/www.istegroup.com\/fr\/produit\/communications-numeriques-2\/#primaryimage\"},\"thumbnailUrl\":\"https:\/\/www.istegroup.com\/wp-content\/uploads\/2020\/07\/Communications-num\u00e9riques-2.jpg\",\"datePublished\":\"2020-12-05T10:18:21+00:00\",\"dateModified\":\"2024-01-03T13:43:48+00:00\",\"description\":\"Cet ouvrage didactique offre un ensemble riche et diversifi\u00e9 de travaux dirig\u00e9s et pratiques sur les communications num\u00e9riques.\",\"breadcrumb\":{\"@id\":\"https:\/\/www.istegroup.com\/fr\/produit\/communications-numeriques-2\/#breadcrumb\"},\"inLanguage\":\"en-US\",\"potentialAction\":[{\"@type\":\"ReadAction\",\"target\":[\"https:\/\/www.istegroup.com\/fr\/produit\/communications-numeriques-2\/\"]}]},{\"@type\":\"ImageObject\",\"inLanguage\":\"en-US\",\"@id\":\"https:\/\/www.istegroup.com\/fr\/produit\/communications-numeriques-2\/#primaryimage\",\"url\":\"https:\/\/www.istegroup.com\/wp-content\/uploads\/2020\/07\/Communications-num\u00e9riques-2.jpg\",\"contentUrl\":\"https:\/\/www.istegroup.com\/wp-content\/uploads\/2020\/07\/Communications-num\u00e9riques-2.jpg\",\"width\":300,\"height\":452,\"caption\":\"Livre Communications num\u00e9riques 2 - Safwan El Assad, Dominique Barba\"},{\"@type\":\"BreadcrumbList\",\"@id\":\"https:\/\/www.istegroup.com\/fr\/produit\/communications-numeriques-2\/#breadcrumb\",\"itemListElement\":[{\"@type\":\"ListItem\",\"position\":1,\"name\":\"Home\",\"item\":\"https:\/\/www.istegroup.com\/\"},{\"@type\":\"ListItem\",\"position\":2,\"name\":\"Shop\",\"item\":\"https:\/\/www.istegroup.com\/fr\/nouveautes\/\"},{\"@type\":\"ListItem\",\"position\":3,\"name\":\"Communications num\u00e9riques 2\"}]},{\"@type\":\"WebSite\",\"@id\":\"https:\/\/www.istegroup.com\/#website\",\"url\":\"https:\/\/www.istegroup.com\/\",\"name\":\"ISTE Group\",\"description\":\"Publishing Knowledge\",\"potentialAction\":[{\"@type\":\"SearchAction\",\"target\":{\"@type\":\"EntryPoint\",\"urlTemplate\":\"https:\/\/www.istegroup.com\/?s={search_term_string}\"},\"query-input\":{\"@type\":\"PropertyValueSpecification\",\"valueRequired\":true,\"valueName\":\"search_term_string\"}}],\"inLanguage\":\"en-US\"}]}<\/script>\n<!-- \/ Yoast SEO plugin. -->","yoast_head_json":{"title":"Communications num\u00e9riques 2 - ISTE Group","description":"Cet ouvrage didactique offre un ensemble riche et diversifi\u00e9 de travaux dirig\u00e9s et pratiques sur les communications num\u00e9riques.","robots":{"index":"index","follow":"follow","max-snippet":"max-snippet:-1","max-image-preview":"max-image-preview:large","max-video-preview":"max-video-preview:-1"},"canonical":"https:\/\/www.istegroup.com\/fr\/produit\/communications-numeriques-2\/","og_locale":"en_US","og_type":"article","og_title":"Communications num\u00e9riques 2 - ISTE Group","og_description":"Cet ouvrage didactique offre un ensemble riche et diversifi\u00e9 de travaux dirig\u00e9s et pratiques sur les communications num\u00e9riques.","og_url":"https:\/\/www.istegroup.com\/fr\/produit\/communications-numeriques-2\/","og_site_name":"ISTE Group","article_modified_time":"2024-01-03T13:43:48+00:00","og_image":[{"width":300,"height":452,"url":"https:\/\/www.istegroup.com\/wp-content\/uploads\/2020\/07\/Communications-num\u00e9riques-2.jpg","type":"image\/jpeg"}],"twitter_card":"summary_large_image","twitter_misc":{"Est. reading time":"1 minute"},"schema":{"@context":"https:\/\/schema.org","@graph":[{"@type":"WebPage","@id":"https:\/\/www.istegroup.com\/fr\/produit\/communications-numeriques-2\/","url":"https:\/\/www.istegroup.com\/fr\/produit\/communications-numeriques-2\/","name":"Communications num\u00e9riques 2 - ISTE Group","isPartOf":{"@id":"https:\/\/www.istegroup.com\/#website"},"primaryImageOfPage":{"@id":"https:\/\/www.istegroup.com\/fr\/produit\/communications-numeriques-2\/#primaryimage"},"image":{"@id":"https:\/\/www.istegroup.com\/fr\/produit\/communications-numeriques-2\/#primaryimage"},"thumbnailUrl":"https:\/\/www.istegroup.com\/wp-content\/uploads\/2020\/07\/Communications-num\u00e9riques-2.jpg","datePublished":"2020-12-05T10:18:21+00:00","dateModified":"2024-01-03T13:43:48+00:00","description":"Cet ouvrage didactique offre un ensemble riche et diversifi\u00e9 de travaux dirig\u00e9s et pratiques sur les communications num\u00e9riques.","breadcrumb":{"@id":"https:\/\/www.istegroup.com\/fr\/produit\/communications-numeriques-2\/#breadcrumb"},"inLanguage":"en-US","potentialAction":[{"@type":"ReadAction","target":["https:\/\/www.istegroup.com\/fr\/produit\/communications-numeriques-2\/"]}]},{"@type":"ImageObject","inLanguage":"en-US","@id":"https:\/\/www.istegroup.com\/fr\/produit\/communications-numeriques-2\/#primaryimage","url":"https:\/\/www.istegroup.com\/wp-content\/uploads\/2020\/07\/Communications-num\u00e9riques-2.jpg","contentUrl":"https:\/\/www.istegroup.com\/wp-content\/uploads\/2020\/07\/Communications-num\u00e9riques-2.jpg","width":300,"height":452,"caption":"Livre Communications num\u00e9riques 2 - Safwan El Assad, Dominique Barba"},{"@type":"BreadcrumbList","@id":"https:\/\/www.istegroup.com\/fr\/produit\/communications-numeriques-2\/#breadcrumb","itemListElement":[{"@type":"ListItem","position":1,"name":"Home","item":"https:\/\/www.istegroup.com\/"},{"@type":"ListItem","position":2,"name":"Shop","item":"https:\/\/www.istegroup.com\/fr\/nouveautes\/"},{"@type":"ListItem","position":3,"name":"Communications num\u00e9riques 2"}]},{"@type":"WebSite","@id":"https:\/\/www.istegroup.com\/#website","url":"https:\/\/www.istegroup.com\/","name":"ISTE Group","description":"Publishing Knowledge","potentialAction":[{"@type":"SearchAction","target":{"@type":"EntryPoint","urlTemplate":"https:\/\/www.istegroup.com\/?s={search_term_string}"},"query-input":{"@type":"PropertyValueSpecification","valueRequired":true,"valueName":"search_term_string"}}],"inLanguage":"en-US"}]}},"_links":{"self":[{"href":"https:\/\/www.istegroup.com\/en\/wp-json\/wp\/v2\/product\/33166","targetHints":{"allow":["GET"]}}],"collection":[{"href":"https:\/\/www.istegroup.com\/en\/wp-json\/wp\/v2\/product"}],"about":[{"href":"https:\/\/www.istegroup.com\/en\/wp-json\/wp\/v2\/types\/product"}],"wp:featuredmedia":[{"embeddable":true,"href":"https:\/\/www.istegroup.com\/en\/wp-json\/wp\/v2\/media\/33172"}],"wp:attachment":[{"href":"https:\/\/www.istegroup.com\/en\/wp-json\/wp\/v2\/media?parent=33166"}],"wp:term":[{"taxonomy":"product_brand","embeddable":true,"href":"https:\/\/www.istegroup.com\/en\/wp-json\/wp\/v2\/product_brand?post=33166"},{"taxonomy":"product_cat","embeddable":true,"href":"https:\/\/www.istegroup.com\/en\/wp-json\/wp\/v2\/product_cat?post=33166"},{"taxonomy":"product_tag","embeddable":true,"href":"https:\/\/www.istegroup.com\/en\/wp-json\/wp\/v2\/product_tag?post=33166"}],"curies":[{"name":"wp","href":"https:\/\/api.w.org\/{rel}","templated":true}]}}