{"id":33155,"date":"2020-12-05T10:17:28","date_gmt":"2020-12-05T10:17:28","guid":{"rendered":"https:\/\/www.istegroup.com\/?post_type=product&#038;p=33155"},"modified":"2024-01-03T13:43:48","modified_gmt":"2024-01-03T13:43:48","slug":"communications-numeriques-1","status":"publish","type":"product","link":"https:\/\/www.istegroup.com\/en\/produit\/communications-numeriques-1\/","title":{"rendered":"Communications num\u00e9riques 1"},"content":{"rendered":"<p>Cet ouvrage didactique analyse les fondements et les techniques sur lesquels s\u2019appuient les syst\u00e8mes modernes de communications num\u00e9riques.<\/p>\n<p>Il examine tout d\u2019abord les \u00e9l\u00e9ments de la th\u00e9orie de l\u2019information, comme la mesure de l\u2019information d\u2019une source discr\u00e8te et la capacit\u00e9 d\u2019un canal, le codage de source pour canaux sans perturbations ou la protection de l\u2019information pour transmission sur canaux avec perturbations. Il traite ensuite des transmissions num\u00e9riques en bande de base : les codes en ligne avec leurs propri\u00e9t\u00e9s spectrales, les transmissions en bande de base avec le concept d\u2019\u00e9galisation et l\u2019\u00e9valuation syst\u00e9matique des performances. Il pr\u00e9sente enfin les communications avec divers types de modulations num\u00e9riques de porteuses en montrant leurs liens \u00e9troits avec les communications en bande de base.<\/p>\n<p>De nombreux probl\u00e8mes avec solutions d\u00e9taill\u00e9es et des travaux pratiques viennent illustrer divers aspects techniques de mise en oeuvre des th\u00e9ories \u00e9tudi\u00e9es.<\/p>\n","protected":false},"excerpt":{"rendered":"<p>Cet ouvrage didactique analyse les fondements et les techniques sur lesquels s\u2019appuient les syst\u00e8mes modernes de communications num\u00e9riques. Il examine tout d\u2019abord les \u00e9l\u00e9ments de la th\u00e9orie de l\u2019information, comme la mesure de l\u2019information d\u2019une source discr\u00e8te et la capacit\u00e9 d\u2019un canal, le codage de source pour canaux sans perturbations ou la protection de l\u2019information [&hellip;]<\/p>\n","protected":false},"featured_media":33165,"template":"","meta":{"_acf_changed":false,"_links_to":"","_links_to_target":""},"product_brand":[],"product_cat":[3262],"product_tag":[],"class_list":{"0":"post-33155","1":"product","2":"type-product","3":"status-publish","4":"has-post-thumbnail","6":"product_cat-non-classe","8":"first","9":"instock","10":"shipping-taxable","11":"purchasable","12":"product-type-variable"},"acf":[],"yoast_head":"<!-- This site is optimized with the Yoast SEO plugin v27.2 - https:\/\/yoast.com\/product\/yoast-seo-wordpress\/ -->\n<title>Communications num\u00e9riques 1 - ISTE Group<\/title>\n<meta name=\"description\" content=\"Cet ouvrage didactique analyse les fondements et les techniques sur lesquels s\u2019appuient les syst\u00e8mes modernes de communications num\u00e9riques.\" \/>\n<meta name=\"robots\" content=\"index, follow, max-snippet:-1, max-image-preview:large, max-video-preview:-1\" \/>\n<link rel=\"canonical\" href=\"https:\/\/www.istegroup.com\/fr\/produit\/communications-numeriques-1\/\" \/>\n<meta property=\"og:locale\" content=\"en_US\" \/>\n<meta property=\"og:type\" content=\"article\" \/>\n<meta property=\"og:title\" content=\"Communications num\u00e9riques 1 - ISTE Group\" \/>\n<meta property=\"og:description\" content=\"Cet ouvrage didactique analyse les fondements et les techniques sur lesquels s\u2019appuient les syst\u00e8mes modernes de communications num\u00e9riques.\" \/>\n<meta property=\"og:url\" content=\"https:\/\/www.istegroup.com\/fr\/produit\/communications-numeriques-1\/\" \/>\n<meta property=\"og:site_name\" content=\"ISTE Group\" \/>\n<meta property=\"article:modified_time\" content=\"2024-01-03T13:43:48+00:00\" \/>\n<meta property=\"og:image\" content=\"https:\/\/www.istegroup.com\/wp-content\/uploads\/2020\/07\/Communications-num\u00e9riques-1.jpg\" \/>\n\t<meta property=\"og:image:width\" content=\"300\" \/>\n\t<meta property=\"og:image:height\" content=\"452\" \/>\n\t<meta property=\"og:image:type\" content=\"image\/jpeg\" \/>\n<meta name=\"twitter:card\" content=\"summary_large_image\" \/>\n<meta name=\"twitter:label1\" content=\"Est. reading time\" \/>\n\t<meta name=\"twitter:data1\" content=\"1 minute\" \/>\n<script type=\"application\/ld+json\" class=\"yoast-schema-graph\">{\"@context\":\"https:\/\/schema.org\",\"@graph\":[{\"@type\":\"WebPage\",\"@id\":\"https:\/\/www.istegroup.com\/fr\/produit\/communications-numeriques-1\/\",\"url\":\"https:\/\/www.istegroup.com\/fr\/produit\/communications-numeriques-1\/\",\"name\":\"Communications num\u00e9riques 1 - ISTE Group\",\"isPartOf\":{\"@id\":\"https:\/\/www.istegroup.com\/#website\"},\"primaryImageOfPage\":{\"@id\":\"https:\/\/www.istegroup.com\/fr\/produit\/communications-numeriques-1\/#primaryimage\"},\"image\":{\"@id\":\"https:\/\/www.istegroup.com\/fr\/produit\/communications-numeriques-1\/#primaryimage\"},\"thumbnailUrl\":\"https:\/\/www.istegroup.com\/wp-content\/uploads\/2020\/07\/Communications-num\u00e9riques-1.jpg\",\"datePublished\":\"2020-12-05T10:17:28+00:00\",\"dateModified\":\"2024-01-03T13:43:48+00:00\",\"description\":\"Cet ouvrage didactique analyse les fondements et les techniques sur lesquels s\u2019appuient les syst\u00e8mes modernes de communications num\u00e9riques.\",\"breadcrumb\":{\"@id\":\"https:\/\/www.istegroup.com\/fr\/produit\/communications-numeriques-1\/#breadcrumb\"},\"inLanguage\":\"en-US\",\"potentialAction\":[{\"@type\":\"ReadAction\",\"target\":[\"https:\/\/www.istegroup.com\/fr\/produit\/communications-numeriques-1\/\"]}]},{\"@type\":\"ImageObject\",\"inLanguage\":\"en-US\",\"@id\":\"https:\/\/www.istegroup.com\/fr\/produit\/communications-numeriques-1\/#primaryimage\",\"url\":\"https:\/\/www.istegroup.com\/wp-content\/uploads\/2020\/07\/Communications-num\u00e9riques-1.jpg\",\"contentUrl\":\"https:\/\/www.istegroup.com\/wp-content\/uploads\/2020\/07\/Communications-num\u00e9riques-1.jpg\",\"width\":300,\"height\":452,\"caption\":\"Livre Communications num\u00e9riques 1 - Safwan El Assad, Dominique Barba\"},{\"@type\":\"BreadcrumbList\",\"@id\":\"https:\/\/www.istegroup.com\/fr\/produit\/communications-numeriques-1\/#breadcrumb\",\"itemListElement\":[{\"@type\":\"ListItem\",\"position\":1,\"name\":\"Home\",\"item\":\"https:\/\/www.istegroup.com\/\"},{\"@type\":\"ListItem\",\"position\":2,\"name\":\"Shop\",\"item\":\"https:\/\/www.istegroup.com\/fr\/nouveautes\/\"},{\"@type\":\"ListItem\",\"position\":3,\"name\":\"Communications num\u00e9riques 1\"}]},{\"@type\":\"WebSite\",\"@id\":\"https:\/\/www.istegroup.com\/#website\",\"url\":\"https:\/\/www.istegroup.com\/\",\"name\":\"ISTE Group\",\"description\":\"Publishing Knowledge\",\"potentialAction\":[{\"@type\":\"SearchAction\",\"target\":{\"@type\":\"EntryPoint\",\"urlTemplate\":\"https:\/\/www.istegroup.com\/?s={search_term_string}\"},\"query-input\":{\"@type\":\"PropertyValueSpecification\",\"valueRequired\":true,\"valueName\":\"search_term_string\"}}],\"inLanguage\":\"en-US\"}]}<\/script>\n<!-- \/ Yoast SEO plugin. -->","yoast_head_json":{"title":"Communications num\u00e9riques 1 - ISTE Group","description":"Cet ouvrage didactique analyse les fondements et les techniques sur lesquels s\u2019appuient les syst\u00e8mes modernes de communications num\u00e9riques.","robots":{"index":"index","follow":"follow","max-snippet":"max-snippet:-1","max-image-preview":"max-image-preview:large","max-video-preview":"max-video-preview:-1"},"canonical":"https:\/\/www.istegroup.com\/fr\/produit\/communications-numeriques-1\/","og_locale":"en_US","og_type":"article","og_title":"Communications num\u00e9riques 1 - ISTE Group","og_description":"Cet ouvrage didactique analyse les fondements et les techniques sur lesquels s\u2019appuient les syst\u00e8mes modernes de communications num\u00e9riques.","og_url":"https:\/\/www.istegroup.com\/fr\/produit\/communications-numeriques-1\/","og_site_name":"ISTE Group","article_modified_time":"2024-01-03T13:43:48+00:00","og_image":[{"width":300,"height":452,"url":"https:\/\/www.istegroup.com\/wp-content\/uploads\/2020\/07\/Communications-num\u00e9riques-1.jpg","type":"image\/jpeg"}],"twitter_card":"summary_large_image","twitter_misc":{"Est. reading time":"1 minute"},"schema":{"@context":"https:\/\/schema.org","@graph":[{"@type":"WebPage","@id":"https:\/\/www.istegroup.com\/fr\/produit\/communications-numeriques-1\/","url":"https:\/\/www.istegroup.com\/fr\/produit\/communications-numeriques-1\/","name":"Communications num\u00e9riques 1 - ISTE Group","isPartOf":{"@id":"https:\/\/www.istegroup.com\/#website"},"primaryImageOfPage":{"@id":"https:\/\/www.istegroup.com\/fr\/produit\/communications-numeriques-1\/#primaryimage"},"image":{"@id":"https:\/\/www.istegroup.com\/fr\/produit\/communications-numeriques-1\/#primaryimage"},"thumbnailUrl":"https:\/\/www.istegroup.com\/wp-content\/uploads\/2020\/07\/Communications-num\u00e9riques-1.jpg","datePublished":"2020-12-05T10:17:28+00:00","dateModified":"2024-01-03T13:43:48+00:00","description":"Cet ouvrage didactique analyse les fondements et les techniques sur lesquels s\u2019appuient les syst\u00e8mes modernes de communications num\u00e9riques.","breadcrumb":{"@id":"https:\/\/www.istegroup.com\/fr\/produit\/communications-numeriques-1\/#breadcrumb"},"inLanguage":"en-US","potentialAction":[{"@type":"ReadAction","target":["https:\/\/www.istegroup.com\/fr\/produit\/communications-numeriques-1\/"]}]},{"@type":"ImageObject","inLanguage":"en-US","@id":"https:\/\/www.istegroup.com\/fr\/produit\/communications-numeriques-1\/#primaryimage","url":"https:\/\/www.istegroup.com\/wp-content\/uploads\/2020\/07\/Communications-num\u00e9riques-1.jpg","contentUrl":"https:\/\/www.istegroup.com\/wp-content\/uploads\/2020\/07\/Communications-num\u00e9riques-1.jpg","width":300,"height":452,"caption":"Livre Communications num\u00e9riques 1 - Safwan El Assad, Dominique Barba"},{"@type":"BreadcrumbList","@id":"https:\/\/www.istegroup.com\/fr\/produit\/communications-numeriques-1\/#breadcrumb","itemListElement":[{"@type":"ListItem","position":1,"name":"Home","item":"https:\/\/www.istegroup.com\/"},{"@type":"ListItem","position":2,"name":"Shop","item":"https:\/\/www.istegroup.com\/fr\/nouveautes\/"},{"@type":"ListItem","position":3,"name":"Communications num\u00e9riques 1"}]},{"@type":"WebSite","@id":"https:\/\/www.istegroup.com\/#website","url":"https:\/\/www.istegroup.com\/","name":"ISTE Group","description":"Publishing Knowledge","potentialAction":[{"@type":"SearchAction","target":{"@type":"EntryPoint","urlTemplate":"https:\/\/www.istegroup.com\/?s={search_term_string}"},"query-input":{"@type":"PropertyValueSpecification","valueRequired":true,"valueName":"search_term_string"}}],"inLanguage":"en-US"}]}},"_links":{"self":[{"href":"https:\/\/www.istegroup.com\/en\/wp-json\/wp\/v2\/product\/33155","targetHints":{"allow":["GET"]}}],"collection":[{"href":"https:\/\/www.istegroup.com\/en\/wp-json\/wp\/v2\/product"}],"about":[{"href":"https:\/\/www.istegroup.com\/en\/wp-json\/wp\/v2\/types\/product"}],"wp:featuredmedia":[{"embeddable":true,"href":"https:\/\/www.istegroup.com\/en\/wp-json\/wp\/v2\/media\/33165"}],"wp:attachment":[{"href":"https:\/\/www.istegroup.com\/en\/wp-json\/wp\/v2\/media?parent=33155"}],"wp:term":[{"taxonomy":"product_brand","embeddable":true,"href":"https:\/\/www.istegroup.com\/en\/wp-json\/wp\/v2\/product_brand?post=33155"},{"taxonomy":"product_cat","embeddable":true,"href":"https:\/\/www.istegroup.com\/en\/wp-json\/wp\/v2\/product_cat?post=33155"},{"taxonomy":"product_tag","embeddable":true,"href":"https:\/\/www.istegroup.com\/en\/wp-json\/wp\/v2\/product_tag?post=33155"}],"curies":[{"name":"wp","href":"https:\/\/api.w.org\/{rel}","templated":true}]}}