{"id":325,"date":"2017-04-06T12:01:46","date_gmt":"2017-04-06T10:01:46","guid":{"rendered":"https:\/\/iste.yhello.co\/product\/la-co-conception-en-living-lab-sante-et-autonomie-2\/"},"modified":"2024-01-03T13:39:26","modified_gmt":"2024-01-03T13:39:26","slug":"la-co-conception-en-living-lab-sante-et-autonomie-2","status":"publish","type":"product","link":"https:\/\/www.istegroup.com\/en\/produit\/la-co-conception-en-living-lab-sante-et-autonomie-2\/","title":{"rendered":"La co-conception en Living Lab sant\u00e9 et autonomie 2"},"content":{"rendered":"<p>La p\u00e9riode r\u00e9cente a vu la multiplication des \u00ab Living Labs \u00bb , structures visant \u00e0 faire travailler ensemble des acteurs diff\u00e9rents dans leurs comp\u00e9tences et objectifs individuels, y compris l\u2019usager final, pour concevoir, d\u00e9velopper, mettre en oeuvre et \u00e9valuer des solutions innovantes.<\/p>\n<p>Ce livre pr\u00e9sente un travail associant les acteurs de terrain et acad\u00e9miques sur la co-conception dans les Living Labs sant\u00e9 et autonomie (LLSA). Il pr\u00e9cise des lignes communes et des bonnes pratiques malgr\u00e9 leur diversit\u00e9. Cette connaissance des LLSA permet de comprendre leur capacit\u00e9 \u00e0 soutenir un d\u00e9veloppement efficient de cette forme de conception pour les acteurs de la sant\u00e9 et de l\u2019autonomie, l\u2019industrie et les investisseurs.<\/p>\n<p><em>La co-conception en Living Lab sant\u00e9 et autonomie 2<\/em>\u00a0donne ainsi une meilleure visibilit\u00e9 et lisibilit\u00e9 de ces nouveaux acteurs. Il restitue des t\u00e9moignages de terrain qui pr\u00e9sentent une diversit\u00e9 de cas v\u00e9cus de co-conception et en illustrent les multiples dimensions.<\/p>\n","protected":false},"excerpt":{"rendered":"<p>La p\u00e9riode r\u00e9cente a vu la multiplication des \u00ab Living Labs \u00bb , structures visant \u00e0 faire travailler ensemble des acteurs diff\u00e9rents dans leurs comp\u00e9tences et objectifs individuels, y compris l\u2019usager final, pour concevoir, d\u00e9velopper, mettre en oeuvre et \u00e9valuer des solutions innovantes. Ce livre pr\u00e9sente un travail associant les acteurs de terrain et acad\u00e9miques [&hellip;]<\/p>\n","protected":false},"featured_media":326,"template":"","meta":{"_acf_changed":false,"_links_to":"","_links_to_target":""},"product_brand":[],"product_cat":[668,675,695],"product_tag":[180,31,18,19,20,21,22,181,182,172,26,27,145,28,29,183,184,185],"class_list":{"0":"post-325","1":"product","2":"type-product","3":"status-publish","4":"has-post-thumbnail","6":"product_cat-ingnierie-de-la-sant-et-socit-188418884","7":"product_cat-nouveauts-12519446","8":"product_cat-srie-industrialisation-de-la-sant-188422404","9":"product_tag-co-conception","10":"product_tag-ebook","11":"product_tag-edition-scientifique","12":"product_tag-editions-francaise","13":"product_tag-editions-technique","14":"product_tag-iste-group","15":"product_tag-istegroup","16":"product_tag-la-co-conception-en-living-lab-sante-et-autonomie-2","17":"product_tag-living-lab","18":"product_tag-livre-scientifique","19":"product_tag-livre-scientifique-francais","20":"product_tag-livre-technique-francais","21":"product_tag-ouvrage-scientifique","22":"product_tag-ouvrage-scientifique-francais","23":"product_tag-ouvrage-technique","24":"product_tag-robert-picard","25":"product_tag-sante-et-autonomie","26":"product_tag-temoignages-de-terrain","28":"first","29":"instock","30":"shipping-taxable","31":"purchasable","32":"product-type-variable"},"acf":[],"yoast_head":"<!-- This site is optimized with the Yoast SEO plugin v27.2 - https:\/\/yoast.com\/product\/yoast-seo-wordpress\/ -->\n<title>La co-conception en Living Lab sant\u00e9 et autonomie 2 - ISTE Group<\/title>\n<meta name=\"description\" content=\"La co-conception en Living Lab sant\u00e9 et autonomie 2\u00a0pr\u00e9sente un travail associant les acteurs de terrain et acad\u00e9miques sur la co-conception dans les Living Labs sant\u00e9 et autonomie (LLSA)\" \/>\n<meta name=\"robots\" content=\"index, follow, max-snippet:-1, max-image-preview:large, max-video-preview:-1\" \/>\n<link rel=\"canonical\" href=\"https:\/\/www.istegroup.com\/fr\/produit\/la-co-conception-en-living-lab-sante-et-autonomie-2\/\" \/>\n<meta property=\"og:locale\" content=\"en_US\" \/>\n<meta property=\"og:type\" content=\"article\" \/>\n<meta property=\"og:title\" content=\"La co-conception en Living Lab sant\u00e9 et autonomie 2 - ISTE Group\" \/>\n<meta property=\"og:description\" content=\"La co-conception en Living Lab sant\u00e9 et autonomie 2\u00a0pr\u00e9sente un travail associant les acteurs de terrain et acad\u00e9miques sur la co-conception dans les Living Labs sant\u00e9 et autonomie (LLSA)\" \/>\n<meta property=\"og:url\" content=\"https:\/\/www.istegroup.com\/fr\/produit\/la-co-conception-en-living-lab-sante-et-autonomie-2\/\" \/>\n<meta property=\"og:site_name\" content=\"ISTE Group\" \/>\n<meta property=\"article:modified_time\" content=\"2024-01-03T13:39:26+00:00\" \/>\n<meta property=\"og:image\" content=\"https:\/\/www.istegroup.com\/wp-content\/uploads\/2017\/07\/19872560977_8910272913-1.jpg\" \/>\n\t<meta property=\"og:image:width\" content=\"1363\" \/>\n\t<meta property=\"og:image:height\" content=\"2048\" \/>\n\t<meta property=\"og:image:type\" content=\"image\/jpeg\" \/>\n<meta name=\"twitter:card\" content=\"summary_large_image\" \/>\n<meta name=\"twitter:label1\" content=\"Est. reading time\" \/>\n\t<meta name=\"twitter:data1\" content=\"1 minute\" \/>\n<script type=\"application\/ld+json\" class=\"yoast-schema-graph\">{\"@context\":\"https:\/\/schema.org\",\"@graph\":[{\"@type\":\"WebPage\",\"@id\":\"https:\/\/www.istegroup.com\/fr\/produit\/la-co-conception-en-living-lab-sante-et-autonomie-2\/\",\"url\":\"https:\/\/www.istegroup.com\/fr\/produit\/la-co-conception-en-living-lab-sante-et-autonomie-2\/\",\"name\":\"La co-conception en Living Lab sant\u00e9 et autonomie 2 - ISTE Group\",\"isPartOf\":{\"@id\":\"https:\/\/www.istegroup.com\/#website\"},\"primaryImageOfPage\":{\"@id\":\"https:\/\/www.istegroup.com\/fr\/produit\/la-co-conception-en-living-lab-sante-et-autonomie-2\/#primaryimage\"},\"image\":{\"@id\":\"https:\/\/www.istegroup.com\/fr\/produit\/la-co-conception-en-living-lab-sante-et-autonomie-2\/#primaryimage\"},\"thumbnailUrl\":\"https:\/\/www.istegroup.com\/wp-content\/uploads\/2017\/07\/19872560977_8910272913-1.jpg\",\"datePublished\":\"2017-04-06T10:01:46+00:00\",\"dateModified\":\"2024-01-03T13:39:26+00:00\",\"description\":\"La co-conception en Living Lab sant\u00e9 et autonomie 2\u00a0pr\u00e9sente un travail associant les acteurs de terrain et acad\u00e9miques sur la co-conception dans les Living Labs sant\u00e9 et autonomie (LLSA)\",\"breadcrumb\":{\"@id\":\"https:\/\/www.istegroup.com\/fr\/produit\/la-co-conception-en-living-lab-sante-et-autonomie-2\/#breadcrumb\"},\"inLanguage\":\"en-US\",\"potentialAction\":[{\"@type\":\"ReadAction\",\"target\":[\"https:\/\/www.istegroup.com\/fr\/produit\/la-co-conception-en-living-lab-sante-et-autonomie-2\/\"]}]},{\"@type\":\"ImageObject\",\"inLanguage\":\"en-US\",\"@id\":\"https:\/\/www.istegroup.com\/fr\/produit\/la-co-conception-en-living-lab-sante-et-autonomie-2\/#primaryimage\",\"url\":\"https:\/\/www.istegroup.com\/wp-content\/uploads\/2017\/07\/19872560977_8910272913-1.jpg\",\"contentUrl\":\"https:\/\/www.istegroup.com\/wp-content\/uploads\/2017\/07\/19872560977_8910272913-1.jpg\",\"width\":1363,\"height\":2048,\"caption\":\"T\u00e9moignages de terrain\"},{\"@type\":\"BreadcrumbList\",\"@id\":\"https:\/\/www.istegroup.com\/fr\/produit\/la-co-conception-en-living-lab-sante-et-autonomie-2\/#breadcrumb\",\"itemListElement\":[{\"@type\":\"ListItem\",\"position\":1,\"name\":\"Home\",\"item\":\"https:\/\/www.istegroup.com\/\"},{\"@type\":\"ListItem\",\"position\":2,\"name\":\"Shop\",\"item\":\"https:\/\/www.istegroup.com\/fr\/nouveautes\/\"},{\"@type\":\"ListItem\",\"position\":3,\"name\":\"La co-conception en Living Lab sant\u00e9 et autonomie 2\"}]},{\"@type\":\"WebSite\",\"@id\":\"https:\/\/www.istegroup.com\/#website\",\"url\":\"https:\/\/www.istegroup.com\/\",\"name\":\"ISTE Group\",\"description\":\"Publishing Knowledge\",\"potentialAction\":[{\"@type\":\"SearchAction\",\"target\":{\"@type\":\"EntryPoint\",\"urlTemplate\":\"https:\/\/www.istegroup.com\/?s={search_term_string}\"},\"query-input\":{\"@type\":\"PropertyValueSpecification\",\"valueRequired\":true,\"valueName\":\"search_term_string\"}}],\"inLanguage\":\"en-US\"}]}<\/script>\n<!-- \/ Yoast SEO plugin. -->","yoast_head_json":{"title":"La co-conception en Living Lab sant\u00e9 et autonomie 2 - ISTE Group","description":"La co-conception en Living Lab sant\u00e9 et autonomie 2\u00a0pr\u00e9sente un travail associant les acteurs de terrain et acad\u00e9miques sur la co-conception dans les Living Labs sant\u00e9 et autonomie (LLSA)","robots":{"index":"index","follow":"follow","max-snippet":"max-snippet:-1","max-image-preview":"max-image-preview:large","max-video-preview":"max-video-preview:-1"},"canonical":"https:\/\/www.istegroup.com\/fr\/produit\/la-co-conception-en-living-lab-sante-et-autonomie-2\/","og_locale":"en_US","og_type":"article","og_title":"La co-conception en Living Lab sant\u00e9 et autonomie 2 - ISTE Group","og_description":"La co-conception en Living Lab sant\u00e9 et autonomie 2\u00a0pr\u00e9sente un travail associant les acteurs de terrain et acad\u00e9miques sur la co-conception dans les Living Labs sant\u00e9 et autonomie (LLSA)","og_url":"https:\/\/www.istegroup.com\/fr\/produit\/la-co-conception-en-living-lab-sante-et-autonomie-2\/","og_site_name":"ISTE Group","article_modified_time":"2024-01-03T13:39:26+00:00","og_image":[{"width":1363,"height":2048,"url":"https:\/\/www.istegroup.com\/wp-content\/uploads\/2017\/07\/19872560977_8910272913-1.jpg","type":"image\/jpeg"}],"twitter_card":"summary_large_image","twitter_misc":{"Est. reading time":"1 minute"},"schema":{"@context":"https:\/\/schema.org","@graph":[{"@type":"WebPage","@id":"https:\/\/www.istegroup.com\/fr\/produit\/la-co-conception-en-living-lab-sante-et-autonomie-2\/","url":"https:\/\/www.istegroup.com\/fr\/produit\/la-co-conception-en-living-lab-sante-et-autonomie-2\/","name":"La co-conception en Living Lab sant\u00e9 et autonomie 2 - ISTE Group","isPartOf":{"@id":"https:\/\/www.istegroup.com\/#website"},"primaryImageOfPage":{"@id":"https:\/\/www.istegroup.com\/fr\/produit\/la-co-conception-en-living-lab-sante-et-autonomie-2\/#primaryimage"},"image":{"@id":"https:\/\/www.istegroup.com\/fr\/produit\/la-co-conception-en-living-lab-sante-et-autonomie-2\/#primaryimage"},"thumbnailUrl":"https:\/\/www.istegroup.com\/wp-content\/uploads\/2017\/07\/19872560977_8910272913-1.jpg","datePublished":"2017-04-06T10:01:46+00:00","dateModified":"2024-01-03T13:39:26+00:00","description":"La co-conception en Living Lab sant\u00e9 et autonomie 2\u00a0pr\u00e9sente un travail associant les acteurs de terrain et acad\u00e9miques sur la co-conception dans les Living Labs sant\u00e9 et autonomie (LLSA)","breadcrumb":{"@id":"https:\/\/www.istegroup.com\/fr\/produit\/la-co-conception-en-living-lab-sante-et-autonomie-2\/#breadcrumb"},"inLanguage":"en-US","potentialAction":[{"@type":"ReadAction","target":["https:\/\/www.istegroup.com\/fr\/produit\/la-co-conception-en-living-lab-sante-et-autonomie-2\/"]}]},{"@type":"ImageObject","inLanguage":"en-US","@id":"https:\/\/www.istegroup.com\/fr\/produit\/la-co-conception-en-living-lab-sante-et-autonomie-2\/#primaryimage","url":"https:\/\/www.istegroup.com\/wp-content\/uploads\/2017\/07\/19872560977_8910272913-1.jpg","contentUrl":"https:\/\/www.istegroup.com\/wp-content\/uploads\/2017\/07\/19872560977_8910272913-1.jpg","width":1363,"height":2048,"caption":"T\u00e9moignages de terrain"},{"@type":"BreadcrumbList","@id":"https:\/\/www.istegroup.com\/fr\/produit\/la-co-conception-en-living-lab-sante-et-autonomie-2\/#breadcrumb","itemListElement":[{"@type":"ListItem","position":1,"name":"Home","item":"https:\/\/www.istegroup.com\/"},{"@type":"ListItem","position":2,"name":"Shop","item":"https:\/\/www.istegroup.com\/fr\/nouveautes\/"},{"@type":"ListItem","position":3,"name":"La co-conception en Living Lab sant\u00e9 et autonomie 2"}]},{"@type":"WebSite","@id":"https:\/\/www.istegroup.com\/#website","url":"https:\/\/www.istegroup.com\/","name":"ISTE Group","description":"Publishing Knowledge","potentialAction":[{"@type":"SearchAction","target":{"@type":"EntryPoint","urlTemplate":"https:\/\/www.istegroup.com\/?s={search_term_string}"},"query-input":{"@type":"PropertyValueSpecification","valueRequired":true,"valueName":"search_term_string"}}],"inLanguage":"en-US"}]}},"_links":{"self":[{"href":"https:\/\/www.istegroup.com\/en\/wp-json\/wp\/v2\/product\/325","targetHints":{"allow":["GET"]}}],"collection":[{"href":"https:\/\/www.istegroup.com\/en\/wp-json\/wp\/v2\/product"}],"about":[{"href":"https:\/\/www.istegroup.com\/en\/wp-json\/wp\/v2\/types\/product"}],"wp:featuredmedia":[{"embeddable":true,"href":"https:\/\/www.istegroup.com\/en\/wp-json\/wp\/v2\/media\/326"}],"wp:attachment":[{"href":"https:\/\/www.istegroup.com\/en\/wp-json\/wp\/v2\/media?parent=325"}],"wp:term":[{"taxonomy":"product_brand","embeddable":true,"href":"https:\/\/www.istegroup.com\/en\/wp-json\/wp\/v2\/product_brand?post=325"},{"taxonomy":"product_cat","embeddable":true,"href":"https:\/\/www.istegroup.com\/en\/wp-json\/wp\/v2\/product_cat?post=325"},{"taxonomy":"product_tag","embeddable":true,"href":"https:\/\/www.istegroup.com\/en\/wp-json\/wp\/v2\/product_tag?post=325"}],"curies":[{"name":"wp","href":"https:\/\/api.w.org\/{rel}","templated":true}]}}