{"id":315,"date":"2017-07-28T11:53:28","date_gmt":"2017-07-28T09:53:28","guid":{"rendered":"https:\/\/iste.yhello.co\/product\/lentrepreneur\/"},"modified":"2024-01-03T13:39:21","modified_gmt":"2024-01-03T13:39:21","slug":"lentrepreneur","status":"publish","type":"product","link":"https:\/\/www.istegroup.com\/en\/produit\/lentrepreneur\/","title":{"rendered":"L&#8217;entrepreneur"},"content":{"rendered":"<p>La s\u00e9rie\u00a0<em>Smart innovation<\/em>\u00a0pr\u00e9sente les th\u00e8mes li\u00e9s \u00e0 la dynamique technologique, entrepreneuriale, territoriale et \u00e9conomique de l&#8217;innovation. Elle privil\u00e9gie les approches novatrices des acteurs qui, par leurs comportements, strat\u00e9gies et politiques d&#8217;innovation intelligente, modifient les mod\u00e8les \u00e9conomiques dans une perspective de croissance durable.<\/p>\n<p>Entrepreneur est une profession \u00e0 la mode dans les pays industriels, \u00e9mergents et en d\u00e9veloppement depuis plus de trente ans. La cr\u00e9ation d\u2019entreprise est partout une tentative de r\u00e9ponse pour non seulement faire face \u00e0 la mont\u00e9e du ch\u00f4mage mais \u00e9galement pour stimuler l\u2019innovation sous toutes ses formes (technologique, organisationnelle, sociale, etc.).<\/p>\n<p>Depuis le XVIIIe si\u00e8cle, des \u00e9conomistes ont \u00e9tudi\u00e9 ce ph\u00e9nom\u00e8ne. Ils ont pour la plupart attribu\u00e9 \u00e0 l\u2019entrepreneur un r\u00f4le central dans l\u2019\u00e9conomie \u00e0 la fois en tant qu\u2019innovateur et cr\u00e9ateur de richesses et d\u2019emplois.<\/p>\n<p>Ces th\u00e9ories sont largement expos\u00e9es dans la pens\u00e9e \u00e9conomique de R. Cantillon et J.-B. Say \u00e0 D. Audretsch, en passant par J. Schumpeter, M. Casson et W. Baumol.<\/p>\n<p>Cet ouvrage analyse la fonction entrepreneuriale selon son contexte historique dans les \u00e9conomies de la libre entreprise.<\/p>\n","protected":false},"excerpt":{"rendered":"<p>La s\u00e9rie\u00a0Smart innovation\u00a0pr\u00e9sente les th\u00e8mes li\u00e9s \u00e0 la dynamique technologique, entrepreneuriale, territoriale et \u00e9conomique de l&#8217;innovation. Elle privil\u00e9gie les approches novatrices des acteurs qui, par leurs comportements, strat\u00e9gies et politiques d&#8217;innovation intelligente, modifient les mod\u00e8les \u00e9conomiques dans une perspective de croissance durable. Entrepreneur est une profession \u00e0 la mode dans les pays industriels, \u00e9mergents et [&hellip;]<\/p>\n","protected":false},"featured_media":316,"template":"","meta":{"_acf_changed":false,"_links_to":"","_links_to_target":""},"product_brand":[],"product_cat":[670,675,720],"product_tag":[134,18,19,135,21,22,136,137,26,27,38,28,29,138],"class_list":{"0":"post-315","1":"product","2":"type-product","3":"status-publish","4":"has-post-thumbnail","6":"product_cat-innovation-entrepreneuriat-et-gestion-11041751","7":"product_cat-nouveauts-12519446","8":"product_cat-srie-smart-innovation-58568196","9":"product_tag-dimitri-uzunidis","10":"product_tag-edition-scientifique","11":"product_tag-editions-francaise","12":"product_tag-entreprise","13":"product_tag-iste-group","14":"product_tag-istegroup","15":"product_tag-lentrepreneur","16":"product_tag-la-fonction-economique-de-la-libre-entreprise","17":"product_tag-livre-scientifique-francais","18":"product_tag-livre-technique-francais","19":"product_tag-ouvrage-numerique","20":"product_tag-ouvrage-scientifique-francais","21":"product_tag-ouvrage-technique","22":"product_tag-sophie-boutillier","24":"first","25":"instock","26":"shipping-taxable","27":"purchasable","28":"product-type-variable"},"acf":[],"yoast_head":"<!-- This site is optimized with the Yoast SEO plugin v27.2 - https:\/\/yoast.com\/product\/yoast-seo-wordpress\/ -->\n<title>L&#039;entrepreneur - ISTE Group<\/title>\n<meta name=\"description\" content=\"Cet ouvrage analyse la fonction entrepreneuriale selon son contexte historique dans les \u00e9conomies de la libre entreprise.\" \/>\n<meta name=\"robots\" content=\"index, follow, max-snippet:-1, max-image-preview:large, max-video-preview:-1\" \/>\n<link rel=\"canonical\" href=\"https:\/\/www.istegroup.com\/fr\/produit\/lentrepreneur\/\" \/>\n<meta property=\"og:locale\" content=\"en_US\" \/>\n<meta property=\"og:type\" content=\"article\" \/>\n<meta property=\"og:title\" content=\"L&#039;entrepreneur - ISTE Group\" \/>\n<meta property=\"og:description\" content=\"Cet ouvrage analyse la fonction entrepreneuriale selon son contexte historique dans les \u00e9conomies de la libre entreprise.\" \/>\n<meta property=\"og:url\" content=\"https:\/\/www.istegroup.com\/fr\/produit\/lentrepreneur\/\" \/>\n<meta property=\"og:site_name\" content=\"ISTE Group\" \/>\n<meta property=\"article:modified_time\" content=\"2024-01-03T13:39:21+00:00\" \/>\n<meta property=\"og:image\" content=\"https:\/\/www.istegroup.com\/wp-content\/uploads\/2017\/07\/20713832977_9324175505-1-scaled.jpg\" \/>\n\t<meta property=\"og:image:width\" content=\"1702\" \/>\n\t<meta property=\"og:image:height\" content=\"2560\" \/>\n\t<meta property=\"og:image:type\" content=\"image\/jpeg\" \/>\n<meta name=\"twitter:card\" content=\"summary_large_image\" \/>\n<meta name=\"twitter:label1\" content=\"Est. reading time\" \/>\n\t<meta name=\"twitter:data1\" content=\"1 minute\" \/>\n<script type=\"application\/ld+json\" class=\"yoast-schema-graph\">{\"@context\":\"https:\/\/schema.org\",\"@graph\":[{\"@type\":\"WebPage\",\"@id\":\"https:\/\/www.istegroup.com\/fr\/produit\/lentrepreneur\/\",\"url\":\"https:\/\/www.istegroup.com\/fr\/produit\/lentrepreneur\/\",\"name\":\"L'entrepreneur - ISTE Group\",\"isPartOf\":{\"@id\":\"https:\/\/www.istegroup.com\/#website\"},\"primaryImageOfPage\":{\"@id\":\"https:\/\/www.istegroup.com\/fr\/produit\/lentrepreneur\/#primaryimage\"},\"image\":{\"@id\":\"https:\/\/www.istegroup.com\/fr\/produit\/lentrepreneur\/#primaryimage\"},\"thumbnailUrl\":\"https:\/\/www.istegroup.com\/wp-content\/uploads\/2017\/07\/20713832977_9324175505-1-scaled.jpg\",\"datePublished\":\"2017-07-28T09:53:28+00:00\",\"dateModified\":\"2024-01-03T13:39:21+00:00\",\"description\":\"Cet ouvrage analyse la fonction entrepreneuriale selon son contexte historique dans les \u00e9conomies de la libre entreprise.\",\"breadcrumb\":{\"@id\":\"https:\/\/www.istegroup.com\/fr\/produit\/lentrepreneur\/#breadcrumb\"},\"inLanguage\":\"en-US\",\"potentialAction\":[{\"@type\":\"ReadAction\",\"target\":[\"https:\/\/www.istegroup.com\/fr\/produit\/lentrepreneur\/\"]}]},{\"@type\":\"ImageObject\",\"inLanguage\":\"en-US\",\"@id\":\"https:\/\/www.istegroup.com\/fr\/produit\/lentrepreneur\/#primaryimage\",\"url\":\"https:\/\/www.istegroup.com\/wp-content\/uploads\/2017\/07\/20713832977_9324175505-1-scaled.jpg\",\"contentUrl\":\"https:\/\/www.istegroup.com\/wp-content\/uploads\/2017\/07\/20713832977_9324175505-1-scaled.jpg\",\"width\":1702,\"height\":2560,\"caption\":\"La fonction \u00e9conomique de la libre entreprise\"},{\"@type\":\"BreadcrumbList\",\"@id\":\"https:\/\/www.istegroup.com\/fr\/produit\/lentrepreneur\/#breadcrumb\",\"itemListElement\":[{\"@type\":\"ListItem\",\"position\":1,\"name\":\"Home\",\"item\":\"https:\/\/www.istegroup.com\/\"},{\"@type\":\"ListItem\",\"position\":2,\"name\":\"Shop\",\"item\":\"https:\/\/www.istegroup.com\/fr\/nouveautes\/\"},{\"@type\":\"ListItem\",\"position\":3,\"name\":\"L&rsquo;entrepreneur\"}]},{\"@type\":\"WebSite\",\"@id\":\"https:\/\/www.istegroup.com\/#website\",\"url\":\"https:\/\/www.istegroup.com\/\",\"name\":\"ISTE Group\",\"description\":\"Publishing Knowledge\",\"potentialAction\":[{\"@type\":\"SearchAction\",\"target\":{\"@type\":\"EntryPoint\",\"urlTemplate\":\"https:\/\/www.istegroup.com\/?s={search_term_string}\"},\"query-input\":{\"@type\":\"PropertyValueSpecification\",\"valueRequired\":true,\"valueName\":\"search_term_string\"}}],\"inLanguage\":\"en-US\"}]}<\/script>\n<!-- \/ Yoast SEO plugin. -->","yoast_head_json":{"title":"L'entrepreneur - ISTE Group","description":"Cet ouvrage analyse la fonction entrepreneuriale selon son contexte historique dans les \u00e9conomies de la libre entreprise.","robots":{"index":"index","follow":"follow","max-snippet":"max-snippet:-1","max-image-preview":"max-image-preview:large","max-video-preview":"max-video-preview:-1"},"canonical":"https:\/\/www.istegroup.com\/fr\/produit\/lentrepreneur\/","og_locale":"en_US","og_type":"article","og_title":"L'entrepreneur - ISTE Group","og_description":"Cet ouvrage analyse la fonction entrepreneuriale selon son contexte historique dans les \u00e9conomies de la libre entreprise.","og_url":"https:\/\/www.istegroup.com\/fr\/produit\/lentrepreneur\/","og_site_name":"ISTE Group","article_modified_time":"2024-01-03T13:39:21+00:00","og_image":[{"width":1702,"height":2560,"url":"https:\/\/www.istegroup.com\/wp-content\/uploads\/2017\/07\/20713832977_9324175505-1-scaled.jpg","type":"image\/jpeg"}],"twitter_card":"summary_large_image","twitter_misc":{"Est. reading time":"1 minute"},"schema":{"@context":"https:\/\/schema.org","@graph":[{"@type":"WebPage","@id":"https:\/\/www.istegroup.com\/fr\/produit\/lentrepreneur\/","url":"https:\/\/www.istegroup.com\/fr\/produit\/lentrepreneur\/","name":"L'entrepreneur - ISTE Group","isPartOf":{"@id":"https:\/\/www.istegroup.com\/#website"},"primaryImageOfPage":{"@id":"https:\/\/www.istegroup.com\/fr\/produit\/lentrepreneur\/#primaryimage"},"image":{"@id":"https:\/\/www.istegroup.com\/fr\/produit\/lentrepreneur\/#primaryimage"},"thumbnailUrl":"https:\/\/www.istegroup.com\/wp-content\/uploads\/2017\/07\/20713832977_9324175505-1-scaled.jpg","datePublished":"2017-07-28T09:53:28+00:00","dateModified":"2024-01-03T13:39:21+00:00","description":"Cet ouvrage analyse la fonction entrepreneuriale selon son contexte historique dans les \u00e9conomies de la libre entreprise.","breadcrumb":{"@id":"https:\/\/www.istegroup.com\/fr\/produit\/lentrepreneur\/#breadcrumb"},"inLanguage":"en-US","potentialAction":[{"@type":"ReadAction","target":["https:\/\/www.istegroup.com\/fr\/produit\/lentrepreneur\/"]}]},{"@type":"ImageObject","inLanguage":"en-US","@id":"https:\/\/www.istegroup.com\/fr\/produit\/lentrepreneur\/#primaryimage","url":"https:\/\/www.istegroup.com\/wp-content\/uploads\/2017\/07\/20713832977_9324175505-1-scaled.jpg","contentUrl":"https:\/\/www.istegroup.com\/wp-content\/uploads\/2017\/07\/20713832977_9324175505-1-scaled.jpg","width":1702,"height":2560,"caption":"La fonction \u00e9conomique de la libre entreprise"},{"@type":"BreadcrumbList","@id":"https:\/\/www.istegroup.com\/fr\/produit\/lentrepreneur\/#breadcrumb","itemListElement":[{"@type":"ListItem","position":1,"name":"Home","item":"https:\/\/www.istegroup.com\/"},{"@type":"ListItem","position":2,"name":"Shop","item":"https:\/\/www.istegroup.com\/fr\/nouveautes\/"},{"@type":"ListItem","position":3,"name":"L&rsquo;entrepreneur"}]},{"@type":"WebSite","@id":"https:\/\/www.istegroup.com\/#website","url":"https:\/\/www.istegroup.com\/","name":"ISTE Group","description":"Publishing Knowledge","potentialAction":[{"@type":"SearchAction","target":{"@type":"EntryPoint","urlTemplate":"https:\/\/www.istegroup.com\/?s={search_term_string}"},"query-input":{"@type":"PropertyValueSpecification","valueRequired":true,"valueName":"search_term_string"}}],"inLanguage":"en-US"}]}},"_links":{"self":[{"href":"https:\/\/www.istegroup.com\/en\/wp-json\/wp\/v2\/product\/315","targetHints":{"allow":["GET"]}}],"collection":[{"href":"https:\/\/www.istegroup.com\/en\/wp-json\/wp\/v2\/product"}],"about":[{"href":"https:\/\/www.istegroup.com\/en\/wp-json\/wp\/v2\/types\/product"}],"wp:featuredmedia":[{"embeddable":true,"href":"https:\/\/www.istegroup.com\/en\/wp-json\/wp\/v2\/media\/316"}],"wp:attachment":[{"href":"https:\/\/www.istegroup.com\/en\/wp-json\/wp\/v2\/media?parent=315"}],"wp:term":[{"taxonomy":"product_brand","embeddable":true,"href":"https:\/\/www.istegroup.com\/en\/wp-json\/wp\/v2\/product_brand?post=315"},{"taxonomy":"product_cat","embeddable":true,"href":"https:\/\/www.istegroup.com\/en\/wp-json\/wp\/v2\/product_cat?post=315"},{"taxonomy":"product_tag","embeddable":true,"href":"https:\/\/www.istegroup.com\/en\/wp-json\/wp\/v2\/product_tag?post=315"}],"curies":[{"name":"wp","href":"https:\/\/api.w.org\/{rel}","templated":true}]}}