{"id":313,"date":"2017-07-28T11:53:25","date_gmt":"2017-07-28T09:53:25","guid":{"rendered":"https:\/\/iste.yhello.co\/product\/leau-sur-la-terre\/"},"modified":"2024-01-03T13:39:21","modified_gmt":"2024-01-03T13:39:21","slug":"leau-sur-la-terre","status":"publish","type":"product","link":"https:\/\/www.istegroup.com\/en\/produit\/leau-sur-la-terre\/","title":{"rendered":"L&#8217;eau sur la Terre"},"content":{"rendered":"<p>Contrairement aux autres plan\u00e8tes telluriques du syst\u00e8me solaire, l\u2019eau est pr\u00e9sente en tr\u00e8s grande quantit\u00e9 sur Terre. De nombreuses hypoth\u00e8ses ont \u00e9t\u00e9 \u00e9labor\u00e9es sur l\u2019origine de son apparition.<\/p>\n<p>Cet ouvrage en pr\u00e9sente les diverses th\u00e9ories, dont la plus probable est celle du d\u00e9gazage des corps parents primitifs. Il expose les propri\u00e9t\u00e9s physico-chimiques singuli\u00e8res de la mol\u00e9cule d\u2019eau, qui combin\u00e9es \u00e0 son abondance et \u00e0 sa r\u00e9partition \u00e0 la surface de la Terre, ont contribu\u00e9 \u00e0 la r\u00e9gulation du climat et \u00e0 l\u2019\u00e9mergence puis l\u2019\u00e9volution du vivant.<\/p>\n<p>Il analyse \u00e9galement le cycle de l\u2019eau, \u00e9l\u00e9ment primordial de l\u2019\u00e9mergence de la vie dans les oc\u00e9ans profonds et d\u00e9taille la diversification des esp\u00e8ces qui a suivi.<\/p>\n<p>Il explicite enfin la fa\u00e7on dont la dynamique de ce cycle est sous contr\u00f4le du bilan d\u2019\u00e9nergie entre le rayonnement solaire et le flux de chaleur interne de la Terre.<\/p>\n","protected":false},"excerpt":{"rendered":"<p>Contrairement aux autres plan\u00e8tes telluriques du syst\u00e8me solaire, l\u2019eau est pr\u00e9sente en tr\u00e8s grande quantit\u00e9 sur Terre. De nombreuses hypoth\u00e8ses ont \u00e9t\u00e9 \u00e9labor\u00e9es sur l\u2019origine de son apparition. Cet ouvrage en pr\u00e9sente les diverses th\u00e9ories, dont la plus probable est celle du d\u00e9gazage des corps parents primitifs. Il expose les propri\u00e9t\u00e9s physico-chimiques singuli\u00e8res de la [&hellip;]<\/p>\n","protected":false},"featured_media":314,"template":"","meta":{"_acf_changed":false,"_links_to":"","_links_to_target":""},"product_brand":[],"product_cat":[705],"product_tag":[881,169,1462,1463,31,196,329,197,198,199,21,200,22,201,1464,203,204,63,25,172,209,1465,1466,212,38,192,145,28,1467,1468],"class_list":{"0":"post-313","1":"product","2":"type-product","3":"status-publish","4":"has-post-thumbnail","6":"product_cat-systme-terre-environnement-27112280","7":"product_tag-biodiversite","8":"product_tag-biologie","9":"product_tag-christophe-lecuyer","10":"product_tag-eau","11":"product_tag-ebook","12":"product_tag-ebooks","13":"product_tag-environnement","14":"product_tag-iste","15":"product_tag-iste-edition","16":"product_tag-iste-editions","17":"product_tag-iste-group","18":"product_tag-isteedition","19":"product_tag-istegroup","20":"product_tag-kindle","21":"product_tag-leau-sur-la-terre","22":"product_tag-liseuse","23":"product_tag-livre","24":"product_tag-livre-electronique","25":"product_tag-livre-numerique","26":"product_tag-livre-scientifique","27":"product_tag-livres-scientifiques","28":"product_tag-oceans","29":"product_tag-origine-de-leau","30":"product_tag-ouvrage","31":"product_tag-ouvrage-numerique","32":"product_tag-ouvrage-science","33":"product_tag-ouvrage-scientifique","34":"product_tag-ouvrage-scientifique-francais","35":"product_tag-terre","36":"product_tag-vie","38":"first","39":"instock","40":"shipping-taxable","41":"purchasable","42":"product-type-variable"},"acf":[],"yoast_head":"<!-- This site is optimized with the Yoast SEO plugin v27.2 - https:\/\/yoast.com\/product\/yoast-seo-wordpress\/ -->\n<title>L&#039;eau sur la Terre - ISTE Group<\/title>\n<meta name=\"description\" content=\"L&#039;ouvrage pr\u00e9sente les diverses th\u00e9ories sur l&#039;apparition de l&#039;eau sur Terre, dont la plus probable est celle du d\u00e9gazage des corps parents primitifs.\" \/>\n<meta name=\"robots\" content=\"index, follow, max-snippet:-1, max-image-preview:large, max-video-preview:-1\" \/>\n<link rel=\"canonical\" href=\"https:\/\/www.istegroup.com\/fr\/produit\/leau-sur-la-terre\/\" \/>\n<meta property=\"og:locale\" content=\"en_US\" \/>\n<meta property=\"og:type\" content=\"article\" \/>\n<meta property=\"og:title\" content=\"L&#039;eau sur la Terre - ISTE Group\" \/>\n<meta property=\"og:description\" content=\"L&#039;ouvrage pr\u00e9sente les diverses th\u00e9ories sur l&#039;apparition de l&#039;eau sur Terre, dont la plus probable est celle du d\u00e9gazage des corps parents primitifs.\" \/>\n<meta property=\"og:url\" content=\"https:\/\/www.istegroup.com\/fr\/produit\/leau-sur-la-terre\/\" \/>\n<meta property=\"og:site_name\" content=\"ISTE Group\" \/>\n<meta property=\"article:modified_time\" content=\"2024-01-03T13:39:21+00:00\" \/>\n<meta property=\"og:image\" content=\"https:\/\/www.istegroup.com\/wp-content\/uploads\/2017\/07\/1006722489_357726033-1.jpg\" \/>\n\t<meta property=\"og:image:width\" content=\"300\" \/>\n\t<meta property=\"og:image:height\" content=\"451\" \/>\n\t<meta property=\"og:image:type\" content=\"image\/jpeg\" \/>\n<meta name=\"twitter:card\" content=\"summary_large_image\" \/>\n<meta name=\"twitter:label1\" content=\"Est. reading time\" \/>\n\t<meta name=\"twitter:data1\" content=\"1 minute\" \/>\n<script type=\"application\/ld+json\" class=\"yoast-schema-graph\">{\"@context\":\"https:\/\/schema.org\",\"@graph\":[{\"@type\":\"WebPage\",\"@id\":\"https:\/\/www.istegroup.com\/fr\/produit\/leau-sur-la-terre\/\",\"url\":\"https:\/\/www.istegroup.com\/fr\/produit\/leau-sur-la-terre\/\",\"name\":\"L'eau sur la Terre - ISTE Group\",\"isPartOf\":{\"@id\":\"https:\/\/www.istegroup.com\/#website\"},\"primaryImageOfPage\":{\"@id\":\"https:\/\/www.istegroup.com\/fr\/produit\/leau-sur-la-terre\/#primaryimage\"},\"image\":{\"@id\":\"https:\/\/www.istegroup.com\/fr\/produit\/leau-sur-la-terre\/#primaryimage\"},\"thumbnailUrl\":\"https:\/\/www.istegroup.com\/wp-content\/uploads\/2017\/07\/1006722489_357726033-1.jpg\",\"datePublished\":\"2017-07-28T09:53:25+00:00\",\"dateModified\":\"2024-01-03T13:39:21+00:00\",\"description\":\"L'ouvrage pr\u00e9sente les diverses th\u00e9ories sur l'apparition de l'eau sur Terre, dont la plus probable est celle du d\u00e9gazage des corps parents primitifs.\",\"breadcrumb\":{\"@id\":\"https:\/\/www.istegroup.com\/fr\/produit\/leau-sur-la-terre\/#breadcrumb\"},\"inLanguage\":\"en-US\",\"potentialAction\":[{\"@type\":\"ReadAction\",\"target\":[\"https:\/\/www.istegroup.com\/fr\/produit\/leau-sur-la-terre\/\"]}]},{\"@type\":\"ImageObject\",\"inLanguage\":\"en-US\",\"@id\":\"https:\/\/www.istegroup.com\/fr\/produit\/leau-sur-la-terre\/#primaryimage\",\"url\":\"https:\/\/www.istegroup.com\/wp-content\/uploads\/2017\/07\/1006722489_357726033-1.jpg\",\"contentUrl\":\"https:\/\/www.istegroup.com\/wp-content\/uploads\/2017\/07\/1006722489_357726033-1.jpg\",\"width\":300,\"height\":451,\"caption\":\"Propri\u00e9t\u00e9s physicochimiques et fonctions biologiques\"},{\"@type\":\"BreadcrumbList\",\"@id\":\"https:\/\/www.istegroup.com\/fr\/produit\/leau-sur-la-terre\/#breadcrumb\",\"itemListElement\":[{\"@type\":\"ListItem\",\"position\":1,\"name\":\"Home\",\"item\":\"https:\/\/www.istegroup.com\/\"},{\"@type\":\"ListItem\",\"position\":2,\"name\":\"Shop\",\"item\":\"https:\/\/www.istegroup.com\/fr\/nouveautes\/\"},{\"@type\":\"ListItem\",\"position\":3,\"name\":\"L&rsquo;eau sur la Terre\"}]},{\"@type\":\"WebSite\",\"@id\":\"https:\/\/www.istegroup.com\/#website\",\"url\":\"https:\/\/www.istegroup.com\/\",\"name\":\"ISTE Group\",\"description\":\"Publishing Knowledge\",\"potentialAction\":[{\"@type\":\"SearchAction\",\"target\":{\"@type\":\"EntryPoint\",\"urlTemplate\":\"https:\/\/www.istegroup.com\/?s={search_term_string}\"},\"query-input\":{\"@type\":\"PropertyValueSpecification\",\"valueRequired\":true,\"valueName\":\"search_term_string\"}}],\"inLanguage\":\"en-US\"}]}<\/script>\n<!-- \/ Yoast SEO plugin. -->","yoast_head_json":{"title":"L'eau sur la Terre - ISTE Group","description":"L'ouvrage pr\u00e9sente les diverses th\u00e9ories sur l'apparition de l'eau sur Terre, dont la plus probable est celle du d\u00e9gazage des corps parents primitifs.","robots":{"index":"index","follow":"follow","max-snippet":"max-snippet:-1","max-image-preview":"max-image-preview:large","max-video-preview":"max-video-preview:-1"},"canonical":"https:\/\/www.istegroup.com\/fr\/produit\/leau-sur-la-terre\/","og_locale":"en_US","og_type":"article","og_title":"L'eau sur la Terre - ISTE Group","og_description":"L'ouvrage pr\u00e9sente les diverses th\u00e9ories sur l'apparition de l'eau sur Terre, dont la plus probable est celle du d\u00e9gazage des corps parents primitifs.","og_url":"https:\/\/www.istegroup.com\/fr\/produit\/leau-sur-la-terre\/","og_site_name":"ISTE Group","article_modified_time":"2024-01-03T13:39:21+00:00","og_image":[{"width":300,"height":451,"url":"https:\/\/www.istegroup.com\/wp-content\/uploads\/2017\/07\/1006722489_357726033-1.jpg","type":"image\/jpeg"}],"twitter_card":"summary_large_image","twitter_misc":{"Est. reading time":"1 minute"},"schema":{"@context":"https:\/\/schema.org","@graph":[{"@type":"WebPage","@id":"https:\/\/www.istegroup.com\/fr\/produit\/leau-sur-la-terre\/","url":"https:\/\/www.istegroup.com\/fr\/produit\/leau-sur-la-terre\/","name":"L'eau sur la Terre - ISTE Group","isPartOf":{"@id":"https:\/\/www.istegroup.com\/#website"},"primaryImageOfPage":{"@id":"https:\/\/www.istegroup.com\/fr\/produit\/leau-sur-la-terre\/#primaryimage"},"image":{"@id":"https:\/\/www.istegroup.com\/fr\/produit\/leau-sur-la-terre\/#primaryimage"},"thumbnailUrl":"https:\/\/www.istegroup.com\/wp-content\/uploads\/2017\/07\/1006722489_357726033-1.jpg","datePublished":"2017-07-28T09:53:25+00:00","dateModified":"2024-01-03T13:39:21+00:00","description":"L'ouvrage pr\u00e9sente les diverses th\u00e9ories sur l'apparition de l'eau sur Terre, dont la plus probable est celle du d\u00e9gazage des corps parents primitifs.","breadcrumb":{"@id":"https:\/\/www.istegroup.com\/fr\/produit\/leau-sur-la-terre\/#breadcrumb"},"inLanguage":"en-US","potentialAction":[{"@type":"ReadAction","target":["https:\/\/www.istegroup.com\/fr\/produit\/leau-sur-la-terre\/"]}]},{"@type":"ImageObject","inLanguage":"en-US","@id":"https:\/\/www.istegroup.com\/fr\/produit\/leau-sur-la-terre\/#primaryimage","url":"https:\/\/www.istegroup.com\/wp-content\/uploads\/2017\/07\/1006722489_357726033-1.jpg","contentUrl":"https:\/\/www.istegroup.com\/wp-content\/uploads\/2017\/07\/1006722489_357726033-1.jpg","width":300,"height":451,"caption":"Propri\u00e9t\u00e9s physicochimiques et fonctions biologiques"},{"@type":"BreadcrumbList","@id":"https:\/\/www.istegroup.com\/fr\/produit\/leau-sur-la-terre\/#breadcrumb","itemListElement":[{"@type":"ListItem","position":1,"name":"Home","item":"https:\/\/www.istegroup.com\/"},{"@type":"ListItem","position":2,"name":"Shop","item":"https:\/\/www.istegroup.com\/fr\/nouveautes\/"},{"@type":"ListItem","position":3,"name":"L&rsquo;eau sur la Terre"}]},{"@type":"WebSite","@id":"https:\/\/www.istegroup.com\/#website","url":"https:\/\/www.istegroup.com\/","name":"ISTE Group","description":"Publishing Knowledge","potentialAction":[{"@type":"SearchAction","target":{"@type":"EntryPoint","urlTemplate":"https:\/\/www.istegroup.com\/?s={search_term_string}"},"query-input":{"@type":"PropertyValueSpecification","valueRequired":true,"valueName":"search_term_string"}}],"inLanguage":"en-US"}]}},"_links":{"self":[{"href":"https:\/\/www.istegroup.com\/en\/wp-json\/wp\/v2\/product\/313","targetHints":{"allow":["GET"]}}],"collection":[{"href":"https:\/\/www.istegroup.com\/en\/wp-json\/wp\/v2\/product"}],"about":[{"href":"https:\/\/www.istegroup.com\/en\/wp-json\/wp\/v2\/types\/product"}],"wp:featuredmedia":[{"embeddable":true,"href":"https:\/\/www.istegroup.com\/en\/wp-json\/wp\/v2\/media\/314"}],"wp:attachment":[{"href":"https:\/\/www.istegroup.com\/en\/wp-json\/wp\/v2\/media?parent=313"}],"wp:term":[{"taxonomy":"product_brand","embeddable":true,"href":"https:\/\/www.istegroup.com\/en\/wp-json\/wp\/v2\/product_brand?post=313"},{"taxonomy":"product_cat","embeddable":true,"href":"https:\/\/www.istegroup.com\/en\/wp-json\/wp\/v2\/product_cat?post=313"},{"taxonomy":"product_tag","embeddable":true,"href":"https:\/\/www.istegroup.com\/en\/wp-json\/wp\/v2\/product_tag?post=313"}],"curies":[{"name":"wp","href":"https:\/\/api.w.org\/{rel}","templated":true}]}}