{"id":311,"date":"2017-04-28T11:53:19","date_gmt":"2017-04-28T09:53:19","guid":{"rendered":"https:\/\/iste.yhello.co\/product\/lart-et-la-science-de-la-programmation-nfc\/"},"modified":"2024-01-03T13:39:20","modified_gmt":"2024-01-03T13:39:20","slug":"lart-et-la-science-de-la-programmation-nfc","status":"publish","type":"product","link":"https:\/\/www.istegroup.com\/en\/produit\/lart-et-la-science-de-la-programmation-nfc\/","title":{"rendered":"L&#8217;art et la science de la programmation NFC"},"content":{"rendered":"<p>La s\u00e9rie\u00a0<em>Technologies Intellectives<\/em>\u00a0propose des ouvrages qui explorent le travail, l\u2019enchev\u00eatrement des \u00e9critures et le d\u00e9veloppement de technologies intellectuelles qui automatisent pour partie certains des processus cognitifs. Elle pr\u00e9sente des travaux qui font face \u00e0 la mont\u00e9e en puissance de l\u2019algorithmique ainsi qu\u2019\u00e0 l\u2019\u00e9mergence de nouvelles formes d\u2019intelligence collective dans divers domaines (la recherche, le monde militaire, les organisations&#8230;). Elle ouvre un espace aux travaux concernant les devenirs de l&#8217;intelligence associ\u00e9s \u00e0 la croissance de l&#8217;internet des objets, de l\u2019hybridation du vivant et de l\u2019intelligence artificielle.<\/p>\n<p>La communication en champ proche par mise en proximit\u00e9 d\u2019appareils \u00e9quip\u00e9s de la connectivit\u00e9 NFC\u00a0<em>(Near Field Communication)<\/em>\u00a0est devenue le standard universel adopt\u00e9 par les fabricants de smartphones.<\/p>\n<p>Cet ouvrage pr\u00e9sente le caract\u00e8re innovant du NFC et en offre une vision pragmatique. La partie th\u00e9orique d\u00e9taille les modes op\u00e9ratoires de ce standard. La partie technique analyse son usage dans la programmation d\u2019applications mobiles et la partie pratique fournit et commente des exemples concrets de son utilisation.<\/p>\n<p><em>L\u2019art et la science de la programmation NFC<\/em>\u00a0apporte aux lecteurs les bases indispensables au d\u00e9veloppement d\u2019applications Android int\u00e9grant ce standard.<\/p>\n","protected":false},"excerpt":{"rendered":"<p>La s\u00e9rie\u00a0Technologies Intellectives\u00a0propose des ouvrages qui explorent le travail, l\u2019enchev\u00eatrement des \u00e9critures et le d\u00e9veloppement de technologies intellectuelles qui automatisent pour partie certains des processus cognitifs. Elle pr\u00e9sente des travaux qui font face \u00e0 la mont\u00e9e en puissance de l\u2019algorithmique ainsi qu\u2019\u00e0 l\u2019\u00e9mergence de nouvelles formes d\u2019intelligence collective dans divers domaines (la recherche, le monde [&hellip;]<\/p>\n","protected":false},"featured_media":312,"template":"","meta":{"_acf_changed":false,"_links_to":"","_links_to_target":""},"product_brand":[],"product_cat":[675,723,707],"product_tag":[195,31,196,218,219,197,198,199,21,200,22,201,202,203,204,63,25,205,172,26,206,207,27,99,208,209,210,211,212,38,192,145,28,29,213,214,215,216,217],"class_list":{"0":"post-311","1":"product","2":"type-product","3":"status-publish","4":"has-post-thumbnail","6":"product_cat-nouveauts-12519446","7":"product_cat-srie-technologies-intellectives-378319432","8":"product_cat-systmes-dinformation-web-et-socit-12506570","9":"product_tag-anne-marie-lesas","10":"product_tag-ebook","11":"product_tag-ebooks","12":"product_tag-editions-ouvrage","13":"product_tag-editions-ouvrages","14":"product_tag-iste","15":"product_tag-iste-edition","16":"product_tag-iste-editions","17":"product_tag-iste-group","18":"product_tag-isteedition","19":"product_tag-istegroup","20":"product_tag-kindle","21":"product_tag-lart-et-la-science-de-la-programmation-nfc","22":"product_tag-liseuse","23":"product_tag-livre","24":"product_tag-livre-electronique","25":"product_tag-livre-numerique","26":"product_tag-livre-science","27":"product_tag-livre-scientifique","28":"product_tag-livre-scientifique-francais","29":"product_tag-livre-scientique","30":"product_tag-livre-technique","31":"product_tag-livre-technique-francais","32":"product_tag-livres-numeriques","33":"product_tag-livres-scientifique","34":"product_tag-livres-scientifiques","35":"product_tag-near-field-communication","36":"product_tag-nfc","37":"product_tag-ouvrage","38":"product_tag-ouvrage-numerique","39":"product_tag-ouvrage-science","40":"product_tag-ouvrage-scientifique","41":"product_tag-ouvrage-scientifique-francais","42":"product_tag-ouvrage-technique","43":"product_tag-ouvrages-scientifiques","44":"product_tag-ouvrages-techniques","45":"product_tag-programmation","46":"product_tag-programmation-nfc","47":"product_tag-serge-miranda","49":"first","50":"instock","51":"shipping-taxable","52":"purchasable","53":"product-type-variable"},"acf":[],"yoast_head":"<!-- This site is optimized with the Yoast SEO plugin v27.2 - https:\/\/yoast.com\/product\/yoast-seo-wordpress\/ -->\n<title>L&#039;art et la science de la programmation NFC - ISTE Group<\/title>\n<meta name=\"description\" content=\"Cet ouvrage pr\u00e9sente le caract\u00e8re innovant du NFC (Near Field Communication) et apporte aux lecteurs les bases indispensables au d\u00e9veloppement d\u2019applications Android int\u00e9grant ce standard.\" \/>\n<meta name=\"robots\" content=\"index, follow, max-snippet:-1, max-image-preview:large, max-video-preview:-1\" \/>\n<link rel=\"canonical\" href=\"https:\/\/www.istegroup.com\/fr\/produit\/lart-et-la-science-de-la-programmation-nfc\/\" \/>\n<meta property=\"og:locale\" content=\"en_US\" \/>\n<meta property=\"og:type\" content=\"article\" \/>\n<meta property=\"og:title\" content=\"L&#039;art et la science de la programmation NFC - ISTE Group\" \/>\n<meta property=\"og:description\" content=\"Cet ouvrage pr\u00e9sente le caract\u00e8re innovant du NFC (Near Field Communication) et apporte aux lecteurs les bases indispensables au d\u00e9veloppement d\u2019applications Android int\u00e9grant ce standard.\" \/>\n<meta property=\"og:url\" content=\"https:\/\/www.istegroup.com\/fr\/produit\/lart-et-la-science-de-la-programmation-nfc\/\" \/>\n<meta property=\"og:site_name\" content=\"ISTE Group\" \/>\n<meta property=\"article:modified_time\" content=\"2024-01-03T13:39:20+00:00\" \/>\n<meta property=\"og:image\" content=\"https:\/\/www.istegroup.com\/wp-content\/uploads\/2017\/07\/19816680465_8889651729-1.jpg\" \/>\n\t<meta property=\"og:image:width\" content=\"1365\" \/>\n\t<meta property=\"og:image:height\" content=\"2048\" \/>\n\t<meta property=\"og:image:type\" content=\"image\/jpeg\" \/>\n<meta name=\"twitter:card\" content=\"summary_large_image\" \/>\n<meta name=\"twitter:label1\" content=\"Est. reading time\" \/>\n\t<meta name=\"twitter:data1\" content=\"1 minute\" \/>\n<script type=\"application\/ld+json\" class=\"yoast-schema-graph\">{\"@context\":\"https:\/\/schema.org\",\"@graph\":[{\"@type\":\"WebPage\",\"@id\":\"https:\/\/www.istegroup.com\/fr\/produit\/lart-et-la-science-de-la-programmation-nfc\/\",\"url\":\"https:\/\/www.istegroup.com\/fr\/produit\/lart-et-la-science-de-la-programmation-nfc\/\",\"name\":\"L'art et la science de la programmation NFC - ISTE Group\",\"isPartOf\":{\"@id\":\"https:\/\/www.istegroup.com\/#website\"},\"primaryImageOfPage\":{\"@id\":\"https:\/\/www.istegroup.com\/fr\/produit\/lart-et-la-science-de-la-programmation-nfc\/#primaryimage\"},\"image\":{\"@id\":\"https:\/\/www.istegroup.com\/fr\/produit\/lart-et-la-science-de-la-programmation-nfc\/#primaryimage\"},\"thumbnailUrl\":\"https:\/\/www.istegroup.com\/wp-content\/uploads\/2017\/07\/19816680465_8889651729-1.jpg\",\"datePublished\":\"2017-04-28T09:53:19+00:00\",\"dateModified\":\"2024-01-03T13:39:20+00:00\",\"description\":\"Cet ouvrage pr\u00e9sente le caract\u00e8re innovant du NFC (Near Field Communication) et apporte aux lecteurs les bases indispensables au d\u00e9veloppement d\u2019applications Android int\u00e9grant ce standard.\",\"breadcrumb\":{\"@id\":\"https:\/\/www.istegroup.com\/fr\/produit\/lart-et-la-science-de-la-programmation-nfc\/#breadcrumb\"},\"inLanguage\":\"en-US\",\"potentialAction\":[{\"@type\":\"ReadAction\",\"target\":[\"https:\/\/www.istegroup.com\/fr\/produit\/lart-et-la-science-de-la-programmation-nfc\/\"]}]},{\"@type\":\"ImageObject\",\"inLanguage\":\"en-US\",\"@id\":\"https:\/\/www.istegroup.com\/fr\/produit\/lart-et-la-science-de-la-programmation-nfc\/#primaryimage\",\"url\":\"https:\/\/www.istegroup.com\/wp-content\/uploads\/2017\/07\/19816680465_8889651729-1.jpg\",\"contentUrl\":\"https:\/\/www.istegroup.com\/wp-content\/uploads\/2017\/07\/19816680465_8889651729-1.jpg\",\"width\":1365,\"height\":2048,\"caption\":\"L\u2019art et la science de la programmation NFC\"},{\"@type\":\"BreadcrumbList\",\"@id\":\"https:\/\/www.istegroup.com\/fr\/produit\/lart-et-la-science-de-la-programmation-nfc\/#breadcrumb\",\"itemListElement\":[{\"@type\":\"ListItem\",\"position\":1,\"name\":\"Home\",\"item\":\"https:\/\/www.istegroup.com\/\"},{\"@type\":\"ListItem\",\"position\":2,\"name\":\"Shop\",\"item\":\"https:\/\/www.istegroup.com\/fr\/nouveautes\/\"},{\"@type\":\"ListItem\",\"position\":3,\"name\":\"L&rsquo;art et la science de la programmation NFC\"}]},{\"@type\":\"WebSite\",\"@id\":\"https:\/\/www.istegroup.com\/#website\",\"url\":\"https:\/\/www.istegroup.com\/\",\"name\":\"ISTE Group\",\"description\":\"Publishing Knowledge\",\"potentialAction\":[{\"@type\":\"SearchAction\",\"target\":{\"@type\":\"EntryPoint\",\"urlTemplate\":\"https:\/\/www.istegroup.com\/?s={search_term_string}\"},\"query-input\":{\"@type\":\"PropertyValueSpecification\",\"valueRequired\":true,\"valueName\":\"search_term_string\"}}],\"inLanguage\":\"en-US\"}]}<\/script>\n<!-- \/ Yoast SEO plugin. -->","yoast_head_json":{"title":"L'art et la science de la programmation NFC - ISTE Group","description":"Cet ouvrage pr\u00e9sente le caract\u00e8re innovant du NFC (Near Field Communication) et apporte aux lecteurs les bases indispensables au d\u00e9veloppement d\u2019applications Android int\u00e9grant ce standard.","robots":{"index":"index","follow":"follow","max-snippet":"max-snippet:-1","max-image-preview":"max-image-preview:large","max-video-preview":"max-video-preview:-1"},"canonical":"https:\/\/www.istegroup.com\/fr\/produit\/lart-et-la-science-de-la-programmation-nfc\/","og_locale":"en_US","og_type":"article","og_title":"L'art et la science de la programmation NFC - ISTE Group","og_description":"Cet ouvrage pr\u00e9sente le caract\u00e8re innovant du NFC (Near Field Communication) et apporte aux lecteurs les bases indispensables au d\u00e9veloppement d\u2019applications Android int\u00e9grant ce standard.","og_url":"https:\/\/www.istegroup.com\/fr\/produit\/lart-et-la-science-de-la-programmation-nfc\/","og_site_name":"ISTE Group","article_modified_time":"2024-01-03T13:39:20+00:00","og_image":[{"width":1365,"height":2048,"url":"https:\/\/www.istegroup.com\/wp-content\/uploads\/2017\/07\/19816680465_8889651729-1.jpg","type":"image\/jpeg"}],"twitter_card":"summary_large_image","twitter_misc":{"Est. reading time":"1 minute"},"schema":{"@context":"https:\/\/schema.org","@graph":[{"@type":"WebPage","@id":"https:\/\/www.istegroup.com\/fr\/produit\/lart-et-la-science-de-la-programmation-nfc\/","url":"https:\/\/www.istegroup.com\/fr\/produit\/lart-et-la-science-de-la-programmation-nfc\/","name":"L'art et la science de la programmation NFC - ISTE Group","isPartOf":{"@id":"https:\/\/www.istegroup.com\/#website"},"primaryImageOfPage":{"@id":"https:\/\/www.istegroup.com\/fr\/produit\/lart-et-la-science-de-la-programmation-nfc\/#primaryimage"},"image":{"@id":"https:\/\/www.istegroup.com\/fr\/produit\/lart-et-la-science-de-la-programmation-nfc\/#primaryimage"},"thumbnailUrl":"https:\/\/www.istegroup.com\/wp-content\/uploads\/2017\/07\/19816680465_8889651729-1.jpg","datePublished":"2017-04-28T09:53:19+00:00","dateModified":"2024-01-03T13:39:20+00:00","description":"Cet ouvrage pr\u00e9sente le caract\u00e8re innovant du NFC (Near Field Communication) et apporte aux lecteurs les bases indispensables au d\u00e9veloppement d\u2019applications Android int\u00e9grant ce standard.","breadcrumb":{"@id":"https:\/\/www.istegroup.com\/fr\/produit\/lart-et-la-science-de-la-programmation-nfc\/#breadcrumb"},"inLanguage":"en-US","potentialAction":[{"@type":"ReadAction","target":["https:\/\/www.istegroup.com\/fr\/produit\/lart-et-la-science-de-la-programmation-nfc\/"]}]},{"@type":"ImageObject","inLanguage":"en-US","@id":"https:\/\/www.istegroup.com\/fr\/produit\/lart-et-la-science-de-la-programmation-nfc\/#primaryimage","url":"https:\/\/www.istegroup.com\/wp-content\/uploads\/2017\/07\/19816680465_8889651729-1.jpg","contentUrl":"https:\/\/www.istegroup.com\/wp-content\/uploads\/2017\/07\/19816680465_8889651729-1.jpg","width":1365,"height":2048,"caption":"L\u2019art et la science de la programmation NFC"},{"@type":"BreadcrumbList","@id":"https:\/\/www.istegroup.com\/fr\/produit\/lart-et-la-science-de-la-programmation-nfc\/#breadcrumb","itemListElement":[{"@type":"ListItem","position":1,"name":"Home","item":"https:\/\/www.istegroup.com\/"},{"@type":"ListItem","position":2,"name":"Shop","item":"https:\/\/www.istegroup.com\/fr\/nouveautes\/"},{"@type":"ListItem","position":3,"name":"L&rsquo;art et la science de la programmation NFC"}]},{"@type":"WebSite","@id":"https:\/\/www.istegroup.com\/#website","url":"https:\/\/www.istegroup.com\/","name":"ISTE Group","description":"Publishing Knowledge","potentialAction":[{"@type":"SearchAction","target":{"@type":"EntryPoint","urlTemplate":"https:\/\/www.istegroup.com\/?s={search_term_string}"},"query-input":{"@type":"PropertyValueSpecification","valueRequired":true,"valueName":"search_term_string"}}],"inLanguage":"en-US"}]}},"_links":{"self":[{"href":"https:\/\/www.istegroup.com\/en\/wp-json\/wp\/v2\/product\/311","targetHints":{"allow":["GET"]}}],"collection":[{"href":"https:\/\/www.istegroup.com\/en\/wp-json\/wp\/v2\/product"}],"about":[{"href":"https:\/\/www.istegroup.com\/en\/wp-json\/wp\/v2\/types\/product"}],"wp:featuredmedia":[{"embeddable":true,"href":"https:\/\/www.istegroup.com\/en\/wp-json\/wp\/v2\/media\/312"}],"wp:attachment":[{"href":"https:\/\/www.istegroup.com\/en\/wp-json\/wp\/v2\/media?parent=311"}],"wp:term":[{"taxonomy":"product_brand","embeddable":true,"href":"https:\/\/www.istegroup.com\/en\/wp-json\/wp\/v2\/product_brand?post=311"},{"taxonomy":"product_cat","embeddable":true,"href":"https:\/\/www.istegroup.com\/en\/wp-json\/wp\/v2\/product_cat?post=311"},{"taxonomy":"product_tag","embeddable":true,"href":"https:\/\/www.istegroup.com\/en\/wp-json\/wp\/v2\/product_tag?post=311"}],"curies":[{"name":"wp","href":"https:\/\/api.w.org\/{rel}","templated":true}]}}