{"id":307,"date":"2017-07-28T11:53:09","date_gmt":"2017-07-28T09:53:09","guid":{"rendered":"https:\/\/iste.yhello.co\/product\/lanthropotechnologie\/"},"modified":"2024-01-03T13:39:19","modified_gmt":"2024-01-03T13:39:19","slug":"lanthropotechnologie","status":"publish","type":"product","link":"https:\/\/www.istegroup.com\/en\/produit\/lanthropotechnologie\/","title":{"rendered":"L&#8217;anthropotechnologie"},"content":{"rendered":"<p>L\u2019anthropotechnologie concentre ses actions depuis trente ans sur l\u2019\u00e9tude et l\u2019am\u00e9lioration des conditions de travail et de vie des populations \u00e0 travers le monde.<\/p>\n<p>Elle oriente les acteurs des processus de conception en les rendant attentifs au \u00ab facteur humain \u00bb, \u00e0 ses composantes sociales, culturelles et environnementales. Elle valorise par cons\u00e9quent une conception des techniques respectueuse des personnes, de leurs mani\u00e8res de penser et d\u2019agir dans des contextes sp\u00e9cifiques.<\/p>\n<p>Cet ouvrage relate l\u2019\u00e9volution et l\u2019institutionnalisation r\u00e9cente de cette discipline dans le monde de l\u2019Universit\u00e9 et des Hautes Ecoles. Des projets sont pr\u00e9sent\u00e9s et les dynamiques de coconception sont analys\u00e9es. Toujours soucieuses de r\u00e9pondre aux contextes du terrain, ces dynamiques f\u00e9d\u00e8rent des ensembles de comp\u00e9tences souvent antagonistes.<\/p>\n","protected":false},"excerpt":{"rendered":"<p>L\u2019anthropotechnologie concentre ses actions depuis trente ans sur l\u2019\u00e9tude et l\u2019am\u00e9lioration des conditions de travail et de vie des populations \u00e0 travers le monde. Elle oriente les acteurs des processus de conception en les rendant attentifs au \u00ab facteur humain \u00bb, \u00e0 ses composantes sociales, culturelles et environnementales. Elle valorise par cons\u00e9quent une conception des [&hellip;]<\/p>\n","protected":false},"featured_media":308,"template":"","meta":{"_acf_changed":false,"_links_to":"","_links_to_target":""},"product_brand":[],"product_cat":[675,684,699],"product_tag":[228,229,230,31,196,18,219,231,197,198,199,21,200,22,201,232,203,204,63,25,205,172,26,206,207,27,99,208,209,212,38,192,145,28,29,213,214,233,234],"class_list":{"0":"post-307","1":"product","2":"type-product","3":"status-publish","4":"has-post-thumbnail","6":"product_cat-nouveauts-12519446","7":"product_cat-sciences-socit-et-nouvelles-technologies-188422468","8":"product_cat-srie-interdisciplinarit-autour-du-social-419015889","9":"product_tag-anthropotechnologie","10":"product_tag-conditions-de-travail","11":"product_tag-cultures-et-conception","12":"product_tag-ebook","13":"product_tag-ebooks","14":"product_tag-edition-scientifique","15":"product_tag-editions-ouvrages","16":"product_tag-facteur-humain","17":"product_tag-iste","18":"product_tag-iste-edition","19":"product_tag-iste-editions","20":"product_tag-iste-group","21":"product_tag-isteedition","22":"product_tag-istegroup","23":"product_tag-kindle","24":"product_tag-lanthropotechnologie","25":"product_tag-liseuse","26":"product_tag-livre","27":"product_tag-livre-electronique","28":"product_tag-livre-numerique","29":"product_tag-livre-science","30":"product_tag-livre-scientifique","31":"product_tag-livre-scientifique-francais","32":"product_tag-livre-scientique","33":"product_tag-livre-technique","34":"product_tag-livre-technique-francais","35":"product_tag-livres-numeriques","36":"product_tag-livres-scientifique","37":"product_tag-livres-scientifiques","38":"product_tag-ouvrage","39":"product_tag-ouvrage-numerique","40":"product_tag-ouvrage-science","41":"product_tag-ouvrage-scientifique","42":"product_tag-ouvrage-scientifique-francais","43":"product_tag-ouvrage-technique","44":"product_tag-ouvrages-scientifiques","45":"product_tag-ouvrages-techniques","46":"product_tag-philippe-geslin","47":"product_tag-vie-des-populations","49":"first","50":"instock","51":"shipping-taxable","52":"purchasable","53":"product-type-variable"},"acf":[],"yoast_head":"<!-- This site is optimized with the Yoast SEO plugin v27.2 - https:\/\/yoast.com\/product\/yoast-seo-wordpress\/ -->\n<title>L&#039;anthropotechnologie - ISTE Group<\/title>\n<meta name=\"robots\" content=\"index, follow, max-snippet:-1, max-image-preview:large, max-video-preview:-1\" \/>\n<link rel=\"canonical\" href=\"https:\/\/www.istegroup.com\/fr\/produit\/lanthropotechnologie\/\" \/>\n<meta property=\"og:locale\" content=\"en_US\" \/>\n<meta property=\"og:type\" content=\"article\" \/>\n<meta property=\"og:title\" content=\"L&#039;anthropotechnologie - ISTE Group\" \/>\n<meta property=\"og:description\" content=\"L\u2019anthropotechnologie concentre ses actions depuis trente ans sur l\u2019\u00e9tude et l\u2019am\u00e9lioration des conditions de travail et de vie des populations \u00e0 travers le monde. Elle oriente les acteurs des processus de conception en les rendant attentifs au \u00ab facteur humain \u00bb, \u00e0 ses composantes sociales, culturelles et environnementales. Elle valorise par cons\u00e9quent une conception des [&hellip;]\" \/>\n<meta property=\"og:url\" content=\"https:\/\/www.istegroup.com\/fr\/produit\/lanthropotechnologie\/\" \/>\n<meta property=\"og:site_name\" content=\"ISTE Group\" \/>\n<meta property=\"article:modified_time\" content=\"2024-01-03T13:39:19+00:00\" \/>\n<meta property=\"og:image\" content=\"https:\/\/www.istegroup.com\/wp-content\/uploads\/2017\/07\/19815093201_8888970385-1.jpg\" \/>\n\t<meta property=\"og:image:width\" content=\"1366\" \/>\n\t<meta property=\"og:image:height\" content=\"2048\" \/>\n\t<meta property=\"og:image:type\" content=\"image\/jpeg\" \/>\n<meta name=\"twitter:card\" content=\"summary_large_image\" \/>\n<meta name=\"twitter:label1\" content=\"Est. reading time\" \/>\n\t<meta name=\"twitter:data1\" content=\"1 minute\" \/>\n<script type=\"application\/ld+json\" class=\"yoast-schema-graph\">{\"@context\":\"https:\/\/schema.org\",\"@graph\":[{\"@type\":\"WebPage\",\"@id\":\"https:\/\/www.istegroup.com\/fr\/produit\/lanthropotechnologie\/\",\"url\":\"https:\/\/www.istegroup.com\/fr\/produit\/lanthropotechnologie\/\",\"name\":\"L'anthropotechnologie - ISTE Group\",\"isPartOf\":{\"@id\":\"https:\/\/www.istegroup.com\/#website\"},\"primaryImageOfPage\":{\"@id\":\"https:\/\/www.istegroup.com\/fr\/produit\/lanthropotechnologie\/#primaryimage\"},\"image\":{\"@id\":\"https:\/\/www.istegroup.com\/fr\/produit\/lanthropotechnologie\/#primaryimage\"},\"thumbnailUrl\":\"https:\/\/www.istegroup.com\/wp-content\/uploads\/2017\/07\/19815093201_8888970385-1.jpg\",\"datePublished\":\"2017-07-28T09:53:09+00:00\",\"dateModified\":\"2024-01-03T13:39:19+00:00\",\"breadcrumb\":{\"@id\":\"https:\/\/www.istegroup.com\/fr\/produit\/lanthropotechnologie\/#breadcrumb\"},\"inLanguage\":\"en-US\",\"potentialAction\":[{\"@type\":\"ReadAction\",\"target\":[\"https:\/\/www.istegroup.com\/fr\/produit\/lanthropotechnologie\/\"]}]},{\"@type\":\"ImageObject\",\"inLanguage\":\"en-US\",\"@id\":\"https:\/\/www.istegroup.com\/fr\/produit\/lanthropotechnologie\/#primaryimage\",\"url\":\"https:\/\/www.istegroup.com\/wp-content\/uploads\/2017\/07\/19815093201_8888970385-1.jpg\",\"contentUrl\":\"https:\/\/www.istegroup.com\/wp-content\/uploads\/2017\/07\/19815093201_8888970385-1.jpg\",\"width\":1366,\"height\":2048,\"caption\":\"Cultures et conception\"},{\"@type\":\"BreadcrumbList\",\"@id\":\"https:\/\/www.istegroup.com\/fr\/produit\/lanthropotechnologie\/#breadcrumb\",\"itemListElement\":[{\"@type\":\"ListItem\",\"position\":1,\"name\":\"Home\",\"item\":\"https:\/\/www.istegroup.com\/\"},{\"@type\":\"ListItem\",\"position\":2,\"name\":\"Shop\",\"item\":\"https:\/\/www.istegroup.com\/fr\/nouveautes\/\"},{\"@type\":\"ListItem\",\"position\":3,\"name\":\"L&rsquo;anthropotechnologie\"}]},{\"@type\":\"WebSite\",\"@id\":\"https:\/\/www.istegroup.com\/#website\",\"url\":\"https:\/\/www.istegroup.com\/\",\"name\":\"ISTE Group\",\"description\":\"Publishing Knowledge\",\"potentialAction\":[{\"@type\":\"SearchAction\",\"target\":{\"@type\":\"EntryPoint\",\"urlTemplate\":\"https:\/\/www.istegroup.com\/?s={search_term_string}\"},\"query-input\":{\"@type\":\"PropertyValueSpecification\",\"valueRequired\":true,\"valueName\":\"search_term_string\"}}],\"inLanguage\":\"en-US\"}]}<\/script>\n<!-- \/ Yoast SEO plugin. -->","yoast_head_json":{"title":"L'anthropotechnologie - ISTE Group","robots":{"index":"index","follow":"follow","max-snippet":"max-snippet:-1","max-image-preview":"max-image-preview:large","max-video-preview":"max-video-preview:-1"},"canonical":"https:\/\/www.istegroup.com\/fr\/produit\/lanthropotechnologie\/","og_locale":"en_US","og_type":"article","og_title":"L'anthropotechnologie - ISTE Group","og_description":"L\u2019anthropotechnologie concentre ses actions depuis trente ans sur l\u2019\u00e9tude et l\u2019am\u00e9lioration des conditions de travail et de vie des populations \u00e0 travers le monde. Elle oriente les acteurs des processus de conception en les rendant attentifs au \u00ab facteur humain \u00bb, \u00e0 ses composantes sociales, culturelles et environnementales. Elle valorise par cons\u00e9quent une conception des [&hellip;]","og_url":"https:\/\/www.istegroup.com\/fr\/produit\/lanthropotechnologie\/","og_site_name":"ISTE Group","article_modified_time":"2024-01-03T13:39:19+00:00","og_image":[{"width":1366,"height":2048,"url":"https:\/\/www.istegroup.com\/wp-content\/uploads\/2017\/07\/19815093201_8888970385-1.jpg","type":"image\/jpeg"}],"twitter_card":"summary_large_image","twitter_misc":{"Est. reading time":"1 minute"},"schema":{"@context":"https:\/\/schema.org","@graph":[{"@type":"WebPage","@id":"https:\/\/www.istegroup.com\/fr\/produit\/lanthropotechnologie\/","url":"https:\/\/www.istegroup.com\/fr\/produit\/lanthropotechnologie\/","name":"L'anthropotechnologie - ISTE Group","isPartOf":{"@id":"https:\/\/www.istegroup.com\/#website"},"primaryImageOfPage":{"@id":"https:\/\/www.istegroup.com\/fr\/produit\/lanthropotechnologie\/#primaryimage"},"image":{"@id":"https:\/\/www.istegroup.com\/fr\/produit\/lanthropotechnologie\/#primaryimage"},"thumbnailUrl":"https:\/\/www.istegroup.com\/wp-content\/uploads\/2017\/07\/19815093201_8888970385-1.jpg","datePublished":"2017-07-28T09:53:09+00:00","dateModified":"2024-01-03T13:39:19+00:00","breadcrumb":{"@id":"https:\/\/www.istegroup.com\/fr\/produit\/lanthropotechnologie\/#breadcrumb"},"inLanguage":"en-US","potentialAction":[{"@type":"ReadAction","target":["https:\/\/www.istegroup.com\/fr\/produit\/lanthropotechnologie\/"]}]},{"@type":"ImageObject","inLanguage":"en-US","@id":"https:\/\/www.istegroup.com\/fr\/produit\/lanthropotechnologie\/#primaryimage","url":"https:\/\/www.istegroup.com\/wp-content\/uploads\/2017\/07\/19815093201_8888970385-1.jpg","contentUrl":"https:\/\/www.istegroup.com\/wp-content\/uploads\/2017\/07\/19815093201_8888970385-1.jpg","width":1366,"height":2048,"caption":"Cultures et conception"},{"@type":"BreadcrumbList","@id":"https:\/\/www.istegroup.com\/fr\/produit\/lanthropotechnologie\/#breadcrumb","itemListElement":[{"@type":"ListItem","position":1,"name":"Home","item":"https:\/\/www.istegroup.com\/"},{"@type":"ListItem","position":2,"name":"Shop","item":"https:\/\/www.istegroup.com\/fr\/nouveautes\/"},{"@type":"ListItem","position":3,"name":"L&rsquo;anthropotechnologie"}]},{"@type":"WebSite","@id":"https:\/\/www.istegroup.com\/#website","url":"https:\/\/www.istegroup.com\/","name":"ISTE Group","description":"Publishing Knowledge","potentialAction":[{"@type":"SearchAction","target":{"@type":"EntryPoint","urlTemplate":"https:\/\/www.istegroup.com\/?s={search_term_string}"},"query-input":{"@type":"PropertyValueSpecification","valueRequired":true,"valueName":"search_term_string"}}],"inLanguage":"en-US"}]}},"_links":{"self":[{"href":"https:\/\/www.istegroup.com\/en\/wp-json\/wp\/v2\/product\/307","targetHints":{"allow":["GET"]}}],"collection":[{"href":"https:\/\/www.istegroup.com\/en\/wp-json\/wp\/v2\/product"}],"about":[{"href":"https:\/\/www.istegroup.com\/en\/wp-json\/wp\/v2\/types\/product"}],"wp:featuredmedia":[{"embeddable":true,"href":"https:\/\/www.istegroup.com\/en\/wp-json\/wp\/v2\/media\/308"}],"wp:attachment":[{"href":"https:\/\/www.istegroup.com\/en\/wp-json\/wp\/v2\/media?parent=307"}],"wp:term":[{"taxonomy":"product_brand","embeddable":true,"href":"https:\/\/www.istegroup.com\/en\/wp-json\/wp\/v2\/product_brand?post=307"},{"taxonomy":"product_cat","embeddable":true,"href":"https:\/\/www.istegroup.com\/en\/wp-json\/wp\/v2\/product_cat?post=307"},{"taxonomy":"product_tag","embeddable":true,"href":"https:\/\/www.istegroup.com\/en\/wp-json\/wp\/v2\/product_tag?post=307"}],"curies":[{"name":"wp","href":"https:\/\/api.w.org\/{rel}","templated":true}]}}