{"id":295,"date":"2017-07-28T11:47:02","date_gmt":"2017-07-28T09:47:02","guid":{"rendered":"https:\/\/iste.yhello.co\/product\/innovation-et-transition-techno-ecologique\/"},"modified":"2024-10-17T08:55:01","modified_gmt":"2024-10-17T07:55:01","slug":"innovation-et-transition-techno-ecologique","status":"publish","type":"product","link":"https:\/\/www.istegroup.com\/en\/produit\/innovation-et-transition-techno-ecologique\/","title":{"rendered":"Innovation et transition techno-\u00e9cologique"},"content":{"rendered":"<p>La s\u00e9rie\u00a0<a href=\"https:\/\/www.istegroup.com\/fr\/series\/smart-innovation\/\"><em>Smart innovation<\/em><\/a>\u00a0pr\u00e9sente les th\u00e8mes li\u00e9s \u00e0 la dynamique technologique, entrepreneuriale, territoriale et \u00e9conomique de l&#8217;innovation. Elle privil\u00e9gie les approches novatrices des acteurs qui, par leurs comportements, strat\u00e9gies et politiques d&#8217;innovation intelligente, modifient les mod\u00e8les \u00e9conomiques dans une perspective de croissance durable.<\/p>\n<p>L\u2019adoption de la loi sur la transition \u00e9nerg\u00e9tique pour la croissance verte et la tenue de la XXIe \u00e9dition de la Conf\u00e9rence Climat de l\u2019ONU t\u00e9moignent d\u2019une prise de conscience individuelle et collective des impacts de l\u2019activit\u00e9 humaine sur l\u2019environnement.<\/p>\n<p>Cet ouvrage traite de la mise en oeuvre des transformations structurelles \u2013 la transition \u2013 qui permettent de faire \u00e9merger des syst\u00e8mes sociotechniques respectueux de l\u2019environnement. L\u2019hypoth\u00e8se est que le changement structurel d\u2019une soci\u00e9t\u00e9 s\u2019analyse au travers des innovations tant technologiques que soci\u00e9tales et institutionnelles.<\/p>\n<p>La question de la transition durable est \u00e9tudi\u00e9e \u00e0 travers l\u2019analyse de deux fonctions vitales : l\u2019\u00e9nergie et l\u2019agriculture\/l\u2019agroalimentaire.\u00a0<em>Innovation et transition techno-\u00e9cologique<\/em>\u00a0invite le lecteur \u00e0 questionner les mod\u00e8les \u00ab classiques \u00bb d\u2019innovation et \u00e0 observer les processus et les facteurs de blocage qui constituent autant d\u2019obstacles \u00e0 la r\u00e9ussite de la transition.<\/p>\n","protected":false},"excerpt":{"rendered":"<p>La s\u00e9rie\u00a0Smart innovation\u00a0pr\u00e9sente les th\u00e8mes li\u00e9s \u00e0 la dynamique technologique, entrepreneuriale, territoriale et \u00e9conomique de l&#8217;innovation. Elle privil\u00e9gie les approches novatrices des acteurs qui, par leurs comportements, strat\u00e9gies et politiques d&#8217;innovation intelligente, modifient les mod\u00e8les \u00e9conomiques dans une perspective de croissance durable. L\u2019adoption de la loi sur la transition \u00e9nerg\u00e9tique pour la croissance verte et [&hellip;]<\/p>\n","protected":false},"featured_media":296,"template":"","meta":{"_acf_changed":false,"_links_to":"","_links_to_target":""},"product_brand":[],"product_cat":[670,675,720],"product_tag":[72,18,19,20,73,74,21,22,26,27,38,28],"class_list":{"0":"post-295","1":"product","2":"type-product","3":"status-publish","4":"has-post-thumbnail","6":"product_cat-innovation-entrepreneuriat-et-gestion-11041751","7":"product_cat-nouveauts-12519446","8":"product_cat-srie-smart-innovation-58568196","9":"product_tag-corinne-tanguy","10":"product_tag-edition-scientifique","11":"product_tag-editions-francaise","12":"product_tag-editions-technique","13":"product_tag-fabienne-picard","14":"product_tag-innovation-et-transition-techno-ecologique","15":"product_tag-iste-group","16":"product_tag-istegroup","17":"product_tag-livre-scientifique-francais","18":"product_tag-livre-technique-francais","19":"product_tag-ouvrage-numerique","20":"product_tag-ouvrage-scientifique-francais","22":"first","23":"instock","24":"shipping-taxable","25":"purchasable","26":"product-type-variable"},"acf":[],"yoast_head":"<!-- This site is optimized with the Yoast SEO plugin v27.2 - https:\/\/yoast.com\/product\/yoast-seo-wordpress\/ -->\n<title>Innovation et transition techno-\u00e9cologique - ISTE Group<\/title>\n<meta name=\"description\" content=\"L&#039;ouvrage traite de la mise en oeuvre des transformations structurelles permettant de faire \u00e9merger des syst\u00e8mes sociotechniques respectueux de l\u2019environnement.\" \/>\n<meta name=\"robots\" content=\"index, follow, max-snippet:-1, max-image-preview:large, max-video-preview:-1\" \/>\n<link rel=\"canonical\" href=\"https:\/\/www.istegroup.com\/fr\/produit\/innovation-et-transition-techno-ecologique\/\" \/>\n<meta property=\"og:locale\" content=\"en_US\" \/>\n<meta property=\"og:type\" content=\"article\" \/>\n<meta property=\"og:title\" content=\"Innovation et transition techno-\u00e9cologique - ISTE Group\" \/>\n<meta property=\"og:description\" content=\"L&#039;ouvrage traite de la mise en oeuvre des transformations structurelles permettant de faire \u00e9merger des syst\u00e8mes sociotechniques respectueux de l\u2019environnement.\" \/>\n<meta property=\"og:url\" content=\"https:\/\/www.istegroup.com\/fr\/produit\/innovation-et-transition-techno-ecologique\/\" \/>\n<meta property=\"og:site_name\" content=\"ISTE Group\" \/>\n<meta property=\"article:modified_time\" content=\"2024-10-17T07:55:01+00:00\" \/>\n<meta property=\"og:image\" content=\"https:\/\/www.istegroup.com\/wp-content\/uploads\/2017\/07\/21583167889_9639638801-1.jpg\" \/>\n\t<meta property=\"og:image:width\" content=\"300\" \/>\n\t<meta property=\"og:image:height\" content=\"452\" \/>\n\t<meta property=\"og:image:type\" content=\"image\/jpeg\" \/>\n<meta name=\"twitter:card\" content=\"summary_large_image\" \/>\n<meta name=\"twitter:label1\" content=\"Est. reading time\" \/>\n\t<meta name=\"twitter:data1\" content=\"1 minute\" \/>\n<script type=\"application\/ld+json\" class=\"yoast-schema-graph\">{\"@context\":\"https:\/\/schema.org\",\"@graph\":[{\"@type\":\"WebPage\",\"@id\":\"https:\/\/www.istegroup.com\/fr\/produit\/innovation-et-transition-techno-ecologique\/\",\"url\":\"https:\/\/www.istegroup.com\/fr\/produit\/innovation-et-transition-techno-ecologique\/\",\"name\":\"Innovation et transition techno-\u00e9cologique - ISTE Group\",\"isPartOf\":{\"@id\":\"https:\/\/www.istegroup.com\/#website\"},\"primaryImageOfPage\":{\"@id\":\"https:\/\/www.istegroup.com\/fr\/produit\/innovation-et-transition-techno-ecologique\/#primaryimage\"},\"image\":{\"@id\":\"https:\/\/www.istegroup.com\/fr\/produit\/innovation-et-transition-techno-ecologique\/#primaryimage\"},\"thumbnailUrl\":\"https:\/\/www.istegroup.com\/wp-content\/uploads\/2017\/07\/21583167889_9639638801-1.jpg\",\"datePublished\":\"2017-07-28T09:47:02+00:00\",\"dateModified\":\"2024-10-17T07:55:01+00:00\",\"description\":\"L'ouvrage traite de la mise en oeuvre des transformations structurelles permettant de faire \u00e9merger des syst\u00e8mes sociotechniques respectueux de l\u2019environnement.\",\"breadcrumb\":{\"@id\":\"https:\/\/www.istegroup.com\/fr\/produit\/innovation-et-transition-techno-ecologique\/#breadcrumb\"},\"inLanguage\":\"en-US\",\"potentialAction\":[{\"@type\":\"ReadAction\",\"target\":[\"https:\/\/www.istegroup.com\/fr\/produit\/innovation-et-transition-techno-ecologique\/\"]}]},{\"@type\":\"ImageObject\",\"inLanguage\":\"en-US\",\"@id\":\"https:\/\/www.istegroup.com\/fr\/produit\/innovation-et-transition-techno-ecologique\/#primaryimage\",\"url\":\"https:\/\/www.istegroup.com\/wp-content\/uploads\/2017\/07\/21583167889_9639638801-1.jpg\",\"contentUrl\":\"https:\/\/www.istegroup.com\/wp-content\/uploads\/2017\/07\/21583167889_9639638801-1.jpg\",\"width\":300,\"height\":452,\"caption\":\"Innovation et transition techno-\u00e9cologique\"},{\"@type\":\"BreadcrumbList\",\"@id\":\"https:\/\/www.istegroup.com\/fr\/produit\/innovation-et-transition-techno-ecologique\/#breadcrumb\",\"itemListElement\":[{\"@type\":\"ListItem\",\"position\":1,\"name\":\"Home\",\"item\":\"https:\/\/www.istegroup.com\/\"},{\"@type\":\"ListItem\",\"position\":2,\"name\":\"Shop\",\"item\":\"https:\/\/www.istegroup.com\/fr\/nouveautes\/\"},{\"@type\":\"ListItem\",\"position\":3,\"name\":\"Innovation et transition techno-\u00e9cologique\"}]},{\"@type\":\"WebSite\",\"@id\":\"https:\/\/www.istegroup.com\/#website\",\"url\":\"https:\/\/www.istegroup.com\/\",\"name\":\"ISTE Group\",\"description\":\"Publishing Knowledge\",\"potentialAction\":[{\"@type\":\"SearchAction\",\"target\":{\"@type\":\"EntryPoint\",\"urlTemplate\":\"https:\/\/www.istegroup.com\/?s={search_term_string}\"},\"query-input\":{\"@type\":\"PropertyValueSpecification\",\"valueRequired\":true,\"valueName\":\"search_term_string\"}}],\"inLanguage\":\"en-US\"}]}<\/script>\n<!-- \/ Yoast SEO plugin. -->","yoast_head_json":{"title":"Innovation et transition techno-\u00e9cologique - ISTE Group","description":"L'ouvrage traite de la mise en oeuvre des transformations structurelles permettant de faire \u00e9merger des syst\u00e8mes sociotechniques respectueux de l\u2019environnement.","robots":{"index":"index","follow":"follow","max-snippet":"max-snippet:-1","max-image-preview":"max-image-preview:large","max-video-preview":"max-video-preview:-1"},"canonical":"https:\/\/www.istegroup.com\/fr\/produit\/innovation-et-transition-techno-ecologique\/","og_locale":"en_US","og_type":"article","og_title":"Innovation et transition techno-\u00e9cologique - ISTE Group","og_description":"L'ouvrage traite de la mise en oeuvre des transformations structurelles permettant de faire \u00e9merger des syst\u00e8mes sociotechniques respectueux de l\u2019environnement.","og_url":"https:\/\/www.istegroup.com\/fr\/produit\/innovation-et-transition-techno-ecologique\/","og_site_name":"ISTE Group","article_modified_time":"2024-10-17T07:55:01+00:00","og_image":[{"width":300,"height":452,"url":"https:\/\/www.istegroup.com\/wp-content\/uploads\/2017\/07\/21583167889_9639638801-1.jpg","type":"image\/jpeg"}],"twitter_card":"summary_large_image","twitter_misc":{"Est. reading time":"1 minute"},"schema":{"@context":"https:\/\/schema.org","@graph":[{"@type":"WebPage","@id":"https:\/\/www.istegroup.com\/fr\/produit\/innovation-et-transition-techno-ecologique\/","url":"https:\/\/www.istegroup.com\/fr\/produit\/innovation-et-transition-techno-ecologique\/","name":"Innovation et transition techno-\u00e9cologique - ISTE Group","isPartOf":{"@id":"https:\/\/www.istegroup.com\/#website"},"primaryImageOfPage":{"@id":"https:\/\/www.istegroup.com\/fr\/produit\/innovation-et-transition-techno-ecologique\/#primaryimage"},"image":{"@id":"https:\/\/www.istegroup.com\/fr\/produit\/innovation-et-transition-techno-ecologique\/#primaryimage"},"thumbnailUrl":"https:\/\/www.istegroup.com\/wp-content\/uploads\/2017\/07\/21583167889_9639638801-1.jpg","datePublished":"2017-07-28T09:47:02+00:00","dateModified":"2024-10-17T07:55:01+00:00","description":"L'ouvrage traite de la mise en oeuvre des transformations structurelles permettant de faire \u00e9merger des syst\u00e8mes sociotechniques respectueux de l\u2019environnement.","breadcrumb":{"@id":"https:\/\/www.istegroup.com\/fr\/produit\/innovation-et-transition-techno-ecologique\/#breadcrumb"},"inLanguage":"en-US","potentialAction":[{"@type":"ReadAction","target":["https:\/\/www.istegroup.com\/fr\/produit\/innovation-et-transition-techno-ecologique\/"]}]},{"@type":"ImageObject","inLanguage":"en-US","@id":"https:\/\/www.istegroup.com\/fr\/produit\/innovation-et-transition-techno-ecologique\/#primaryimage","url":"https:\/\/www.istegroup.com\/wp-content\/uploads\/2017\/07\/21583167889_9639638801-1.jpg","contentUrl":"https:\/\/www.istegroup.com\/wp-content\/uploads\/2017\/07\/21583167889_9639638801-1.jpg","width":300,"height":452,"caption":"Innovation et transition techno-\u00e9cologique"},{"@type":"BreadcrumbList","@id":"https:\/\/www.istegroup.com\/fr\/produit\/innovation-et-transition-techno-ecologique\/#breadcrumb","itemListElement":[{"@type":"ListItem","position":1,"name":"Home","item":"https:\/\/www.istegroup.com\/"},{"@type":"ListItem","position":2,"name":"Shop","item":"https:\/\/www.istegroup.com\/fr\/nouveautes\/"},{"@type":"ListItem","position":3,"name":"Innovation et transition techno-\u00e9cologique"}]},{"@type":"WebSite","@id":"https:\/\/www.istegroup.com\/#website","url":"https:\/\/www.istegroup.com\/","name":"ISTE Group","description":"Publishing Knowledge","potentialAction":[{"@type":"SearchAction","target":{"@type":"EntryPoint","urlTemplate":"https:\/\/www.istegroup.com\/?s={search_term_string}"},"query-input":{"@type":"PropertyValueSpecification","valueRequired":true,"valueName":"search_term_string"}}],"inLanguage":"en-US"}]}},"_links":{"self":[{"href":"https:\/\/www.istegroup.com\/en\/wp-json\/wp\/v2\/product\/295","targetHints":{"allow":["GET"]}}],"collection":[{"href":"https:\/\/www.istegroup.com\/en\/wp-json\/wp\/v2\/product"}],"about":[{"href":"https:\/\/www.istegroup.com\/en\/wp-json\/wp\/v2\/types\/product"}],"wp:featuredmedia":[{"embeddable":true,"href":"https:\/\/www.istegroup.com\/en\/wp-json\/wp\/v2\/media\/296"}],"wp:attachment":[{"href":"https:\/\/www.istegroup.com\/en\/wp-json\/wp\/v2\/media?parent=295"}],"wp:term":[{"taxonomy":"product_brand","embeddable":true,"href":"https:\/\/www.istegroup.com\/en\/wp-json\/wp\/v2\/product_brand?post=295"},{"taxonomy":"product_cat","embeddable":true,"href":"https:\/\/www.istegroup.com\/en\/wp-json\/wp\/v2\/product_cat?post=295"},{"taxonomy":"product_tag","embeddable":true,"href":"https:\/\/www.istegroup.com\/en\/wp-json\/wp\/v2\/product_tag?post=295"}],"curies":[{"name":"wp","href":"https:\/\/api.w.org\/{rel}","templated":true}]}}