{"id":293,"date":"2017-05-10T11:46:56","date_gmt":"2017-05-10T09:46:56","guid":{"rendered":"https:\/\/iste.yhello.co\/product\/ingenierie-logistique-et-sante\/"},"modified":"2024-01-03T13:39:18","modified_gmt":"2024-01-03T13:39:18","slug":"ingenierie-logistique-et-sante","status":"publish","type":"product","link":"https:\/\/www.istegroup.com\/en\/produit\/ingenierie-logistique-et-sante\/","title":{"rendered":"Ing\u00e9nierie logistique et sant\u00e9"},"content":{"rendered":"<p>Partant du constat que les professionnels de sant\u00e9 sont d\u00e9munis face aux exigences qu\u2019impliquent leurs modes de fonctionnement futurs,\u00a0<em>Ing\u00e9nierie logistique et sant\u00e9<\/em>\u00a0leur offre des m\u00e9thodologies d\u2019optimisation innovantes et des outils d\u2019aide \u00e0 la d\u00e9cision qui leurs sont adapt\u00e9s.<\/p>\n<p>Cet ouvrage propose un diagnostic sp\u00e9cifique du fonctionnement du secteur de la sant\u00e9. Il pr\u00e9sente les caract\u00e9ristiques de l\u2019ing\u00e9nierie logistique et met en exergue l\u2019aspect op\u00e9rationnel du syst\u00e8me hospitalier.<\/p>\n","protected":false},"excerpt":{"rendered":"<p>Partant du constat que les professionnels de sant\u00e9 sont d\u00e9munis face aux exigences qu\u2019impliquent leurs modes de fonctionnement futurs,\u00a0Ing\u00e9nierie logistique et sant\u00e9\u00a0leur offre des m\u00e9thodologies d\u2019optimisation innovantes et des outils d\u2019aide \u00e0 la d\u00e9cision qui leurs sont adapt\u00e9s. Cet ouvrage propose un diagnostic sp\u00e9cifique du fonctionnement du secteur de la sant\u00e9. Il pr\u00e9sente les caract\u00e9ristiques [&hellip;]<\/p>\n","protected":false},"featured_media":294,"template":"","meta":{"_acf_changed":false,"_links_to":"","_links_to_target":""},"product_brand":[],"product_cat":[668,675,695],"product_tag":[18,20,116,117,118,21,22,25,26,27,28,119],"class_list":{"0":"post-293","1":"product","2":"type-product","3":"status-publish","4":"has-post-thumbnail","6":"product_cat-ingnierie-de-la-sant-et-socit-188418884","7":"product_cat-nouveauts-12519446","8":"product_cat-srie-industrialisation-de-la-sant-188422404","9":"product_tag-edition-scientifique","10":"product_tag-editions-technique","11":"product_tag-hayfa-zgaya","12":"product_tag-ingenierie","13":"product_tag-ingenierie-logistique-et-sante","14":"product_tag-iste-group","15":"product_tag-istegroup","16":"product_tag-livre-numerique","17":"product_tag-livre-scientifique-francais","18":"product_tag-livre-technique-francais","19":"product_tag-ouvrage-scientifique-francais","20":"product_tag-slim-hammadi","22":"first","23":"instock","24":"shipping-taxable","25":"purchasable","26":"product-type-variable"},"acf":[],"yoast_head":"<!-- This site is optimized with the Yoast SEO plugin v27.2 - https:\/\/yoast.com\/product\/yoast-seo-wordpress\/ -->\n<title>Ing\u00e9nierie logistique et sant\u00e9 - ISTE Group<\/title>\n<meta name=\"description\" content=\"Cet ouvrage propose un diagnostic sp\u00e9cifique du fonctionnement du secteur de la sant\u00e9. Il pr\u00e9sente les caract\u00e9ristiques de l\u2019ing\u00e9nierie logistique.\" \/>\n<meta name=\"robots\" content=\"index, follow, max-snippet:-1, max-image-preview:large, max-video-preview:-1\" \/>\n<link rel=\"canonical\" href=\"https:\/\/www.istegroup.com\/fr\/produit\/ingenierie-logistique-et-sante\/\" \/>\n<meta property=\"og:locale\" content=\"en_US\" \/>\n<meta property=\"og:type\" content=\"article\" \/>\n<meta property=\"og:title\" content=\"Ing\u00e9nierie logistique et sant\u00e9 - ISTE Group\" \/>\n<meta property=\"og:description\" content=\"Cet ouvrage propose un diagnostic sp\u00e9cifique du fonctionnement du secteur de la sant\u00e9. Il pr\u00e9sente les caract\u00e9ristiques de l\u2019ing\u00e9nierie logistique.\" \/>\n<meta property=\"og:url\" content=\"https:\/\/www.istegroup.com\/fr\/produit\/ingenierie-logistique-et-sante\/\" \/>\n<meta property=\"og:site_name\" content=\"ISTE Group\" \/>\n<meta property=\"article:modified_time\" content=\"2024-01-03T13:39:18+00:00\" \/>\n<meta property=\"og:image\" content=\"https:\/\/www.istegroup.com\/wp-content\/uploads\/2017\/07\/21050976977_9465899281-1-scaled.jpg\" \/>\n\t<meta property=\"og:image:width\" content=\"1700\" \/>\n\t<meta property=\"og:image:height\" content=\"2560\" \/>\n\t<meta property=\"og:image:type\" content=\"image\/jpeg\" \/>\n<meta name=\"twitter:card\" content=\"summary_large_image\" \/>\n<script type=\"application\/ld+json\" class=\"yoast-schema-graph\">{\"@context\":\"https:\/\/schema.org\",\"@graph\":[{\"@type\":\"WebPage\",\"@id\":\"https:\/\/www.istegroup.com\/fr\/produit\/ingenierie-logistique-et-sante\/\",\"url\":\"https:\/\/www.istegroup.com\/fr\/produit\/ingenierie-logistique-et-sante\/\",\"name\":\"Ing\u00e9nierie logistique et sant\u00e9 - ISTE Group\",\"isPartOf\":{\"@id\":\"https:\/\/www.istegroup.com\/#website\"},\"primaryImageOfPage\":{\"@id\":\"https:\/\/www.istegroup.com\/fr\/produit\/ingenierie-logistique-et-sante\/#primaryimage\"},\"image\":{\"@id\":\"https:\/\/www.istegroup.com\/fr\/produit\/ingenierie-logistique-et-sante\/#primaryimage\"},\"thumbnailUrl\":\"https:\/\/www.istegroup.com\/wp-content\/uploads\/2017\/07\/21050976977_9465899281-1-scaled.jpg\",\"datePublished\":\"2017-05-10T09:46:56+00:00\",\"dateModified\":\"2024-01-03T13:39:18+00:00\",\"description\":\"Cet ouvrage propose un diagnostic sp\u00e9cifique du fonctionnement du secteur de la sant\u00e9. Il pr\u00e9sente les caract\u00e9ristiques de l\u2019ing\u00e9nierie logistique.\",\"breadcrumb\":{\"@id\":\"https:\/\/www.istegroup.com\/fr\/produit\/ingenierie-logistique-et-sante\/#breadcrumb\"},\"inLanguage\":\"en-US\",\"potentialAction\":[{\"@type\":\"ReadAction\",\"target\":[\"https:\/\/www.istegroup.com\/fr\/produit\/ingenierie-logistique-et-sante\/\"]}]},{\"@type\":\"ImageObject\",\"inLanguage\":\"en-US\",\"@id\":\"https:\/\/www.istegroup.com\/fr\/produit\/ingenierie-logistique-et-sante\/#primaryimage\",\"url\":\"https:\/\/www.istegroup.com\/wp-content\/uploads\/2017\/07\/21050976977_9465899281-1-scaled.jpg\",\"contentUrl\":\"https:\/\/www.istegroup.com\/wp-content\/uploads\/2017\/07\/21050976977_9465899281-1-scaled.jpg\",\"width\":1700,\"height\":2560,\"caption\":\"Ing\u00e9nierie logistique et sant\u00e9\"},{\"@type\":\"BreadcrumbList\",\"@id\":\"https:\/\/www.istegroup.com\/fr\/produit\/ingenierie-logistique-et-sante\/#breadcrumb\",\"itemListElement\":[{\"@type\":\"ListItem\",\"position\":1,\"name\":\"Home\",\"item\":\"https:\/\/www.istegroup.com\/\"},{\"@type\":\"ListItem\",\"position\":2,\"name\":\"Shop\",\"item\":\"https:\/\/www.istegroup.com\/fr\/nouveautes\/\"},{\"@type\":\"ListItem\",\"position\":3,\"name\":\"Ing\u00e9nierie logistique et sant\u00e9\"}]},{\"@type\":\"WebSite\",\"@id\":\"https:\/\/www.istegroup.com\/#website\",\"url\":\"https:\/\/www.istegroup.com\/\",\"name\":\"ISTE Group\",\"description\":\"Publishing Knowledge\",\"potentialAction\":[{\"@type\":\"SearchAction\",\"target\":{\"@type\":\"EntryPoint\",\"urlTemplate\":\"https:\/\/www.istegroup.com\/?s={search_term_string}\"},\"query-input\":{\"@type\":\"PropertyValueSpecification\",\"valueRequired\":true,\"valueName\":\"search_term_string\"}}],\"inLanguage\":\"en-US\"}]}<\/script>\n<!-- \/ Yoast SEO plugin. -->","yoast_head_json":{"title":"Ing\u00e9nierie logistique et sant\u00e9 - ISTE Group","description":"Cet ouvrage propose un diagnostic sp\u00e9cifique du fonctionnement du secteur de la sant\u00e9. Il pr\u00e9sente les caract\u00e9ristiques de l\u2019ing\u00e9nierie logistique.","robots":{"index":"index","follow":"follow","max-snippet":"max-snippet:-1","max-image-preview":"max-image-preview:large","max-video-preview":"max-video-preview:-1"},"canonical":"https:\/\/www.istegroup.com\/fr\/produit\/ingenierie-logistique-et-sante\/","og_locale":"en_US","og_type":"article","og_title":"Ing\u00e9nierie logistique et sant\u00e9 - ISTE Group","og_description":"Cet ouvrage propose un diagnostic sp\u00e9cifique du fonctionnement du secteur de la sant\u00e9. Il pr\u00e9sente les caract\u00e9ristiques de l\u2019ing\u00e9nierie logistique.","og_url":"https:\/\/www.istegroup.com\/fr\/produit\/ingenierie-logistique-et-sante\/","og_site_name":"ISTE Group","article_modified_time":"2024-01-03T13:39:18+00:00","og_image":[{"width":1700,"height":2560,"url":"https:\/\/www.istegroup.com\/wp-content\/uploads\/2017\/07\/21050976977_9465899281-1-scaled.jpg","type":"image\/jpeg"}],"twitter_card":"summary_large_image","schema":{"@context":"https:\/\/schema.org","@graph":[{"@type":"WebPage","@id":"https:\/\/www.istegroup.com\/fr\/produit\/ingenierie-logistique-et-sante\/","url":"https:\/\/www.istegroup.com\/fr\/produit\/ingenierie-logistique-et-sante\/","name":"Ing\u00e9nierie logistique et sant\u00e9 - ISTE Group","isPartOf":{"@id":"https:\/\/www.istegroup.com\/#website"},"primaryImageOfPage":{"@id":"https:\/\/www.istegroup.com\/fr\/produit\/ingenierie-logistique-et-sante\/#primaryimage"},"image":{"@id":"https:\/\/www.istegroup.com\/fr\/produit\/ingenierie-logistique-et-sante\/#primaryimage"},"thumbnailUrl":"https:\/\/www.istegroup.com\/wp-content\/uploads\/2017\/07\/21050976977_9465899281-1-scaled.jpg","datePublished":"2017-05-10T09:46:56+00:00","dateModified":"2024-01-03T13:39:18+00:00","description":"Cet ouvrage propose un diagnostic sp\u00e9cifique du fonctionnement du secteur de la sant\u00e9. Il pr\u00e9sente les caract\u00e9ristiques de l\u2019ing\u00e9nierie logistique.","breadcrumb":{"@id":"https:\/\/www.istegroup.com\/fr\/produit\/ingenierie-logistique-et-sante\/#breadcrumb"},"inLanguage":"en-US","potentialAction":[{"@type":"ReadAction","target":["https:\/\/www.istegroup.com\/fr\/produit\/ingenierie-logistique-et-sante\/"]}]},{"@type":"ImageObject","inLanguage":"en-US","@id":"https:\/\/www.istegroup.com\/fr\/produit\/ingenierie-logistique-et-sante\/#primaryimage","url":"https:\/\/www.istegroup.com\/wp-content\/uploads\/2017\/07\/21050976977_9465899281-1-scaled.jpg","contentUrl":"https:\/\/www.istegroup.com\/wp-content\/uploads\/2017\/07\/21050976977_9465899281-1-scaled.jpg","width":1700,"height":2560,"caption":"Ing\u00e9nierie logistique et sant\u00e9"},{"@type":"BreadcrumbList","@id":"https:\/\/www.istegroup.com\/fr\/produit\/ingenierie-logistique-et-sante\/#breadcrumb","itemListElement":[{"@type":"ListItem","position":1,"name":"Home","item":"https:\/\/www.istegroup.com\/"},{"@type":"ListItem","position":2,"name":"Shop","item":"https:\/\/www.istegroup.com\/fr\/nouveautes\/"},{"@type":"ListItem","position":3,"name":"Ing\u00e9nierie logistique et sant\u00e9"}]},{"@type":"WebSite","@id":"https:\/\/www.istegroup.com\/#website","url":"https:\/\/www.istegroup.com\/","name":"ISTE Group","description":"Publishing Knowledge","potentialAction":[{"@type":"SearchAction","target":{"@type":"EntryPoint","urlTemplate":"https:\/\/www.istegroup.com\/?s={search_term_string}"},"query-input":{"@type":"PropertyValueSpecification","valueRequired":true,"valueName":"search_term_string"}}],"inLanguage":"en-US"}]}},"_links":{"self":[{"href":"https:\/\/www.istegroup.com\/en\/wp-json\/wp\/v2\/product\/293","targetHints":{"allow":["GET"]}}],"collection":[{"href":"https:\/\/www.istegroup.com\/en\/wp-json\/wp\/v2\/product"}],"about":[{"href":"https:\/\/www.istegroup.com\/en\/wp-json\/wp\/v2\/types\/product"}],"wp:featuredmedia":[{"embeddable":true,"href":"https:\/\/www.istegroup.com\/en\/wp-json\/wp\/v2\/media\/294"}],"wp:attachment":[{"href":"https:\/\/www.istegroup.com\/en\/wp-json\/wp\/v2\/media?parent=293"}],"wp:term":[{"taxonomy":"product_brand","embeddable":true,"href":"https:\/\/www.istegroup.com\/en\/wp-json\/wp\/v2\/product_brand?post=293"},{"taxonomy":"product_cat","embeddable":true,"href":"https:\/\/www.istegroup.com\/en\/wp-json\/wp\/v2\/product_cat?post=293"},{"taxonomy":"product_tag","embeddable":true,"href":"https:\/\/www.istegroup.com\/en\/wp-json\/wp\/v2\/product_tag?post=293"}],"curies":[{"name":"wp","href":"https:\/\/api.w.org\/{rel}","templated":true}]}}