{"id":29101,"date":"2020-08-08T10:00:51","date_gmt":"2020-08-08T09:00:51","guid":{"rendered":"https:\/\/www.istegroup.com\/?post_type=product&#038;p=29101"},"modified":"2024-04-29T10:54:42","modified_gmt":"2024-04-29T09:54:42","slug":"systemes-duaux-dinnovation","status":"publish","type":"product","link":"https:\/\/www.istegroup.com\/en\/produit\/systemes-duaux-dinnovation\/","title":{"rendered":"Syst\u00e8mes duaux d\u2019innovation"},"content":{"rendered":"<p>La sup\u00e9riorit\u00e9 technique est l\u2019une des cl\u00e9s de la domination militaire. L\u2019industrie de d\u00e9fense a ainsi d\u00e9velopp\u00e9 des syst\u00e8mes de plus en plus performants et a largement contribu\u00e9 au progr\u00e8s technique. Or, depuis la fin des ann\u00e9es 1980, l\u2019initiative technologique attribu\u00e9e \u00e0 l\u2019industrie de d\u00e9fense est remise en cause. La d\u00e9fense a donc cherch\u00e9 de nouveaux relais d\u2019innovation ; c\u2019est en se tournant vers la sph\u00e8re civile que certains de ces relais sont apparus. La dualit\u00e9 est n\u00e9e de ce rapprochement entre innovation de d\u00e9fense et innovation civile dont l\u2019objectif est de d\u00e9velopper des synergies afin d\u2019am\u00e9liorer le processus d\u2019innovation dans les deux domaines.<\/p>\n<p><em>Syst\u00e8mes duaux d\u2019innovation<\/em> d\u00e9taille ce concept \u00e0 travers une approche syst\u00e9mique pour montrer en quoi il permet cette am\u00e9lioration du processus d\u2019innovation dans deux sph\u00e8res a priori distinctes. Il pr\u00e9sente \u00e9galement diff\u00e9rents outils pour mesurer la performance d\u2019un syst\u00e8me dual d\u2019innovation.<\/p>\n","protected":false},"excerpt":{"rendered":"<p>La sup\u00e9riorit\u00e9 technique est l\u2019une des cl\u00e9s de la domination militaire. L\u2019industrie de d\u00e9fense a ainsi d\u00e9velopp\u00e9 des syst\u00e8mes de plus en plus performants et a largement contribu\u00e9 au progr\u00e8s technique. Or, depuis la fin des ann\u00e9es 1980, l\u2019initiative technologique attribu\u00e9e \u00e0 l\u2019industrie de d\u00e9fense est remise en cause. La d\u00e9fense a donc cherch\u00e9 de [&hellip;]<\/p>\n","protected":false},"featured_media":56531,"template":"","meta":{"_acf_changed":false,"_links_to":"","_links_to_target":""},"product_brand":[],"product_cat":[3262],"product_tag":[],"class_list":{"0":"post-29101","1":"product","2":"type-product","3":"status-publish","4":"has-post-thumbnail","6":"product_cat-non-classe","8":"first","9":"instock","10":"shipping-taxable","11":"purchasable","12":"product-type-variable"},"acf":[],"yoast_head":"<!-- This site is optimized with the Yoast SEO plugin v27.2 - https:\/\/yoast.com\/product\/yoast-seo-wordpress\/ -->\n<title>Syst\u00e8mes duaux d\u2019innovation - ISTE Group<\/title>\n<meta name=\"description\" content=\"Syst\u00e8mes duaux d\u2019innovation d\u00e9taille ce concept \u00e0 travers une approche syst\u00e9mique pour montrer en quoi il permet cette am\u00e9lioration du processus d\u2019innovation dans deux sph\u00e8res a priori distinctes.\" \/>\n<meta name=\"robots\" content=\"index, follow, max-snippet:-1, max-image-preview:large, max-video-preview:-1\" \/>\n<link rel=\"canonical\" href=\"https:\/\/www.istegroup.com\/en\/produit\/systemes-duaux-dinnovation\/\" \/>\n<meta property=\"og:locale\" content=\"en_US\" \/>\n<meta property=\"og:type\" content=\"article\" \/>\n<meta property=\"og:title\" content=\"Syst\u00e8mes duaux d\u2019innovation - ISTE Group\" \/>\n<meta property=\"og:description\" content=\"Syst\u00e8mes duaux d\u2019innovation d\u00e9taille ce concept \u00e0 travers une approche syst\u00e9mique pour montrer en quoi il permet cette am\u00e9lioration du processus d\u2019innovation dans deux sph\u00e8res a priori distinctes.\" \/>\n<meta property=\"og:url\" content=\"https:\/\/www.istegroup.com\/en\/produit\/systemes-duaux-dinnovation\/\" \/>\n<meta property=\"og:site_name\" content=\"ISTE Group\" \/>\n<meta property=\"article:modified_time\" content=\"2024-04-29T09:54:42+00:00\" \/>\n<meta property=\"og:image\" content=\"https:\/\/www.istegroup.com\/wp-content\/uploads\/2020\/08\/Systemes-duaux-dinnovation_prix_RRI.jpg\" \/>\n\t<meta property=\"og:image:width\" content=\"300\" \/>\n\t<meta property=\"og:image:height\" content=\"452\" \/>\n\t<meta property=\"og:image:type\" content=\"image\/jpeg\" \/>\n<meta name=\"twitter:card\" content=\"summary_large_image\" \/>\n<meta name=\"twitter:label1\" content=\"Est. reading time\" \/>\n\t<meta name=\"twitter:data1\" content=\"1 minute\" \/>\n<script type=\"application\/ld+json\" class=\"yoast-schema-graph\">{\"@context\":\"https:\/\/schema.org\",\"@graph\":[{\"@type\":\"WebPage\",\"@id\":\"https:\/\/www.istegroup.com\/en\/produit\/systemes-duaux-dinnovation\/\",\"url\":\"https:\/\/www.istegroup.com\/en\/produit\/systemes-duaux-dinnovation\/\",\"name\":\"Syst\u00e8mes duaux d\u2019innovation - ISTE Group\",\"isPartOf\":{\"@id\":\"https:\/\/www.istegroup.com\/#website\"},\"primaryImageOfPage\":{\"@id\":\"https:\/\/www.istegroup.com\/en\/produit\/systemes-duaux-dinnovation\/#primaryimage\"},\"image\":{\"@id\":\"https:\/\/www.istegroup.com\/en\/produit\/systemes-duaux-dinnovation\/#primaryimage\"},\"thumbnailUrl\":\"https:\/\/www.istegroup.com\/wp-content\/uploads\/2020\/08\/Systemes-duaux-dinnovation_prix_RRI.jpg\",\"datePublished\":\"2020-08-08T09:00:51+00:00\",\"dateModified\":\"2024-04-29T09:54:42+00:00\",\"description\":\"Syst\u00e8mes duaux d\u2019innovation d\u00e9taille ce concept \u00e0 travers une approche syst\u00e9mique pour montrer en quoi il permet cette am\u00e9lioration du processus d\u2019innovation dans deux sph\u00e8res a priori distinctes.\",\"breadcrumb\":{\"@id\":\"https:\/\/www.istegroup.com\/en\/produit\/systemes-duaux-dinnovation\/#breadcrumb\"},\"inLanguage\":\"en-US\",\"potentialAction\":[{\"@type\":\"ReadAction\",\"target\":[\"https:\/\/www.istegroup.com\/en\/produit\/systemes-duaux-dinnovation\/\"]}]},{\"@type\":\"ImageObject\",\"inLanguage\":\"en-US\",\"@id\":\"https:\/\/www.istegroup.com\/en\/produit\/systemes-duaux-dinnovation\/#primaryimage\",\"url\":\"https:\/\/www.istegroup.com\/wp-content\/uploads\/2020\/08\/Systemes-duaux-dinnovation_prix_RRI.jpg\",\"contentUrl\":\"https:\/\/www.istegroup.com\/wp-content\/uploads\/2020\/08\/Systemes-duaux-dinnovation_prix_RRI.jpg\",\"width\":300,\"height\":452,\"caption\":\"Livre scientifique - Syst\u00e8mes duaux d\u2019innovation - Prix RRI\"},{\"@type\":\"BreadcrumbList\",\"@id\":\"https:\/\/www.istegroup.com\/en\/produit\/systemes-duaux-dinnovation\/#breadcrumb\",\"itemListElement\":[{\"@type\":\"ListItem\",\"position\":1,\"name\":\"Home\",\"item\":\"https:\/\/www.istegroup.com\/\"},{\"@type\":\"ListItem\",\"position\":2,\"name\":\"Shop\",\"item\":\"https:\/\/www.istegroup.com\/fr\/nouveautes\/\"},{\"@type\":\"ListItem\",\"position\":3,\"name\":\"Syst\u00e8mes duaux d\u2019innovation\"}]},{\"@type\":\"WebSite\",\"@id\":\"https:\/\/www.istegroup.com\/#website\",\"url\":\"https:\/\/www.istegroup.com\/\",\"name\":\"ISTE Group\",\"description\":\"Publishing Knowledge\",\"potentialAction\":[{\"@type\":\"SearchAction\",\"target\":{\"@type\":\"EntryPoint\",\"urlTemplate\":\"https:\/\/www.istegroup.com\/?s={search_term_string}\"},\"query-input\":{\"@type\":\"PropertyValueSpecification\",\"valueRequired\":true,\"valueName\":\"search_term_string\"}}],\"inLanguage\":\"en-US\"}]}<\/script>\n<!-- \/ Yoast SEO plugin. -->","yoast_head_json":{"title":"Syst\u00e8mes duaux d\u2019innovation - ISTE Group","description":"Syst\u00e8mes duaux d\u2019innovation d\u00e9taille ce concept \u00e0 travers une approche syst\u00e9mique pour montrer en quoi il permet cette am\u00e9lioration du processus d\u2019innovation dans deux sph\u00e8res a priori distinctes.","robots":{"index":"index","follow":"follow","max-snippet":"max-snippet:-1","max-image-preview":"max-image-preview:large","max-video-preview":"max-video-preview:-1"},"canonical":"https:\/\/www.istegroup.com\/en\/produit\/systemes-duaux-dinnovation\/","og_locale":"en_US","og_type":"article","og_title":"Syst\u00e8mes duaux d\u2019innovation - ISTE Group","og_description":"Syst\u00e8mes duaux d\u2019innovation d\u00e9taille ce concept \u00e0 travers une approche syst\u00e9mique pour montrer en quoi il permet cette am\u00e9lioration du processus d\u2019innovation dans deux sph\u00e8res a priori distinctes.","og_url":"https:\/\/www.istegroup.com\/en\/produit\/systemes-duaux-dinnovation\/","og_site_name":"ISTE Group","article_modified_time":"2024-04-29T09:54:42+00:00","og_image":[{"width":300,"height":452,"url":"https:\/\/www.istegroup.com\/wp-content\/uploads\/2020\/08\/Systemes-duaux-dinnovation_prix_RRI.jpg","type":"image\/jpeg"}],"twitter_card":"summary_large_image","twitter_misc":{"Est. reading time":"1 minute"},"schema":{"@context":"https:\/\/schema.org","@graph":[{"@type":"WebPage","@id":"https:\/\/www.istegroup.com\/en\/produit\/systemes-duaux-dinnovation\/","url":"https:\/\/www.istegroup.com\/en\/produit\/systemes-duaux-dinnovation\/","name":"Syst\u00e8mes duaux d\u2019innovation - ISTE Group","isPartOf":{"@id":"https:\/\/www.istegroup.com\/#website"},"primaryImageOfPage":{"@id":"https:\/\/www.istegroup.com\/en\/produit\/systemes-duaux-dinnovation\/#primaryimage"},"image":{"@id":"https:\/\/www.istegroup.com\/en\/produit\/systemes-duaux-dinnovation\/#primaryimage"},"thumbnailUrl":"https:\/\/www.istegroup.com\/wp-content\/uploads\/2020\/08\/Systemes-duaux-dinnovation_prix_RRI.jpg","datePublished":"2020-08-08T09:00:51+00:00","dateModified":"2024-04-29T09:54:42+00:00","description":"Syst\u00e8mes duaux d\u2019innovation d\u00e9taille ce concept \u00e0 travers une approche syst\u00e9mique pour montrer en quoi il permet cette am\u00e9lioration du processus d\u2019innovation dans deux sph\u00e8res a priori distinctes.","breadcrumb":{"@id":"https:\/\/www.istegroup.com\/en\/produit\/systemes-duaux-dinnovation\/#breadcrumb"},"inLanguage":"en-US","potentialAction":[{"@type":"ReadAction","target":["https:\/\/www.istegroup.com\/en\/produit\/systemes-duaux-dinnovation\/"]}]},{"@type":"ImageObject","inLanguage":"en-US","@id":"https:\/\/www.istegroup.com\/en\/produit\/systemes-duaux-dinnovation\/#primaryimage","url":"https:\/\/www.istegroup.com\/wp-content\/uploads\/2020\/08\/Systemes-duaux-dinnovation_prix_RRI.jpg","contentUrl":"https:\/\/www.istegroup.com\/wp-content\/uploads\/2020\/08\/Systemes-duaux-dinnovation_prix_RRI.jpg","width":300,"height":452,"caption":"Livre scientifique - Syst\u00e8mes duaux d\u2019innovation - Prix RRI"},{"@type":"BreadcrumbList","@id":"https:\/\/www.istegroup.com\/en\/produit\/systemes-duaux-dinnovation\/#breadcrumb","itemListElement":[{"@type":"ListItem","position":1,"name":"Home","item":"https:\/\/www.istegroup.com\/"},{"@type":"ListItem","position":2,"name":"Shop","item":"https:\/\/www.istegroup.com\/fr\/nouveautes\/"},{"@type":"ListItem","position":3,"name":"Syst\u00e8mes duaux d\u2019innovation"}]},{"@type":"WebSite","@id":"https:\/\/www.istegroup.com\/#website","url":"https:\/\/www.istegroup.com\/","name":"ISTE Group","description":"Publishing Knowledge","potentialAction":[{"@type":"SearchAction","target":{"@type":"EntryPoint","urlTemplate":"https:\/\/www.istegroup.com\/?s={search_term_string}"},"query-input":{"@type":"PropertyValueSpecification","valueRequired":true,"valueName":"search_term_string"}}],"inLanguage":"en-US"}]}},"_links":{"self":[{"href":"https:\/\/www.istegroup.com\/en\/wp-json\/wp\/v2\/product\/29101","targetHints":{"allow":["GET"]}}],"collection":[{"href":"https:\/\/www.istegroup.com\/en\/wp-json\/wp\/v2\/product"}],"about":[{"href":"https:\/\/www.istegroup.com\/en\/wp-json\/wp\/v2\/types\/product"}],"wp:featuredmedia":[{"embeddable":true,"href":"https:\/\/www.istegroup.com\/en\/wp-json\/wp\/v2\/media\/56531"}],"wp:attachment":[{"href":"https:\/\/www.istegroup.com\/en\/wp-json\/wp\/v2\/media?parent=29101"}],"wp:term":[{"taxonomy":"product_brand","embeddable":true,"href":"https:\/\/www.istegroup.com\/en\/wp-json\/wp\/v2\/product_brand?post=29101"},{"taxonomy":"product_cat","embeddable":true,"href":"https:\/\/www.istegroup.com\/en\/wp-json\/wp\/v2\/product_cat?post=29101"},{"taxonomy":"product_tag","embeddable":true,"href":"https:\/\/www.istegroup.com\/en\/wp-json\/wp\/v2\/product_tag?post=29101"}],"curies":[{"name":"wp","href":"https:\/\/api.w.org\/{rel}","templated":true}]}}