{"id":291,"date":"2016-01-10T11:46:52","date_gmt":"2016-01-10T10:46:52","guid":{"rendered":"https:\/\/iste.yhello.co\/product\/industrialisation-de-la-sante\/"},"modified":"2024-01-03T13:39:17","modified_gmt":"2024-01-03T13:39:17","slug":"industrialisation-de-la-sante","status":"publish","type":"product","link":"https:\/\/www.istegroup.com\/en\/produit\/industrialisation-de-la-sante\/","title":{"rendered":"Industrialisation de la sant\u00e9"},"content":{"rendered":"<p>Les progr\u00e8s des technologies de l\u2019information et de la communication (TIC) r\u00e9volutionnent notre soci\u00e9t\u00e9. L\u2019une de ses composantes les plus importantes, la sant\u00e9, est ainsi en voie d\u2019industrialisation.<\/p>\n<p>Cet ouvrage analyse les diff\u00e9rentes technologies \u00e0 l\u2019oeuvre dans cette mutation (biomat\u00e9riaux, Big Data, robotique\u2026) ainsi que la mise en place de nouvelles institutions et de nouveaux modes de management (e-sant\u00e9, t\u00e9l\u00e9m\u00e9decine, m\u00e9decine personnalis\u00e9e\u2026). Il traite aussi des questions d\u2019\u00e9thique que soul\u00e8ve l\u2019incursion des TIC dans la m\u00e9decine : identit\u00e9 num\u00e9rique, acc\u00e8s \u00e0 l\u2019information ou biopouvoir.<\/p>\n<p><em>Industrialisation de la sant\u00e9<\/em>\u00a0donne des clefs pour comprendre comment cette nouvelle forme d\u2019industrie va se diffuser pour cr\u00e9er un v\u00e9ritable changement dans le soin.<\/p>\n","protected":false},"excerpt":{"rendered":"<p>Les progr\u00e8s des technologies de l\u2019information et de la communication (TIC) r\u00e9volutionnent notre soci\u00e9t\u00e9. L\u2019une de ses composantes les plus importantes, la sant\u00e9, est ainsi en voie d\u2019industrialisation. Cet ouvrage analyse les diff\u00e9rentes technologies \u00e0 l\u2019oeuvre dans cette mutation (biomat\u00e9riaux, Big Data, robotique\u2026) ainsi que la mise en place de nouvelles institutions et de nouveaux [&hellip;]<\/p>\n","protected":false},"featured_media":292,"template":"","meta":{"_acf_changed":false,"_links_to":"","_links_to_target":""},"product_brand":[],"product_cat":[668,695],"product_tag":[1418,865,1419,1420,170,1421,31,196,1422,1423,1424,1425,1426,1427,608,197,198,199,21,200,22,201,203,204,63,25,172,209,1428,212,38,192,145,28,253,1429,1431,1430],"class_list":{"0":"post-291","1":"product","2":"type-product","3":"status-publish","4":"has-post-thumbnail","6":"product_cat-ingnierie-de-la-sant-et-socit-188418884","7":"product_cat-srie-industrialisation-de-la-sant-188422404","8":"product_tag-acces-a-la-sante","9":"product_tag-big-data","10":"product_tag-biomateriaux","11":"product_tag-biopouvoir","12":"product_tag-communication","13":"product_tag-e-sante","14":"product_tag-ebook","15":"product_tag-ebooks","16":"product_tag-homme-augmente","17":"product_tag-homme-repare","18":"product_tag-homme-transforme","19":"product_tag-identite-numerique","20":"product_tag-industrialisation-de-la-medecine","21":"product_tag-industrialisation-de-la-sante","22":"product_tag-informatique","23":"product_tag-iste","24":"product_tag-iste-edition","25":"product_tag-iste-editions","26":"product_tag-iste-group","27":"product_tag-isteedition","28":"product_tag-istegroup","29":"product_tag-kindle","30":"product_tag-liseuse","31":"product_tag-livre","32":"product_tag-livre-electronique","33":"product_tag-livre-numerique","34":"product_tag-livre-scientifique","35":"product_tag-livres-scientifiques","36":"product_tag-medecine-personnalisee","37":"product_tag-ouvrage","38":"product_tag-ouvrage-numerique","39":"product_tag-ouvrage-science","40":"product_tag-ouvrage-scientifique","41":"product_tag-ouvrage-scientifique-francais","42":"product_tag-technologie","43":"product_tag-technologies-de-linformation-et-de-la-communication","44":"product_tag-telemedecine","45":"product_tag-tic","47":"first","48":"instock","49":"shipping-taxable","50":"purchasable","51":"product-type-variable"},"acf":[],"yoast_head":"<!-- This site is optimized with the Yoast SEO plugin v27.2 - https:\/\/yoast.com\/product\/yoast-seo-wordpress\/ -->\n<title>Industrialisation de la sant\u00e9 - ISTE Group<\/title>\n<meta name=\"robots\" content=\"index, follow, max-snippet:-1, max-image-preview:large, max-video-preview:-1\" \/>\n<link rel=\"canonical\" href=\"https:\/\/www.istegroup.com\/fr\/produit\/industrialisation-de-la-sante\/\" \/>\n<meta property=\"og:locale\" content=\"en_US\" \/>\n<meta property=\"og:type\" content=\"article\" \/>\n<meta property=\"og:title\" content=\"Industrialisation de la sant\u00e9 - ISTE Group\" \/>\n<meta property=\"og:description\" content=\"Les progr\u00e8s des technologies de l\u2019information et de la communication (TIC) r\u00e9volutionnent notre soci\u00e9t\u00e9. L\u2019une de ses composantes les plus importantes, la sant\u00e9, est ainsi en voie d\u2019industrialisation. Cet ouvrage analyse les diff\u00e9rentes technologies \u00e0 l\u2019oeuvre dans cette mutation (biomat\u00e9riaux, Big Data, robotique\u2026) ainsi que la mise en place de nouvelles institutions et de nouveaux [&hellip;]\" \/>\n<meta property=\"og:url\" content=\"https:\/\/www.istegroup.com\/fr\/produit\/industrialisation-de-la-sante\/\" \/>\n<meta property=\"og:site_name\" content=\"ISTE Group\" \/>\n<meta property=\"article:modified_time\" content=\"2024-01-03T13:39:17+00:00\" \/>\n<meta property=\"og:image\" content=\"https:\/\/www.istegroup.com\/wp-content\/uploads\/2017\/07\/9094272004_4106537028-1.jpg\" \/>\n\t<meta property=\"og:image:width\" content=\"615\" \/>\n\t<meta property=\"og:image:height\" content=\"921\" \/>\n\t<meta property=\"og:image:type\" content=\"image\/jpeg\" \/>\n<meta name=\"twitter:card\" content=\"summary_large_image\" \/>\n<meta name=\"twitter:label1\" content=\"Est. reading time\" \/>\n\t<meta name=\"twitter:data1\" content=\"1 minute\" \/>\n<script type=\"application\/ld+json\" class=\"yoast-schema-graph\">{\"@context\":\"https:\/\/schema.org\",\"@graph\":[{\"@type\":\"WebPage\",\"@id\":\"https:\/\/www.istegroup.com\/fr\/produit\/industrialisation-de-la-sante\/\",\"url\":\"https:\/\/www.istegroup.com\/fr\/produit\/industrialisation-de-la-sante\/\",\"name\":\"Industrialisation de la sant\u00e9 - ISTE Group\",\"isPartOf\":{\"@id\":\"https:\/\/www.istegroup.com\/#website\"},\"primaryImageOfPage\":{\"@id\":\"https:\/\/www.istegroup.com\/fr\/produit\/industrialisation-de-la-sante\/#primaryimage\"},\"image\":{\"@id\":\"https:\/\/www.istegroup.com\/fr\/produit\/industrialisation-de-la-sante\/#primaryimage\"},\"thumbnailUrl\":\"https:\/\/www.istegroup.com\/wp-content\/uploads\/2017\/07\/9094272004_4106537028-1.jpg\",\"datePublished\":\"2016-01-10T10:46:52+00:00\",\"dateModified\":\"2024-01-03T13:39:17+00:00\",\"breadcrumb\":{\"@id\":\"https:\/\/www.istegroup.com\/fr\/produit\/industrialisation-de-la-sante\/#breadcrumb\"},\"inLanguage\":\"en-US\",\"potentialAction\":[{\"@type\":\"ReadAction\",\"target\":[\"https:\/\/www.istegroup.com\/fr\/produit\/industrialisation-de-la-sante\/\"]}]},{\"@type\":\"ImageObject\",\"inLanguage\":\"en-US\",\"@id\":\"https:\/\/www.istegroup.com\/fr\/produit\/industrialisation-de-la-sante\/#primaryimage\",\"url\":\"https:\/\/www.istegroup.com\/wp-content\/uploads\/2017\/07\/9094272004_4106537028-1.jpg\",\"contentUrl\":\"https:\/\/www.istegroup.com\/wp-content\/uploads\/2017\/07\/9094272004_4106537028-1.jpg\",\"width\":615,\"height\":921,\"caption\":\"Identit\u00e9, biopouvoir et confiance\"},{\"@type\":\"BreadcrumbList\",\"@id\":\"https:\/\/www.istegroup.com\/fr\/produit\/industrialisation-de-la-sante\/#breadcrumb\",\"itemListElement\":[{\"@type\":\"ListItem\",\"position\":1,\"name\":\"Home\",\"item\":\"https:\/\/www.istegroup.com\/\"},{\"@type\":\"ListItem\",\"position\":2,\"name\":\"Shop\",\"item\":\"https:\/\/www.istegroup.com\/fr\/nouveautes\/\"},{\"@type\":\"ListItem\",\"position\":3,\"name\":\"Industrialisation de la sant\u00e9\"}]},{\"@type\":\"WebSite\",\"@id\":\"https:\/\/www.istegroup.com\/#website\",\"url\":\"https:\/\/www.istegroup.com\/\",\"name\":\"ISTE Group\",\"description\":\"Publishing Knowledge\",\"potentialAction\":[{\"@type\":\"SearchAction\",\"target\":{\"@type\":\"EntryPoint\",\"urlTemplate\":\"https:\/\/www.istegroup.com\/?s={search_term_string}\"},\"query-input\":{\"@type\":\"PropertyValueSpecification\",\"valueRequired\":true,\"valueName\":\"search_term_string\"}}],\"inLanguage\":\"en-US\"}]}<\/script>\n<!-- \/ Yoast SEO plugin. -->","yoast_head_json":{"title":"Industrialisation de la sant\u00e9 - ISTE Group","robots":{"index":"index","follow":"follow","max-snippet":"max-snippet:-1","max-image-preview":"max-image-preview:large","max-video-preview":"max-video-preview:-1"},"canonical":"https:\/\/www.istegroup.com\/fr\/produit\/industrialisation-de-la-sante\/","og_locale":"en_US","og_type":"article","og_title":"Industrialisation de la sant\u00e9 - ISTE Group","og_description":"Les progr\u00e8s des technologies de l\u2019information et de la communication (TIC) r\u00e9volutionnent notre soci\u00e9t\u00e9. L\u2019une de ses composantes les plus importantes, la sant\u00e9, est ainsi en voie d\u2019industrialisation. Cet ouvrage analyse les diff\u00e9rentes technologies \u00e0 l\u2019oeuvre dans cette mutation (biomat\u00e9riaux, Big Data, robotique\u2026) ainsi que la mise en place de nouvelles institutions et de nouveaux [&hellip;]","og_url":"https:\/\/www.istegroup.com\/fr\/produit\/industrialisation-de-la-sante\/","og_site_name":"ISTE Group","article_modified_time":"2024-01-03T13:39:17+00:00","og_image":[{"width":615,"height":921,"url":"https:\/\/www.istegroup.com\/wp-content\/uploads\/2017\/07\/9094272004_4106537028-1.jpg","type":"image\/jpeg"}],"twitter_card":"summary_large_image","twitter_misc":{"Est. reading time":"1 minute"},"schema":{"@context":"https:\/\/schema.org","@graph":[{"@type":"WebPage","@id":"https:\/\/www.istegroup.com\/fr\/produit\/industrialisation-de-la-sante\/","url":"https:\/\/www.istegroup.com\/fr\/produit\/industrialisation-de-la-sante\/","name":"Industrialisation de la sant\u00e9 - ISTE Group","isPartOf":{"@id":"https:\/\/www.istegroup.com\/#website"},"primaryImageOfPage":{"@id":"https:\/\/www.istegroup.com\/fr\/produit\/industrialisation-de-la-sante\/#primaryimage"},"image":{"@id":"https:\/\/www.istegroup.com\/fr\/produit\/industrialisation-de-la-sante\/#primaryimage"},"thumbnailUrl":"https:\/\/www.istegroup.com\/wp-content\/uploads\/2017\/07\/9094272004_4106537028-1.jpg","datePublished":"2016-01-10T10:46:52+00:00","dateModified":"2024-01-03T13:39:17+00:00","breadcrumb":{"@id":"https:\/\/www.istegroup.com\/fr\/produit\/industrialisation-de-la-sante\/#breadcrumb"},"inLanguage":"en-US","potentialAction":[{"@type":"ReadAction","target":["https:\/\/www.istegroup.com\/fr\/produit\/industrialisation-de-la-sante\/"]}]},{"@type":"ImageObject","inLanguage":"en-US","@id":"https:\/\/www.istegroup.com\/fr\/produit\/industrialisation-de-la-sante\/#primaryimage","url":"https:\/\/www.istegroup.com\/wp-content\/uploads\/2017\/07\/9094272004_4106537028-1.jpg","contentUrl":"https:\/\/www.istegroup.com\/wp-content\/uploads\/2017\/07\/9094272004_4106537028-1.jpg","width":615,"height":921,"caption":"Identit\u00e9, biopouvoir et confiance"},{"@type":"BreadcrumbList","@id":"https:\/\/www.istegroup.com\/fr\/produit\/industrialisation-de-la-sante\/#breadcrumb","itemListElement":[{"@type":"ListItem","position":1,"name":"Home","item":"https:\/\/www.istegroup.com\/"},{"@type":"ListItem","position":2,"name":"Shop","item":"https:\/\/www.istegroup.com\/fr\/nouveautes\/"},{"@type":"ListItem","position":3,"name":"Industrialisation de la sant\u00e9"}]},{"@type":"WebSite","@id":"https:\/\/www.istegroup.com\/#website","url":"https:\/\/www.istegroup.com\/","name":"ISTE Group","description":"Publishing Knowledge","potentialAction":[{"@type":"SearchAction","target":{"@type":"EntryPoint","urlTemplate":"https:\/\/www.istegroup.com\/?s={search_term_string}"},"query-input":{"@type":"PropertyValueSpecification","valueRequired":true,"valueName":"search_term_string"}}],"inLanguage":"en-US"}]}},"_links":{"self":[{"href":"https:\/\/www.istegroup.com\/en\/wp-json\/wp\/v2\/product\/291","targetHints":{"allow":["GET"]}}],"collection":[{"href":"https:\/\/www.istegroup.com\/en\/wp-json\/wp\/v2\/product"}],"about":[{"href":"https:\/\/www.istegroup.com\/en\/wp-json\/wp\/v2\/types\/product"}],"wp:featuredmedia":[{"embeddable":true,"href":"https:\/\/www.istegroup.com\/en\/wp-json\/wp\/v2\/media\/292"}],"wp:attachment":[{"href":"https:\/\/www.istegroup.com\/en\/wp-json\/wp\/v2\/media?parent=291"}],"wp:term":[{"taxonomy":"product_brand","embeddable":true,"href":"https:\/\/www.istegroup.com\/en\/wp-json\/wp\/v2\/product_brand?post=291"},{"taxonomy":"product_cat","embeddable":true,"href":"https:\/\/www.istegroup.com\/en\/wp-json\/wp\/v2\/product_cat?post=291"},{"taxonomy":"product_tag","embeddable":true,"href":"https:\/\/www.istegroup.com\/en\/wp-json\/wp\/v2\/product_tag?post=291"}],"curies":[{"name":"wp","href":"https:\/\/api.w.org\/{rel}","templated":true}]}}