{"id":29090,"date":"2020-12-05T10:21:23","date_gmt":"2020-12-05T10:21:23","guid":{"rendered":"https:\/\/www.istegroup.com\/?post_type=product&#038;p=29090"},"modified":"2024-01-03T13:43:48","modified_gmt":"2024-01-03T13:43:48","slug":"entrepreneuriat-et-developpement","status":"publish","type":"product","link":"https:\/\/www.istegroup.com\/en\/produit\/entrepreneuriat-et-developpement\/","title":{"rendered":"Entrepreneuriat et d\u00e9veloppement"},"content":{"rendered":"<p>Dans l\u2019analyse du lien complexe entre entrepreneuriat, innovation et d\u00e9veloppement dans le contexte des pays \u00e9mergents, cet ouvrage propose une lecture de ce triptyque bas\u00e9e sur un fondement th\u00e9orique lui-m\u00eame sujet \u00e0 controverses : le syst\u00e8me national d\u2019entrepreneuriat innovant. Le caract\u00e8re \u00ab \u00e9mergent \u00bb des pays \u00e9tudi\u00e9s donne un \u00e9clairage particulier, en plus de clarifier certains des enjeux th\u00e9oriques en cours.<\/p>\n<p>Dans un contexte rendant les avantages comp\u00e9titifs temporaires, les march\u00e9s \u00e9mergents peuvent constituer un v\u00e9ritable terrain d\u2019action pour r\u00e9pondre d\u2019une mani\u00e8re structurelle et innovante \u00e0 des d\u00e9fis sociaux et \u00e9conomiques et ainsi assurer une performance soutenable de leur syst\u00e8me entrepreneurial innovant.<\/p>\n<p><em>Entrepreneuriat et d\u00e9veloppement<\/em> plaide pour l\u2019int\u00e9gration de l\u2019histoire sociale et culturelle d\u2019un pays donn\u00e9 dans le cadre des politiques publiques et propose des actions plus cibl\u00e9es \u00e0 destination des activit\u00e9s entrepreneuriales innovantes. De m\u00eame, le syst\u00e8me d\u2019\u00e9ducation doit int\u00e9grer la culture entrepreneuriale et favoriser la multidisciplinarit\u00e9 pour soutenir le transfert des connaissances vers les march\u00e9s.<\/p>\n","protected":false},"excerpt":{"rendered":"<p>Dans l\u2019analyse du lien complexe entre entrepreneuriat, innovation et d\u00e9veloppement dans le contexte des pays \u00e9mergents, cet ouvrage propose une lecture de ce triptyque bas\u00e9e sur un fondement th\u00e9orique lui-m\u00eame sujet \u00e0 controverses : le syst\u00e8me national d\u2019entrepreneuriat innovant. Le caract\u00e8re \u00ab \u00e9mergent \u00bb des pays \u00e9tudi\u00e9s donne un \u00e9clairage particulier, en plus de clarifier [&hellip;]<\/p>\n","protected":false},"featured_media":29095,"template":"","meta":{"_acf_changed":false,"_links_to":"","_links_to_target":""},"product_brand":[],"product_cat":[3262],"product_tag":[],"class_list":{"0":"post-29090","1":"product","2":"type-product","3":"status-publish","4":"has-post-thumbnail","6":"product_cat-non-classe","8":"first","9":"instock","10":"shipping-taxable","11":"purchasable","12":"product-type-variable"},"acf":[],"yoast_head":"<!-- This site is optimized with the Yoast SEO plugin v27.2 - https:\/\/yoast.com\/product\/yoast-seo-wordpress\/ -->\n<title>Entrepreneuriat et d\u00e9veloppement - ISTE Group<\/title>\n<meta name=\"description\" content=\"Entrepreneuriat et d\u00e9veloppement plaide pour l\u2019int\u00e9gration de l\u2019histoire sociale et culturelle d\u2019un pays donn\u00e9 dans le cadre des politiques publiques et propose des actions plus cibl\u00e9es \u00e0 destination des activit\u00e9s entrepreneuriales innovantes.\" \/>\n<meta name=\"robots\" content=\"index, follow, max-snippet:-1, max-image-preview:large, max-video-preview:-1\" \/>\n<link rel=\"canonical\" href=\"https:\/\/www.istegroup.com\/fr\/produit\/entrepreneuriat-et-developpement\/\" \/>\n<meta property=\"og:locale\" content=\"en_US\" \/>\n<meta property=\"og:type\" content=\"article\" \/>\n<meta property=\"og:title\" content=\"Entrepreneuriat et d\u00e9veloppement - ISTE Group\" \/>\n<meta property=\"og:description\" content=\"Entrepreneuriat et d\u00e9veloppement plaide pour l\u2019int\u00e9gration de l\u2019histoire sociale et culturelle d\u2019un pays donn\u00e9 dans le cadre des politiques publiques et propose des actions plus cibl\u00e9es \u00e0 destination des activit\u00e9s entrepreneuriales innovantes.\" \/>\n<meta property=\"og:url\" content=\"https:\/\/www.istegroup.com\/fr\/produit\/entrepreneuriat-et-developpement\/\" \/>\n<meta property=\"og:site_name\" content=\"ISTE Group\" \/>\n<meta property=\"article:modified_time\" content=\"2024-01-03T13:43:48+00:00\" \/>\n<meta property=\"og:image\" content=\"https:\/\/www.istegroup.com\/wp-content\/uploads\/2020\/05\/Entrepreneuriat-et-d\u00e9veloppement.jpg\" \/>\n\t<meta property=\"og:image:width\" content=\"300\" \/>\n\t<meta property=\"og:image:height\" content=\"453\" \/>\n\t<meta property=\"og:image:type\" content=\"image\/jpeg\" \/>\n<meta name=\"twitter:card\" content=\"summary_large_image\" \/>\n<meta name=\"twitter:label1\" content=\"Est. reading time\" \/>\n\t<meta name=\"twitter:data1\" content=\"1 minute\" \/>\n<script type=\"application\/ld+json\" class=\"yoast-schema-graph\">{\"@context\":\"https:\/\/schema.org\",\"@graph\":[{\"@type\":\"WebPage\",\"@id\":\"https:\/\/www.istegroup.com\/fr\/produit\/entrepreneuriat-et-developpement\/\",\"url\":\"https:\/\/www.istegroup.com\/fr\/produit\/entrepreneuriat-et-developpement\/\",\"name\":\"Entrepreneuriat et d\u00e9veloppement - ISTE Group\",\"isPartOf\":{\"@id\":\"https:\/\/www.istegroup.com\/#website\"},\"primaryImageOfPage\":{\"@id\":\"https:\/\/www.istegroup.com\/fr\/produit\/entrepreneuriat-et-developpement\/#primaryimage\"},\"image\":{\"@id\":\"https:\/\/www.istegroup.com\/fr\/produit\/entrepreneuriat-et-developpement\/#primaryimage\"},\"thumbnailUrl\":\"https:\/\/www.istegroup.com\/wp-content\/uploads\/2020\/05\/Entrepreneuriat-et-d\u00e9veloppement.jpg\",\"datePublished\":\"2020-12-05T10:21:23+00:00\",\"dateModified\":\"2024-01-03T13:43:48+00:00\",\"description\":\"Entrepreneuriat et d\u00e9veloppement plaide pour l\u2019int\u00e9gration de l\u2019histoire sociale et culturelle d\u2019un pays donn\u00e9 dans le cadre des politiques publiques et propose des actions plus cibl\u00e9es \u00e0 destination des activit\u00e9s entrepreneuriales innovantes.\",\"breadcrumb\":{\"@id\":\"https:\/\/www.istegroup.com\/fr\/produit\/entrepreneuriat-et-developpement\/#breadcrumb\"},\"inLanguage\":\"en-US\",\"potentialAction\":[{\"@type\":\"ReadAction\",\"target\":[\"https:\/\/www.istegroup.com\/fr\/produit\/entrepreneuriat-et-developpement\/\"]}]},{\"@type\":\"ImageObject\",\"inLanguage\":\"en-US\",\"@id\":\"https:\/\/www.istegroup.com\/fr\/produit\/entrepreneuriat-et-developpement\/#primaryimage\",\"url\":\"https:\/\/www.istegroup.com\/wp-content\/uploads\/2020\/05\/Entrepreneuriat-et-d\u00e9veloppement.jpg\",\"contentUrl\":\"https:\/\/www.istegroup.com\/wp-content\/uploads\/2020\/05\/Entrepreneuriat-et-d\u00e9veloppement.jpg\",\"width\":300,\"height\":453,\"caption\":\"Entrepreneuriat et d\u00e9veloppement\"},{\"@type\":\"BreadcrumbList\",\"@id\":\"https:\/\/www.istegroup.com\/fr\/produit\/entrepreneuriat-et-developpement\/#breadcrumb\",\"itemListElement\":[{\"@type\":\"ListItem\",\"position\":1,\"name\":\"Home\",\"item\":\"https:\/\/www.istegroup.com\/\"},{\"@type\":\"ListItem\",\"position\":2,\"name\":\"Shop\",\"item\":\"https:\/\/www.istegroup.com\/fr\/nouveautes\/\"},{\"@type\":\"ListItem\",\"position\":3,\"name\":\"Entrepreneuriat et d\u00e9veloppement\"}]},{\"@type\":\"WebSite\",\"@id\":\"https:\/\/www.istegroup.com\/#website\",\"url\":\"https:\/\/www.istegroup.com\/\",\"name\":\"ISTE Group\",\"description\":\"Publishing Knowledge\",\"potentialAction\":[{\"@type\":\"SearchAction\",\"target\":{\"@type\":\"EntryPoint\",\"urlTemplate\":\"https:\/\/www.istegroup.com\/?s={search_term_string}\"},\"query-input\":{\"@type\":\"PropertyValueSpecification\",\"valueRequired\":true,\"valueName\":\"search_term_string\"}}],\"inLanguage\":\"en-US\"}]}<\/script>\n<!-- \/ Yoast SEO plugin. -->","yoast_head_json":{"title":"Entrepreneuriat et d\u00e9veloppement - ISTE Group","description":"Entrepreneuriat et d\u00e9veloppement plaide pour l\u2019int\u00e9gration de l\u2019histoire sociale et culturelle d\u2019un pays donn\u00e9 dans le cadre des politiques publiques et propose des actions plus cibl\u00e9es \u00e0 destination des activit\u00e9s entrepreneuriales innovantes.","robots":{"index":"index","follow":"follow","max-snippet":"max-snippet:-1","max-image-preview":"max-image-preview:large","max-video-preview":"max-video-preview:-1"},"canonical":"https:\/\/www.istegroup.com\/fr\/produit\/entrepreneuriat-et-developpement\/","og_locale":"en_US","og_type":"article","og_title":"Entrepreneuriat et d\u00e9veloppement - ISTE Group","og_description":"Entrepreneuriat et d\u00e9veloppement plaide pour l\u2019int\u00e9gration de l\u2019histoire sociale et culturelle d\u2019un pays donn\u00e9 dans le cadre des politiques publiques et propose des actions plus cibl\u00e9es \u00e0 destination des activit\u00e9s entrepreneuriales innovantes.","og_url":"https:\/\/www.istegroup.com\/fr\/produit\/entrepreneuriat-et-developpement\/","og_site_name":"ISTE Group","article_modified_time":"2024-01-03T13:43:48+00:00","og_image":[{"width":300,"height":453,"url":"https:\/\/www.istegroup.com\/wp-content\/uploads\/2020\/05\/Entrepreneuriat-et-d\u00e9veloppement.jpg","type":"image\/jpeg"}],"twitter_card":"summary_large_image","twitter_misc":{"Est. reading time":"1 minute"},"schema":{"@context":"https:\/\/schema.org","@graph":[{"@type":"WebPage","@id":"https:\/\/www.istegroup.com\/fr\/produit\/entrepreneuriat-et-developpement\/","url":"https:\/\/www.istegroup.com\/fr\/produit\/entrepreneuriat-et-developpement\/","name":"Entrepreneuriat et d\u00e9veloppement - ISTE Group","isPartOf":{"@id":"https:\/\/www.istegroup.com\/#website"},"primaryImageOfPage":{"@id":"https:\/\/www.istegroup.com\/fr\/produit\/entrepreneuriat-et-developpement\/#primaryimage"},"image":{"@id":"https:\/\/www.istegroup.com\/fr\/produit\/entrepreneuriat-et-developpement\/#primaryimage"},"thumbnailUrl":"https:\/\/www.istegroup.com\/wp-content\/uploads\/2020\/05\/Entrepreneuriat-et-d\u00e9veloppement.jpg","datePublished":"2020-12-05T10:21:23+00:00","dateModified":"2024-01-03T13:43:48+00:00","description":"Entrepreneuriat et d\u00e9veloppement plaide pour l\u2019int\u00e9gration de l\u2019histoire sociale et culturelle d\u2019un pays donn\u00e9 dans le cadre des politiques publiques et propose des actions plus cibl\u00e9es \u00e0 destination des activit\u00e9s entrepreneuriales innovantes.","breadcrumb":{"@id":"https:\/\/www.istegroup.com\/fr\/produit\/entrepreneuriat-et-developpement\/#breadcrumb"},"inLanguage":"en-US","potentialAction":[{"@type":"ReadAction","target":["https:\/\/www.istegroup.com\/fr\/produit\/entrepreneuriat-et-developpement\/"]}]},{"@type":"ImageObject","inLanguage":"en-US","@id":"https:\/\/www.istegroup.com\/fr\/produit\/entrepreneuriat-et-developpement\/#primaryimage","url":"https:\/\/www.istegroup.com\/wp-content\/uploads\/2020\/05\/Entrepreneuriat-et-d\u00e9veloppement.jpg","contentUrl":"https:\/\/www.istegroup.com\/wp-content\/uploads\/2020\/05\/Entrepreneuriat-et-d\u00e9veloppement.jpg","width":300,"height":453,"caption":"Entrepreneuriat et d\u00e9veloppement"},{"@type":"BreadcrumbList","@id":"https:\/\/www.istegroup.com\/fr\/produit\/entrepreneuriat-et-developpement\/#breadcrumb","itemListElement":[{"@type":"ListItem","position":1,"name":"Home","item":"https:\/\/www.istegroup.com\/"},{"@type":"ListItem","position":2,"name":"Shop","item":"https:\/\/www.istegroup.com\/fr\/nouveautes\/"},{"@type":"ListItem","position":3,"name":"Entrepreneuriat et d\u00e9veloppement"}]},{"@type":"WebSite","@id":"https:\/\/www.istegroup.com\/#website","url":"https:\/\/www.istegroup.com\/","name":"ISTE Group","description":"Publishing Knowledge","potentialAction":[{"@type":"SearchAction","target":{"@type":"EntryPoint","urlTemplate":"https:\/\/www.istegroup.com\/?s={search_term_string}"},"query-input":{"@type":"PropertyValueSpecification","valueRequired":true,"valueName":"search_term_string"}}],"inLanguage":"en-US"}]}},"_links":{"self":[{"href":"https:\/\/www.istegroup.com\/en\/wp-json\/wp\/v2\/product\/29090","targetHints":{"allow":["GET"]}}],"collection":[{"href":"https:\/\/www.istegroup.com\/en\/wp-json\/wp\/v2\/product"}],"about":[{"href":"https:\/\/www.istegroup.com\/en\/wp-json\/wp\/v2\/types\/product"}],"wp:featuredmedia":[{"embeddable":true,"href":"https:\/\/www.istegroup.com\/en\/wp-json\/wp\/v2\/media\/29095"}],"wp:attachment":[{"href":"https:\/\/www.istegroup.com\/en\/wp-json\/wp\/v2\/media?parent=29090"}],"wp:term":[{"taxonomy":"product_brand","embeddable":true,"href":"https:\/\/www.istegroup.com\/en\/wp-json\/wp\/v2\/product_brand?post=29090"},{"taxonomy":"product_cat","embeddable":true,"href":"https:\/\/www.istegroup.com\/en\/wp-json\/wp\/v2\/product_cat?post=29090"},{"taxonomy":"product_tag","embeddable":true,"href":"https:\/\/www.istegroup.com\/en\/wp-json\/wp\/v2\/product_tag?post=29090"}],"curies":[{"name":"wp","href":"https:\/\/api.w.org\/{rel}","templated":true}]}}