{"id":287,"date":"2017-07-28T11:46:43","date_gmt":"2017-07-28T09:46:43","guid":{"rendered":"https:\/\/iste.yhello.co\/product\/histoire-de-lentomologie\/"},"modified":"2024-01-03T13:39:17","modified_gmt":"2024-01-03T13:39:17","slug":"histoire-de-lentomologie","status":"publish","type":"product","link":"https:\/\/www.istegroup.com\/en\/produit\/histoire-de-lentomologie\/","title":{"rendered":"Histoire de l\u2019entomologie"},"content":{"rendered":"<p>L\u2019entomologie est une discipline ancienne dont l&#8217;objet est l&#8217;\u00e9tude des insectes. La d\u00e9couverte de l\u2019Am\u00e9rique est un moment majeur de son histoire. Le Nouveau Monde inaugure de nouvelles connaissances faunistiques mais se r\u00e9v\u00e8le \u00e9galement source de fl\u00e9au pour l\u2019agriculture fran\u00e7aise.<\/p>\n<p><em>Histoire de l\u2019entomologie<\/em>\u00a0retrace les relations tiss\u00e9es entre entomologistes fran\u00e7ais et am\u00e9ricains sur plus d\u2019un si\u00e8cle. La premi\u00e8re partie (1830-1860), relate la d\u00e9couverte d\u2019un territoire vierge par les fran\u00e7ais et l\u2019opportunit\u00e9 pour les am\u00e9ricains d\u2019\u00eatre reconnus et l\u00e9gitim\u00e9s par la communaut\u00e9 scientifique fran\u00e7aise lors de leur s\u00e9jour en France.<\/p>\n<p>La deuxi\u00e8me partie (1860-1900), traite de cette coop\u00e9ration qui a permis de lutter contre le d\u00e9sastre caus\u00e9 par le puceron phyllox\u00e9ra sur les vignobles. Cette approche visionnaire a propos\u00e9 la greffe de la vigne fran\u00e7aise sur la vigne am\u00e9ricaine plus r\u00e9sistante.<\/p>\n<p>La troisi\u00e8me partie (1900-1920), analyse la lutte biologique contre les ravageurs de cultures venus de l\u2019autre continent, qui a permis de trouver l\u2019agent biologique le plus efficace dans son pays d\u2019origine.<\/p>\n<p>Enfin la quatri\u00e8me partie \u00e9tudie la p\u00e9riode 1920-1940, au cours de laquelle des biologistes ont per\u00e7u et anticip\u00e9 la r\u00e9volution qui se mettait en place dans les sciences biologiques en Am\u00e9rique, en particulier en g\u00e9n\u00e9tique.<\/p>\n","protected":false},"excerpt":{"rendered":"<p><strong>Prix du duc de Villars 2016, d\u00e9cern\u00e9 par l\u2019Acad\u00e9mie des sciences, arts et belles lettres de la ville de Marseille<\/strong><\/p>\n","protected":false},"featured_media":288,"template":"","meta":{"_acf_changed":false,"_links_to":"","_links_to_target":""},"product_brand":[],"product_cat":[666,675],"product_tag":[1400,1401,1402,1403,1404,131,1405,31,196,1406,1407,1408,1409,197,198,199,21,200,22,201,203,204,63,25,172,209,212,38,192,145,28,1410,1411,1412],"class_list":{"0":"post-287","1":"product","2":"type-product","3":"status-publish","4":"has-post-thumbnail","6":"product_cat-histoire-des-sciences-et-des-techniques-166249028","7":"product_cat-nouveauts-12519446","8":"product_tag-agent-biologique","9":"product_tag-agriculture","10":"product_tag-amerique","11":"product_tag-biologistes","12":"product_tag-communaute-scientifique","13":"product_tag-cooperation","14":"product_tag-cultures","15":"product_tag-ebook","16":"product_tag-ebooks","17":"product_tag-entomologie","18":"product_tag-greffe","19":"product_tag-histoire-de-lentomologie","20":"product_tag-insectes","21":"product_tag-iste","22":"product_tag-iste-edition","23":"product_tag-iste-editions","24":"product_tag-iste-group","25":"product_tag-isteedition","26":"product_tag-istegroup","27":"product_tag-kindle","28":"product_tag-liseuse","29":"product_tag-livre","30":"product_tag-livre-electronique","31":"product_tag-livre-numerique","32":"product_tag-livre-scientifique","33":"product_tag-livres-scientifiques","34":"product_tag-ouvrage","35":"product_tag-ouvrage-numerique","36":"product_tag-ouvrage-science","37":"product_tag-ouvrage-scientifique","38":"product_tag-ouvrage-scientifique-francais","39":"product_tag-puceron","40":"product_tag-vignobles","41":"product_tag-yves-carton","43":"first","44":"instock","45":"shipping-taxable","46":"purchasable","47":"product-type-variable"},"acf":[],"yoast_head":"<!-- This site is optimized with the Yoast SEO plugin v27.2 - https:\/\/yoast.com\/product\/yoast-seo-wordpress\/ -->\n<title>Histoire de l\u2019entomologie - ISTE Group<\/title>\n<meta name=\"robots\" content=\"index, follow, max-snippet:-1, max-image-preview:large, max-video-preview:-1\" \/>\n<link rel=\"canonical\" href=\"https:\/\/www.istegroup.com\/fr\/produit\/histoire-de-lentomologie\/\" \/>\n<meta property=\"og:locale\" content=\"en_US\" \/>\n<meta property=\"og:type\" content=\"article\" \/>\n<meta property=\"og:title\" content=\"Histoire de l\u2019entomologie - ISTE Group\" \/>\n<meta property=\"og:description\" content=\"Prix du duc de Villars 2016, d\u00e9cern\u00e9 par l\u2019Acad\u00e9mie des sciences, arts et belles lettres de la ville de Marseille\" \/>\n<meta property=\"og:url\" content=\"https:\/\/www.istegroup.com\/fr\/produit\/histoire-de-lentomologie\/\" \/>\n<meta property=\"og:site_name\" content=\"ISTE Group\" \/>\n<meta property=\"article:modified_time\" content=\"2024-01-03T13:39:17+00:00\" \/>\n<meta property=\"og:image\" content=\"https:\/\/www.istegroup.com\/wp-content\/uploads\/2017\/07\/16805537160_8017620296-1.jpg\" \/>\n\t<meta property=\"og:image:width\" content=\"1360\" \/>\n\t<meta property=\"og:image:height\" content=\"2048\" \/>\n\t<meta property=\"og:image:type\" content=\"image\/jpeg\" \/>\n<meta name=\"twitter:card\" content=\"summary_large_image\" \/>\n<meta name=\"twitter:label1\" content=\"Est. reading time\" \/>\n\t<meta name=\"twitter:data1\" content=\"1 minute\" \/>\n<script type=\"application\/ld+json\" class=\"yoast-schema-graph\">{\"@context\":\"https:\/\/schema.org\",\"@graph\":[{\"@type\":\"WebPage\",\"@id\":\"https:\/\/www.istegroup.com\/fr\/produit\/histoire-de-lentomologie\/\",\"url\":\"https:\/\/www.istegroup.com\/fr\/produit\/histoire-de-lentomologie\/\",\"name\":\"Histoire de l\u2019entomologie - ISTE Group\",\"isPartOf\":{\"@id\":\"https:\/\/www.istegroup.com\/#website\"},\"primaryImageOfPage\":{\"@id\":\"https:\/\/www.istegroup.com\/fr\/produit\/histoire-de-lentomologie\/#primaryimage\"},\"image\":{\"@id\":\"https:\/\/www.istegroup.com\/fr\/produit\/histoire-de-lentomologie\/#primaryimage\"},\"thumbnailUrl\":\"https:\/\/www.istegroup.com\/wp-content\/uploads\/2017\/07\/16805537160_8017620296-1.jpg\",\"datePublished\":\"2017-07-28T09:46:43+00:00\",\"dateModified\":\"2024-01-03T13:39:17+00:00\",\"breadcrumb\":{\"@id\":\"https:\/\/www.istegroup.com\/fr\/produit\/histoire-de-lentomologie\/#breadcrumb\"},\"inLanguage\":\"en-US\",\"potentialAction\":[{\"@type\":\"ReadAction\",\"target\":[\"https:\/\/www.istegroup.com\/fr\/produit\/histoire-de-lentomologie\/\"]}]},{\"@type\":\"ImageObject\",\"inLanguage\":\"en-US\",\"@id\":\"https:\/\/www.istegroup.com\/fr\/produit\/histoire-de-lentomologie\/#primaryimage\",\"url\":\"https:\/\/www.istegroup.com\/wp-content\/uploads\/2017\/07\/16805537160_8017620296-1.jpg\",\"contentUrl\":\"https:\/\/www.istegroup.com\/wp-content\/uploads\/2017\/07\/16805537160_8017620296-1.jpg\",\"width\":1360,\"height\":2048,\"caption\":\"Relations entre biologistes fran\u00e7ais et am\u00e9ricains 1830-1940\"},{\"@type\":\"BreadcrumbList\",\"@id\":\"https:\/\/www.istegroup.com\/fr\/produit\/histoire-de-lentomologie\/#breadcrumb\",\"itemListElement\":[{\"@type\":\"ListItem\",\"position\":1,\"name\":\"Home\",\"item\":\"https:\/\/www.istegroup.com\/\"},{\"@type\":\"ListItem\",\"position\":2,\"name\":\"Shop\",\"item\":\"https:\/\/www.istegroup.com\/fr\/nouveautes\/\"},{\"@type\":\"ListItem\",\"position\":3,\"name\":\"Histoire de l\u2019entomologie\"}]},{\"@type\":\"WebSite\",\"@id\":\"https:\/\/www.istegroup.com\/#website\",\"url\":\"https:\/\/www.istegroup.com\/\",\"name\":\"ISTE Group\",\"description\":\"Publishing Knowledge\",\"potentialAction\":[{\"@type\":\"SearchAction\",\"target\":{\"@type\":\"EntryPoint\",\"urlTemplate\":\"https:\/\/www.istegroup.com\/?s={search_term_string}\"},\"query-input\":{\"@type\":\"PropertyValueSpecification\",\"valueRequired\":true,\"valueName\":\"search_term_string\"}}],\"inLanguage\":\"en-US\"}]}<\/script>\n<!-- \/ Yoast SEO plugin. -->","yoast_head_json":{"title":"Histoire de l\u2019entomologie - ISTE Group","robots":{"index":"index","follow":"follow","max-snippet":"max-snippet:-1","max-image-preview":"max-image-preview:large","max-video-preview":"max-video-preview:-1"},"canonical":"https:\/\/www.istegroup.com\/fr\/produit\/histoire-de-lentomologie\/","og_locale":"en_US","og_type":"article","og_title":"Histoire de l\u2019entomologie - ISTE Group","og_description":"Prix du duc de Villars 2016, d\u00e9cern\u00e9 par l\u2019Acad\u00e9mie des sciences, arts et belles lettres de la ville de Marseille","og_url":"https:\/\/www.istegroup.com\/fr\/produit\/histoire-de-lentomologie\/","og_site_name":"ISTE Group","article_modified_time":"2024-01-03T13:39:17+00:00","og_image":[{"width":1360,"height":2048,"url":"https:\/\/www.istegroup.com\/wp-content\/uploads\/2017\/07\/16805537160_8017620296-1.jpg","type":"image\/jpeg"}],"twitter_card":"summary_large_image","twitter_misc":{"Est. reading time":"1 minute"},"schema":{"@context":"https:\/\/schema.org","@graph":[{"@type":"WebPage","@id":"https:\/\/www.istegroup.com\/fr\/produit\/histoire-de-lentomologie\/","url":"https:\/\/www.istegroup.com\/fr\/produit\/histoire-de-lentomologie\/","name":"Histoire de l\u2019entomologie - ISTE Group","isPartOf":{"@id":"https:\/\/www.istegroup.com\/#website"},"primaryImageOfPage":{"@id":"https:\/\/www.istegroup.com\/fr\/produit\/histoire-de-lentomologie\/#primaryimage"},"image":{"@id":"https:\/\/www.istegroup.com\/fr\/produit\/histoire-de-lentomologie\/#primaryimage"},"thumbnailUrl":"https:\/\/www.istegroup.com\/wp-content\/uploads\/2017\/07\/16805537160_8017620296-1.jpg","datePublished":"2017-07-28T09:46:43+00:00","dateModified":"2024-01-03T13:39:17+00:00","breadcrumb":{"@id":"https:\/\/www.istegroup.com\/fr\/produit\/histoire-de-lentomologie\/#breadcrumb"},"inLanguage":"en-US","potentialAction":[{"@type":"ReadAction","target":["https:\/\/www.istegroup.com\/fr\/produit\/histoire-de-lentomologie\/"]}]},{"@type":"ImageObject","inLanguage":"en-US","@id":"https:\/\/www.istegroup.com\/fr\/produit\/histoire-de-lentomologie\/#primaryimage","url":"https:\/\/www.istegroup.com\/wp-content\/uploads\/2017\/07\/16805537160_8017620296-1.jpg","contentUrl":"https:\/\/www.istegroup.com\/wp-content\/uploads\/2017\/07\/16805537160_8017620296-1.jpg","width":1360,"height":2048,"caption":"Relations entre biologistes fran\u00e7ais et am\u00e9ricains 1830-1940"},{"@type":"BreadcrumbList","@id":"https:\/\/www.istegroup.com\/fr\/produit\/histoire-de-lentomologie\/#breadcrumb","itemListElement":[{"@type":"ListItem","position":1,"name":"Home","item":"https:\/\/www.istegroup.com\/"},{"@type":"ListItem","position":2,"name":"Shop","item":"https:\/\/www.istegroup.com\/fr\/nouveautes\/"},{"@type":"ListItem","position":3,"name":"Histoire de l\u2019entomologie"}]},{"@type":"WebSite","@id":"https:\/\/www.istegroup.com\/#website","url":"https:\/\/www.istegroup.com\/","name":"ISTE Group","description":"Publishing Knowledge","potentialAction":[{"@type":"SearchAction","target":{"@type":"EntryPoint","urlTemplate":"https:\/\/www.istegroup.com\/?s={search_term_string}"},"query-input":{"@type":"PropertyValueSpecification","valueRequired":true,"valueName":"search_term_string"}}],"inLanguage":"en-US"}]}},"_links":{"self":[{"href":"https:\/\/www.istegroup.com\/en\/wp-json\/wp\/v2\/product\/287","targetHints":{"allow":["GET"]}}],"collection":[{"href":"https:\/\/www.istegroup.com\/en\/wp-json\/wp\/v2\/product"}],"about":[{"href":"https:\/\/www.istegroup.com\/en\/wp-json\/wp\/v2\/types\/product"}],"wp:featuredmedia":[{"embeddable":true,"href":"https:\/\/www.istegroup.com\/en\/wp-json\/wp\/v2\/media\/288"}],"wp:attachment":[{"href":"https:\/\/www.istegroup.com\/en\/wp-json\/wp\/v2\/media?parent=287"}],"wp:term":[{"taxonomy":"product_brand","embeddable":true,"href":"https:\/\/www.istegroup.com\/en\/wp-json\/wp\/v2\/product_brand?post=287"},{"taxonomy":"product_cat","embeddable":true,"href":"https:\/\/www.istegroup.com\/en\/wp-json\/wp\/v2\/product_cat?post=287"},{"taxonomy":"product_tag","embeddable":true,"href":"https:\/\/www.istegroup.com\/en\/wp-json\/wp\/v2\/product_tag?post=287"}],"curies":[{"name":"wp","href":"https:\/\/api.w.org\/{rel}","templated":true}]}}