{"id":281,"date":"2017-07-28T11:46:27","date_gmt":"2017-07-28T09:46:27","guid":{"rendered":"https:\/\/iste.yhello.co\/product\/h2ptm15\/"},"modified":"2024-01-03T14:27:38","modified_gmt":"2024-01-03T14:27:38","slug":"h2ptm15","status":"publish","type":"product","link":"https:\/\/www.istegroup.com\/en\/produit\/h2ptm15\/","title":{"rendered":"H2PTM&#8217;15"},"content":{"rendered":"<p>Des premiers hypertextes et hyperm\u00e9dias reli\u00e9s par de simples liens au web collaboratif et social\u00a0<em>via<\/em>\u00a0des<br \/>\n\u00ab architectures participatives \u00bb, Internet et le web n&#8217;ont cess\u00e9 d&#8217;\u00e9voluer pour aboutir au web s\u00e9mantique et plus r\u00e9cemment au web des objets.<\/p>\n<p>Cette \u00e9volution du web des informations au web des objets engendre davantage de champs \u00e0 explorer par les sciences de l&#8217;information et de la communication. Elle renouvelle les enjeux de ces nouveaux bouleversements technologiques et num\u00e9riques, qui passent notamment par la densification vers un monde \u00ab hyperconnect\u00e9 \u00bb.<\/p>\n<p>Les usagers attendent des objets communicants qu\u2019ils r\u00e9pondent \u00e0 leurs besoins plus exigeants en mati\u00e8re de services, de communication et d&#8217;information.<\/p>\n<p>Cet ouvrage regroupe l\u2019ensemble des communications de la treizi\u00e8me \u00e9dition de la conf\u00e9rence internationale H2PTM\u201915.<\/p>\n","protected":false},"excerpt":{"rendered":"<p>Des premiers hypertextes et hyperm\u00e9dias reli\u00e9s par de simples liens au web collaboratif et social\u00a0via\u00a0des \u00ab architectures participatives \u00bb, Internet et le web n&#8217;ont cess\u00e9 d&#8217;\u00e9voluer pour aboutir au web s\u00e9mantique et plus r\u00e9cemment au web des objets. Cette \u00e9volution du web des informations au web des objets engendre davantage de champs \u00e0 explorer par [&hellip;]<\/p>\n","protected":false},"featured_media":282,"template":"","meta":{"_acf_changed":false,"_links_to":"","_links_to_target":""},"product_brand":[],"product_cat":[707],"product_tag":[1378,170,852,31,196,1379,1380,1381,143,833,608,289,993,1382,197,198,199,21,200,22,201,1383,203,204,63,25,172,209,1384,1385,102,292,212,38,192,145,28,1386,253,1387],"class_list":{"0":"post-281","1":"product","2":"type-product","3":"status-publish","4":"has-post-thumbnail","6":"product_cat-systmes-dinformation-web-et-socit-12506570","7":"product_tag-adeline-wrona","8":"product_tag-communication","9":"product_tag-communications","10":"product_tag-ebook","11":"product_tag-ebooks","12":"product_tag-francois-soulages","13":"product_tag-h2ptm15","14":"product_tag-hypertextes","15":"product_tag-imad-saleh","16":"product_tag-information","17":"product_tag-informatique","18":"product_tag-innovation","19":"product_tag-internet","20":"product_tag-ioan-roxin","21":"product_tag-iste","22":"product_tag-iste-edition","23":"product_tag-iste-editions","24":"product_tag-iste-group","25":"product_tag-isteedition","26":"product_tag-istegroup","27":"product_tag-kindle","28":"product_tag-liens-au-web","29":"product_tag-liseuse","30":"product_tag-livre","31":"product_tag-livre-electronique","32":"product_tag-livre-numerique","33":"product_tag-livre-scientifique","34":"product_tag-livres-scientifiques","35":"product_tag-luc-massou","36":"product_tag-manuel-zacklad","37":"product_tag-nasreddine-bouhai","38":"product_tag-numerique","39":"product_tag-ouvrage","40":"product_tag-ouvrage-numerique","41":"product_tag-ouvrage-science","42":"product_tag-ouvrage-scientifique","43":"product_tag-ouvrage-scientifique-francais","44":"product_tag-sylvie-leleu-merviel","45":"product_tag-technologie","46":"product_tag-valerie-carayol","48":"first","49":"instock","50":"shipping-taxable","51":"purchasable","52":"product-type-variable"},"acf":[],"yoast_head":"<!-- This site is optimized with the Yoast SEO plugin v27.2 - https:\/\/yoast.com\/product\/yoast-seo-wordpress\/ -->\n<title>H2PTM&#039;15 - ISTE Group<\/title>\n<meta name=\"description\" content=\"Cet ouvrage regroupe l\u2019ensemble des communications de la treizi\u00e8me \u00e9dition de la conf\u00e9rence internationale H2PTM\u201915.\" \/>\n<meta name=\"robots\" content=\"index, follow, max-snippet:-1, max-image-preview:large, max-video-preview:-1\" \/>\n<link rel=\"canonical\" href=\"https:\/\/www.istegroup.com\/fr\/produit\/h2ptm15\/\" \/>\n<meta property=\"og:locale\" content=\"en_US\" \/>\n<meta property=\"og:type\" content=\"article\" \/>\n<meta property=\"og:title\" content=\"H2PTM&#039;15 - ISTE Group\" \/>\n<meta property=\"og:description\" content=\"Cet ouvrage regroupe l\u2019ensemble des communications de la treizi\u00e8me \u00e9dition de la conf\u00e9rence internationale H2PTM\u201915.\" \/>\n<meta property=\"og:url\" content=\"https:\/\/www.istegroup.com\/fr\/produit\/h2ptm15\/\" \/>\n<meta property=\"og:site_name\" content=\"ISTE Group\" \/>\n<meta property=\"article:modified_time\" content=\"2024-01-03T14:27:38+00:00\" \/>\n<meta property=\"og:image\" content=\"https:\/\/www.istegroup.com\/wp-content\/uploads\/2017\/07\/4138925764_1654961092-1.jpg\" \/>\n\t<meta property=\"og:image:width\" content=\"300\" \/>\n\t<meta property=\"og:image:height\" content=\"457\" \/>\n\t<meta property=\"og:image:type\" content=\"image\/jpeg\" \/>\n<meta name=\"twitter:card\" content=\"summary_large_image\" \/>\n<meta name=\"twitter:label1\" content=\"Est. reading time\" \/>\n\t<meta name=\"twitter:data1\" content=\"1 minute\" \/>\n<script type=\"application\/ld+json\" class=\"yoast-schema-graph\">{\"@context\":\"https:\/\/schema.org\",\"@graph\":[{\"@type\":\"WebPage\",\"@id\":\"https:\/\/www.istegroup.com\/fr\/produit\/h2ptm15\/\",\"url\":\"https:\/\/www.istegroup.com\/fr\/produit\/h2ptm15\/\",\"name\":\"H2PTM'15 - ISTE Group\",\"isPartOf\":{\"@id\":\"https:\/\/www.istegroup.com\/#website\"},\"primaryImageOfPage\":{\"@id\":\"https:\/\/www.istegroup.com\/fr\/produit\/h2ptm15\/#primaryimage\"},\"image\":{\"@id\":\"https:\/\/www.istegroup.com\/fr\/produit\/h2ptm15\/#primaryimage\"},\"thumbnailUrl\":\"https:\/\/www.istegroup.com\/wp-content\/uploads\/2017\/07\/4138925764_1654961092-1.jpg\",\"datePublished\":\"2017-07-28T09:46:27+00:00\",\"dateModified\":\"2024-01-03T14:27:38+00:00\",\"description\":\"Cet ouvrage regroupe l\u2019ensemble des communications de la treizi\u00e8me \u00e9dition de la conf\u00e9rence internationale H2PTM\u201915.\",\"breadcrumb\":{\"@id\":\"https:\/\/www.istegroup.com\/fr\/produit\/h2ptm15\/#breadcrumb\"},\"inLanguage\":\"en-US\",\"potentialAction\":[{\"@type\":\"ReadAction\",\"target\":[\"https:\/\/www.istegroup.com\/fr\/produit\/h2ptm15\/\"]}]},{\"@type\":\"ImageObject\",\"inLanguage\":\"en-US\",\"@id\":\"https:\/\/www.istegroup.com\/fr\/produit\/h2ptm15\/#primaryimage\",\"url\":\"https:\/\/www.istegroup.com\/wp-content\/uploads\/2017\/07\/4138925764_1654961092-1.jpg\",\"contentUrl\":\"https:\/\/www.istegroup.com\/wp-content\/uploads\/2017\/07\/4138925764_1654961092-1.jpg\",\"width\":300,\"height\":457,\"caption\":\"Le num\u00e9rique \u00e0 l'\u00e8re de l'Internet des objets, de l\u2019hypertexte \u00e0 l\u2019hyper-objet\"},{\"@type\":\"BreadcrumbList\",\"@id\":\"https:\/\/www.istegroup.com\/fr\/produit\/h2ptm15\/#breadcrumb\",\"itemListElement\":[{\"@type\":\"ListItem\",\"position\":1,\"name\":\"Home\",\"item\":\"https:\/\/www.istegroup.com\/\"},{\"@type\":\"ListItem\",\"position\":2,\"name\":\"Shop\",\"item\":\"https:\/\/www.istegroup.com\/fr\/nouveautes\/\"},{\"@type\":\"ListItem\",\"position\":3,\"name\":\"H2PTM&rsquo;15\"}]},{\"@type\":\"WebSite\",\"@id\":\"https:\/\/www.istegroup.com\/#website\",\"url\":\"https:\/\/www.istegroup.com\/\",\"name\":\"ISTE Group\",\"description\":\"Publishing Knowledge\",\"potentialAction\":[{\"@type\":\"SearchAction\",\"target\":{\"@type\":\"EntryPoint\",\"urlTemplate\":\"https:\/\/www.istegroup.com\/?s={search_term_string}\"},\"query-input\":{\"@type\":\"PropertyValueSpecification\",\"valueRequired\":true,\"valueName\":\"search_term_string\"}}],\"inLanguage\":\"en-US\"}]}<\/script>\n<!-- \/ Yoast SEO plugin. -->","yoast_head_json":{"title":"H2PTM'15 - ISTE Group","description":"Cet ouvrage regroupe l\u2019ensemble des communications de la treizi\u00e8me \u00e9dition de la conf\u00e9rence internationale H2PTM\u201915.","robots":{"index":"index","follow":"follow","max-snippet":"max-snippet:-1","max-image-preview":"max-image-preview:large","max-video-preview":"max-video-preview:-1"},"canonical":"https:\/\/www.istegroup.com\/fr\/produit\/h2ptm15\/","og_locale":"en_US","og_type":"article","og_title":"H2PTM'15 - ISTE Group","og_description":"Cet ouvrage regroupe l\u2019ensemble des communications de la treizi\u00e8me \u00e9dition de la conf\u00e9rence internationale H2PTM\u201915.","og_url":"https:\/\/www.istegroup.com\/fr\/produit\/h2ptm15\/","og_site_name":"ISTE Group","article_modified_time":"2024-01-03T14:27:38+00:00","og_image":[{"width":300,"height":457,"url":"https:\/\/www.istegroup.com\/wp-content\/uploads\/2017\/07\/4138925764_1654961092-1.jpg","type":"image\/jpeg"}],"twitter_card":"summary_large_image","twitter_misc":{"Est. reading time":"1 minute"},"schema":{"@context":"https:\/\/schema.org","@graph":[{"@type":"WebPage","@id":"https:\/\/www.istegroup.com\/fr\/produit\/h2ptm15\/","url":"https:\/\/www.istegroup.com\/fr\/produit\/h2ptm15\/","name":"H2PTM'15 - ISTE Group","isPartOf":{"@id":"https:\/\/www.istegroup.com\/#website"},"primaryImageOfPage":{"@id":"https:\/\/www.istegroup.com\/fr\/produit\/h2ptm15\/#primaryimage"},"image":{"@id":"https:\/\/www.istegroup.com\/fr\/produit\/h2ptm15\/#primaryimage"},"thumbnailUrl":"https:\/\/www.istegroup.com\/wp-content\/uploads\/2017\/07\/4138925764_1654961092-1.jpg","datePublished":"2017-07-28T09:46:27+00:00","dateModified":"2024-01-03T14:27:38+00:00","description":"Cet ouvrage regroupe l\u2019ensemble des communications de la treizi\u00e8me \u00e9dition de la conf\u00e9rence internationale H2PTM\u201915.","breadcrumb":{"@id":"https:\/\/www.istegroup.com\/fr\/produit\/h2ptm15\/#breadcrumb"},"inLanguage":"en-US","potentialAction":[{"@type":"ReadAction","target":["https:\/\/www.istegroup.com\/fr\/produit\/h2ptm15\/"]}]},{"@type":"ImageObject","inLanguage":"en-US","@id":"https:\/\/www.istegroup.com\/fr\/produit\/h2ptm15\/#primaryimage","url":"https:\/\/www.istegroup.com\/wp-content\/uploads\/2017\/07\/4138925764_1654961092-1.jpg","contentUrl":"https:\/\/www.istegroup.com\/wp-content\/uploads\/2017\/07\/4138925764_1654961092-1.jpg","width":300,"height":457,"caption":"Le num\u00e9rique \u00e0 l'\u00e8re de l'Internet des objets, de l\u2019hypertexte \u00e0 l\u2019hyper-objet"},{"@type":"BreadcrumbList","@id":"https:\/\/www.istegroup.com\/fr\/produit\/h2ptm15\/#breadcrumb","itemListElement":[{"@type":"ListItem","position":1,"name":"Home","item":"https:\/\/www.istegroup.com\/"},{"@type":"ListItem","position":2,"name":"Shop","item":"https:\/\/www.istegroup.com\/fr\/nouveautes\/"},{"@type":"ListItem","position":3,"name":"H2PTM&rsquo;15"}]},{"@type":"WebSite","@id":"https:\/\/www.istegroup.com\/#website","url":"https:\/\/www.istegroup.com\/","name":"ISTE Group","description":"Publishing Knowledge","potentialAction":[{"@type":"SearchAction","target":{"@type":"EntryPoint","urlTemplate":"https:\/\/www.istegroup.com\/?s={search_term_string}"},"query-input":{"@type":"PropertyValueSpecification","valueRequired":true,"valueName":"search_term_string"}}],"inLanguage":"en-US"}]}},"_links":{"self":[{"href":"https:\/\/www.istegroup.com\/en\/wp-json\/wp\/v2\/product\/281","targetHints":{"allow":["GET"]}}],"collection":[{"href":"https:\/\/www.istegroup.com\/en\/wp-json\/wp\/v2\/product"}],"about":[{"href":"https:\/\/www.istegroup.com\/en\/wp-json\/wp\/v2\/types\/product"}],"wp:featuredmedia":[{"embeddable":true,"href":"https:\/\/www.istegroup.com\/en\/wp-json\/wp\/v2\/media\/282"}],"wp:attachment":[{"href":"https:\/\/www.istegroup.com\/en\/wp-json\/wp\/v2\/media?parent=281"}],"wp:term":[{"taxonomy":"product_brand","embeddable":true,"href":"https:\/\/www.istegroup.com\/en\/wp-json\/wp\/v2\/product_brand?post=281"},{"taxonomy":"product_cat","embeddable":true,"href":"https:\/\/www.istegroup.com\/en\/wp-json\/wp\/v2\/product_cat?post=281"},{"taxonomy":"product_tag","embeddable":true,"href":"https:\/\/www.istegroup.com\/en\/wp-json\/wp\/v2\/product_tag?post=281"}],"curies":[{"name":"wp","href":"https:\/\/api.w.org\/{rel}","templated":true}]}}