{"id":279,"date":"2017-06-05T11:18:14","date_gmt":"2017-06-05T09:18:14","guid":{"rendered":"https:\/\/iste.yhello.co\/product\/gouvernance-reflexive-de-la-recherche-et-de-la-connaissance-innovante\/"},"modified":"2024-01-03T13:39:11","modified_gmt":"2024-01-03T13:39:11","slug":"gouvernance-reflexive-de-la-recherche-et-de-la-connaissance-innovante","status":"publish","type":"product","link":"https:\/\/www.istegroup.com\/en\/produit\/gouvernance-reflexive-de-la-recherche-et-de-la-connaissance-innovante\/","title":{"rendered":"Gouvernance r\u00e9flexive de la recherche et de la connaissance innovante"},"content":{"rendered":"<p>Pratique et conceptuelle, la s\u00e9rie\u00a0<em>Innovation et recherche responsables<\/em>\u00a0contribue \u00e0 la clarification de cette nouvelle exigence pour toutes les sciences et l\u2019innovation technologique. Elle aborde la responsabilit\u00e9 de fa\u00e7on pluraliste et internationale, en exploitant diverses ressources philosophiques. Elle traite notamment des th\u00e8mes suivants : \u00e9thique, contingence, \u00e9conomie normative, libert\u00e9, responsabilit\u00e9 soci\u00e9tale des entreprises (RSE), \u00e9valuation technologique participative, d\u00e9veloppement durable, g\u00e9oengineering, principe de pr\u00e9caution, normes, interdisciplinarit\u00e9 et gouvernance climatique.<\/p>\n<p>Trop souvent, la th\u00e9orie de la gouvernance est le parent pauvre des r\u00e9flexions sur la politique d\u2019innovation et de recherche responsables (IRR). Pourtant, un mod\u00e8le de gouvernance r\u00e9flexive a r\u00e9cemment \u00e9merg\u00e9 dans les d\u00e9bats scientifiques. Ce mod\u00e8le entend privil\u00e9gier les effets produits par l\u2019engagement des acteurs dans des actions coop\u00e9ratives partag\u00e9es, de mani\u00e8re \u00e0 mieux tirer parti de l\u2019accumulation de nouveaux savoirs \u00e0 travers l\u2019exp\u00e9rimentation collective de solutions co\u00e9labor\u00e9es. Ces m\u00e9canismes r\u00e9flexifs bas\u00e9s sur l\u2019autoconfrontation des savoirs et l\u2019auto-\u00e9valuation des normes constituent un cadre d\u2019action collective qui permet de mieux saisir l\u2019apport des r\u00e9seaux et des partenariats dans la production de la recherche et de l\u2019innovation.<\/p>\n<p><em>Gouvernance r\u00e9flexive de la recherche et de la connaissance innovante<\/em>\u00a0traite de la gen\u00e8se de ce mod\u00e8le en analyse les forces et examine les b\u00e9n\u00e9fices de son application dans le domaine de l\u2019IRR.<\/p>\n","protected":false},"excerpt":{"rendered":"<p>Pratique et conceptuelle, la s\u00e9rie\u00a0Innovation et recherche responsables\u00a0contribue \u00e0 la clarification de cette nouvelle exigence pour toutes les sciences et l\u2019innovation technologique. Elle aborde la responsabilit\u00e9 de fa\u00e7on pluraliste et internationale, en exploitant diverses ressources philosophiques. Elle traite notamment des th\u00e8mes suivants : \u00e9thique, contingence, \u00e9conomie normative, libert\u00e9, responsabilit\u00e9 soci\u00e9tale des entreprises (RSE), \u00e9valuation technologique [&hellip;]<\/p>\n","protected":false},"featured_media":25234,"template":"","meta":{"_acf_changed":false,"_links_to":"","_links_to_target":""},"product_brand":[],"product_cat":[675,684,698],"product_tag":[18,19,20,64,21,22,25,26,27,65,28],"class_list":{"0":"post-279","1":"product","2":"type-product","3":"status-publish","4":"has-post-thumbnail","6":"product_cat-nouveauts-12519446","7":"product_cat-sciences-socit-et-nouvelles-technologies-188422468","8":"product_cat-srie-innovation-et-recherche-responsables-76965636","9":"product_tag-edition-scientifique","10":"product_tag-editions-francaise","11":"product_tag-editions-technique","12":"product_tag-gouvernance-reflexive-de-la-recherche-et-de-la-connaissance-innovante","13":"product_tag-iste-group","14":"product_tag-istegroup","15":"product_tag-livre-numerique","16":"product_tag-livre-scientifique-francais","17":"product_tag-livre-technique-francais","18":"product_tag-marc-maesschalck","19":"product_tag-ouvrage-scientifique-francais","21":"first","22":"instock","23":"shipping-taxable","24":"purchasable","25":"product-type-variable"},"acf":[],"yoast_head":"<!-- This site is optimized with the Yoast SEO plugin v27.2 - https:\/\/yoast.com\/product\/yoast-seo-wordpress\/ -->\n<title>Gouvernance r\u00e9flexive de la recherche et de la connaissance innovante - ISTE Group<\/title>\n<meta name=\"description\" content=\"Gouvernance r\u00e9flexive de la recherche et de la connaissance innovante\u00a0traite de la gen\u00e8se de ce mod\u00e8le de gouvernance r\u00e9flexive et en analyse les forces.\" \/>\n<meta name=\"robots\" content=\"index, follow, max-snippet:-1, max-image-preview:large, max-video-preview:-1\" \/>\n<link rel=\"canonical\" href=\"https:\/\/www.istegroup.com\/fr\/produit\/gouvernance-reflexive-de-la-recherche-et-de-la-connaissance-innovante\/\" \/>\n<meta property=\"og:locale\" content=\"en_US\" \/>\n<meta property=\"og:type\" content=\"article\" \/>\n<meta property=\"og:title\" content=\"Gouvernance r\u00e9flexive de la recherche et de la connaissance innovante - ISTE Group\" \/>\n<meta property=\"og:description\" content=\"Gouvernance r\u00e9flexive de la recherche et de la connaissance innovante\u00a0traite de la gen\u00e8se de ce mod\u00e8le de gouvernance r\u00e9flexive et en analyse les forces.\" \/>\n<meta property=\"og:url\" content=\"https:\/\/www.istegroup.com\/fr\/produit\/gouvernance-reflexive-de-la-recherche-et-de-la-connaissance-innovante\/\" \/>\n<meta property=\"og:site_name\" content=\"ISTE Group\" \/>\n<meta property=\"article:modified_time\" content=\"2024-01-03T13:39:11+00:00\" \/>\n<meta property=\"og:image\" content=\"https:\/\/www.istegroup.com\/wp-content\/uploads\/2020\/03\/Gouvernance-r\u00e9flexive-de-la-recherche-et-de-la-connaissance-innovante.jpg\" \/>\n\t<meta property=\"og:image:width\" content=\"604\" \/>\n\t<meta property=\"og:image:height\" content=\"910\" \/>\n\t<meta property=\"og:image:type\" content=\"image\/jpeg\" \/>\n<meta name=\"twitter:card\" content=\"summary_large_image\" \/>\n<meta name=\"twitter:label1\" content=\"Est. reading time\" \/>\n\t<meta name=\"twitter:data1\" content=\"1 minute\" \/>\n<script type=\"application\/ld+json\" class=\"yoast-schema-graph\">{\"@context\":\"https:\/\/schema.org\",\"@graph\":[{\"@type\":\"WebPage\",\"@id\":\"https:\/\/www.istegroup.com\/fr\/produit\/gouvernance-reflexive-de-la-recherche-et-de-la-connaissance-innovante\/\",\"url\":\"https:\/\/www.istegroup.com\/fr\/produit\/gouvernance-reflexive-de-la-recherche-et-de-la-connaissance-innovante\/\",\"name\":\"Gouvernance r\u00e9flexive de la recherche et de la connaissance innovante - ISTE Group\",\"isPartOf\":{\"@id\":\"https:\/\/www.istegroup.com\/#website\"},\"primaryImageOfPage\":{\"@id\":\"https:\/\/www.istegroup.com\/fr\/produit\/gouvernance-reflexive-de-la-recherche-et-de-la-connaissance-innovante\/#primaryimage\"},\"image\":{\"@id\":\"https:\/\/www.istegroup.com\/fr\/produit\/gouvernance-reflexive-de-la-recherche-et-de-la-connaissance-innovante\/#primaryimage\"},\"thumbnailUrl\":\"https:\/\/www.istegroup.com\/wp-content\/uploads\/2020\/03\/Gouvernance-r\u00e9flexive-de-la-recherche-et-de-la-connaissance-innovante.jpg\",\"datePublished\":\"2017-06-05T09:18:14+00:00\",\"dateModified\":\"2024-01-03T13:39:11+00:00\",\"description\":\"Gouvernance r\u00e9flexive de la recherche et de la connaissance innovante\u00a0traite de la gen\u00e8se de ce mod\u00e8le de gouvernance r\u00e9flexive et en analyse les forces.\",\"breadcrumb\":{\"@id\":\"https:\/\/www.istegroup.com\/fr\/produit\/gouvernance-reflexive-de-la-recherche-et-de-la-connaissance-innovante\/#breadcrumb\"},\"inLanguage\":\"en-US\",\"potentialAction\":[{\"@type\":\"ReadAction\",\"target\":[\"https:\/\/www.istegroup.com\/fr\/produit\/gouvernance-reflexive-de-la-recherche-et-de-la-connaissance-innovante\/\"]}]},{\"@type\":\"ImageObject\",\"inLanguage\":\"en-US\",\"@id\":\"https:\/\/www.istegroup.com\/fr\/produit\/gouvernance-reflexive-de-la-recherche-et-de-la-connaissance-innovante\/#primaryimage\",\"url\":\"https:\/\/www.istegroup.com\/wp-content\/uploads\/2020\/03\/Gouvernance-r\u00e9flexive-de-la-recherche-et-de-la-connaissance-innovante.jpg\",\"contentUrl\":\"https:\/\/www.istegroup.com\/wp-content\/uploads\/2020\/03\/Gouvernance-r\u00e9flexive-de-la-recherche-et-de-la-connaissance-innovante.jpg\",\"width\":604,\"height\":910,\"caption\":\"Livre scientifique - Gouvernance r\u00e9flexive de la recherche et de la connaissance innovante - Marc Maesschalck\"},{\"@type\":\"BreadcrumbList\",\"@id\":\"https:\/\/www.istegroup.com\/fr\/produit\/gouvernance-reflexive-de-la-recherche-et-de-la-connaissance-innovante\/#breadcrumb\",\"itemListElement\":[{\"@type\":\"ListItem\",\"position\":1,\"name\":\"Home\",\"item\":\"https:\/\/www.istegroup.com\/\"},{\"@type\":\"ListItem\",\"position\":2,\"name\":\"Shop\",\"item\":\"https:\/\/www.istegroup.com\/fr\/nouveautes\/\"},{\"@type\":\"ListItem\",\"position\":3,\"name\":\"Gouvernance r\u00e9flexive de la recherche et de la connaissance innovante\"}]},{\"@type\":\"WebSite\",\"@id\":\"https:\/\/www.istegroup.com\/#website\",\"url\":\"https:\/\/www.istegroup.com\/\",\"name\":\"ISTE Group\",\"description\":\"Publishing Knowledge\",\"potentialAction\":[{\"@type\":\"SearchAction\",\"target\":{\"@type\":\"EntryPoint\",\"urlTemplate\":\"https:\/\/www.istegroup.com\/?s={search_term_string}\"},\"query-input\":{\"@type\":\"PropertyValueSpecification\",\"valueRequired\":true,\"valueName\":\"search_term_string\"}}],\"inLanguage\":\"en-US\"}]}<\/script>\n<!-- \/ Yoast SEO plugin. -->","yoast_head_json":{"title":"Gouvernance r\u00e9flexive de la recherche et de la connaissance innovante - ISTE Group","description":"Gouvernance r\u00e9flexive de la recherche et de la connaissance innovante\u00a0traite de la gen\u00e8se de ce mod\u00e8le de gouvernance r\u00e9flexive et en analyse les forces.","robots":{"index":"index","follow":"follow","max-snippet":"max-snippet:-1","max-image-preview":"max-image-preview:large","max-video-preview":"max-video-preview:-1"},"canonical":"https:\/\/www.istegroup.com\/fr\/produit\/gouvernance-reflexive-de-la-recherche-et-de-la-connaissance-innovante\/","og_locale":"en_US","og_type":"article","og_title":"Gouvernance r\u00e9flexive de la recherche et de la connaissance innovante - ISTE Group","og_description":"Gouvernance r\u00e9flexive de la recherche et de la connaissance innovante\u00a0traite de la gen\u00e8se de ce mod\u00e8le de gouvernance r\u00e9flexive et en analyse les forces.","og_url":"https:\/\/www.istegroup.com\/fr\/produit\/gouvernance-reflexive-de-la-recherche-et-de-la-connaissance-innovante\/","og_site_name":"ISTE Group","article_modified_time":"2024-01-03T13:39:11+00:00","og_image":[{"width":604,"height":910,"url":"https:\/\/www.istegroup.com\/wp-content\/uploads\/2020\/03\/Gouvernance-r\u00e9flexive-de-la-recherche-et-de-la-connaissance-innovante.jpg","type":"image\/jpeg"}],"twitter_card":"summary_large_image","twitter_misc":{"Est. reading time":"1 minute"},"schema":{"@context":"https:\/\/schema.org","@graph":[{"@type":"WebPage","@id":"https:\/\/www.istegroup.com\/fr\/produit\/gouvernance-reflexive-de-la-recherche-et-de-la-connaissance-innovante\/","url":"https:\/\/www.istegroup.com\/fr\/produit\/gouvernance-reflexive-de-la-recherche-et-de-la-connaissance-innovante\/","name":"Gouvernance r\u00e9flexive de la recherche et de la connaissance innovante - ISTE Group","isPartOf":{"@id":"https:\/\/www.istegroup.com\/#website"},"primaryImageOfPage":{"@id":"https:\/\/www.istegroup.com\/fr\/produit\/gouvernance-reflexive-de-la-recherche-et-de-la-connaissance-innovante\/#primaryimage"},"image":{"@id":"https:\/\/www.istegroup.com\/fr\/produit\/gouvernance-reflexive-de-la-recherche-et-de-la-connaissance-innovante\/#primaryimage"},"thumbnailUrl":"https:\/\/www.istegroup.com\/wp-content\/uploads\/2020\/03\/Gouvernance-r\u00e9flexive-de-la-recherche-et-de-la-connaissance-innovante.jpg","datePublished":"2017-06-05T09:18:14+00:00","dateModified":"2024-01-03T13:39:11+00:00","description":"Gouvernance r\u00e9flexive de la recherche et de la connaissance innovante\u00a0traite de la gen\u00e8se de ce mod\u00e8le de gouvernance r\u00e9flexive et en analyse les forces.","breadcrumb":{"@id":"https:\/\/www.istegroup.com\/fr\/produit\/gouvernance-reflexive-de-la-recherche-et-de-la-connaissance-innovante\/#breadcrumb"},"inLanguage":"en-US","potentialAction":[{"@type":"ReadAction","target":["https:\/\/www.istegroup.com\/fr\/produit\/gouvernance-reflexive-de-la-recherche-et-de-la-connaissance-innovante\/"]}]},{"@type":"ImageObject","inLanguage":"en-US","@id":"https:\/\/www.istegroup.com\/fr\/produit\/gouvernance-reflexive-de-la-recherche-et-de-la-connaissance-innovante\/#primaryimage","url":"https:\/\/www.istegroup.com\/wp-content\/uploads\/2020\/03\/Gouvernance-r\u00e9flexive-de-la-recherche-et-de-la-connaissance-innovante.jpg","contentUrl":"https:\/\/www.istegroup.com\/wp-content\/uploads\/2020\/03\/Gouvernance-r\u00e9flexive-de-la-recherche-et-de-la-connaissance-innovante.jpg","width":604,"height":910,"caption":"Livre scientifique - Gouvernance r\u00e9flexive de la recherche et de la connaissance innovante - Marc Maesschalck"},{"@type":"BreadcrumbList","@id":"https:\/\/www.istegroup.com\/fr\/produit\/gouvernance-reflexive-de-la-recherche-et-de-la-connaissance-innovante\/#breadcrumb","itemListElement":[{"@type":"ListItem","position":1,"name":"Home","item":"https:\/\/www.istegroup.com\/"},{"@type":"ListItem","position":2,"name":"Shop","item":"https:\/\/www.istegroup.com\/fr\/nouveautes\/"},{"@type":"ListItem","position":3,"name":"Gouvernance r\u00e9flexive de la recherche et de la connaissance innovante"}]},{"@type":"WebSite","@id":"https:\/\/www.istegroup.com\/#website","url":"https:\/\/www.istegroup.com\/","name":"ISTE Group","description":"Publishing Knowledge","potentialAction":[{"@type":"SearchAction","target":{"@type":"EntryPoint","urlTemplate":"https:\/\/www.istegroup.com\/?s={search_term_string}"},"query-input":{"@type":"PropertyValueSpecification","valueRequired":true,"valueName":"search_term_string"}}],"inLanguage":"en-US"}]}},"_links":{"self":[{"href":"https:\/\/www.istegroup.com\/en\/wp-json\/wp\/v2\/product\/279","targetHints":{"allow":["GET"]}}],"collection":[{"href":"https:\/\/www.istegroup.com\/en\/wp-json\/wp\/v2\/product"}],"about":[{"href":"https:\/\/www.istegroup.com\/en\/wp-json\/wp\/v2\/types\/product"}],"wp:featuredmedia":[{"embeddable":true,"href":"https:\/\/www.istegroup.com\/en\/wp-json\/wp\/v2\/media\/25234"}],"wp:attachment":[{"href":"https:\/\/www.istegroup.com\/en\/wp-json\/wp\/v2\/media?parent=279"}],"wp:term":[{"taxonomy":"product_brand","embeddable":true,"href":"https:\/\/www.istegroup.com\/en\/wp-json\/wp\/v2\/product_brand?post=279"},{"taxonomy":"product_cat","embeddable":true,"href":"https:\/\/www.istegroup.com\/en\/wp-json\/wp\/v2\/product_cat?post=279"},{"taxonomy":"product_tag","embeddable":true,"href":"https:\/\/www.istegroup.com\/en\/wp-json\/wp\/v2\/product_tag?post=279"}],"curies":[{"name":"wp","href":"https:\/\/api.w.org\/{rel}","templated":true}]}}