{"id":277,"date":"2017-07-28T11:18:10","date_gmt":"2017-07-28T09:18:10","guid":{"rendered":"https:\/\/iste.yhello.co\/product\/gouvernance-des-mers-et-des-oceans\/"},"modified":"2024-01-03T13:39:11","modified_gmt":"2024-01-03T13:39:11","slug":"gouvernance-des-mers-et-des-oceans","status":"publish","type":"product","link":"https:\/\/www.istegroup.com\/en\/produit\/gouvernance-des-mers-et-des-oceans\/","title":{"rendered":"Gouvernance des mers et des oc\u00e9ans"},"content":{"rendered":"<p>La s\u00e9rie\u00a0<em>Mer et Oc\u00e9an<\/em>\u00a0propose une approche interdisciplinaire et int\u00e9gr\u00e9e (biologique, physique, chimique) des syst\u00e8mes oc\u00e9aniques : \u00e9tat et fonctionnement des oc\u00e9ans, origine de leur vuln\u00e9rabilit\u00e9, sc\u00e9narios de gestion durable et d\u2019adaptation des soci\u00e9t\u00e9s. Une approche qui permet le passage de cette science fondamentale, bas\u00e9e sur l\u2019analyse des processus, leurs couplages \u00e0 toutes les \u00e9chelles et entre tous les compartiments, \u00e0 une science \u00ab publique \u00bb, finalisable et participative, ouverte aux d\u00e9cideurs et aux gestionnaires.<\/p>\n<p>La gouvernance des mers et oc\u00e9ans, d\u00e9finie comme l\u2019ensemble des formes de participation de la soci\u00e9t\u00e9 \u00e0 la prise de d\u00e9cision en mati\u00e8re d\u2019environnement marin, est ici principalement vue sous un angle juridique avec le droit de la mer comme d\u00e9terminant. L\u2019ouvrage pr\u00e9sente les principaux aspects du droit maritime et l\u2019historique de sa construction. L\u2019exploitation des ressources vivantes, des min\u00e9raux et des r\u00e9serves \u00e9nerg\u00e9tiques marines, le transport maritime, les perturbations des \u00e9cosyst\u00e8mes marins par un trafic maritime en constante augmentation, sont pris en compte.<\/p>\n<p>Les enjeux juridiques ou socio\u00e9conomiques li\u00e9s au d\u00e9veloppement des \u00e9nergies marines renouvelables ou \u00e0 la mise en place d\u2019aires marines prot\u00e9g\u00e9es sont \u00e9galement trait\u00e9s. Dans un cadre de mondialisation, la mise en \u0153uvre de la gestion int\u00e9gr\u00e9e des mers et littoraux est analys\u00e9e en soulignant l\u2019int\u00e9r\u00eat de l\u2019implication des acteurs du secteur pour assurer la durabilit\u00e9 des activit\u00e9s maritimes.<\/p>\n","protected":false},"excerpt":{"rendered":"<p>La s\u00e9rie\u00a0Mer et Oc\u00e9an\u00a0propose une approche interdisciplinaire et int\u00e9gr\u00e9e (biologique, physique, chimique) des syst\u00e8mes oc\u00e9aniques : \u00e9tat et fonctionnement des oc\u00e9ans, origine de leur vuln\u00e9rabilit\u00e9, sc\u00e9narios de gestion durable et d\u2019adaptation des soci\u00e9t\u00e9s. Une approche qui permet le passage de cette science fondamentale, bas\u00e9e sur l\u2019analyse des processus, leurs couplages \u00e0 toutes les \u00e9chelles et [&hellip;]<\/p>\n","protected":false},"featured_media":278,"template":"","meta":{"_acf_changed":false,"_links_to":"","_links_to_target":""},"product_brand":[],"product_cat":[712,705],"product_tag":[1368,1113,1369,31,196,385,1377,932,1122,1370,1371,197,198,199,21,200,22,201,203,204,63,25,172,209,1372,1373,212,38,192,145,28,1374,1375,1376],"class_list":{"0":"post-277","1":"product","2":"type-product","3":"status-publish","4":"has-post-thumbnail","6":"product_cat-srie-mer-et-ocan-189825988","7":"product_cat-systme-terre-environnement-27112280","8":"product_tag-aires-marines-protegees","9":"product_tag-developpement-durable","10":"product_tag-droit-maritime","11":"product_tag-ebook","12":"product_tag-ebooks","13":"product_tag-ecosystemes","14":"product_tag-energies-marines-renouvelables","15":"product_tag-environnement-marin","16":"product_tag-exploitation","17":"product_tag-gouvernance","18":"product_tag-gouvernance-des-mers-et-des-oceans","19":"product_tag-iste","20":"product_tag-iste-edition","21":"product_tag-iste-editions","22":"product_tag-iste-group","23":"product_tag-isteedition","24":"product_tag-istegroup","25":"product_tag-kindle","26":"product_tag-liseuse","27":"product_tag-livre","28":"product_tag-livre-electronique","29":"product_tag-livre-numerique","30":"product_tag-livre-scientifique","31":"product_tag-livres-scientifiques","32":"product_tag-mer-et-ocean","33":"product_tag-mineraux","34":"product_tag-ouvrage","35":"product_tag-ouvrage-numerique","36":"product_tag-ouvrage-science","37":"product_tag-ouvrage-scientifique","38":"product_tag-ouvrage-scientifique-francais","39":"product_tag-pollutions-marines","40":"product_tag-ressources-vivantes","41":"product_tag-transports-maritimes","43":"first","44":"instock","45":"shipping-taxable","46":"purchasable","47":"product-type-variable"},"acf":[],"yoast_head":"<!-- This site is optimized with the Yoast SEO plugin v27.2 - https:\/\/yoast.com\/product\/yoast-seo-wordpress\/ -->\n<title>Gouvernance des mers et des oc\u00e9ans - ISTE Group<\/title>\n<meta name=\"description\" content=\"La gouvernance des mers et oc\u00e9ans est ici principalement vue sous un angle juridique avec le droit de la mer comme d\u00e9terminant.\" \/>\n<meta name=\"robots\" content=\"index, follow, max-snippet:-1, max-image-preview:large, max-video-preview:-1\" \/>\n<link rel=\"canonical\" href=\"https:\/\/www.istegroup.com\/fr\/produit\/gouvernance-des-mers-et-des-oceans\/\" \/>\n<meta property=\"og:locale\" content=\"en_US\" \/>\n<meta property=\"og:type\" content=\"article\" \/>\n<meta property=\"og:title\" content=\"Gouvernance des mers et des oc\u00e9ans - ISTE Group\" \/>\n<meta property=\"og:description\" content=\"La gouvernance des mers et oc\u00e9ans est ici principalement vue sous un angle juridique avec le droit de la mer comme d\u00e9terminant.\" \/>\n<meta property=\"og:url\" content=\"https:\/\/www.istegroup.com\/fr\/produit\/gouvernance-des-mers-et-des-oceans\/\" \/>\n<meta property=\"og:site_name\" content=\"ISTE Group\" \/>\n<meta property=\"article:modified_time\" content=\"2024-01-03T13:39:11+00:00\" \/>\n<meta property=\"og:image\" content=\"https:\/\/www.istegroup.com\/wp-content\/uploads\/2017\/07\/1359532100_459740456-1.jpg\" \/>\n\t<meta property=\"og:image:width\" content=\"303\" \/>\n\t<meta property=\"og:image:height\" content=\"452\" \/>\n\t<meta property=\"og:image:type\" content=\"image\/jpeg\" \/>\n<meta name=\"twitter:card\" content=\"summary_large_image\" \/>\n<meta name=\"twitter:label1\" content=\"Est. reading time\" \/>\n\t<meta name=\"twitter:data1\" content=\"1 minute\" \/>\n<script type=\"application\/ld+json\" class=\"yoast-schema-graph\">{\"@context\":\"https:\/\/schema.org\",\"@graph\":[{\"@type\":\"WebPage\",\"@id\":\"https:\/\/www.istegroup.com\/fr\/produit\/gouvernance-des-mers-et-des-oceans\/\",\"url\":\"https:\/\/www.istegroup.com\/fr\/produit\/gouvernance-des-mers-et-des-oceans\/\",\"name\":\"Gouvernance des mers et des oc\u00e9ans - ISTE Group\",\"isPartOf\":{\"@id\":\"https:\/\/www.istegroup.com\/#website\"},\"primaryImageOfPage\":{\"@id\":\"https:\/\/www.istegroup.com\/fr\/produit\/gouvernance-des-mers-et-des-oceans\/#primaryimage\"},\"image\":{\"@id\":\"https:\/\/www.istegroup.com\/fr\/produit\/gouvernance-des-mers-et-des-oceans\/#primaryimage\"},\"thumbnailUrl\":\"https:\/\/www.istegroup.com\/wp-content\/uploads\/2017\/07\/1359532100_459740456-1.jpg\",\"datePublished\":\"2017-07-28T09:18:10+00:00\",\"dateModified\":\"2024-01-03T13:39:11+00:00\",\"description\":\"La gouvernance des mers et oc\u00e9ans est ici principalement vue sous un angle juridique avec le droit de la mer comme d\u00e9terminant.\",\"breadcrumb\":{\"@id\":\"https:\/\/www.istegroup.com\/fr\/produit\/gouvernance-des-mers-et-des-oceans\/#breadcrumb\"},\"inLanguage\":\"en-US\",\"potentialAction\":[{\"@type\":\"ReadAction\",\"target\":[\"https:\/\/www.istegroup.com\/fr\/produit\/gouvernance-des-mers-et-des-oceans\/\"]}]},{\"@type\":\"ImageObject\",\"inLanguage\":\"en-US\",\"@id\":\"https:\/\/www.istegroup.com\/fr\/produit\/gouvernance-des-mers-et-des-oceans\/#primaryimage\",\"url\":\"https:\/\/www.istegroup.com\/wp-content\/uploads\/2017\/07\/1359532100_459740456-1.jpg\",\"contentUrl\":\"https:\/\/www.istegroup.com\/wp-content\/uploads\/2017\/07\/1359532100_459740456-1.jpg\",\"width\":303,\"height\":452,\"caption\":\"Gouvernance des mers et des oc\u00e9ans\"},{\"@type\":\"BreadcrumbList\",\"@id\":\"https:\/\/www.istegroup.com\/fr\/produit\/gouvernance-des-mers-et-des-oceans\/#breadcrumb\",\"itemListElement\":[{\"@type\":\"ListItem\",\"position\":1,\"name\":\"Home\",\"item\":\"https:\/\/www.istegroup.com\/\"},{\"@type\":\"ListItem\",\"position\":2,\"name\":\"Shop\",\"item\":\"https:\/\/www.istegroup.com\/fr\/nouveautes\/\"},{\"@type\":\"ListItem\",\"position\":3,\"name\":\"Gouvernance des mers et des oc\u00e9ans\"}]},{\"@type\":\"WebSite\",\"@id\":\"https:\/\/www.istegroup.com\/#website\",\"url\":\"https:\/\/www.istegroup.com\/\",\"name\":\"ISTE Group\",\"description\":\"Publishing Knowledge\",\"potentialAction\":[{\"@type\":\"SearchAction\",\"target\":{\"@type\":\"EntryPoint\",\"urlTemplate\":\"https:\/\/www.istegroup.com\/?s={search_term_string}\"},\"query-input\":{\"@type\":\"PropertyValueSpecification\",\"valueRequired\":true,\"valueName\":\"search_term_string\"}}],\"inLanguage\":\"en-US\"}]}<\/script>\n<!-- \/ Yoast SEO plugin. -->","yoast_head_json":{"title":"Gouvernance des mers et des oc\u00e9ans - ISTE Group","description":"La gouvernance des mers et oc\u00e9ans est ici principalement vue sous un angle juridique avec le droit de la mer comme d\u00e9terminant.","robots":{"index":"index","follow":"follow","max-snippet":"max-snippet:-1","max-image-preview":"max-image-preview:large","max-video-preview":"max-video-preview:-1"},"canonical":"https:\/\/www.istegroup.com\/fr\/produit\/gouvernance-des-mers-et-des-oceans\/","og_locale":"en_US","og_type":"article","og_title":"Gouvernance des mers et des oc\u00e9ans - ISTE Group","og_description":"La gouvernance des mers et oc\u00e9ans est ici principalement vue sous un angle juridique avec le droit de la mer comme d\u00e9terminant.","og_url":"https:\/\/www.istegroup.com\/fr\/produit\/gouvernance-des-mers-et-des-oceans\/","og_site_name":"ISTE Group","article_modified_time":"2024-01-03T13:39:11+00:00","og_image":[{"width":303,"height":452,"url":"https:\/\/www.istegroup.com\/wp-content\/uploads\/2017\/07\/1359532100_459740456-1.jpg","type":"image\/jpeg"}],"twitter_card":"summary_large_image","twitter_misc":{"Est. reading time":"1 minute"},"schema":{"@context":"https:\/\/schema.org","@graph":[{"@type":"WebPage","@id":"https:\/\/www.istegroup.com\/fr\/produit\/gouvernance-des-mers-et-des-oceans\/","url":"https:\/\/www.istegroup.com\/fr\/produit\/gouvernance-des-mers-et-des-oceans\/","name":"Gouvernance des mers et des oc\u00e9ans - ISTE Group","isPartOf":{"@id":"https:\/\/www.istegroup.com\/#website"},"primaryImageOfPage":{"@id":"https:\/\/www.istegroup.com\/fr\/produit\/gouvernance-des-mers-et-des-oceans\/#primaryimage"},"image":{"@id":"https:\/\/www.istegroup.com\/fr\/produit\/gouvernance-des-mers-et-des-oceans\/#primaryimage"},"thumbnailUrl":"https:\/\/www.istegroup.com\/wp-content\/uploads\/2017\/07\/1359532100_459740456-1.jpg","datePublished":"2017-07-28T09:18:10+00:00","dateModified":"2024-01-03T13:39:11+00:00","description":"La gouvernance des mers et oc\u00e9ans est ici principalement vue sous un angle juridique avec le droit de la mer comme d\u00e9terminant.","breadcrumb":{"@id":"https:\/\/www.istegroup.com\/fr\/produit\/gouvernance-des-mers-et-des-oceans\/#breadcrumb"},"inLanguage":"en-US","potentialAction":[{"@type":"ReadAction","target":["https:\/\/www.istegroup.com\/fr\/produit\/gouvernance-des-mers-et-des-oceans\/"]}]},{"@type":"ImageObject","inLanguage":"en-US","@id":"https:\/\/www.istegroup.com\/fr\/produit\/gouvernance-des-mers-et-des-oceans\/#primaryimage","url":"https:\/\/www.istegroup.com\/wp-content\/uploads\/2017\/07\/1359532100_459740456-1.jpg","contentUrl":"https:\/\/www.istegroup.com\/wp-content\/uploads\/2017\/07\/1359532100_459740456-1.jpg","width":303,"height":452,"caption":"Gouvernance des mers et des oc\u00e9ans"},{"@type":"BreadcrumbList","@id":"https:\/\/www.istegroup.com\/fr\/produit\/gouvernance-des-mers-et-des-oceans\/#breadcrumb","itemListElement":[{"@type":"ListItem","position":1,"name":"Home","item":"https:\/\/www.istegroup.com\/"},{"@type":"ListItem","position":2,"name":"Shop","item":"https:\/\/www.istegroup.com\/fr\/nouveautes\/"},{"@type":"ListItem","position":3,"name":"Gouvernance des mers et des oc\u00e9ans"}]},{"@type":"WebSite","@id":"https:\/\/www.istegroup.com\/#website","url":"https:\/\/www.istegroup.com\/","name":"ISTE Group","description":"Publishing Knowledge","potentialAction":[{"@type":"SearchAction","target":{"@type":"EntryPoint","urlTemplate":"https:\/\/www.istegroup.com\/?s={search_term_string}"},"query-input":{"@type":"PropertyValueSpecification","valueRequired":true,"valueName":"search_term_string"}}],"inLanguage":"en-US"}]}},"_links":{"self":[{"href":"https:\/\/www.istegroup.com\/en\/wp-json\/wp\/v2\/product\/277","targetHints":{"allow":["GET"]}}],"collection":[{"href":"https:\/\/www.istegroup.com\/en\/wp-json\/wp\/v2\/product"}],"about":[{"href":"https:\/\/www.istegroup.com\/en\/wp-json\/wp\/v2\/types\/product"}],"wp:featuredmedia":[{"embeddable":true,"href":"https:\/\/www.istegroup.com\/en\/wp-json\/wp\/v2\/media\/278"}],"wp:attachment":[{"href":"https:\/\/www.istegroup.com\/en\/wp-json\/wp\/v2\/media?parent=277"}],"wp:term":[{"taxonomy":"product_brand","embeddable":true,"href":"https:\/\/www.istegroup.com\/en\/wp-json\/wp\/v2\/product_brand?post=277"},{"taxonomy":"product_cat","embeddable":true,"href":"https:\/\/www.istegroup.com\/en\/wp-json\/wp\/v2\/product_cat?post=277"},{"taxonomy":"product_tag","embeddable":true,"href":"https:\/\/www.istegroup.com\/en\/wp-json\/wp\/v2\/product_tag?post=277"}],"curies":[{"name":"wp","href":"https:\/\/api.w.org\/{rel}","templated":true}]}}