{"id":273,"date":"2017-07-28T11:18:01","date_gmt":"2017-07-28T09:18:01","guid":{"rendered":"https:\/\/iste.yhello.co\/product\/gestion-et-valorisation-du-stockage-de-lenergie-electrique-dans-les-systemes-de-transport\/"},"modified":"2024-01-03T13:39:10","modified_gmt":"2024-01-03T13:39:10","slug":"gestion-et-valorisation-du-stockage-de-lenergie-electrique-dans-les-systemes-de-transport","status":"publish","type":"product","link":"https:\/\/www.istegroup.com\/en\/produit\/gestion-et-valorisation-du-stockage-de-lenergie-electrique-dans-les-systemes-de-transport\/","title":{"rendered":"Gestion et valorisation du stockage de l\u2019\u00e9nergie \u00e9lectrique dans les syst\u00e8mes de transport"},"content":{"rendered":"<p>Les technologies modernes de stockage de l\u2019\u00e9nergie \u00e9lectrique sont un \u00e9l\u00e9ment cl\u00e9 du d\u00e9veloppement durable.\u00a0Elles permettent d\u00e9sormais d\u2019envisager le d\u00e9ploiement de v\u00e9hicules \u00e9lectriques aux performances acceptables et une \u00e9lectrification croissante de certains syst\u00e8mes de transport tels que les a\u00e9ronefs.<\/p>\n<p>Cet ouvrage met en \u00e9vidence l\u2019importance du stockage de l\u2019\u00e9nergie \u00e9lectrique dans un contexte de d\u00e9ploiement de r\u00e9seaux \u00e9lectriques intelligents appel\u00e9s\u00a0<em>smart-grids<\/em>. Ces r\u00e9seaux interagissent de fa\u00e7on croissante avec certains syst\u00e8mes de transport tels que les v\u00e9hicules \u00e9lectriques et hybrides rechargeables, les trains, m\u00e9tros, trams et bus \u00e9lectriques.<\/p>\n<p>Dans une d\u00e9marche p\u00e9dagogique, cet ouvrage pr\u00e9sente les outils m\u00e9thodologiques pour construire un syst\u00e8me de gestion \u00e9nerg\u00e9tique du stockage. Ces outils bas\u00e9s sur de l\u2019intelligence artificielle et des techniques d\u2019optimisation explicite sont analys\u00e9s \u00e0 travers des \u00e9tudes de cas concrets.\u00a0<em>Gestion et valorisation du stockage de l\u2019\u00e9nergie \u00e9lectrique dans les syst\u00e8mes de transport<\/em>\u00a0expose diverses applications int\u00e9grant des technologies modernes de stockage \u2013 les r\u00e9seaux embarqu\u00e9s en a\u00e9ronautique, l\u2019int\u00e9gration des v\u00e9hicules \u00e9lectriques dans le r\u00e9seau \u00e9lectrique, les v\u00e9hicules hybrides ou encore la traction ferroviaire hybride et ses installations.<\/p>\n","protected":false},"excerpt":{"rendered":"<p>Les technologies modernes de stockage de l\u2019\u00e9nergie \u00e9lectrique sont un \u00e9l\u00e9ment cl\u00e9 du d\u00e9veloppement durable.\u00a0Elles permettent d\u00e9sormais d\u2019envisager le d\u00e9ploiement de v\u00e9hicules \u00e9lectriques aux performances acceptables et une \u00e9lectrification croissante de certains syst\u00e8mes de transport tels que les a\u00e9ronefs. Cet ouvrage met en \u00e9vidence l\u2019importance du stockage de l\u2019\u00e9nergie \u00e9lectrique dans un contexte de d\u00e9ploiement [&hellip;]<\/p>\n","protected":false},"featured_media":274,"template":"","meta":{"_acf_changed":false,"_links_to":"","_links_to_target":""},"product_brand":[],"product_cat":[660,675],"product_tag":[633,634,635,335,636,31,196,495,296,653,637,638,639,640,197,198,199,21,200,22,641,201,203,204,63,25,172,209,212,38,192,145,28,642,643,644,645,646,647,648,649,650,333,651,652],"class_list":{"0":"post-273","1":"product","2":"type-product","3":"status-publish","4":"has-post-thumbnail","6":"product_cat-energie-12506414","7":"product_cat-nouveauts-12519446","8":"product_tag-benoit-robyns","9":"product_tag-bruno-sareni","10":"product_tag-christophe-saudemont","11":"product_tag-cnrs","12":"product_tag-daniel-hissel","13":"product_tag-ebook","14":"product_tag-ebooks","15":"product_tag-edition-francais","16":"product_tag-energie","17":"product_tag-energie-electrique","18":"product_tag-gestion-et-valorisation","19":"product_tag-gestion-et-valorisation-du-stockage-de-lenergie-electrique-dans-les-systemes-de-transport","20":"product_tag-hydridabilite","21":"product_tag-inp-toulouse","22":"product_tag-iste","23":"product_tag-iste-edition","24":"product_tag-iste-editions","25":"product_tag-iste-group","26":"product_tag-isteedition","27":"product_tag-istegroup","28":"product_tag-julien-pouget","29":"product_tag-kindle","30":"product_tag-liseuse","31":"product_tag-livre","32":"product_tag-livre-electronique","33":"product_tag-livre-numerique","34":"product_tag-livre-scientifique","35":"product_tag-livres-scientifiques","36":"product_tag-ouvrage","37":"product_tag-ouvrage-numerique","38":"product_tag-ouvrage-science","39":"product_tag-ouvrage-scientifique","40":"product_tag-ouvrage-scientifique-francais","41":"product_tag-reseaux-electrique","42":"product_tag-smart-grind","43":"product_tag-stockage-de-lenergie-electrique","44":"product_tag-systeme-de-stockage","45":"product_tag-systeme-ferroviaire","46":"product_tag-systemes-de-transport","47":"product_tag-traction-electrique","48":"product_tag-transport","49":"product_tag-vehicle-to-grid","50":"product_tag-vehicule-electrique","51":"product_tag-vehicule-hybride","52":"product_tag-xavier-roboam","54":"first","55":"instock","56":"shipping-taxable","57":"purchasable","58":"product-type-variable"},"acf":[],"yoast_head":"<!-- This site is optimized with the Yoast SEO plugin v27.2 - https:\/\/yoast.com\/product\/yoast-seo-wordpress\/ -->\n<title>Gestion et valorisation du stockage de l\u2019\u00e9nergie \u00e9lectrique dans les syst\u00e8mes de transport - ISTE Group<\/title>\n<meta name=\"description\" content=\"L&#039;ouvrage met en \u00e9vidence l\u2019importance du stockage de l\u2019\u00e9nergie \u00e9lectrique dans un contexte de d\u00e9ploiement de r\u00e9seaux \u00e9lectriques intelligents (smart-grids).\" \/>\n<meta name=\"robots\" content=\"index, follow, max-snippet:-1, max-image-preview:large, max-video-preview:-1\" \/>\n<link rel=\"canonical\" href=\"https:\/\/www.istegroup.com\/fr\/produit\/gestion-et-valorisation-du-stockage-de-lenergie-electrique-dans-les-systemes-de-transport\/\" \/>\n<meta property=\"og:locale\" content=\"en_US\" \/>\n<meta property=\"og:type\" content=\"article\" \/>\n<meta property=\"og:title\" content=\"Gestion et valorisation du stockage de l\u2019\u00e9nergie \u00e9lectrique dans les syst\u00e8mes de transport - ISTE Group\" \/>\n<meta property=\"og:description\" content=\"L&#039;ouvrage met en \u00e9vidence l\u2019importance du stockage de l\u2019\u00e9nergie \u00e9lectrique dans un contexte de d\u00e9ploiement de r\u00e9seaux \u00e9lectriques intelligents (smart-grids).\" \/>\n<meta property=\"og:url\" content=\"https:\/\/www.istegroup.com\/fr\/produit\/gestion-et-valorisation-du-stockage-de-lenergie-electrique-dans-les-systemes-de-transport\/\" \/>\n<meta property=\"og:site_name\" content=\"ISTE Group\" \/>\n<meta property=\"article:modified_time\" content=\"2024-01-03T13:39:10+00:00\" \/>\n<meta property=\"og:image\" content=\"https:\/\/www.istegroup.com\/wp-content\/uploads\/2017\/07\/18078741009_8451883473-1.jpg\" \/>\n\t<meta property=\"og:image:width\" content=\"1362\" \/>\n\t<meta property=\"og:image:height\" content=\"2048\" \/>\n\t<meta property=\"og:image:type\" content=\"image\/jpeg\" \/>\n<meta name=\"twitter:card\" content=\"summary_large_image\" \/>\n<meta name=\"twitter:label1\" content=\"Est. reading time\" \/>\n\t<meta name=\"twitter:data1\" content=\"1 minute\" \/>\n<script type=\"application\/ld+json\" class=\"yoast-schema-graph\">{\"@context\":\"https:\/\/schema.org\",\"@graph\":[{\"@type\":\"WebPage\",\"@id\":\"https:\/\/www.istegroup.com\/fr\/produit\/gestion-et-valorisation-du-stockage-de-lenergie-electrique-dans-les-systemes-de-transport\/\",\"url\":\"https:\/\/www.istegroup.com\/fr\/produit\/gestion-et-valorisation-du-stockage-de-lenergie-electrique-dans-les-systemes-de-transport\/\",\"name\":\"Gestion et valorisation du stockage de l\u2019\u00e9nergie \u00e9lectrique dans les syst\u00e8mes de transport - ISTE Group\",\"isPartOf\":{\"@id\":\"https:\/\/www.istegroup.com\/#website\"},\"primaryImageOfPage\":{\"@id\":\"https:\/\/www.istegroup.com\/fr\/produit\/gestion-et-valorisation-du-stockage-de-lenergie-electrique-dans-les-systemes-de-transport\/#primaryimage\"},\"image\":{\"@id\":\"https:\/\/www.istegroup.com\/fr\/produit\/gestion-et-valorisation-du-stockage-de-lenergie-electrique-dans-les-systemes-de-transport\/#primaryimage\"},\"thumbnailUrl\":\"https:\/\/www.istegroup.com\/wp-content\/uploads\/2017\/07\/18078741009_8451883473-1.jpg\",\"datePublished\":\"2017-07-28T09:18:01+00:00\",\"dateModified\":\"2024-01-03T13:39:10+00:00\",\"description\":\"L'ouvrage met en \u00e9vidence l\u2019importance du stockage de l\u2019\u00e9nergie \u00e9lectrique dans un contexte de d\u00e9ploiement de r\u00e9seaux \u00e9lectriques intelligents (smart-grids).\",\"breadcrumb\":{\"@id\":\"https:\/\/www.istegroup.com\/fr\/produit\/gestion-et-valorisation-du-stockage-de-lenergie-electrique-dans-les-systemes-de-transport\/#breadcrumb\"},\"inLanguage\":\"en-US\",\"potentialAction\":[{\"@type\":\"ReadAction\",\"target\":[\"https:\/\/www.istegroup.com\/fr\/produit\/gestion-et-valorisation-du-stockage-de-lenergie-electrique-dans-les-systemes-de-transport\/\"]}]},{\"@type\":\"ImageObject\",\"inLanguage\":\"en-US\",\"@id\":\"https:\/\/www.istegroup.com\/fr\/produit\/gestion-et-valorisation-du-stockage-de-lenergie-electrique-dans-les-systemes-de-transport\/#primaryimage\",\"url\":\"https:\/\/www.istegroup.com\/wp-content\/uploads\/2017\/07\/18078741009_8451883473-1.jpg\",\"contentUrl\":\"https:\/\/www.istegroup.com\/wp-content\/uploads\/2017\/07\/18078741009_8451883473-1.jpg\",\"width\":1362,\"height\":2048,\"caption\":\"Gestion et valorisation du stockage de l\u2019\u00e9nergie \u00e9lectrique dans les syst\u00e8mes de transport\"},{\"@type\":\"BreadcrumbList\",\"@id\":\"https:\/\/www.istegroup.com\/fr\/produit\/gestion-et-valorisation-du-stockage-de-lenergie-electrique-dans-les-systemes-de-transport\/#breadcrumb\",\"itemListElement\":[{\"@type\":\"ListItem\",\"position\":1,\"name\":\"Home\",\"item\":\"https:\/\/www.istegroup.com\/\"},{\"@type\":\"ListItem\",\"position\":2,\"name\":\"Shop\",\"item\":\"https:\/\/www.istegroup.com\/fr\/nouveautes\/\"},{\"@type\":\"ListItem\",\"position\":3,\"name\":\"Gestion et valorisation du stockage de l\u2019\u00e9nergie \u00e9lectrique dans les syst\u00e8mes de transport\"}]},{\"@type\":\"WebSite\",\"@id\":\"https:\/\/www.istegroup.com\/#website\",\"url\":\"https:\/\/www.istegroup.com\/\",\"name\":\"ISTE Group\",\"description\":\"Publishing Knowledge\",\"potentialAction\":[{\"@type\":\"SearchAction\",\"target\":{\"@type\":\"EntryPoint\",\"urlTemplate\":\"https:\/\/www.istegroup.com\/?s={search_term_string}\"},\"query-input\":{\"@type\":\"PropertyValueSpecification\",\"valueRequired\":true,\"valueName\":\"search_term_string\"}}],\"inLanguage\":\"en-US\"}]}<\/script>\n<!-- \/ Yoast SEO plugin. -->","yoast_head_json":{"title":"Gestion et valorisation du stockage de l\u2019\u00e9nergie \u00e9lectrique dans les syst\u00e8mes de transport - ISTE Group","description":"L'ouvrage met en \u00e9vidence l\u2019importance du stockage de l\u2019\u00e9nergie \u00e9lectrique dans un contexte de d\u00e9ploiement de r\u00e9seaux \u00e9lectriques intelligents (smart-grids).","robots":{"index":"index","follow":"follow","max-snippet":"max-snippet:-1","max-image-preview":"max-image-preview:large","max-video-preview":"max-video-preview:-1"},"canonical":"https:\/\/www.istegroup.com\/fr\/produit\/gestion-et-valorisation-du-stockage-de-lenergie-electrique-dans-les-systemes-de-transport\/","og_locale":"en_US","og_type":"article","og_title":"Gestion et valorisation du stockage de l\u2019\u00e9nergie \u00e9lectrique dans les syst\u00e8mes de transport - ISTE Group","og_description":"L'ouvrage met en \u00e9vidence l\u2019importance du stockage de l\u2019\u00e9nergie \u00e9lectrique dans un contexte de d\u00e9ploiement de r\u00e9seaux \u00e9lectriques intelligents (smart-grids).","og_url":"https:\/\/www.istegroup.com\/fr\/produit\/gestion-et-valorisation-du-stockage-de-lenergie-electrique-dans-les-systemes-de-transport\/","og_site_name":"ISTE Group","article_modified_time":"2024-01-03T13:39:10+00:00","og_image":[{"width":1362,"height":2048,"url":"https:\/\/www.istegroup.com\/wp-content\/uploads\/2017\/07\/18078741009_8451883473-1.jpg","type":"image\/jpeg"}],"twitter_card":"summary_large_image","twitter_misc":{"Est. reading time":"1 minute"},"schema":{"@context":"https:\/\/schema.org","@graph":[{"@type":"WebPage","@id":"https:\/\/www.istegroup.com\/fr\/produit\/gestion-et-valorisation-du-stockage-de-lenergie-electrique-dans-les-systemes-de-transport\/","url":"https:\/\/www.istegroup.com\/fr\/produit\/gestion-et-valorisation-du-stockage-de-lenergie-electrique-dans-les-systemes-de-transport\/","name":"Gestion et valorisation du stockage de l\u2019\u00e9nergie \u00e9lectrique dans les syst\u00e8mes de transport - ISTE Group","isPartOf":{"@id":"https:\/\/www.istegroup.com\/#website"},"primaryImageOfPage":{"@id":"https:\/\/www.istegroup.com\/fr\/produit\/gestion-et-valorisation-du-stockage-de-lenergie-electrique-dans-les-systemes-de-transport\/#primaryimage"},"image":{"@id":"https:\/\/www.istegroup.com\/fr\/produit\/gestion-et-valorisation-du-stockage-de-lenergie-electrique-dans-les-systemes-de-transport\/#primaryimage"},"thumbnailUrl":"https:\/\/www.istegroup.com\/wp-content\/uploads\/2017\/07\/18078741009_8451883473-1.jpg","datePublished":"2017-07-28T09:18:01+00:00","dateModified":"2024-01-03T13:39:10+00:00","description":"L'ouvrage met en \u00e9vidence l\u2019importance du stockage de l\u2019\u00e9nergie \u00e9lectrique dans un contexte de d\u00e9ploiement de r\u00e9seaux \u00e9lectriques intelligents (smart-grids).","breadcrumb":{"@id":"https:\/\/www.istegroup.com\/fr\/produit\/gestion-et-valorisation-du-stockage-de-lenergie-electrique-dans-les-systemes-de-transport\/#breadcrumb"},"inLanguage":"en-US","potentialAction":[{"@type":"ReadAction","target":["https:\/\/www.istegroup.com\/fr\/produit\/gestion-et-valorisation-du-stockage-de-lenergie-electrique-dans-les-systemes-de-transport\/"]}]},{"@type":"ImageObject","inLanguage":"en-US","@id":"https:\/\/www.istegroup.com\/fr\/produit\/gestion-et-valorisation-du-stockage-de-lenergie-electrique-dans-les-systemes-de-transport\/#primaryimage","url":"https:\/\/www.istegroup.com\/wp-content\/uploads\/2017\/07\/18078741009_8451883473-1.jpg","contentUrl":"https:\/\/www.istegroup.com\/wp-content\/uploads\/2017\/07\/18078741009_8451883473-1.jpg","width":1362,"height":2048,"caption":"Gestion et valorisation du stockage de l\u2019\u00e9nergie \u00e9lectrique dans les syst\u00e8mes de transport"},{"@type":"BreadcrumbList","@id":"https:\/\/www.istegroup.com\/fr\/produit\/gestion-et-valorisation-du-stockage-de-lenergie-electrique-dans-les-systemes-de-transport\/#breadcrumb","itemListElement":[{"@type":"ListItem","position":1,"name":"Home","item":"https:\/\/www.istegroup.com\/"},{"@type":"ListItem","position":2,"name":"Shop","item":"https:\/\/www.istegroup.com\/fr\/nouveautes\/"},{"@type":"ListItem","position":3,"name":"Gestion et valorisation du stockage de l\u2019\u00e9nergie \u00e9lectrique dans les syst\u00e8mes de transport"}]},{"@type":"WebSite","@id":"https:\/\/www.istegroup.com\/#website","url":"https:\/\/www.istegroup.com\/","name":"ISTE Group","description":"Publishing Knowledge","potentialAction":[{"@type":"SearchAction","target":{"@type":"EntryPoint","urlTemplate":"https:\/\/www.istegroup.com\/?s={search_term_string}"},"query-input":{"@type":"PropertyValueSpecification","valueRequired":true,"valueName":"search_term_string"}}],"inLanguage":"en-US"}]}},"_links":{"self":[{"href":"https:\/\/www.istegroup.com\/en\/wp-json\/wp\/v2\/product\/273","targetHints":{"allow":["GET"]}}],"collection":[{"href":"https:\/\/www.istegroup.com\/en\/wp-json\/wp\/v2\/product"}],"about":[{"href":"https:\/\/www.istegroup.com\/en\/wp-json\/wp\/v2\/types\/product"}],"wp:featuredmedia":[{"embeddable":true,"href":"https:\/\/www.istegroup.com\/en\/wp-json\/wp\/v2\/media\/274"}],"wp:attachment":[{"href":"https:\/\/www.istegroup.com\/en\/wp-json\/wp\/v2\/media?parent=273"}],"wp:term":[{"taxonomy":"product_brand","embeddable":true,"href":"https:\/\/www.istegroup.com\/en\/wp-json\/wp\/v2\/product_brand?post=273"},{"taxonomy":"product_cat","embeddable":true,"href":"https:\/\/www.istegroup.com\/en\/wp-json\/wp\/v2\/product_cat?post=273"},{"taxonomy":"product_tag","embeddable":true,"href":"https:\/\/www.istegroup.com\/en\/wp-json\/wp\/v2\/product_tag?post=273"}],"curies":[{"name":"wp","href":"https:\/\/api.w.org\/{rel}","templated":true}]}}